{"id":8778,"date":"2024-08-16T15:58:17","date_gmt":"2024-08-16T15:58:17","guid":{"rendered":"https:\/\/www.brandsfirst.pt\/?post_type=product&#038;p=8778"},"modified":"2025-04-22T11:30:29","modified_gmt":"2025-04-22T11:30:29","slug":"starlim-multisuperficies-cozinha-5l","status":"publish","type":"product","link":"https:\/\/www.brandsfirst.pt\/fr\/produits\/starlim-multisuperficies-cuisine-5l\/","title":{"rendered":"STARLIM Cuisine Multisurface 5L"},"content":{"rendered":"<div class=\"row mt-6\">\n<div class=\"col-12\">\n<h5 class=\"mb-4\" style=\"font-size: 16px; letter-spacing: -.025em;\">Caract\u00e9ristiques<\/h5>\n<p class=\"mb-2\">Multisuperf\u00edcies perfumado para a limpeza di\u00e1ria perfeita.<br \/>\nDeixa as superf\u00edcies brilhantes sem riscar com um agrad\u00e1vel perfume. Seca rapidamente.<\/p>\n<ul class=\"list-type-none list-type-check mt-0 mb-8\">\n<li>Eficaz na remo\u00e7\u00e3o de manchas de calc\u00e1rio<\/li>\n<li>Evita o uso de v\u00e1rios produtos<\/li>\n<li>Basta aplicar e enxaguar<\/li>\n<li>Nettoyage parfum\u00e9<\/li>\n<\/ul>\n<h5 class=\"mb-3\" style=\"font-size: 16px; letter-spacing: -.025em;\">Sp\u00e9cifications<\/h5>\n<table class=\"table\">\n<tbody style=\"line-height: 1.8;\">\n<tr>\n<th class=\"font-primary font-weight-semi-bold text-dark pl-0\" scope=\"row\">Nom<\/th>\n<td class=\"pl-4\">STARLIM Multisuperf\u00edcies Cozinha<\/td>\n<\/tr>\n<tr>\n<th class=\"font-primary font-weight-semi-bold text-dark pl-0\" scope=\"row\">Emballage<\/th>\n<td class=\"pl-4\">5L<\/td>\n<\/tr>\n<tr>\n<th class=\"font-primary font-weight-semi-bold text-dark pl-0\" scope=\"row\">Quantit\u00e9<\/th>\n<td class=\"pl-4\">3 unit\u00e9s<\/td>\n<\/tr>\n<tr>\n<th class=\"font-primary font-weight-semi-bold text-dark pl-0\" scope=\"row\">Applications<\/th>\n<td class=\"pl-4\">Todo o tipo de superf\u00edcies lav\u00e1veis.<\/td>\n<\/tr>\n<tr>\n<th class=\"font-primary font-weight-semi-bold text-dark pl-0\" scope=\"row\">Comment l'utiliser<\/th>\n<td class=\"pl-4\">Pulverizar o produto diretamente sobre as superf\u00edcies a limpar e passar com um pano seco e limpo. <span style=\"font-family: inherit; font-size: inherit;\">Em superfi\u0301cies sensi\u0301veis testar primeiro numa a\u0301rea menos visi\u0301vel.<\/span><\/td>\n<\/tr>\n<tr>\n<th class=\"border-no font-primary font-weight-semi-bold text-dark pl-0\" scope=\"row\">Fabricant<\/th>\n<td class=\"border-no pl-4\">Starlim<\/td>\n<\/tr>\n<\/tbody>\n<\/table>\n<p>&nbsp;<\/p>\n<\/div>\n<\/div>","protected":false},"excerpt":{"rendered":"<h4 style=\"font-size: 18px; letter-spacing: -.025em; margin: 0; line-height: 1.2;\">STARLIM Multisuperf\u00edcies Cozinha 5L.<\/h4>\n<h5 style=\"font-size: 16px; letter-spacing: -.025em; margin: 0; line-height: 1.2;\">Bo\u00eete de 3<br \/>\n<span style=\"font-size: 12px; line-height: 1.2;\">PVPR 9,58\u20ac* (Ex Works)<\/span><\/h5>\n<h5 style=\"font-size: 16px; letter-spacing: -.025em; margin: 0; line-height: 1.2;\"><span style=\"font-size: 12px; line-height: 1.2;\">*TVA incluse<\/span><\/h5>\n<p>Multisuperf\u00edcies perfumado para a limpeza di\u00e1ria perfeita.<br \/>\nDeixa as superf\u00edcies brilhantes sem riscar com um agrad\u00e1vel perfume. Seca rapidamente.<\/p>","protected":false},"featured_media":8987,"comment_status":"open","ping_status":"closed","template":"","meta":[],"product_cat":[15,37],"product_tag":[56,63],"class_list":{"0":"post-8778","1":"product","2":"type-product","3":"status-publish","4":"has-post-thumbnail","6":"product_cat-profissional","7":"product_cat-cozinha-e-casa-de-banho","8":"product_tag-cozinha","9":"product_tag-linha-profissional","10":"product_shipping_class-linha-profissional","12":"first","13":"instock","14":"shipping-taxable","15":"purchasable","16":"product-type-simple","17":"add-to-wishlist-after_add_to_cart"},"_links":{"self":[{"href":"https:\/\/www.brandsfirst.pt\/fr\/wp-json\/wp\/v2\/product\/8778","targetHints":{"allow":["GET"]}}],"collection":[{"href":"https:\/\/www.brandsfirst.pt\/fr\/wp-json\/wp\/v2\/product"}],"about":[{"href":"https:\/\/www.brandsfirst.pt\/fr\/wp-json\/wp\/v2\/types\/product"}],"replies":[{"embeddable":true,"href":"https:\/\/www.brandsfirst.pt\/fr\/wp-json\/wp\/v2\/comments?post=8778"}],"wp:featuredmedia":[{"embeddable":true,"href":"https:\/\/www.brandsfirst.pt\/fr\/wp-json\/wp\/v2\/media\/8987"}],"wp:attachment":[{"href":"https:\/\/www.brandsfirst.pt\/fr\/wp-json\/wp\/v2\/media?parent=8778"}],"wp:term":[{"taxonomy":"product_cat","embeddable":true,"href":"https:\/\/www.brandsfirst.pt\/fr\/wp-json\/wp\/v2\/product_cat?post=8778"},{"taxonomy":"product_tag","embeddable":true,"href":"https:\/\/www.brandsfirst.pt\/fr\/wp-json\/wp\/v2\/product_tag?post=8778"}],"curies":[{"name":"wp","href":"https:\/\/api.w.org\/{rel}","templated":true}]}}