{"id":8623,"date":"2024-07-19T16:52:00","date_gmt":"2024-07-19T16:52:00","guid":{"rendered":"https:\/\/www.brandsfirst.pt\/?post_type=product&#038;p=8623"},"modified":"2024-09-18T09:35:51","modified_gmt":"2024-09-18T09:35:51","slug":"b1-bike-cleaner-5l","status":"publish","type":"product","link":"https:\/\/www.brandsfirst.pt\/fr\/produits\/b1-bike-cleaner-5l\/","title":{"rendered":"B1 Nettoyant pour v\u00e9los 5L"},"content":{"rendered":"<div class=\"row mt-6\">\n<div class=\"col-12\">\n<h5 class=\"mb-4\" style=\"font-size: 16px; letter-spacing: -.025em;\">Caract\u00e9ristiques<\/h5>\n<p class=\"mb-2\">Produto indicado para a limpeza de todo o tipo de sujidades em bicicletas, motociclos, quadr\u00edciclos, ve\u00edculos todo o terreno, carro\u00e7arias, chassis.<\/p>\n<ul class=\"list-type-none list-type-check mt-0 mb-8\">\n<li>Excelente desempenho na limpeza de bicicletas de uso profissional ou de lazer<\/li>\n<li>Produto n\u00e3o abrasivo em ligas de carbono<\/li>\n<li>A\u00e7\u00e3o r\u00e1pida<\/li>\n<li>Polyvalent et facile \u00e0 utiliser<\/li>\n<\/ul>\n<h5 class=\"mb-3\" style=\"font-size: 16px; letter-spacing: -.025em;\">Sp\u00e9cifications<\/h5>\n<table class=\"table\">\n<tbody style=\"line-height: 1.8;\">\n<tr>\n<th class=\"font-primary font-weight-semi-bold text-dark pl-0\" scope=\"row\">Nom<\/th>\n<td class=\"pl-4\">B1 Nettoyant pour v\u00e9los<\/td>\n<\/tr>\n<tr>\n<th class=\"font-primary font-weight-semi-bold text-dark pl-0\" scope=\"row\">Emballage<\/th>\n<td class=\"pl-4\">5L<\/td>\n<\/tr>\n<tr>\n<th class=\"font-primary font-weight-semi-bold text-dark pl-0\" scope=\"row\">Quantit\u00e9<\/th>\n<td class=\"pl-4\">3 unit\u00e9s<\/td>\n<\/tr>\n<tr>\n<th class=\"font-primary font-weight-semi-bold text-dark pl-0\" scope=\"row\">Applications<\/th>\n<td class=\"pl-4\">Remove eficazmente \u00f3leos, massas, lamas, entre outros. N\u00e3o abrasivo para metais, ligas leves ou de carbono, borrachas ou outros componentes, contudo em caso de d\u00favida dever\u00e1 ser previamente testada a resist\u00eancia do material.<\/td>\n<\/tr>\n<tr>\n<th class=\"font-primary font-weight-semi-bold text-dark pl-0\" scope=\"row\">Comment l'utiliser<\/th>\n<td class=\"pl-4\">Limpar previamente todas as superf\u00edcies com \u00e1gua, removendo a sujidade maior e lamas. De seguida, aplicar o produto diretamente nas zonas a limpar. Aguardar 3 minutos, nunca deixando o produto secar nas superf\u00edcies. Enxaguar bem, removendo toda a sujidade e restos de produto.<\/td>\n<\/tr>\n<tr>\n<th class=\"border-no font-primary font-weight-semi-bold text-dark pl-0\" scope=\"row\">Fabricant<\/th>\n<td class=\"border-no pl-4\">BrandsFirst<\/td>\n<\/tr>\n<\/tbody>\n<\/table>\n<p>&nbsp;<\/p>\n<\/div>\n<\/div>","protected":false},"excerpt":{"rendered":"<h4 class=\"mb-4\" style=\"font-size: 18px; letter-spacing: -.025em;\">B1 Bike Cleaner 5L.<\/h4>\n<h5 class=\"mb-4\" style=\"font-size: 16px; letter-spacing: -.025em;\">Bo\u00eete de 3<\/h5>\n<p>Produit adapt\u00e9 au nettoyage de tous types de salissures sur les v\u00e9los, motos, quads, v\u00e9hicules tout-terrain, carrosseries et ch\u00e2ssis de voitures.<\/p>","protected":false},"featured_media":8624,"comment_status":"open","ping_status":"closed","template":"","meta":[],"product_cat":[46],"product_tag":[79,80,78],"class_list":{"0":"post-8623","1":"product","2":"type-product","3":"status-publish","4":"has-post-thumbnail","6":"product_cat-bicicletas","7":"product_tag-bicicletas","8":"product_tag-motos","9":"product_tag-quadriciclos","11":"first","12":"instock","13":"shipping-taxable","14":"purchasable","15":"product-type-simple","16":"add-to-wishlist-after_add_to_cart"},"_links":{"self":[{"href":"https:\/\/www.brandsfirst.pt\/fr\/wp-json\/wp\/v2\/product\/8623","targetHints":{"allow":["GET"]}}],"collection":[{"href":"https:\/\/www.brandsfirst.pt\/fr\/wp-json\/wp\/v2\/product"}],"about":[{"href":"https:\/\/www.brandsfirst.pt\/fr\/wp-json\/wp\/v2\/types\/product"}],"replies":[{"embeddable":true,"href":"https:\/\/www.brandsfirst.pt\/fr\/wp-json\/wp\/v2\/comments?post=8623"}],"wp:featuredmedia":[{"embeddable":true,"href":"https:\/\/www.brandsfirst.pt\/fr\/wp-json\/wp\/v2\/media\/8624"}],"wp:attachment":[{"href":"https:\/\/www.brandsfirst.pt\/fr\/wp-json\/wp\/v2\/media?parent=8623"}],"wp:term":[{"taxonomy":"product_cat","embeddable":true,"href":"https:\/\/www.brandsfirst.pt\/fr\/wp-json\/wp\/v2\/product_cat?post=8623"},{"taxonomy":"product_tag","embeddable":true,"href":"https:\/\/www.brandsfirst.pt\/fr\/wp-json\/wp\/v2\/product_tag?post=8623"}],"curies":[{"name":"wp","href":"https:\/\/api.w.org\/{rel}","templated":true}]}}