{"id":8387,"date":"2024-05-24T09:51:01","date_gmt":"2024-05-24T09:51:01","guid":{"rendered":"https:\/\/www.brandsfirst.pt\/?post_type=product&#038;p=8387"},"modified":"2024-09-18T09:35:51","modified_gmt":"2024-09-18T09:35:51","slug":"starlim-tira-gorduras-ultra-5l","status":"publish","type":"product","link":"https:\/\/www.brandsfirst.pt\/fr\/produits\/starlim-grease-remover-ultra-5l\/","title":{"rendered":"STARLIM Ultra D\u00e9graissant 5L"},"content":{"rendered":"<div class=\"row mt-6\">\n<div class=\"col-12\">\n<h5 class=\"mb-4\" style=\"font-size: 16px; letter-spacing: -.025em;\">Caract\u00e9ristiques<\/h5>\n<p class=\"mb-2\">D\u00e9graissant, \u00e9limine tous les types de graisses sans effort. Particuli\u00e8rement efficace pour nettoyer les br\u00fbleurs \u00e0 gaz, les grilles, les carreaux, les hottes aspirantes, les casseroles, les plaques de cuisson, les fours, les plans de travail, les grilles, etc. Renforce l'\u00e9clat de l'acier inoxydable.<\/p>\n<ul class=\"list-type-none list-type-check mt-0 mb-8\">\n<li>Excellentes performances \u00e0 froid et \u00e0 chaud<\/li>\n<li>Tr\u00e8s efficace pour \u00e9liminer toutes sortes de graisses tenaces<\/li>\n<li>Convient pour d\u00e9carboniser les grils, les cuisini\u00e8res, etc.<\/li>\n<li>Polyvalent et facile \u00e0 utiliser<\/li>\n<\/ul>\n<h5 class=\"mb-3\" style=\"font-size: 16px; letter-spacing: -.025em;\">Sp\u00e9cifications<\/h5>\n<table class=\"table\">\n<tbody style=\"line-height: 1.8;\">\n<tr>\n<th class=\"font-primary font-weight-semi-bold text-dark pl-0\" scope=\"row\">Nom<\/th>\n<td class=\"pl-4\">STARLIM Ultra d\u00e9graissant<\/td>\n<\/tr>\n<tr>\n<th class=\"font-primary font-weight-semi-bold text-dark pl-0\" scope=\"row\">Emballage<\/th>\n<td class=\"pl-4\">5L<\/td>\n<\/tr>\n<tr>\n<th class=\"font-primary font-weight-semi-bold text-dark pl-0\" scope=\"row\">Quantit\u00e9<\/th>\n<td class=\"pl-4\">3 unit\u00e9s<\/td>\n<\/tr>\n<tr>\n<th class=\"font-primary font-weight-semi-bold text-dark pl-0\" scope=\"row\">Applications<\/th>\n<td class=\"pl-4\">Nettoyage de surfaces tr\u00e8s sales et graisseuses.<\/td>\n<\/tr>\n<tr>\n<th class=\"font-primary font-weight-semi-bold text-dark pl-0\" scope=\"row\">Comment l'utiliser<\/th>\n<td class=\"pl-4\">Vaporiser la surface \u00e0 nettoyer, laisser agir pendant environ 2 minutes et rincer rapidement \u00e0 l'eau.<br \/>\n<strong>IMPORTANT :<\/strong> Ne pas utiliser sur des mat\u00e9riaux tels que l'aluminium ou les plastiques. Ne pas vaporiser sur des surfaces peintes et\/ou vernies ou sur d'autres surfaces sensibles. En cas de doute, tester d'abord sur une petite surface moins visible.<\/td>\n<\/tr>\n<tr>\n<th class=\"border-no font-primary font-weight-semi-bold text-dark pl-0\" scope=\"row\">Fabricant<\/th>\n<td class=\"border-no pl-4\">Starlim<\/td>\n<\/tr>\n<\/tbody>\n<\/table>\n<p>&nbsp;<\/p>\n<\/div>\n<\/div>","protected":false},"excerpt":{"rendered":"<h4 style=\"font-size: 18px; letter-spacing: -.025em; margin: 0; line-height: 1.2;\">STARLIM Ultra D\u00e9graissant 5L.<\/h4>\n<h5 style=\"font-size: 16px; letter-spacing: -.025em; margin: 0; line-height: 1.2;\">Bo\u00eete de 3<br \/>\n<span style=\"font-size: 12px; line-height: 1.2;\">RRP 16,15\u20ac* (Ex Works)<\/span><\/h5>\n<h5 style=\"font-size: 16px; letter-spacing: -.025em; margin: 0; line-height: 1.2;\"><span style=\"font-size: 12px; line-height: 1.2;\">*TVA incluse<\/span><\/h5>\n<p>D\u00e9graissant, \u00e9limine tous les types de graisses sans effort. Particuli\u00e8rement efficace pour nettoyer les br\u00fbleurs \u00e0 gaz, les grilles, les carreaux, les hottes aspirantes, les casseroles, les plaques de cuisson, les fours, les plans de travail, les grilles, etc. Renforce l'\u00e9clat de l'acier inoxydable.<\/p>","protected":false},"featured_media":8389,"comment_status":"open","ping_status":"closed","template":"","meta":[],"product_cat":[43,15],"product_tag":[56,63,71],"class_list":{"0":"post-8387","1":"product","2":"type-product","3":"status-publish","4":"has-post-thumbnail","6":"product_cat-tira-gorduras","7":"product_cat-profissional","8":"product_tag-cozinha","9":"product_tag-linha-profissional","10":"product_tag-tira-gorduras","11":"product_shipping_class-linha-profissional","13":"first","14":"instock","15":"shipping-taxable","16":"purchasable","17":"product-type-simple","18":"add-to-wishlist-after_add_to_cart"},"_links":{"self":[{"href":"https:\/\/www.brandsfirst.pt\/fr\/wp-json\/wp\/v2\/product\/8387","targetHints":{"allow":["GET"]}}],"collection":[{"href":"https:\/\/www.brandsfirst.pt\/fr\/wp-json\/wp\/v2\/product"}],"about":[{"href":"https:\/\/www.brandsfirst.pt\/fr\/wp-json\/wp\/v2\/types\/product"}],"replies":[{"embeddable":true,"href":"https:\/\/www.brandsfirst.pt\/fr\/wp-json\/wp\/v2\/comments?post=8387"}],"wp:featuredmedia":[{"embeddable":true,"href":"https:\/\/www.brandsfirst.pt\/fr\/wp-json\/wp\/v2\/media\/8389"}],"wp:attachment":[{"href":"https:\/\/www.brandsfirst.pt\/fr\/wp-json\/wp\/v2\/media?parent=8387"}],"wp:term":[{"taxonomy":"product_cat","embeddable":true,"href":"https:\/\/www.brandsfirst.pt\/fr\/wp-json\/wp\/v2\/product_cat?post=8387"},{"taxonomy":"product_tag","embeddable":true,"href":"https:\/\/www.brandsfirst.pt\/fr\/wp-json\/wp\/v2\/product_tag?post=8387"}],"curies":[{"name":"wp","href":"https:\/\/api.w.org\/{rel}","templated":true}]}}