{"id":8352,"date":"2024-05-23T11:08:00","date_gmt":"2024-05-23T11:08:00","guid":{"rendered":"https:\/\/www.brandsfirst.pt\/?post_type=product&#038;p=8352"},"modified":"2024-09-18T09:35:51","modified_gmt":"2024-09-18T09:35:51","slug":"starlim-tira-gorduras-premium-500ml","status":"publish","type":"product","link":"https:\/\/www.brandsfirst.pt\/fr\/produits\/starlim-grease-remover-premium-500ml\/","title":{"rendered":"STARLIM Premium d\u00e9graissant 500ml"},"content":{"rendered":"<div class=\"row mt-6\">\n<div class=\"col-12\">\n<h5 class=\"mb-4\" style=\"font-size: 16px; letter-spacing: -.025em;\">Caract\u00e9ristiques<\/h5>\n<p class=\"mb-2\">D\u00e9graissant parfum\u00e9 \u00e0 mousse active, sans phosphates.<br \/>\nElimine tous les types de graisses sans effort.<\/p>\n<ul class=\"list-type-none list-type-check mt-0 mb-8\">\n<li>Formule avec mousse active pour une action plus efficace<\/li>\n<li>\u00c9limine les graisses les plus r\u00e9sistantes et carbonis\u00e9es<\/li>\n<li>Finition brillante apr\u00e8s utilisation<\/li>\n<li>Nettoyage parfum\u00e9<\/li>\n<\/ul>\n<h5 class=\"mb-3\" style=\"font-size: 16px; letter-spacing: -.025em;\">Sp\u00e9cifications<\/h5>\n<table class=\"table\">\n<tbody style=\"line-height: 1.8;\">\n<tr>\n<th class=\"font-primary font-weight-semi-bold text-dark pl-0\" scope=\"row\">Nom<\/th>\n<td class=\"pl-4\">STARLIM Premium d\u00e9graissant<\/td>\n<\/tr>\n<tr>\n<th class=\"font-primary font-weight-semi-bold text-dark pl-0\" scope=\"row\">Emballage<\/th>\n<td class=\"pl-4\">500ml<\/td>\n<\/tr>\n<tr>\n<th class=\"font-primary font-weight-semi-bold text-dark pl-0\" scope=\"row\">Quantit\u00e9<\/th>\n<td class=\"pl-4\">12 unit\u00e9s<\/td>\n<\/tr>\n<tr>\n<th class=\"font-primary font-weight-semi-bold text-dark pl-0\" scope=\"row\">Applications<\/th>\n<td class=\"pl-4\">Nettoyage de surfaces tr\u00e8s sales et graisseuses, notamment lors du nettoyage de br\u00fbleurs \u00e0 gaz, de grilles, de carrelages, de hottes aspirantes, de casseroles, de po\u00eales, de cuisini\u00e8res, de fours, de plans de travail, de grilles, etc.<\/td>\n<\/tr>\n<tr>\n<th class=\"font-primary font-weight-semi-bold text-dark pl-0\" scope=\"row\">Comment l'utiliser<\/th>\n<td class=\"pl-4\">Vaporiser la surface \u00e0 nettoyer, laisser agir pendant environ 2 minutes et rincer rapidement \u00e0 l'eau.<br \/>\n<strong>IMPORTANT :<\/strong> Ne pas utiliser sur des mat\u00e9riaux tels que l'aluminium ou les plastiques. Ne pas vaporiser sur des surfaces peintes et\/ou vernies ou sur d'autres surfaces sensibles. En cas de doute, tester d'abord sur une petite surface moins visible.<\/td>\n<\/tr>\n<tr>\n<th class=\"border-no font-primary font-weight-semi-bold text-dark pl-0\" scope=\"row\">Fabricant<\/th>\n<td class=\"border-no pl-4\">Starlim<\/td>\n<\/tr>\n<\/tbody>\n<\/table>\n<p>&nbsp;<\/p>\n<\/div>\n<\/div>","protected":false},"excerpt":{"rendered":"<h4 style=\"font-size: 18px; letter-spacing: -.025em; margin: 0; line-height: 1.2;\">STARLIM Premium d\u00e9graissant 500ml.<\/h4>\n<h5 style=\"font-size: 16px; letter-spacing: -.025em; margin: 0; line-height: 1.2;\">Bo\u00eete de 12<br \/>\n<span style=\"font-size: 12px; line-height: 1.2;\">Prix de vente conseill\u00e9 \u20ac3.19* (Ex Works)<\/span><\/h5>\n<h5 style=\"font-size: 16px; letter-spacing: -.025em; margin: 0; line-height: 1.2;\"><span style=\"font-size: 12px; line-height: 1.2;\">*TVA incluse<\/span><\/h5>\n<p>D\u00e9graissant parfum\u00e9 \u00e0 mousse active, sans phosphates.<br \/>\n\u00c9limine tous les types de graisse sans effort. Particuli\u00e8rement efficace pour nettoyer les br\u00fbleurs \u00e0 gaz, les grilles, les carreaux, les hottes aspirantes, les casseroles, les plaques de cuisson, les fours, les plans de travail, les grilles, etc. Renforce l'\u00e9clat de l'acier inoxydable.<\/p>","protected":false},"featured_media":8354,"comment_status":"open","ping_status":"closed","template":"","meta":[],"product_cat":[72,43],"product_tag":[56,66,71],"class_list":{"0":"post-8352","1":"product","2":"type-product","3":"status-publish","4":"has-post-thumbnail","6":"product_cat-residencial","7":"product_cat-tira-gorduras","8":"product_tag-cozinha","9":"product_tag-linha-residencial","10":"product_tag-tira-gorduras","11":"product_shipping_class-grande-consumo","13":"first","14":"instock","15":"shipping-taxable","16":"purchasable","17":"product-type-simple","18":"add-to-wishlist-after_add_to_cart"},"_links":{"self":[{"href":"https:\/\/www.brandsfirst.pt\/fr\/wp-json\/wp\/v2\/product\/8352","targetHints":{"allow":["GET"]}}],"collection":[{"href":"https:\/\/www.brandsfirst.pt\/fr\/wp-json\/wp\/v2\/product"}],"about":[{"href":"https:\/\/www.brandsfirst.pt\/fr\/wp-json\/wp\/v2\/types\/product"}],"replies":[{"embeddable":true,"href":"https:\/\/www.brandsfirst.pt\/fr\/wp-json\/wp\/v2\/comments?post=8352"}],"wp:featuredmedia":[{"embeddable":true,"href":"https:\/\/www.brandsfirst.pt\/fr\/wp-json\/wp\/v2\/media\/8354"}],"wp:attachment":[{"href":"https:\/\/www.brandsfirst.pt\/fr\/wp-json\/wp\/v2\/media?parent=8352"}],"wp:term":[{"taxonomy":"product_cat","embeddable":true,"href":"https:\/\/www.brandsfirst.pt\/fr\/wp-json\/wp\/v2\/product_cat?post=8352"},{"taxonomy":"product_tag","embeddable":true,"href":"https:\/\/www.brandsfirst.pt\/fr\/wp-json\/wp\/v2\/product_tag?post=8352"}],"curies":[{"name":"wp","href":"https:\/\/api.w.org\/{rel}","templated":true}]}}