{"id":8310,"date":"2024-05-22T17:21:48","date_gmt":"2024-05-22T17:21:48","guid":{"rendered":"https:\/\/www.brandsfirst.pt\/?post_type=product&#038;p=8310"},"modified":"2024-09-18T09:35:52","modified_gmt":"2024-09-18T09:35:52","slug":"starlim-limpa-moveis-antiestatico-500ml","status":"publish","type":"product","link":"https:\/\/www.brandsfirst.pt\/fr\/produits\/starlim-nettoyant-antistatique-pour-meubles-500ml\/","title":{"rendered":"STARLIM Nettoyant antistatique pour meubles 500ml"},"content":{"rendered":"<div class=\"row mt-6\">\n<div class=\"col-12\">\n<h5 class=\"mb-4\" style=\"font-size: 16px; letter-spacing: -.025em;\">Caract\u00e9ristiques<\/h5>\n<p class=\"mb-2\">Limpeza de todo o tipo de m\u00f3veis e superf\u00edcies modernas. Com efeito antiest\u00e1tico. N\u00e3o mancha as superf\u00edcies, deixando-as limpas, com um brilho natural e com um suave aroma frutado.<\/p>\n<ul class=\"list-type-none list-type-check mt-0 mb-8\">\n<li>Repelente do p\u00f3 com efeito antiest\u00e1tico<\/li>\n<li>Indicado para madeiras naturais ou superf\u00edcies como madeiras lavadas, laminadas, couros, napas e pl\u00e1sticos<\/li>\n<li>F\u00f3rmula sem gorduras ou silicone na composi\u00e7\u00e3o<\/li>\n<li>Base aquosa sem solventes<\/li>\n<\/ul>\n<h5 class=\"mb-3\" style=\"font-size: 16px; letter-spacing: -.025em;\">Sp\u00e9cifications<\/h5>\n<table class=\"table\">\n<tbody style=\"line-height: 1.8;\">\n<tr>\n<th class=\"font-primary font-weight-semi-bold text-dark pl-0\" scope=\"row\">Nom<\/th>\n<td class=\"pl-4\">STARLIM Limpa M\u00f3veis Antiest\u00e1tico<\/td>\n<\/tr>\n<tr>\n<th class=\"font-primary font-weight-semi-bold text-dark pl-0\" scope=\"row\">Emballage<\/th>\n<td class=\"pl-4\">500ml<\/td>\n<\/tr>\n<tr>\n<th class=\"font-primary font-weight-semi-bold text-dark pl-0\" scope=\"row\">Quantit\u00e9<\/th>\n<td class=\"pl-4\">12 unit\u00e9s<\/td>\n<\/tr>\n<tr>\n<th class=\"font-primary font-weight-semi-bold text-dark pl-0\" scope=\"row\">Applications<\/th>\n<td class=\"pl-4\">Este produto pode ser aplicado e todo o tipo de madeiras lacadas, laminadas ou naturais, napas, couros, pl\u00e1sticos, etc.<\/td>\n<\/tr>\n<tr>\n<th class=\"font-primary font-weight-semi-bold text-dark pl-0\" scope=\"row\">Comment l'utiliser<\/th>\n<td class=\"pl-4\">Aplicar o produto diretamente pulverizando sobre a superf\u00edcie a limpar.<br \/>\nEspalhar como com pano suave at\u00e9 a superf\u00edcies ficar limpa.<br \/>\nEm materiais porosos o produto dever\u00e1 ser aplicado primeiro no pano.<\/td>\n<\/tr>\n<tr>\n<th class=\"border-no font-primary font-weight-semi-bold text-dark pl-0\" scope=\"row\">Fabricant<\/th>\n<td class=\"border-no pl-4\">Starlim<\/td>\n<\/tr>\n<\/tbody>\n<\/table>\n<p>&nbsp;<\/p>\n<\/div>\n<\/div>","protected":false},"excerpt":{"rendered":"<h4 style=\"font-size: 18px; letter-spacing: -.025em; margin: 0; line-height: 1.2;\">STARLIM Nettoyant antistatique pour meubles 500ml.<\/h4>\n<h5 style=\"font-size: 16px; letter-spacing: -.025em; margin: 0; line-height: 1.2;\">Bo\u00eete de 12<br \/>\n<span style=\"font-size: 12px; line-height: 1.2;\">Prix de vente conseill\u00e9 \u20ac3.39* (Ex Works)<\/span><\/h5>\n<h5 style=\"font-size: 16px; letter-spacing: -.025em; margin: 0; line-height: 1.2;\"><span style=\"font-size: 12px; line-height: 1.2;\">*TVA incluse<\/span><\/h5>\n<p>Nettoie tous les types de meubles et de surfaces modernes. Effet antistatique. Ne tache pas les surfaces, les laissant propres, avec une brillance naturelle et un doux parfum fruit\u00e9. Ce produit peut \u00eatre appliqu\u00e9 sur tous les types de surfaces lavables, y compris le bois laqu\u00e9, stratifi\u00e9 ou naturel, le cuir nappa, le cuir et les mati\u00e8res plastiques.<\/p>","protected":false},"featured_media":8312,"comment_status":"open","ping_status":"closed","template":"","meta":[],"product_cat":[72,36,29],"product_tag":[67,66],"class_list":{"0":"post-8310","1":"product","2":"type-product","3":"status-publish","4":"has-post-thumbnail","6":"product_cat-residencial","7":"product_cat-limpa-moveis","8":"product_cat-limpeza-da-casa","9":"product_tag-limpeza-da-casa","10":"product_tag-linha-residencial","11":"product_shipping_class-grande-consumo","13":"first","14":"instock","15":"shipping-taxable","16":"purchasable","17":"product-type-simple","18":"add-to-wishlist-after_add_to_cart"},"_links":{"self":[{"href":"https:\/\/www.brandsfirst.pt\/fr\/wp-json\/wp\/v2\/product\/8310","targetHints":{"allow":["GET"]}}],"collection":[{"href":"https:\/\/www.brandsfirst.pt\/fr\/wp-json\/wp\/v2\/product"}],"about":[{"href":"https:\/\/www.brandsfirst.pt\/fr\/wp-json\/wp\/v2\/types\/product"}],"replies":[{"embeddable":true,"href":"https:\/\/www.brandsfirst.pt\/fr\/wp-json\/wp\/v2\/comments?post=8310"}],"wp:featuredmedia":[{"embeddable":true,"href":"https:\/\/www.brandsfirst.pt\/fr\/wp-json\/wp\/v2\/media\/8312"}],"wp:attachment":[{"href":"https:\/\/www.brandsfirst.pt\/fr\/wp-json\/wp\/v2\/media?parent=8310"}],"wp:term":[{"taxonomy":"product_cat","embeddable":true,"href":"https:\/\/www.brandsfirst.pt\/fr\/wp-json\/wp\/v2\/product_cat?post=8310"},{"taxonomy":"product_tag","embeddable":true,"href":"https:\/\/www.brandsfirst.pt\/fr\/wp-json\/wp\/v2\/product_tag?post=8310"}],"curies":[{"name":"wp","href":"https:\/\/api.w.org\/{rel}","templated":true}]}}