{"id":8303,"date":"2024-05-22T16:38:12","date_gmt":"2024-05-22T16:38:12","guid":{"rendered":"https:\/\/www.brandsfirst.pt\/?post_type=product&#038;p=8303"},"modified":"2024-09-18T09:35:52","modified_gmt":"2024-09-18T09:35:52","slug":"starlim-lava-tudo-ph-neutro-1000ml","status":"publish","type":"product","link":"https:\/\/www.brandsfirst.pt\/fr\/produits\/starlim-lave-tout-ph-neutre-1000ml\/","title":{"rendered":"STARLIM Nettoyant universel pH Neutre 1000ml"},"content":{"rendered":"<div class=\"row mt-6\">\n<div class=\"col-12\">\n<h5 class=\"mb-4\" style=\"font-size: 16px; letter-spacing: -.025em;\">Caract\u00e9ristiques<\/h5>\n<p class=\"mb-2\">D\u00e9tergent neutre, parfum\u00e9 \u00e0 la lavande, sp\u00e9cialement con\u00e7u pour le nettoyage en profondeur de tous les types de sols et de surfaces lavables.<\/p>\n<ul class=\"list-type-none list-type-check mt-0 mb-8\">\n<li>Indicado para pisos de madeira, parques, sint\u00e9ticos, cer\u00e2micos ou pedras naturais<\/li>\n<li>F\u00f3rmula com pH neutro garante a limpeza e cuidado das superf\u00edcies mais delicadas como as de madeira ou m\u00e1rmore<\/li>\n<li>Aroma fresco da lavanda<\/li>\n<\/ul>\n<h5 class=\"mb-3\" style=\"font-size: 16px; letter-spacing: -.025em;\">Sp\u00e9cifications<\/h5>\n<table class=\"table\">\n<tbody style=\"line-height: 1.8;\">\n<tr>\n<th class=\"font-primary font-weight-semi-bold text-dark pl-0\" scope=\"row\">Nom<\/th>\n<td class=\"pl-4\">STARLIM Nettoyant universel pH neutre<\/td>\n<\/tr>\n<tr>\n<th class=\"font-primary font-weight-semi-bold text-dark pl-0\" scope=\"row\">Emballage<\/th>\n<td class=\"pl-4\">1000ml<\/td>\n<\/tr>\n<tr>\n<th class=\"font-primary font-weight-semi-bold text-dark pl-0\" scope=\"row\">Quantit\u00e9<\/th>\n<td class=\"pl-4\">12 unit\u00e9s<\/td>\n<\/tr>\n<tr>\n<th class=\"font-primary font-weight-semi-bold text-dark pl-0\" scope=\"row\">Applications<\/th>\n<td class=\"pl-4\">Excelente desempenho em pisos de madeira, parquet, sint\u00e9ticos, cer\u00e2micos, etc. Delicado com os materiais, permite obter um brilho natural nas superf\u00edcies.<br \/>\nCria um ambiente perfumado ap\u00f3s aplica\u00e7\u00e3o.<\/td>\n<\/tr>\n<tr>\n<th class=\"font-primary font-weight-semi-bold text-dark pl-0\" scope=\"row\">Comment l'utiliser<\/th>\n<td class=\"pl-4\">Antes de usar o produto, aconselha-se eliminar a sujidade solta.<br \/>\nUsando uma dosagem de 2%, aplicar o produto com mopa ou esfregona.<\/td>\n<\/tr>\n<tr>\n<th class=\"border-no font-primary font-weight-semi-bold text-dark pl-0\" scope=\"row\">Fabricant<\/th>\n<td class=\"border-no pl-4\">Starlim<\/td>\n<\/tr>\n<\/tbody>\n<\/table>\n<p>&nbsp;<\/p>\n<\/div>\n<\/div>","protected":false},"excerpt":{"rendered":"<h4 style=\"font-size: 18px; letter-spacing: -.025em; margin: 0; line-height: 1.2;\">STARLIM Nettoyant universel pH neutre 1000ml.<\/h4>\n<h5 style=\"font-size: 16px; letter-spacing: -.025em; margin: 0; line-height: 1.2;\">Bo\u00eete de 12<br \/>\n<span style=\"font-size: 12px; line-height: 1.2;\">Prix de vente conseill\u00e9 \u20ac3.49* (Ex Works)<\/span><\/h5>\n<h5 style=\"font-size: 16px; letter-spacing: -.025em; margin: 0; line-height: 1.2;\"><span style=\"font-size: 12px; line-height: 1.2;\">*TVA incluse<\/span><\/h5>\n<p>D\u00e9tergent neutre, parfum\u00e9 \u00e0 la lavande, sp\u00e9cialement con\u00e7u pour le nettoyage en profondeur de tous les types de sols et de surfaces lavables.<\/p>","protected":false},"featured_media":8305,"comment_status":"open","ping_status":"closed","template":"","meta":[],"product_cat":[72,29],"product_tag":[67,66],"class_list":{"0":"post-8303","1":"product","2":"type-product","3":"status-publish","4":"has-post-thumbnail","6":"product_cat-residencial","7":"product_cat-limpeza-da-casa","8":"product_tag-limpeza-da-casa","9":"product_tag-linha-residencial","10":"product_shipping_class-grande-consumo","12":"first","13":"instock","14":"shipping-taxable","15":"purchasable","16":"product-type-simple","17":"add-to-wishlist-after_add_to_cart"},"_links":{"self":[{"href":"https:\/\/www.brandsfirst.pt\/fr\/wp-json\/wp\/v2\/product\/8303","targetHints":{"allow":["GET"]}}],"collection":[{"href":"https:\/\/www.brandsfirst.pt\/fr\/wp-json\/wp\/v2\/product"}],"about":[{"href":"https:\/\/www.brandsfirst.pt\/fr\/wp-json\/wp\/v2\/types\/product"}],"replies":[{"embeddable":true,"href":"https:\/\/www.brandsfirst.pt\/fr\/wp-json\/wp\/v2\/comments?post=8303"}],"wp:featuredmedia":[{"embeddable":true,"href":"https:\/\/www.brandsfirst.pt\/fr\/wp-json\/wp\/v2\/media\/8305"}],"wp:attachment":[{"href":"https:\/\/www.brandsfirst.pt\/fr\/wp-json\/wp\/v2\/media?parent=8303"}],"wp:term":[{"taxonomy":"product_cat","embeddable":true,"href":"https:\/\/www.brandsfirst.pt\/fr\/wp-json\/wp\/v2\/product_cat?post=8303"},{"taxonomy":"product_tag","embeddable":true,"href":"https:\/\/www.brandsfirst.pt\/fr\/wp-json\/wp\/v2\/product_tag?post=8303"}],"curies":[{"name":"wp","href":"https:\/\/api.w.org\/{rel}","templated":true}]}}