{"id":2169,"date":"2020-11-19T20:33:39","date_gmt":"2020-11-19T20:33:39","guid":{"rendered":"https:\/\/d-themes.com\/wordpress\/riode\/dummy\/demo-7\/?post_type=product&#038;p=2169"},"modified":"2025-04-22T11:34:15","modified_gmt":"2025-04-22T11:34:15","slug":"starlim-lava-louca-limao-verde-500ml","status":"publish","type":"product","link":"https:\/\/www.brandsfirst.pt\/fr\/produits\/lave-vaisselle-starlim-vert-lime-500ml\/","title":{"rendered":"STARLIM Lave-vaisselle au citron vert 500ml"},"content":{"rendered":"<div class=\"row mt-6\">\n<div class=\"col-12\">\n<h5 class=\"mb-4\" style=\"font-size: 16px; letter-spacing: -.025em;\">Caract\u00e9ristiques<\/h5>\n<p class=\"mb-2\">Detergente Lava-lou\u00e7a Ultra Concentrado, formula\u00e7\u00e3o especialmente desenvolvida para lavar eficazmente toda a loi\u00e7a.<\/p>\n<ul class=\"list-type-none list-type-check mt-0 mb-8\">\n<li>Ultra concentrado e imbat\u00edvel com a sujidade<\/li>\n<li>Embalagem ergon\u00f3mica que pelo design da embalagem permite redu\u00e7\u00e3o de pl\u00e1stico<\/li>\n<li>F\u00f3rmula concentrada e muito eficaz na remo\u00e7\u00e3o de gorduras da lou\u00e7a<\/li>\n<li>Cuidado especial com a pele, muito suave com as m\u00e3os em utiliza\u00e7\u00e3o di\u00e1ria<\/li>\n<li>Aroma fresco e agrad\u00e1vel<\/li>\n<\/ul>\n<h5 class=\"mb-3\" style=\"font-size: 16px; letter-spacing: -.025em;\">Sp\u00e9cifications<\/h5>\n<table class=\"table\">\n<tbody style=\"line-height: 1.8;\">\n<tr>\n<th class=\"font-primary font-weight-semi-bold text-dark pl-0\" scope=\"row\">Nom<\/th>\n<td class=\"pl-4\">STARLIM Lava Lou\u00e7a Lim\u00e3o Verde<\/td>\n<\/tr>\n<tr>\n<th class=\"font-primary font-weight-semi-bold text-dark pl-0\" scope=\"row\">Emballage<\/th>\n<td class=\"pl-4\">500ml<\/td>\n<\/tr>\n<tr>\n<th class=\"font-primary font-weight-semi-bold text-dark pl-0\" scope=\"row\">Quantit\u00e9<\/th>\n<td class=\"pl-4\">12 unit\u00e9s<\/td>\n<\/tr>\n<tr>\n<th class=\"font-primary font-weight-semi-bold text-dark pl-0\" scope=\"row\">Applications<\/th>\n<td class=\"pl-4\">Lavagem manual de todo o tipo de utens\u00edlios de cozinha lav\u00e1veis.<\/td>\n<\/tr>\n<tr>\n<th class=\"font-primary font-weight-semi-bold text-dark pl-0\" scope=\"row\">Comment l'utiliser<\/th>\n<td class=\"pl-4\">Diluir na \u00e1gua de lavagem ou usar diretamente numa esponja molhada. Enxaguar de seguida.<\/td>\n<\/tr>\n<tr>\n<th class=\"border-no font-primary font-weight-semi-bold text-dark pl-0\" scope=\"row\">Fabricant<\/th>\n<td class=\"border-no pl-4\">Starlim<\/td>\n<\/tr>\n<\/tbody>\n<\/table>\n<p>&nbsp;<\/p>\n<\/div>\n<\/div>","protected":false},"excerpt":{"rendered":"<h4 style=\"font-size: 18px; letter-spacing: -.025em; margin: 0; line-height: 1.2;\">STARLIM Lava Lou\u00e7a Lim\u00e3o Verde 500ml.<\/h4>\n<h5 style=\"font-size: 16px; letter-spacing: -.025em; margin: 0; line-height: 1.2;\">Bo\u00eete de 12<br \/>\n<span style=\"font-size: 12px; line-height: 1.2;\">PVPR 1,99\u20ac* (Ex Works)<\/span><\/h5>\n<h5 style=\"font-size: 16px; letter-spacing: -.025em; margin: 0; line-height: 1.2;\"><span style=\"font-size: 12px; line-height: 1.2;\">*TVA incluse<\/span><\/h5>\n<p>Detergente Lava-lou\u00e7a Ultra Concentrado, formula\u00e7\u00e3o especialmente desenvolvida para lavar eficazmente toda a loi\u00e7a. A sua f\u00f3rmula concentrada permite um rendimento elevado. Apresenta fragr\u00e2ncia fresca e c\u00edtrica.<\/p>","protected":false},"featured_media":8326,"comment_status":"open","ping_status":"closed","template":"","meta":[],"product_cat":[72,37],"product_tag":[56,55],"class_list":{"0":"post-2169","1":"product","2":"type-product","3":"status-publish","4":"has-post-thumbnail","6":"product_cat-residencial","7":"product_cat-cozinha-e-casa-de-banho","8":"product_tag-cozinha","9":"product_tag-lava-louca","10":"product_shipping_class-grande-consumo","12":"first","13":"instock","14":"shipping-taxable","15":"purchasable","16":"product-type-simple","17":"add-to-wishlist-after_add_to_cart"},"_links":{"self":[{"href":"https:\/\/www.brandsfirst.pt\/fr\/wp-json\/wp\/v2\/product\/2169","targetHints":{"allow":["GET"]}}],"collection":[{"href":"https:\/\/www.brandsfirst.pt\/fr\/wp-json\/wp\/v2\/product"}],"about":[{"href":"https:\/\/www.brandsfirst.pt\/fr\/wp-json\/wp\/v2\/types\/product"}],"replies":[{"embeddable":true,"href":"https:\/\/www.brandsfirst.pt\/fr\/wp-json\/wp\/v2\/comments?post=2169"}],"wp:featuredmedia":[{"embeddable":true,"href":"https:\/\/www.brandsfirst.pt\/fr\/wp-json\/wp\/v2\/media\/8326"}],"wp:attachment":[{"href":"https:\/\/www.brandsfirst.pt\/fr\/wp-json\/wp\/v2\/media?parent=2169"}],"wp:term":[{"taxonomy":"product_cat","embeddable":true,"href":"https:\/\/www.brandsfirst.pt\/fr\/wp-json\/wp\/v2\/product_cat?post=2169"},{"taxonomy":"product_tag","embeddable":true,"href":"https:\/\/www.brandsfirst.pt\/fr\/wp-json\/wp\/v2\/product_tag?post=2169"}],"curies":[{"name":"wp","href":"https:\/\/api.w.org\/{rel}","templated":true}]}}