{"id":9209,"date":"2024-09-07T18:09:11","date_gmt":"2024-09-07T18:09:11","guid":{"rendered":"https:\/\/www.brandsfirst.pt\/?page_id=9209"},"modified":"2024-11-03T09:53:54","modified_gmt":"2024-11-03T09:53:54","slug":"b1-bike-cleaner","status":"publish","type":"page","link":"https:\/\/www.brandsfirst.pt\/fr\/b1-bike-cleaner\/","title":{"rendered":"B1 Bike Cleaner | Nettoyage professionnel de votre v\u00e9lo"},"content":{"rendered":"<div data-elementor-type=\"wp-page\" data-elementor-id=\"9209\" class=\"elementor elementor-9209\" data-elementor-post-type=\"page\">\n\t\t\t\t\t\t\r\n\t\t<section\t\t class=\"d-lazy-back elementor-section elementor-top-section elementor-element elementor-element-68e3e5ef elementor-section-full_width elementor-section-stretched elementor-section-height-default elementor-section-height-default\" data-lazy=\"https:\/\/www.brandsfirst.pt\/wp-content\/uploads\/2024\/06\/banner-bike.png\" data-id=\"68e3e5ef\" data-element_type=\"section\" data-settings=\"{&quot;background_background&quot;:&quot;classic&quot;,&quot;stretch_section&quot;:&quot;section-stretched&quot;}\">\r\n\t\t\r\n\t\t\t\t\t\t\t<div class=\"elementor-background-overlay\"><\/div>\r\n\t\t\t\t\t\t\t\t\t\t\t<div class=\"elementor-container elementor-column-gap-default\" >\r\n\r\n\t\t\t\t\r\n\t\t\t\t\t\t\t\t\t\t\t\t\t\t<div\t\t class=\"elementor-column elementor-col-100 elementor-top-column elementor-element elementor-element-7a87523b elementor-invisible\" data-id=\"7a87523b\" data-element_type=\"column\" data-settings=\"{&quot;animation&quot;:&quot;fadeIn&quot;}\">\r\n\t\t\t\r\n\t\t\t\r\n\t\t\t\r\n\t\t\t<div class=\"elementor-widget-wrap elementor-element-populated\">\r\n\t\t\t\t\t\t\t\t<div class=\"elementor-element elementor-element-1d844a6b elementor-widget elementor-widget-heading\" data-id=\"1d844a6b\" data-element_type=\"widget\" data-widget_type=\"heading.default\">\n\t\t\t\t<div class=\"elementor-widget-container\">\n\t\t\t\t\t<h1 class=\"elementor-heading-title elementor-size-default\">B1 Nettoyant pour v\u00e9los<\/h1>\t\t\t\t<\/div>\n\t\t\t\t<\/div>\n\t\t\t\t<div class=\"elementor-element elementor-element-518c0dae elementor-widget elementor-widget-heading\" data-id=\"518c0dae\" data-element_type=\"widget\" data-widget_type=\"heading.default\">\n\t\t\t\t<div class=\"elementor-widget-container\">\n\t\t\t\t\t<p class=\"elementor-heading-title elementor-size-default\">Un nettoyage professionnel pour votre v\u00e9lo. Efficace, s\u00fbr et \u00e9cologique. <br>\u00c9limine la salet\u00e9 tenace en quelques minutes. Id\u00e9al pour les v\u00e9los, les motos et les quads.<\/p>\t\t\t\t<\/div>\n\t\t\t\t<\/div>\n\t\t\r\n\t\t\r\n\t\t\t\t\t\t\t<\/div>\r\n\t\t\t\r\n\t\t<\/div>\r\n\t\t\t\t\t\t\t\t\t\t\t\t\t\t\t\t\t<\/div>\r\n\t\t\t\t\t\t<\/section>\r\n\t\t\t\t\r\n\t\t<section\t\t class=\"elementor-section elementor-top-section elementor-element elementor-element-595d57b1 elementor-section-content-middle elementor-section-boxed elementor-section-height-default elementor-section-height-default elementor-invisible\" data-id=\"595d57b1\" data-element_type=\"section\" data-settings=\"{&quot;animation&quot;:&quot;fadeIn&quot;}\">\r\n\t\t\r\n\t\t\t\t\t\t\t\t\t\t<div class=\"elementor-container elementor-column-gap-default\" >\r\n\r\n\t\t\t\t\r\n\t\t\t\t\t\t\t\t\t\t\t\t\t\t<div\t\t class=\"elementor-column elementor-col-100 elementor-top-column elementor-element elementor-element-7eb385bb\" data-id=\"7eb385bb\" data-element_type=\"column\">\r\n\t\t\t\r\n\t\t\t\r\n\t\t\t\r\n\t\t\t<div class=\"elementor-widget-wrap elementor-element-populated\">\r\n\t\t\t\t\t\t\t\t<div class=\"elementor-element elementor-element-f38f6f0 elementor-widget elementor-widget-heading\" data-id=\"f38f6f0\" data-element_type=\"widget\" data-widget_type=\"heading.default\">\n\t\t\t\t<div class=\"elementor-widget-container\">\n\t\t\t\t\t<h2 class=\"elementor-heading-title elementor-size-default\">B1 Bike Cleaner Pro : Nettoyage professionnel de v\u00e9los <\/h2>\t\t\t\t<\/div>\n\t\t\t\t<\/div>\n\t\t\t\t<div class=\"elementor-element elementor-element-5193186 elementor-widget elementor-widget-text-editor\" data-id=\"5193186\" data-element_type=\"widget\" data-widget_type=\"text-editor.default\">\n\t\t\t\t<div class=\"elementor-widget-container\">\n\t\t\t\t\t\t\t\t\t<p style=\"font-weight: 400;\"><strong>B1 Bike Cleaner Pro de BrandsFirst est la solution d\u00e9finitive pour le nettoyage des v\u00e9los, motos et quadricycles de haute performance. D\u00e9velopp\u00e9 pour les passionn\u00e9s et les professionnels, ce produit allie une efficacit\u00e9 sup\u00e9rieure \u00e0 la protection des composants les plus sensibles.<\/strong><\/p><p style=\"font-weight: 400;\">B1 Bike Cleaner Pro se distingue par sa formule chimique avanc\u00e9e, con\u00e7ue pour s'attaquer \u00e0 tous les probl\u00e8mes, des pistes poussi\u00e9reuses aux circuits de comp\u00e9tition. Avec un pH \u00e9quilibr\u00e9 entre 9 et 10, il permet un nettoyage en profondeur sans compromettre l'int\u00e9grit\u00e9 des mat\u00e9riaux sensibles tels que la fibre de carbone, les alliages l\u00e9gers et les caoutchoucs sp\u00e9cialis\u00e9s. Sa polyvalence s'\u00e9tend \u00e0 divers v\u00e9hicules tels que les bicyclettes, les motos, les quads et les v\u00e9hicules tout-terrain, ce qui le rend indispensable pour les passionn\u00e9s qui accordent de l'importance \u00e0 la performance et \u00e0 la long\u00e9vit\u00e9. Cette combinaison unique d'efficacit\u00e9, de protection et d'adaptabilit\u00e9 fait de B1 Bike Cleaner Pro un choix sup\u00e9rieur pour tous ceux qui cherchent \u00e0 maintenir leur \u00e9quipement en parfait \u00e9tat, quel que soit le d\u00e9fi \u00e0 relever.<\/p>\t\t\t\t\t\t\t\t<\/div>\n\t\t\t\t<\/div>\n\t\t\r\n\t\t\r\n\t\t\t\t\t\t\t<\/div>\r\n\t\t\t\r\n\t\t<\/div>\r\n\t\t\t\t\t\t\t\t\t\t\t\t\t\t\t\t\t<\/div>\r\n\t\t\t\t\t\t<\/section>\r\n\t\t\t\t\r\n\t\t<section\t\t class=\"elementor-section elementor-top-section elementor-element elementor-element-7e0cc76 elementor-section-content-middle animated-slow elementor-section-boxed elementor-section-height-default elementor-section-height-default elementor-invisible\" data-id=\"7e0cc76\" data-element_type=\"section\" data-settings=\"{&quot;animation&quot;:&quot;fadeInUp&quot;}\">\r\n\t\t\r\n\t\t\t\t\t\t\t\t\t\t<div class=\"elementor-container elementor-column-gap-default\" >\r\n\r\n\t\t\t\t\r\n\t\t\t\t\t\t\t\t\t\t\t\t\t\t<div\t\t class=\"elementor-column elementor-col-50 elementor-top-column elementor-element elementor-element-614aa47\" data-id=\"614aa47\" data-element_type=\"column\">\r\n\t\t\t\r\n\t\t\t\r\n\t\t\t\r\n\t\t\t<div class=\"elementor-widget-wrap elementor-element-populated\">\r\n\t\t\t\t\t\t\t\t<div class=\"elementor-element elementor-element-17d92b7 elementor-widget elementor-widget-image\" data-id=\"17d92b7\" data-element_type=\"widget\" data-widget_type=\"image.default\">\n\t\t\t\t<div class=\"elementor-widget-container\">\n\t\t\t\t\t\t\t\t\t\t\t\t\t\t\t<img fetchpriority=\"high\" decoding=\"async\" width=\"1081\" height=\"1559\" src=\"https:\/\/www.brandsfirst.pt\/wp-content\/uploads\/2024\/05\/Limpeza-bicicleta-B1-bike-cleaner-e1725722564896.png\" class=\"attachment-full size-full wp-image-8185\" alt=\"nettoyage de v\u00e9lo, nettoyeur de v\u00e9lo B1, Brandsfirst, bike pro, nettoyage de v\u00e9lo\" srcset=\"https:\/\/www.brandsfirst.pt\/wp-content\/uploads\/2024\/05\/Limpeza-bicicleta-B1-bike-cleaner-e1725722564896.png 1081w, https:\/\/www.brandsfirst.pt\/wp-content\/uploads\/2024\/05\/Limpeza-bicicleta-B1-bike-cleaner-e1725722564896-600x865.png 600w, https:\/\/www.brandsfirst.pt\/wp-content\/uploads\/2024\/05\/Limpeza-bicicleta-B1-bike-cleaner-e1725722564896-208x300.png 208w, https:\/\/www.brandsfirst.pt\/wp-content\/uploads\/2024\/05\/Limpeza-bicicleta-B1-bike-cleaner-e1725722564896-710x1024.png 710w, https:\/\/www.brandsfirst.pt\/wp-content\/uploads\/2024\/05\/Limpeza-bicicleta-B1-bike-cleaner-e1725722564896-768x1108.png 768w, https:\/\/www.brandsfirst.pt\/wp-content\/uploads\/2024\/05\/Limpeza-bicicleta-B1-bike-cleaner-e1725722564896-1065x1536.png 1065w, https:\/\/www.brandsfirst.pt\/wp-content\/uploads\/2024\/05\/Limpeza-bicicleta-B1-bike-cleaner-e1725722564896-150x216.png 150w, https:\/\/www.brandsfirst.pt\/wp-content\/uploads\/2024\/05\/Limpeza-bicicleta-B1-bike-cleaner-e1725722564896-8x12.png 8w\" sizes=\"(max-width: 1081px) 100vw, 1081px\" \/>\t\t\t\t\t\t\t\t\t\t\t\t\t\t\t<\/div>\n\t\t\t\t<\/div>\n\t\t\r\n\t\t\r\n\t\t\t\t\t\t\t<\/div>\r\n\t\t\t\r\n\t\t<\/div>\r\n\t\t\t\t<div\t\t class=\"elementor-column elementor-col-50 elementor-top-column elementor-element elementor-element-01b437b\" data-id=\"01b437b\" data-element_type=\"column\">\r\n\t\t\t\r\n\t\t\t\r\n\t\t\t\r\n\t\t\t<div class=\"elementor-widget-wrap elementor-element-populated\">\r\n\t\t\t\t\t\t\t\t<div class=\"elementor-element elementor-element-aaff625 elementor-widget elementor-widget-heading\" data-id=\"aaff625\" data-element_type=\"widget\" data-widget_type=\"heading.default\">\n\t\t\t\t<div class=\"elementor-widget-container\">\n\t\t\t\t\t<h3 class=\"elementor-heading-title elementor-size-default\">Technologie de nettoyage avanc\u00e9e <\/h3>\t\t\t\t<\/div>\n\t\t\t\t<\/div>\n\t\t\t\t<div class=\"elementor-element elementor-element-538f37a elementor-widget elementor-widget-text-editor\" data-id=\"538f37a\" data-element_type=\"widget\" data-widget_type=\"text-editor.default\">\n\t\t\t\t<div class=\"elementor-widget-container\">\n\t\t\t\t\t\t\t\t\t<p style=\"font-weight: 400;\">B1 Bike Cleaner Pro se distingue par sa composition technique m\u00e9ticuleusement \u00e9labor\u00e9e. Gr\u00e2ce \u00e0 sa densit\u00e9 optimis\u00e9e, le produit adh\u00e8re efficacement aux surfaces, maximisant ainsi le temps de contact et le pouvoir nettoyant. La combinaison pr\u00e9cise de tensioactifs anioniques et non ioniques garantit une action nettoyante puissante en \u00e9mulsionnant et en \u00e9liminant efficacement les huiles, les graisses et autres contaminants sans laisser de r\u00e9sidus ind\u00e9sirables.<\/p><p style=\"font-weight: 400;\">L'inclusion de phosphonates et de polycarboxylates augmente l'efficacit\u00e9 du produit sur diff\u00e9rents types de salissures et de conditions d'eau, en emp\u00eachant la formation de d\u00e9p\u00f4ts min\u00e9raux. Le D-limon\u00e8ne, un terp\u00e8ne naturel d\u00e9riv\u00e9 des agrumes, donne non seulement un parfum agr\u00e9able, mais renforce \u00e9galement les propri\u00e9t\u00e9s nettoyantes, en particulier contre les graisses et les huiles. Avec un pH soigneusement ajust\u00e9 entre 9 et 10, le produit offre un \u00e9quilibre parfait entre puissance de nettoyage et s\u00e9curit\u00e9 pour les mat\u00e9riaux, \u00e9tant efficace contre la salet\u00e9 tenace mais suffisamment doux pour pr\u00e9server les finitions d\u00e9licates et les composants sensibles.<\/p><p><strong><span style=\"color: #262f4f;\">Principaux \u00e9l\u00e9ments de la <span style=\"caret-color: #262f4f;\">formule<\/span> pour une action efficace :<\/span><\/strong><\/p><ul><li><strong>Agents de surface anioniques et non ioniques :<\/strong> Elimination efficace des huiles et des graisses<\/li><li><strong>Phosphonates et polycarboxylates :<\/strong> Pr\u00e9vention des d\u00e9p\u00f4ts de min\u00e9raux<\/li><li><strong>d-Limon\u00e8ne :<\/strong> Am\u00e9liorant naturel du nettoyage, d\u00e9riv\u00e9 d'agrumes<\/li><li><strong>Formule non abrasive :<\/strong> Sans danger pour toutes les finitions<\/li><\/ul>\t\t\t\t\t\t\t\t<\/div>\n\t\t\t\t<\/div>\n\t\t\r\n\t\t\r\n\t\t\t\t\t\t\t<\/div>\r\n\t\t\t\r\n\t\t<\/div>\r\n\t\t\t\t\t\t\t\t\t\t\t\t\t\t\t\t\t<\/div>\r\n\t\t\t\t\t\t<\/section>\r\n\t\t<div class=\"elementor-element elementor-element-2049d1d animated-slow e-flex e-con-boxed elementor-invisible e-con e-parent\" data-id=\"2049d1d\" data-element_type=\"container\" data-settings=\"{&quot;animation&quot;:&quot;fadeInUp&quot;}\">\n\t\t\t\t\t<div class=\"e-con-inner\">\n\t\t<div class=\"elementor-element elementor-element-fe2882f e-con-full e-flex e-con e-child\" data-id=\"fe2882f\" data-element_type=\"container\">\n\t\t\t\t<div class=\"elementor-element elementor-element-c4a962e elementor-widget elementor-widget-heading\" data-id=\"c4a962e\" data-element_type=\"widget\" data-widget_type=\"heading.default\">\n\t\t\t\t<div class=\"elementor-widget-container\">\n\t\t\t\t\t<h3 class=\"elementor-heading-title elementor-size-default\">M\u00e9thode d'application<\/h3>\t\t\t\t<\/div>\n\t\t\t\t<\/div>\n\t\t\t\t<div class=\"elementor-element elementor-element-3b6b5e9 elementor-widget elementor-widget-text-editor\" data-id=\"3b6b5e9\" data-element_type=\"widget\" data-widget_type=\"text-editor.default\">\n\t\t\t\t<div class=\"elementor-widget-container\">\n\t\t\t\t\t\t\t\t\t<p style=\"font-weight: 400;\">B1 Bike Cleaner Pro a \u00e9t\u00e9 d\u00e9velopp\u00e9 pour offrir des r\u00e9sultats professionnels avec une application simple et efficace. Le respect de la m\u00e9thode d'application garantit une efficacit\u00e9 maximale du produit et la protection des composants les plus sensibles de votre \u00e9quipement, qu'il s'agisse d'un v\u00e9lo de course, d'un v\u00e9lo de randonn\u00e9e, d'un quad de loisir ou de haute performance.<\/p><p class=\"cvGsUA direction-ltr align-start para-style-body\"><strong><span class=\"OYPEnA font-feature-liga-off font-feature-clig-off font-feature-calt-off text-decoration-none text-strikethrough-none\">Pour un nettoyage s\u00fbr et efficace, suivez les \u00e9tapes suivantes :<\/span><\/strong><\/p><ul><li style=\"list-style-type: none;\"><ul><li><span class=\"OYPEnA font-feature-liga-off font-feature-clig-off font-feature-calt-off text-decoration-none text-strikethrough-none\">Pr\u00e9-nettoyer toutes les surfaces avec de l'eau et \u00e9liminer les principales salet\u00e9s et boues ;<\/span><\/li><li><span class=\"OYPEnA font-feature-liga-off font-feature-clig-off font-feature-calt-off text-decoration-none text-strikethrough-none\">Appliquer le produit directement sur les zones \u00e0 nettoyer ;<\/span><\/li><li><strong><span class=\"OYPEnA font-feature-liga-off font-feature-clig-off font-feature-calt-off text-decoration-none text-strikethrough-none\">Attendre que le produit agisse pendant 3 minutes, sans qu'il ne s\u00e8che directement sur les surfaces ;<\/span><\/strong><\/li><li><span class=\"OYPEnA font-feature-liga-off font-feature-clig-off font-feature-calt-off text-decoration-none text-strikethrough-none\">Rincer abondamment et \u00e9liminer toutes les salissures et les restes de produit ;<\/span><\/li><li><strong><span class=\"OYPEnA font-feature-liga-off font-feature-clig-off font-feature-calt-off text-decoration-none text-strikethrough-none\">Profitez de votre v\u00e9lo avec B1 !<\/span><\/strong><\/li><\/ul><\/li><\/ul>\t\t\t\t\t\t\t\t<\/div>\n\t\t\t\t<\/div>\n\t\t\t\t<div class=\"elementor-element elementor-element-e5dbd55 elementor-invisible elementor-widget elementor-widget-riode_widget_button\" data-id=\"e5dbd55\" data-element_type=\"widget\" data-settings=\"{&quot;_animation&quot;:&quot;fadeInUpShorter&quot;,&quot;_animation_delay&quot;:200,&quot;motion_fx_motion_fx_mouse&quot;:&quot;yes&quot;,&quot;motion_fx_mouseTrack_effect&quot;:&quot;yes&quot;,&quot;motion_fx_mouseTrack_speed&quot;:{&quot;unit&quot;:&quot;px&quot;,&quot;size&quot;:1,&quot;sizes&quot;:[]}}\" data-widget_type=\"riode_widget_button.default\">\n\t\t\t\t<div class=\"elementor-widget-container\">\n\t\t\t\t\t<a class=\"btn btn-outline btn-md btn-rounded btn-dark\" href=\"https:\/\/www.brandsfirst.pt\/fr\/produits\/b1-bike-cleaner\/\" >Achetez votre b1 Bike Cleaner ici<\/a>\t\t\t\t<\/div>\n\t\t\t\t<\/div>\n\t\t\t\t<\/div>\n\t\t<div class=\"elementor-element elementor-element-07f0fd9 e-con-full e-flex e-con e-child\" data-id=\"07f0fd9\" data-element_type=\"container\">\n\t\t\t\t<div class=\"elementor-element elementor-element-296f3fc elementor-widget elementor-widget-image\" data-id=\"296f3fc\" data-element_type=\"widget\" data-widget_type=\"image.default\">\n\t\t\t\t<div class=\"elementor-widget-container\">\n\t\t\t\t\t\t\t\t\t\t\t\t\t\t\t<img decoding=\"async\" width=\"1024\" height=\"1024\" src=\"https:\/\/www.brandsfirst.pt\/wp-content\/uploads\/2024\/09\/B1-bike-Cleaner-moto-1024x1024.png\" class=\"attachment-large size-large wp-image-9232\" alt=\"BrandsFirst, Produits de nettoyage, Brands1st\" srcset=\"https:\/\/www.brandsfirst.pt\/wp-content\/uploads\/2024\/09\/B1-bike-Cleaner-moto-1024x1024.png 1024w, https:\/\/www.brandsfirst.pt\/wp-content\/uploads\/2024\/09\/B1-bike-Cleaner-moto-300x300.png 300w, https:\/\/www.brandsfirst.pt\/wp-content\/uploads\/2024\/09\/B1-bike-Cleaner-moto-150x150.png 150w, https:\/\/www.brandsfirst.pt\/wp-content\/uploads\/2024\/09\/B1-bike-Cleaner-moto-600x600.png 600w, https:\/\/www.brandsfirst.pt\/wp-content\/uploads\/2024\/09\/B1-bike-Cleaner-moto-768x768.png 768w, https:\/\/www.brandsfirst.pt\/wp-content\/uploads\/2024\/09\/B1-bike-Cleaner-moto-12x12.png 12w, https:\/\/www.brandsfirst.pt\/wp-content\/uploads\/2024\/09\/B1-bike-Cleaner-moto.png 1080w\" sizes=\"(max-width: 1024px) 100vw, 1024px\">\t\t\t\t\t\t\t\t\t\t\t\t\t\t\t<\/div>\n\t\t\t\t<\/div>\n\t\t\t\t<\/div>\n\t\t\t\t\t<\/div>\n\t\t\t\t<\/div>\n\t\t<div class=\"elementor-element elementor-element-4dfde6a e-flex e-con-boxed elementor-invisible e-con e-parent\" data-id=\"4dfde6a\" data-element_type=\"container\" data-settings=\"{&quot;animation&quot;:&quot;fadeIn&quot;}\">\n\t\t\t\t\t<div class=\"e-con-inner\">\n\t\t<div class=\"elementor-element elementor-element-b897ba8 e-con-full e-flex e-con e-child\" data-id=\"b897ba8\" data-element_type=\"container\">\n\t\t\t\t<div class=\"elementor-element elementor-element-61fc40e elementor-widget elementor-widget-image\" data-id=\"61fc40e\" data-element_type=\"widget\" data-widget_type=\"image.default\">\n\t\t\t\t<div class=\"elementor-widget-container\">\n\t\t\t\t\t\t\t\t\t\t\t\t\t\t\t<img decoding=\"async\" width=\"1024\" height=\"1024\" src=\"https:\/\/www.brandsfirst.pt\/wp-content\/uploads\/2024\/09\/B1-bike-Cleaner-bicicleta-1024x1024.png\" class=\"attachment-large size-large wp-image-9230\" alt=\"BrandsFirst, Produits de nettoyage, Brands1st\" srcset=\"https:\/\/www.brandsfirst.pt\/wp-content\/uploads\/2024\/09\/B1-bike-Cleaner-bicicleta-1024x1024.png 1024w, https:\/\/www.brandsfirst.pt\/wp-content\/uploads\/2024\/09\/B1-bike-Cleaner-bicicleta-300x300.png 300w, https:\/\/www.brandsfirst.pt\/wp-content\/uploads\/2024\/09\/B1-bike-Cleaner-bicicleta-150x150.png 150w, https:\/\/www.brandsfirst.pt\/wp-content\/uploads\/2024\/09\/B1-bike-Cleaner-bicicleta-600x600.png 600w, https:\/\/www.brandsfirst.pt\/wp-content\/uploads\/2024\/09\/B1-bike-Cleaner-bicicleta-768x768.png 768w, https:\/\/www.brandsfirst.pt\/wp-content\/uploads\/2024\/09\/B1-bike-Cleaner-bicicleta-12x12.png 12w, https:\/\/www.brandsfirst.pt\/wp-content\/uploads\/2024\/09\/B1-bike-Cleaner-bicicleta.png 1080w\" sizes=\"(max-width: 1024px) 100vw, 1024px\">\t\t\t\t\t\t\t\t\t\t\t\t\t\t\t<\/div>\n\t\t\t\t<\/div>\n\t\t\t\t<\/div>\n\t\t<div class=\"elementor-element elementor-element-99ddc8b e-con-full e-flex e-con e-child\" data-id=\"99ddc8b\" data-element_type=\"container\">\n\t\t\t\t<div class=\"elementor-element elementor-element-328cab6 elementor-widget elementor-widget-heading\" data-id=\"328cab6\" data-element_type=\"widget\" data-widget_type=\"heading.default\">\n\t\t\t\t<div class=\"elementor-widget-container\">\n\t\t\t\t\t<h3 class=\"elementor-heading-title elementor-size-default\">Une efficacit\u00e9 prouv\u00e9e <\/h3>\t\t\t\t<\/div>\n\t\t\t\t<\/div>\n\t\t\t\t<div class=\"elementor-element elementor-element-ac75ca4 elementor-widget elementor-widget-text-editor\" data-id=\"ac75ca4\" data-element_type=\"widget\" data-widget_type=\"text-editor.default\">\n\t\t\t\t<div class=\"elementor-widget-container\">\n\t\t\t\t\t\t\t\t\t<p style=\"font-weight: 400;\">Le B1 Bike Cleaner Pro a \u00e9t\u00e9 soumis \u00e0 une s\u00e9rie de tests rigoureux dans des conditions r\u00e9elles d'utilisation, o\u00f9 il a d\u00e9montr\u00e9 son efficacit\u00e9 dans diverses conditions.\u00a0<\/p><p style=\"font-weight: 400;\"><strong>Test\u00e9 dans une vari\u00e9t\u00e9 de sc\u00e9narios, des pistes de descente boueuses aux routes de longue distance poussi\u00e9reuses, le B1 Bike Cleaner Pro a prouv\u00e9 sa polyvalence et son efficacit\u00e9.<\/strong><\/p><p style=\"font-weight: 400;\">Outre le nettoyage imm\u00e9diat, des \u00e9tudes \u00e0 long terme ont r\u00e9v\u00e9l\u00e9 ses avantages pr\u00e9ventifs en r\u00e9duisant de mani\u00e8re significative l'accumulation de salet\u00e9 et en prolongeant la dur\u00e9e de vie des composants par rapport aux m\u00e9thodes de nettoyage traditionnelles.<\/p>\t\t\t\t\t\t\t\t<\/div>\n\t\t\t\t<\/div>\n\t\t\t\t<div class=\"elementor-element elementor-element-a83c236 elementor-widget elementor-widget-heading\" data-id=\"a83c236\" data-element_type=\"widget\" data-widget_type=\"heading.default\">\n\t\t\t\t<div class=\"elementor-widget-container\">\n\t\t\t\t\t<h3 class=\"elementor-heading-title elementor-size-default\">Avantages de l'utilisation de B1 bike Cleaner :\n<\/h3>\t\t\t\t<\/div>\n\t\t\t\t<\/div>\n\t\t\t\t<div class=\"elementor-element elementor-element-5608a32 elementor-widget elementor-widget-text-editor\" data-id=\"5608a32\" data-element_type=\"widget\" data-widget_type=\"text-editor.default\">\n\t\t\t\t<div class=\"elementor-widget-container\">\n\t\t\t\t\t\t\t\t\t<ul><li><strong>Efficacit\u00e9 sup\u00e9rieure :<\/strong> Elimine la salet\u00e9 95% en seulement 3 minutes ;<\/li><li style=\"text-align: left;\"><strong>Polyvalence<\/strong> \u00e9prouv\u00e9 sur diff\u00e9rents terrains et dans diff\u00e9rentes conditions ;<\/li><li style=\"text-align: left;\"><strong>Nettoyage sans r\u00e9sidus<\/strong>tout en maintenant les performances a\u00e9rodynamiques ;<\/li><li style=\"text-align: left;\">Action pr\u00e9ventive contre l'encrassement et la corrosion ;<\/li><li style=\"text-align: left;\">Prolonge la dur\u00e9e de vie des composants.<\/li><\/ul>\t\t\t\t\t\t\t\t<\/div>\n\t\t\t\t<\/div>\n\t\t\t\t<\/div>\n\t\t\t\t\t<\/div>\n\t\t\t\t<\/div>\n\t\t\t\t<\/div>","protected":false},"excerpt":{"rendered":"<p>B1 Bike Cleaner Limpeza profissional para a tua bicicleta. Eficaz, seguro e eco-friendly. Remove sujidade dif\u00edcil em minutos. Ideal para bicicletas, motos e quadriciclos. B1 Bike Cleaner Pro: Limpeza Profissional para Bicicletas O B1 Bike Cleaner Pro da BrandsFirst \u00e9 a solu\u00e7\u00e3o definitiva para a limpeza de bicicletas, motociclos e quadriciclos de alto desempenho. Desenvolvido [&hellip;]<\/p>","protected":false},"author":4,"featured_media":7981,"parent":0,"menu_order":0,"comment_status":"closed","ping_status":"closed","template":"","meta":{"footnotes":""},"class_list":["post-9209","page","type-page","status-publish","has-post-thumbnail","hentry"],"_links":{"self":[{"href":"https:\/\/www.brandsfirst.pt\/fr\/wp-json\/wp\/v2\/pages\/9209","targetHints":{"allow":["GET"]}}],"collection":[{"href":"https:\/\/www.brandsfirst.pt\/fr\/wp-json\/wp\/v2\/pages"}],"about":[{"href":"https:\/\/www.brandsfirst.pt\/fr\/wp-json\/wp\/v2\/types\/page"}],"author":[{"embeddable":true,"href":"https:\/\/www.brandsfirst.pt\/fr\/wp-json\/wp\/v2\/users\/4"}],"replies":[{"embeddable":true,"href":"https:\/\/www.brandsfirst.pt\/fr\/wp-json\/wp\/v2\/comments?post=9209"}],"version-history":[{"count":49,"href":"https:\/\/www.brandsfirst.pt\/fr\/wp-json\/wp\/v2\/pages\/9209\/revisions"}],"predecessor-version":[{"id":9490,"href":"https:\/\/www.brandsfirst.pt\/fr\/wp-json\/wp\/v2\/pages\/9209\/revisions\/9490"}],"wp:featuredmedia":[{"embeddable":true,"href":"https:\/\/www.brandsfirst.pt\/fr\/wp-json\/wp\/v2\/media\/7981"}],"wp:attachment":[{"href":"https:\/\/www.brandsfirst.pt\/fr\/wp-json\/wp\/v2\/media?parent=9209"}],"curies":[{"name":"wp","href":"https:\/\/api.w.org\/{rel}","templated":true}]}}