{"id":9035,"date":"2024-09-04T13:45:52","date_gmt":"2024-09-04T13:45:52","guid":{"rendered":"https:\/\/www.brandsfirst.pt\/?page_id=9035"},"modified":"2024-10-30T12:53:21","modified_gmt":"2024-10-30T12:53:21","slug":"politica-de-privacidade","status":"publish","type":"page","link":"https:\/\/www.brandsfirst.pt\/fr\/politique-de-confidentialite\/","title":{"rendered":"Politique de confidentialit\u00e9"},"content":{"rendered":"<div data-elementor-type=\"wp-page\" data-elementor-id=\"9035\" class=\"elementor elementor-9035\" data-elementor-post-type=\"page\">\n\t\t\t\t\t\t\r\n\t\t<section\t\t class=\"elementor-section elementor-top-section elementor-element elementor-element-2de68ae elementor-section-content-middle elementor-section-boxed elementor-section-height-default elementor-section-height-default elementor-invisible\" data-id=\"2de68ae\" data-element_type=\"section\" data-settings=\"{&quot;animation&quot;:&quot;fadeIn&quot;}\">\r\n\t\t\r\n\t\t\t\t\t\t\t\t\t\t<div class=\"elementor-container elementor-column-gap-default\" >\r\n\r\n\t\t\t\t\r\n\t\t\t\t\t\t\t\t\t\t\t\t\t\t<div\t\t class=\"elementor-column elementor-col-100 elementor-top-column elementor-element elementor-element-94f89fa\" data-id=\"94f89fa\" data-element_type=\"column\">\r\n\t\t\t\r\n\t\t\t\r\n\t\t\t\r\n\t\t\t<div class=\"elementor-widget-wrap elementor-element-populated\">\r\n\t\t\t\t\t\t\t\t<div class=\"elementor-element elementor-element-8075540 mx-lg-280 elementor-widget elementor-widget-heading\" data-id=\"8075540\" data-element_type=\"widget\" data-widget_type=\"heading.default\">\n\t\t\t\t<div class=\"elementor-widget-container\">\n\t\t\t\t\t<h2 class=\"elementor-heading-title elementor-size-default\">Politique de confidentialit\u00e9<\/h2>\t\t\t\t<\/div>\n\t\t\t\t<\/div>\n\t\t\t\t<div class=\"elementor-element elementor-element-cdc97e4 elementor-widget elementor-widget-text-editor\" data-id=\"cdc97e4\" data-element_type=\"widget\" data-widget_type=\"text-editor.default\">\n\t\t\t\t<div class=\"elementor-widget-container\">\n\t\t\t\t\t\t\t\t\t<div class=\"elementor-element elementor-element-245e85c elementor-widget elementor-widget-litho-heading\" data-id=\"245e85c\" data-element_type=\"widget\" data-widget_type=\"litho-heading.default\"><div class=\"elementor-widget-container\"><h5 class=\"litho-heading elementor-size-default\"><span class=\"litho-primary-title\">Informations g\u00e9n\u00e9rales<\/span><\/h5><\/div><\/div><div class=\"elementor-element elementor-element-62c35ea elementor-widget elementor-widget-text-editor\" data-id=\"62c35ea\" data-element_type=\"widget\" data-widget_type=\"text-editor.default\"><div class=\"elementor-widget-container\"><p>La protection de votre vie priv\u00e9e est importante pour nous. La politique de <b>BrandsFirst <\/b>respecter votre vie priv\u00e9e en ce qui concerne les informations que nous pouvons recueillir sur notre site web. Nous ne demandons des informations personnelles que lorsque nous en avons r\u00e9ellement besoin pour vous fournir un service. Nous le faisons par des moyens justes et l\u00e9gaux, en toute connaissance de cause et avec votre consentement. Nous vous informons \u00e9galement des raisons pour lesquelles nous collectons ces donn\u00e9es et de la mani\u00e8re dont elles seront utilis\u00e9es.<\/p><p>Nous ne conservons les informations collect\u00e9es que le temps n\u00e9cessaire \u00e0 la fourniture du service demand\u00e9. Les donn\u00e9es collect\u00e9es seront prot\u00e9g\u00e9es conform\u00e9ment aux r\u00e8gles de protection des donn\u00e9es afin d'\u00e9viter la perte et le vol, ainsi que l'acc\u00e8s, la divulgation, la copie, l'utilisation ou la modification non autoris\u00e9s.<\/p><p>Nous ne partageons pas les informations personnelles identifiables avec le public ou avec des tiers, sauf si la loi l'exige. Vous pouvez refuser notre demande d'informations personnelles si vous estimez que nous ne pouvons pas vous fournir certains des services dont vous avez besoin.<\/p><p>En naviguant sur notre site web, vous acceptez nos politiques en mati\u00e8re de vie priv\u00e9e et d'informations personnelles. Si vous avez des questions sur la mani\u00e8re dont nous traitons les donn\u00e9es des utilisateurs et les informations personnelles, veuillez nous contacter \u00e0 l'adresse suivante : geral@brandsfirst.pt<\/p><\/div><\/div><div class=\"elementor-element elementor-element-0d1c674 elementor-widget elementor-widget-litho-heading\" data-id=\"0d1c674\" data-element_type=\"widget\" data-widget_type=\"litho-heading.default\"><div class=\"elementor-widget-container\"><h5 class=\"litho-heading elementor-size-default\"><span class=\"litho-primary-title\">Introduction<\/span><\/h5><\/div><\/div><div class=\"elementor-element elementor-element-e59e896 elementor-widget elementor-widget-text-editor\" data-id=\"e59e896\" data-element_type=\"widget\" data-widget_type=\"text-editor.default\"><div class=\"elementor-widget-container\"><p>Le contr\u00f4leur des donn\u00e9es pour ce site web est Brands1st, Unip. Lda, propri\u00e9taire de la marque BrandsFirst. En fournissant des donn\u00e9es personnelles sur le site Web de BrandsFirst, vous consentez explicitement au transfert de donn\u00e9es personnelles \u00e0 BrandsFirst, Unip. Lda.<\/p><\/div><\/div><div class=\"elementor-element elementor-element-c11f6d6 elementor-widget elementor-widget-litho-heading\" data-id=\"c11f6d6\" data-element_type=\"widget\" data-widget_type=\"litho-heading.default\"><div class=\"elementor-widget-container\"><h5 class=\"litho-heading elementor-size-default\"><span class=\"litho-primary-title\">Traitement des donn\u00e9es<\/span><\/h5><\/div><\/div><div class=\"elementor-element elementor-element-aa029e8 elementor-widget elementor-widget-text-editor\" data-id=\"aa029e8\" data-element_type=\"widget\" data-widget_type=\"text-editor.default\"><div class=\"elementor-widget-container\"><p>Le r\u00e8glement g\u00e9n\u00e9ral sur la protection des donn\u00e9es (r\u00e8glement (UE) 2016\/679 du Parlement europ\u00e9en et du Conseil du 27 avril 2016 (\" RGPD \") et la loi n\u00b0 58\/2019 du 8 ao\u00fbt assurent la protection des personnes physiques \u00e0 l'\u00e9gard du traitement des donn\u00e9es \u00e0 caract\u00e8re personnel et la libre circulation de ces donn\u00e9es au sein de l'Union europ\u00e9enne.<\/p><p>On entend par \"donn\u00e9es \u00e0 caract\u00e8re personnel\" toute \"information concernant une personne physique identifi\u00e9e ou identifiable (\"la personne concern\u00e9e\"). Une personne physique identifiable est une personne qui peut \u00eatre identifi\u00e9e, directement ou indirectement, notamment par r\u00e9f\u00e9rence \u00e0 un identifiant tel qu'un nom, un num\u00e9ro d'identification, des donn\u00e9es de localisation, un identifiant en ligne ou \u00e0 un ou plusieurs \u00e9l\u00e9ments sp\u00e9cifiques propres \u00e0 l'identit\u00e9 physique, physiologique, g\u00e9n\u00e9tique, psychique, \u00e9conomique, culturelle ou sociale de cette personne physique\".<\/p><p>Les donn\u00e9es personnelles fournies par l'utilisateur par le biais du pr\u00e9sent <em>site web<\/em> sera trait\u00e9e conform\u00e9ment \u00e0 la l\u00e9gislation sur la protection des donn\u00e9es \u00e0 caract\u00e8re personnel, en vertu de laquelle la <strong>BrandsFirst<\/strong> est responsable du traitement.<\/p><p>Les donn\u00e9es personnelles relatives \u00e0 l'origine raciale ou ethnique, aux opinions politiques, aux croyances religieuses ou philosophiques, aux opinions politiques, \u00e0 l'appartenance syndicale, aux donn\u00e9es relatives \u00e0 la sant\u00e9 et \u00e0 la vie sexuelle, aux donn\u00e9es g\u00e9n\u00e9tiques, aux donn\u00e9es biom\u00e9triques ou aux donn\u00e9es relatives \u00e0 la vie sexuelle ou \u00e0 l'orientation sexuelle ne seront pas demand\u00e9es.<\/p><p>Les donn\u00e9es peuvent \u00e9galement \u00eatre transmises \u00e0 des tiers, tels que les entit\u00e9s auxquelles les donn\u00e9es doivent \u00eatre communiqu\u00e9es en vertu de la loi, comme les autorit\u00e9s polici\u00e8res, les r\u00e9gulateurs, les tribunaux, les organismes gouvernementaux ou d'autres autorit\u00e9s publiques ou entit\u00e9s fournissant des services publics. <em>Nuage <\/em>et la maintenance des syst\u00e8mes d'information.<\/p><\/div><\/div><div class=\"elementor-element elementor-element-f9772d8 elementor-widget elementor-widget-litho-heading\" data-id=\"f9772d8\" data-element_type=\"widget\" data-widget_type=\"litho-heading.default\"><div class=\"elementor-widget-container\"><h5 class=\"litho-heading elementor-size-default\"><span class=\"litho-primary-title\">Utilisation des donn\u00e9es personnelles<\/span><\/h5><\/div><\/div><div class=\"elementor-element elementor-element-c5f16e5 elementor-widget elementor-widget-text-editor\" data-id=\"c5f16e5\" data-element_type=\"widget\" data-widget_type=\"text-editor.default\"><div class=\"elementor-widget-container\"><p>Les donn\u00e9es \u00e0 caract\u00e8re personnel trait\u00e9es dans le cadre du pr\u00e9sent <em>site web<\/em> ne sera utilis\u00e9e qu'aux fins suivantes :<\/p><ol><li>Contact ou demande d'informations ;<\/li><li>Traitement des demandes de devis pour les services de BrandsFirst ;<\/li><li>Contr\u00f4ler, maintenir et d\u00e9velopper des syst\u00e8mes et des analyses statistiques ;<\/li><li>Gestion des commentaires et des articles de blog ;<\/li><li>la communication promotionnelle et le marketing direct, si l'utilisateur a donn\u00e9 son consentement explicite.<\/li><\/ol><p>La base juridique du traitement des donn\u00e9es \u00e0 caract\u00e8re personnel \u00e0 ces fins est l'ex\u00e9cution d'un contrat avec la personne concern\u00e9e (ou des mesures pr\u00e9contractuelles), le consentement explicite ou le respect d'une obligation l\u00e9gale.<\/p><p>L'absence de r\u00e9ponse aux donn\u00e9es marqu\u00e9es comme obligatoires signifie qu'il est impossible de r\u00e9pondre \u00e0 la demande de la personne concern\u00e9e.<\/p><\/div><\/div><div class=\"elementor-element elementor-element-236c648 elementor-widget elementor-widget-litho-heading\" data-id=\"236c648\" data-element_type=\"widget\" data-widget_type=\"litho-heading.default\"><div class=\"elementor-widget-container\"><h5 class=\"litho-heading elementor-size-default\"><span class=\"litho-primary-title\">Exercice des droits<\/span><\/h5><\/div><\/div><div class=\"elementor-element elementor-element-7a4c6ea elementor-widget elementor-widget-text-editor\" data-id=\"7a4c6ea\" data-element_type=\"widget\" data-widget_type=\"text-editor.default\"><div class=\"elementor-widget-container\"><p>Conform\u00e9ment au GDPR et \u00e0 la loi n\u00b0 58\/2019 du 8 ao\u00fbt, l'utilisateur peut exercer, \u00e0 tout moment et gratuitement, ses droits d'acc\u00e8s, de rectification, d'effacement, de limitation, de portabilit\u00e9, d'opposition, de r\u00e9vocation du consentement et de ne pas faire l'objet de d\u00e9cisions individuelles automatis\u00e9es, par le biais d'une demande \u00e9crite adress\u00e9e \u00e0 <strong>BrandsFirst<\/strong> par courrier \u00e9lectronique \u00e0 l'adresse suivante : geral@brandsfirst.pt<\/p><p>La personne concern\u00e9e a \u00e9galement le droit d'introduire une r\u00e9clamation aupr\u00e8s de la Commission nationale de protection des donn\u00e9es (CNPD). <a href=\"http:\/\/www.cnpd.pt\/\" target=\"_blank\" rel=\"noopener\">www.cnpd.pt<\/a> en ce qui concerne les questions relatives \u00e0 l'exercice de vos droits et \u00e0 la protection de vos donn\u00e9es \u00e0 caract\u00e8re personnel.<\/p><\/div><\/div><div class=\"elementor-element elementor-element-94e42c4 elementor-widget elementor-widget-litho-heading\" data-id=\"94e42c4\" data-element_type=\"widget\" data-widget_type=\"litho-heading.default\"><div class=\"elementor-widget-container\"><h5 class=\"litho-heading elementor-size-default\"><span class=\"litho-primary-title\">Modifications de la politique de confidentialit\u00e9<\/span><\/h5><\/div><\/div><div class=\"elementor-element elementor-element-f47fab0 elementor-widget elementor-widget-text-editor\" data-id=\"f47fab0\" data-element_type=\"widget\" data-widget_type=\"text-editor.default\"><div class=\"elementor-widget-container\"><p>A <b>BrandsFirst<\/b>\u00a0se r\u00e9serve le droit de r\u00e9viser sa politique de protection de la vie priv\u00e9e \u00e0 tout moment, auquel cas elle notifiera les modifications \u00e0 l'utilisateur. La version mise \u00e0 jour sera toujours disponible pour consultation \u00e0 l'adresse suivante <a href=\"https:\/\/www.brandsfirst.pt\/fr\/politique-de-confidentialite\/\" target=\"_blank\" rel=\"noopener\">www.brandsfirst.pt\/politica-de-privacidade<\/a><\/p><p>Cette politique prend effet \u00e0 partir de septembre 2024.<\/p><\/div><\/div>\t\t\t\t\t\t\t\t<\/div>\n\t\t\t\t<\/div>\n\t\t\r\n\t\t\r\n\t\t\t\t\t\t\t<\/div>\r\n\t\t\t\r\n\t\t<\/div>\r\n\t\t\t\t\t\t\t\t\t\t\t\t\t\t\t\t\t<\/div>\r\n\t\t\t\t\t\t<\/section>\r\n\t\t\t\t<\/div>","protected":false},"excerpt":{"rendered":"<p>Pol\u00edtica de Privacidade Informa\u00e7\u00f5es Gerais A sua privacidade \u00e9 importante para n\u00f3s.\u00a0\u00c9 pol\u00edtica da BrandsFirst respeitar a sua privacidade em rela\u00e7\u00e3o a qualquer informa\u00e7\u00e3o que possamos coletar no nosso website.\u00a0Solicitamos informa\u00e7\u00f5es pessoais apenas quando realmente precisamos delas para lhe fornecer um servi\u00e7o. Fazemo-lo por meios justos e legais, com o seu conhecimento e consentimento. Tamb\u00e9m [&hellip;]<\/p>","protected":false},"author":4,"featured_media":0,"parent":0,"menu_order":0,"comment_status":"closed","ping_status":"closed","template":"","meta":{"footnotes":""},"class_list":["post-9035","page","type-page","status-publish","hentry"],"_links":{"self":[{"href":"https:\/\/www.brandsfirst.pt\/fr\/wp-json\/wp\/v2\/pages\/9035","targetHints":{"allow":["GET"]}}],"collection":[{"href":"https:\/\/www.brandsfirst.pt\/fr\/wp-json\/wp\/v2\/pages"}],"about":[{"href":"https:\/\/www.brandsfirst.pt\/fr\/wp-json\/wp\/v2\/types\/page"}],"author":[{"embeddable":true,"href":"https:\/\/www.brandsfirst.pt\/fr\/wp-json\/wp\/v2\/users\/4"}],"replies":[{"embeddable":true,"href":"https:\/\/www.brandsfirst.pt\/fr\/wp-json\/wp\/v2\/comments?post=9035"}],"version-history":[{"count":13,"href":"https:\/\/www.brandsfirst.pt\/fr\/wp-json\/wp\/v2\/pages\/9035\/revisions"}],"predecessor-version":[{"id":9095,"href":"https:\/\/www.brandsfirst.pt\/fr\/wp-json\/wp\/v2\/pages\/9035\/revisions\/9095"}],"wp:attachment":[{"href":"https:\/\/www.brandsfirst.pt\/fr\/wp-json\/wp\/v2\/media?parent=9035"}],"curies":[{"name":"wp","href":"https:\/\/api.w.org\/{rel}","templated":true}]}}