{"id":9022,"date":"2024-09-04T13:19:27","date_gmt":"2024-09-04T13:19:27","guid":{"rendered":"https:\/\/www.brandsfirst.pt\/?page_id=9022"},"modified":"2024-10-30T12:53:38","modified_gmt":"2024-10-30T12:53:38","slug":"sitemap","status":"publish","type":"page","link":"https:\/\/www.brandsfirst.pt\/fr\/plan-du-site\/","title":{"rendered":"Plan du site"},"content":{"rendered":"<div data-elementor-type=\"wp-page\" data-elementor-id=\"9022\" class=\"elementor elementor-9022\" data-elementor-post-type=\"page\">\n\t\t\t\t\t\t\r\n\t\t<section\t\t class=\"d-lazy-back elementor-section elementor-top-section elementor-element elementor-element-68e3e5ef elementor-section-full_width elementor-section-stretched elementor-section-height-default elementor-section-height-default\" data-lazy=\"https:\/\/www.brandsfirst.pt\/wp-content\/uploads\/2024\/09\/400778.jpg\" data-id=\"68e3e5ef\" data-element_type=\"section\" data-settings=\"{&quot;background_background&quot;:&quot;classic&quot;,&quot;stretch_section&quot;:&quot;section-stretched&quot;}\">\r\n\t\t\r\n\t\t\t\t\t\t\t<div class=\"elementor-background-overlay\"><\/div>\r\n\t\t\t\t\t\t\t\t\t\t\t<div class=\"elementor-container elementor-column-gap-default\" >\r\n\r\n\t\t\t\t\r\n\t\t\t\t\t\t\t\t\t\t\t\t\t\t<div\t\t class=\"elementor-column elementor-col-100 elementor-top-column elementor-element elementor-element-7a87523b elementor-invisible\" data-id=\"7a87523b\" data-element_type=\"column\" data-settings=\"{&quot;animation&quot;:&quot;fadeIn&quot;}\">\r\n\t\t\t\r\n\t\t\t\r\n\t\t\t\r\n\t\t\t<div class=\"elementor-widget-wrap elementor-element-populated\">\r\n\t\t\t\t\t\t\t\t<div class=\"elementor-element elementor-element-1d844a6b elementor-widget elementor-widget-heading\" data-id=\"1d844a6b\" data-element_type=\"widget\" data-widget_type=\"heading.default\">\n\t\t\t\t<div class=\"elementor-widget-container\">\n\t\t\t\t\t<h1 class=\"elementor-heading-title elementor-size-default\">Plan du site<\/h1>\t\t\t\t<\/div>\n\t\t\t\t<\/div>\n\t\t\t\t<div class=\"elementor-element elementor-element-518c0dae elementor-widget elementor-widget-heading\" data-id=\"518c0dae\" data-element_type=\"widget\" data-widget_type=\"heading.default\">\n\t\t\t\t<div class=\"elementor-widget-container\">\n\t\t\t\t\t<p class=\"elementor-heading-title elementor-size-default\">BrandsFirst - Contactez-nous pour obtenir des informations sur les produits de nettoyage, une assistance technique ou des partenariats. <\/p>\t\t\t\t<\/div>\n\t\t\t\t<\/div>\n\t\t\r\n\t\t\r\n\t\t\t\t\t\t\t<\/div>\r\n\t\t\t\r\n\t\t<\/div>\r\n\t\t\t\t\t\t\t\t\t\t\t\t\t\t\t\t\t<\/div>\r\n\t\t\t\t\t\t<\/section>\r\n\t\t\t\t\r\n\t\t<section\t\t class=\"elementor-section elementor-top-section elementor-element elementor-element-595d57b1 elementor-section-content-middle elementor-section-boxed elementor-section-height-default elementor-section-height-default elementor-invisible\" data-id=\"595d57b1\" data-element_type=\"section\" data-settings=\"{&quot;animation&quot;:&quot;fadeIn&quot;}\">\r\n\t\t\r\n\t\t\t\t\t\t\t\t\t\t<div class=\"elementor-container elementor-column-gap-default\" >\r\n\r\n\t\t\t\t\r\n\t\t\t\t\t\t\t\t\t\t\t\t\t\t<div\t\t class=\"elementor-column elementor-col-100 elementor-top-column elementor-element elementor-element-7eb385bb\" data-id=\"7eb385bb\" data-element_type=\"column\">\r\n\t\t\t\r\n\t\t\t\r\n\t\t\t\r\n\t\t\t<div class=\"elementor-widget-wrap elementor-element-populated\">\r\n\t\t\t\t\t\t\t\t<div class=\"elementor-element elementor-element-30d43da elementor-widget elementor-widget-sitemap\" data-id=\"30d43da\" data-element_type=\"widget\" data-widget_type=\"sitemap.default\">\n\t\t\t\t<div class=\"elementor-widget-container\">\n\t\t\t\t\t<div class=\"elementor-sitemap-wrap\"><div class=\"elementor-sitemap-section\"><h2 class=\"elementor-sitemap-title elementor-sitemap-page-title\">Pages<\/h2><ul class=\"elementor-sitemap-list elementor-sitemap-page-list\"><li class=\"elementor-sitemap-item elementor-sitemap-item-page page_item page-item-9209\"><a href=\"https:\/\/www.brandsfirst.pt\/fr\/b1-bike-cleaner\/\">B1 Bike Cleaner | Nettoyage professionnel de votre v\u00e9lo<\/a><\/li><li class=\"elementor-sitemap-item elementor-sitemap-item-page page_item page-item-4\"><a href=\"https:\/\/www.brandsfirst.pt\/fr\">BrandsFirst<\/a><\/li><li class=\"elementor-sitemap-item elementor-sitemap-item-page page_item page-item-10\"><a href=\"https:\/\/www.brandsfirst.pt\/fr\/chariot\/\">Chariot<\/a><\/li><li class=\"elementor-sitemap-item elementor-sitemap-item-page page_item page-item-11\"><a href=\"https:\/\/www.brandsfirst.pt\/fr\/caisse\/\">Sortie de caisse<\/a><\/li><li class=\"elementor-sitemap-item elementor-sitemap-item-page page_item page-item-8277\"><a href=\"https:\/\/www.brandsfirst.pt\/fr\/comparer\/\">Comparer<\/a><\/li><li class=\"elementor-sitemap-item elementor-sitemap-item-page page_item page-item-8718\"><a href=\"https:\/\/www.brandsfirst.pt\/fr\/contact\/\">Contact<\/a><\/li><li class=\"elementor-sitemap-item elementor-sitemap-item-page page_item page-item-5550\"><a href=\"https:\/\/www.brandsfirst.pt\/fr\/faqs\/\">FAQ<\/a><\/li><li class=\"elementor-sitemap-item elementor-sitemap-item-page page_item page-item-1551\"><a href=\"https:\/\/www.brandsfirst.pt\/fr\/favoris\/\">Favoris<\/a><\/li><li class=\"elementor-sitemap-item elementor-sitemap-item-page page_item page-item-1746\"><a href=\"https:\/\/www.brandsfirst.pt\/fr\/institutionnel\/\">Institutionnel<\/a><\/li><li class=\"elementor-sitemap-item elementor-sitemap-item-page page_item page-item-8749\"><a href=\"https:\/\/www.brandsfirst.pt\/fr\/ligne-professionnelle\/\">Ligne professionnelle<\/a><\/li><li class=\"elementor-sitemap-item elementor-sitemap-item-page page_item page-item-8737\"><a href=\"https:\/\/www.brandsfirst.pt\/fr\/ligne-residentielle\/\">Ligne r\u00e9sidentielle<\/a><\/li><li class=\"elementor-sitemap-item elementor-sitemap-item-page page_item page-item-16\"><a href=\"https:\/\/www.brandsfirst.pt\/fr\/liste-de-souhaits\/\">Liste de souhaits<\/a><\/li><li class=\"elementor-sitemap-item elementor-sitemap-item-page page_item page-item-12\"><a href=\"https:\/\/www.brandsfirst.pt\/fr\/mon-compte\/\">Mon compte<\/a><\/li><li class=\"elementor-sitemap-item elementor-sitemap-item-page page_item page-item-8807\"><a href=\"https:\/\/www.brandsfirst.pt\/fr\/actualites\/\">Actualit\u00e9s<\/a><\/li><li class=\"elementor-sitemap-item elementor-sitemap-item-page page_item page-item-9040\"><a href=\"https:\/\/www.brandsfirst.pt\/fr\/politique-en-matiere-de-cookies\/\">Politique en mati\u00e8re de cookies<\/a><\/li><li class=\"elementor-sitemap-item elementor-sitemap-item-page page_item page-item-9035\"><a href=\"https:\/\/www.brandsfirst.pt\/fr\/politique-de-confidentialite\/\">Politique de confidentialit\u00e9<\/a><\/li><li class=\"elementor-sitemap-item elementor-sitemap-item-page page_item page-item-37\"><a href=\"https:\/\/www.brandsfirst.pt\/fr\/produits\/\">Produits BrandsFirst<\/a><\/li><li class=\"elementor-sitemap-item elementor-sitemap-item-page page_item page-item-8663\"><a href=\"https:\/\/www.brandsfirst.pt\/fr\/securite-et-certification\/\">S\u00e9curit\u00e9 et certification<\/a><\/li><li class=\"elementor-sitemap-item elementor-sitemap-item-page page_item page-item-38\"><a href=\"https:\/\/www.brandsfirst.pt\/fr\/chariot-2\/\">Panier d'achat<\/a><\/li><li class=\"elementor-sitemap-item elementor-sitemap-item-page page_item page-item-9022\"><a href=\"https:\/\/www.brandsfirst.pt\/fr\/plan-du-site\/\">Plan du site<\/a><\/li><li class=\"elementor-sitemap-item elementor-sitemap-item-page page_item page-item-8729\"><a href=\"https:\/\/www.brandsfirst.pt\/fr\/soutien\/\">Soutien<\/a><\/li><li class=\"elementor-sitemap-item elementor-sitemap-item-page page_item page-item-8661\"><a href=\"https:\/\/www.brandsfirst.pt\/fr\/durabilite-et-responsabilite-sociale\/\">Durabilit\u00e9 et responsabilit\u00e9 sociale<\/a><\/li><li class=\"elementor-sitemap-item elementor-sitemap-item-page page_item page-item-9103\"><a href=\"https:\/\/www.brandsfirst.pt\/fr\/conditions-generales-de-vente\/\">Conditions g\u00e9n\u00e9rales de vente<\/a><\/li><\/ul><\/div><div class=\"elementor-sitemap-section\"><h2 class=\"elementor-sitemap-title elementor-sitemap-product-title\">Produits<\/h2><ul class=\"elementor-sitemap-list elementor-sitemap-product-list\"><li class=\"elementor-sitemap-item elementor-sitemap-item-product page_item page-item-8620\"><a href=\"https:\/\/www.brandsfirst.pt\/fr\/produits\/b1-bike-cleaner\/\">B1 Nettoyant pour v\u00e9los<\/a><\/li><li class=\"elementor-sitemap-item elementor-sitemap-item-product page_item page-item-8623\"><a href=\"https:\/\/www.brandsfirst.pt\/fr\/produits\/b1-bike-cleaner-5l\/\">B1 Nettoyant pour v\u00e9los 5L<\/a><\/li><li class=\"elementor-sitemap-item elementor-sitemap-item-product page_item page-item-8299\"><a href=\"https:\/\/www.brandsfirst.pt\/fr\/produits\/plongeur-starlim\/\">STARLIM Plongeur 1000ml<\/a><\/li><li class=\"elementor-sitemap-item elementor-sitemap-item-product page_item page-item-2169\"><a href=\"https:\/\/www.brandsfirst.pt\/fr\/produits\/lave-vaisselle-starlim-vert-lime-500ml\/\">STARLIM Lave-vaisselle au citron vert 500ml<\/a><\/li><li class=\"elementor-sitemap-item elementor-sitemap-item-product page_item page-item-8291\"><a href=\"https:\/\/www.brandsfirst.pt\/fr\/produits\/lave-vaisselle-starlim-vert-lime-5l\/\">STARLIM Lave-vaisselle Vert citron 5L<\/a><\/li><li class=\"elementor-sitemap-item elementor-sitemap-item-product page_item page-item-8303\"><a href=\"https:\/\/www.brandsfirst.pt\/fr\/produits\/starlim-lave-tout-ph-neutre-1000ml\/\">STARLIM Nettoyant universel pH Neutre 1000ml<\/a><\/li><li class=\"elementor-sitemap-item elementor-sitemap-item-product page_item page-item-8307\"><a href=\"https:\/\/www.brandsfirst.pt\/fr\/produits\/starlim-lave-tout-ph-neutre-5l\/\">STARLIM Nettoyant universel pH Neutre 5L<\/a><\/li><li class=\"elementor-sitemap-item elementor-sitemap-item-product page_item page-item-8310\"><a href=\"https:\/\/www.brandsfirst.pt\/fr\/produits\/starlim-nettoyant-antistatique-pour-meubles-500ml\/\">STARLIM Nettoyant antistatique pour meubles 500ml<\/a><\/li><li class=\"elementor-sitemap-item elementor-sitemap-item-product page_item page-item-8779\"><a href=\"https:\/\/www.brandsfirst.pt\/fr\/produits\/starlim-nettoyant-antistatique-pour-meubles-5l\/\">STARLIM Nettoyant antistatique pour meubles 5L<\/a><\/li><li class=\"elementor-sitemap-item elementor-sitemap-item-product page_item page-item-8313\"><a href=\"https:\/\/www.brandsfirst.pt\/fr\/produits\/starlim-glass-cleaner-express-530ml\/\">STARLIM Nettoyant pour vitres Express 530ml<\/a><\/li><li class=\"elementor-sitemap-item elementor-sitemap-item-product page_item page-item-8781\"><a href=\"https:\/\/www.brandsfirst.pt\/fr\/produits\/starlim-glass-cleaner-express-5l\/\">STARLIM Nettoyant pour vitres Express 5L<\/a><\/li><li class=\"elementor-sitemap-item elementor-sitemap-item-product page_item page-item-8316\"><a href=\"https:\/\/www.brandsfirst.pt\/fr\/produits\/starlim-multisuperficies-salle-de-bain-500ml\/\">STARLIM Multisurfaces Salle de Bain 500ml<\/a><\/li><li class=\"elementor-sitemap-item elementor-sitemap-item-product page_item page-item-8322\"><a href=\"https:\/\/www.brandsfirst.pt\/fr\/produits\/starlim-multisuperficies-salle-de-bain-5l\/\">STARLIM Multisurface Bathroom 5L<\/a><\/li><li class=\"elementor-sitemap-item elementor-sitemap-item-product page_item page-item-8346\"><a href=\"https:\/\/www.brandsfirst.pt\/fr\/produits\/starlim-multisurfaces-avec-javellisant-500ml\/\">STARLIM Multisurfaces avec javellisant 500ml<\/a><\/li><li class=\"elementor-sitemap-item elementor-sitemap-item-product page_item page-item-8349\"><a href=\"https:\/\/www.brandsfirst.pt\/fr\/produits\/starlim-multisurfaces-avec-javellisant-5l\/\">STARLIM Multisurfaces avec javellisant 5L<\/a><\/li><li class=\"elementor-sitemap-item elementor-sitemap-item-product page_item page-item-8327\"><a href=\"https:\/\/www.brandsfirst.pt\/fr\/produits\/starlim-multisuperficies-cuisine-530ml\/\">STARLIM Multisurface Cuisine 530ml<\/a><\/li><li class=\"elementor-sitemap-item elementor-sitemap-item-product page_item page-item-8778\"><a href=\"https:\/\/www.brandsfirst.pt\/fr\/produits\/starlim-multisuperficies-cuisine-5l\/\">STARLIM Cuisine Multisurface 5L<\/a><\/li><li class=\"elementor-sitemap-item elementor-sitemap-item-product page_item page-item-8352\"><a href=\"https:\/\/www.brandsfirst.pt\/fr\/produits\/starlim-grease-remover-premium-500ml\/\">STARLIM Premium d\u00e9graissant 500ml<\/a><\/li><li class=\"elementor-sitemap-item elementor-sitemap-item-product page_item page-item-8356\"><a href=\"https:\/\/www.brandsfirst.pt\/fr\/produits\/starlim-grease-remover-premium-5l\/\">STARLIM Premium D\u00e9graissant 5L<\/a><\/li><li class=\"elementor-sitemap-item elementor-sitemap-item-product page_item page-item-8373\"><a href=\"https:\/\/www.brandsfirst.pt\/fr\/produits\/starlim-grease-remover-ultra-500ml\/\">STARLIM Ultra D\u00e9graissant 500ml<\/a><\/li><li class=\"elementor-sitemap-item elementor-sitemap-item-product page_item page-item-8387\"><a href=\"https:\/\/www.brandsfirst.pt\/fr\/produits\/starlim-grease-remover-ultra-5l\/\">STARLIM Ultra D\u00e9graissant 5L<\/a><\/li><li class=\"elementor-sitemap-item elementor-sitemap-item-product page_item page-item-8393\"><a href=\"https:\/\/www.brandsfirst.pt\/fr\/produits\/starlim-grease-remover-ultra-refill-500ml\/\">STARLIM Ultra Refill D\u00e9graissant 500ml<\/a><\/li><\/ul><\/div><\/div>\t\t\t\t<\/div>\n\t\t\t\t<\/div>\n\t\t\r\n\t\t\r\n\t\t\t\t\t\t\t<\/div>\r\n\t\t\t\r\n\t\t<\/div>\r\n\t\t\t\t\t\t\t\t\t\t\t\t\t\t\t\t\t<\/div>\r\n\t\t\t\t\t\t<\/section>\r\n\t\t\t\t\r\n\t\t<section\t\t class=\"elementor-section elementor-top-section elementor-element elementor-element-2de68ae elementor-section-content-middle elementor-section-boxed elementor-section-height-default elementor-section-height-default elementor-invisible\" data-id=\"2de68ae\" data-element_type=\"section\" data-settings=\"{&quot;animation&quot;:&quot;fadeIn&quot;}\">\r\n\t\t\r\n\t\t\t\t\t\t\t\t\t\t<div class=\"elementor-container elementor-column-gap-default\" >\r\n\r\n\t\t\t\t\r\n\t\t\t\t\t\t\t\t\t\t\t\t\t\t<div\t\t class=\"elementor-column elementor-col-100 elementor-top-column elementor-element elementor-element-94f89fa\" data-id=\"94f89fa\" data-element_type=\"column\">\r\n\t\t\t\r\n\t\t\t\r\n\t\t\t\r\n\t\t\t<div class=\"elementor-widget-wrap elementor-element-populated\">\r\n\t\t\t\t\t\t\t\t<div class=\"elementor-element elementor-element-8075540 mx-lg-280 elementor-widget elementor-widget-heading\" data-id=\"8075540\" data-element_type=\"widget\" data-widget_type=\"heading.default\">\n\t\t\t\t<div class=\"elementor-widget-container\">\n\t\t\t\t\t<h2 class=\"elementor-heading-title elementor-size-default\">Contactez nous<\/h2>\t\t\t\t<\/div>\n\t\t\t\t<\/div>\n\t\t\t\t<div class=\"elementor-element elementor-element-cdc97e4 elementor-widget elementor-widget-text-editor\" data-id=\"cdc97e4\" data-element_type=\"widget\" data-widget_type=\"text-editor.default\">\n\t\t\t\t<div class=\"elementor-widget-container\">\n\t\t\t\t\t\t\t\t\t<p>BrandsFirst est \u00e0 votre disposition pour vous aider \u00e0 <span class=\"ss--color-red\">09:00 \u00e0 17:00 du lundi au vendredi.<\/span> En cas d'urgence m\u00e9dicale, contactez votre m\u00e9decin ou les services d'urgence de votre h\u00f4pital local.<\/p>\t\t\t\t\t\t\t\t<\/div>\n\t\t\t\t<\/div>\n\t\t\r\n\t\t\r\n\t\t\t\t\t\t\t<\/div>\r\n\t\t\t\r\n\t\t<\/div>\r\n\t\t\t\t\t\t\t\t\t\t\t\t\t\t\t\t\t<\/div>\r\n\t\t\t\t\t\t<\/section>\r\n\t\t\t\t<\/div>","protected":false},"excerpt":{"rendered":"<p>Sitemap BrandsFirst &#8211; Contacte-nos para informa\u00e7\u00f5es sobre produtos de limpeza, apoio t\u00e9cnico ou parcerias. Fale Connosco A BrandsFirst est\u00e1 dispon\u00edvel para o ajudar das 09:00 \u00e0s 17:00 de segunda a sexta-feira. Em caso de emerg\u00eancia m\u00e9dica, entre em contato com o seu m\u00e9dico ou os servi\u00e7os de urg\u00eancia do hospital local.<\/p>","protected":false},"author":4,"featured_media":0,"parent":0,"menu_order":0,"comment_status":"closed","ping_status":"closed","template":"","meta":{"footnotes":""},"class_list":["post-9022","page","type-page","status-publish","hentry"],"_links":{"self":[{"href":"https:\/\/www.brandsfirst.pt\/fr\/wp-json\/wp\/v2\/pages\/9022","targetHints":{"allow":["GET"]}}],"collection":[{"href":"https:\/\/www.brandsfirst.pt\/fr\/wp-json\/wp\/v2\/pages"}],"about":[{"href":"https:\/\/www.brandsfirst.pt\/fr\/wp-json\/wp\/v2\/types\/page"}],"author":[{"embeddable":true,"href":"https:\/\/www.brandsfirst.pt\/fr\/wp-json\/wp\/v2\/users\/4"}],"replies":[{"embeddable":true,"href":"https:\/\/www.brandsfirst.pt\/fr\/wp-json\/wp\/v2\/comments?post=9022"}],"version-history":[{"count":8,"href":"https:\/\/www.brandsfirst.pt\/fr\/wp-json\/wp\/v2\/pages\/9022\/revisions"}],"predecessor-version":[{"id":9031,"href":"https:\/\/www.brandsfirst.pt\/fr\/wp-json\/wp\/v2\/pages\/9022\/revisions\/9031"}],"wp:attachment":[{"href":"https:\/\/www.brandsfirst.pt\/fr\/wp-json\/wp\/v2\/media?parent=9022"}],"curies":[{"name":"wp","href":"https:\/\/api.w.org\/{rel}","templated":true}]}}