{"id":8663,"date":"2024-08-16T10:12:09","date_gmt":"2024-08-16T10:12:09","guid":{"rendered":"https:\/\/www.brandsfirst.pt\/?page_id=8663"},"modified":"2024-10-30T12:53:37","modified_gmt":"2024-10-30T12:53:37","slug":"seguranca-e-certificacao","status":"publish","type":"page","link":"https:\/\/www.brandsfirst.pt\/fr\/securite-et-certification\/","title":{"rendered":"S\u00e9curit\u00e9 et certification"},"content":{"rendered":"<div data-elementor-type=\"wp-page\" data-elementor-id=\"8663\" class=\"elementor elementor-8663\" data-elementor-post-type=\"page\">\n\t\t\t\t\t\t\r\n\t\t<section\t\t class=\"d-lazy-back elementor-section elementor-top-section elementor-element elementor-element-68e3e5ef elementor-section-full_width elementor-section-stretched elementor-section-height-default elementor-section-height-default\" data-lazy=\"https:\/\/www.brandsfirst.pt\/wp-content\/uploads\/2024\/08\/Seguranca-e-Certificacao.png\" data-id=\"68e3e5ef\" data-element_type=\"section\" data-settings=\"{&quot;background_background&quot;:&quot;classic&quot;,&quot;stretch_section&quot;:&quot;section-stretched&quot;}\">\r\n\t\t\r\n\t\t\t\t\t\t\t<div class=\"elementor-background-overlay\"><\/div>\r\n\t\t\t\t\t\t\t\t\t\t\t<div class=\"elementor-container elementor-column-gap-default\" >\r\n\r\n\t\t\t\t\r\n\t\t\t\t\t\t\t\t\t\t\t\t\t\t<div\t\t class=\"elementor-column elementor-col-100 elementor-top-column elementor-element elementor-element-7a87523b elementor-invisible\" data-id=\"7a87523b\" data-element_type=\"column\" data-settings=\"{&quot;animation&quot;:&quot;fadeIn&quot;}\">\r\n\t\t\t\r\n\t\t\t\r\n\t\t\t\r\n\t\t\t<div class=\"elementor-widget-wrap elementor-element-populated\">\r\n\t\t\t\t\t\t\t\t<div class=\"elementor-element elementor-element-1d844a6b elementor-widget elementor-widget-heading\" data-id=\"1d844a6b\" data-element_type=\"widget\" data-widget_type=\"heading.default\">\n\t\t\t\t<div class=\"elementor-widget-container\">\n\t\t\t\t\t<h1 class=\"elementor-heading-title elementor-size-default\">S\u00e9curit\u00e9 et certification<\/h1>\t\t\t\t<\/div>\n\t\t\t\t<\/div>\n\t\t\t\t<div class=\"elementor-element elementor-element-518c0dae elementor-widget elementor-widget-heading\" data-id=\"518c0dae\" data-element_type=\"widget\" data-widget_type=\"heading.default\">\n\t\t\t\t<div class=\"elementor-widget-container\">\n\t\t\t\t\t<p class=\"elementor-heading-title elementor-size-default\">Engagement en faveur d'ingr\u00e9dients s\u00fbrs et de processus rigoureux. <br \/> D\u00e9couvrez les certifications et les normes de qualit\u00e9 qui garantissent l'excellence de nos produits.<\/p>\t\t\t\t<\/div>\n\t\t\t\t<\/div>\n\t\t\r\n\t\t\r\n\t\t\t\t\t\t\t<\/div>\r\n\t\t\t\r\n\t\t<\/div>\r\n\t\t\t\t\t\t\t\t\t\t\t\t\t\t\t\t\t<\/div>\r\n\t\t\t\t\t\t<\/section>\r\n\t\t\t\t\r\n\t\t<section\t\t class=\"elementor-section elementor-top-section elementor-element elementor-element-595d57b1 elementor-section-content-middle elementor-section-boxed elementor-section-height-default elementor-section-height-default elementor-invisible\" data-id=\"595d57b1\" data-element_type=\"section\" data-settings=\"{&quot;animation&quot;:&quot;fadeIn&quot;}\">\r\n\t\t\r\n\t\t\t\t\t\t\t\t\t\t<div class=\"elementor-container elementor-column-gap-default\" >\r\n\r\n\t\t\t\t\r\n\t\t\t\t\t\t\t\t\t\t\t\t\t\t<div\t\t class=\"elementor-column elementor-col-100 elementor-top-column elementor-element elementor-element-7eb385bb\" data-id=\"7eb385bb\" data-element_type=\"column\">\r\n\t\t\t\r\n\t\t\t\r\n\t\t\t\r\n\t\t\t<div class=\"elementor-widget-wrap elementor-element-populated\">\r\n\t\t\t\t\t\t\t\t<div class=\"elementor-element elementor-element-5193186 elementor-widget elementor-widget-text-editor\" data-id=\"5193186\" data-element_type=\"widget\" data-widget_type=\"text-editor.default\">\n\t\t\t\t<div class=\"elementor-widget-container\">\n\t\t\t\t\t\t\t\t\t<p style=\"font-weight: 400;\">Chez BrandsFirst, la qualit\u00e9 et la s\u00e9curit\u00e9 sont des piliers fondamentaux dans tous les aspects du d\u00e9veloppement et de la fabrication de nos produits. De la s\u00e9lection minutieuse des ingr\u00e9dients aux processus de production rigoureux, nous veillons \u00e0 ce que chaque produit r\u00e9ponde aux normes de qualit\u00e9 et de s\u00e9curit\u00e9 les plus strictes. Notre engagement en faveur de l'excellence se refl\u00e8te \u00e0 chaque \u00e9tape de ce processus, de la conception \u00e0 la livraison au consommateur final.<\/p>\t\t\t\t\t\t\t\t<\/div>\n\t\t\t\t<\/div>\n\t\t\t\t<div class=\"elementor-element elementor-element-43e1a549 mx-lg-280 elementor-widget elementor-widget-heading\" data-id=\"43e1a549\" data-element_type=\"widget\" data-widget_type=\"heading.default\">\n\t\t\t\t<div class=\"elementor-widget-container\">\n\t\t\t\t\t<h3 class=\"elementor-heading-title elementor-size-default\">Ingr\u00e9dients<\/h3>\t\t\t\t<\/div>\n\t\t\t\t<\/div>\n\t\t\t\t<div class=\"elementor-element elementor-element-b24ed43 elementor-widget elementor-widget-text-editor\" data-id=\"b24ed43\" data-element_type=\"widget\" data-widget_type=\"text-editor.default\">\n\t\t\t\t<div class=\"elementor-widget-container\">\n\t\t\t\t\t\t\t\t\t<p style=\"font-weight: 400;\">La base de la qualit\u00e9 commence par le choix minutieux des ingr\u00e9dients. Nous privil\u00e9gions les mati\u00e8res premi\u00e8res d'origine naturelle dans la mesure du possible, sans compromettre l'efficacit\u00e9. Tous les fournisseurs sont rigoureusement \u00e9valu\u00e9s et doivent r\u00e9pondre aux crit\u00e8res de qualit\u00e9 et d'\u00e9thique les plus \u00e9lev\u00e9s.<\/p><p style=\"font-weight: 400;\"><span style=\"font-weight: 400;\">Un aspect distinctif de notre gamme est la formulation v\u00e9g\u00e9talienne 100%, dans une approche qui r\u00e9pond aux pr\u00e9occupations \u00e9thiques croissantes des consommateurs, mais qui contribue \u00e9galement \u00e0 la s\u00e9curit\u00e9 et \u00e0 la qualit\u00e9 de nos produits. En \u00e9liminant les ingr\u00e9dients d'origine animale, nous r\u00e9duisons les allerg\u00e8nes potentiels et garantissons une plus grande stabilit\u00e9 de nos formules.<\/span><\/p>\t\t\t\t\t\t\t\t<\/div>\n\t\t\t\t<\/div>\n\t\t\r\n\t\t\r\n\t\t\t\t\t\t\t<\/div>\r\n\t\t\t\r\n\t\t<\/div>\r\n\t\t\t\t\t\t\t\t\t\t\t\t\t\t\t\t\t<\/div>\r\n\t\t\t\t\t\t<\/section>\r\n\t\t\t\t\r\n\t\t<section\t\t class=\"elementor-section elementor-top-section elementor-element elementor-element-4cd7c1cd elementor-section-content-middle animated-slow elementor-section-boxed elementor-section-height-default elementor-section-height-default elementor-invisible\" data-id=\"4cd7c1cd\" data-element_type=\"section\" data-settings=\"{&quot;animation&quot;:&quot;fadeInUp&quot;}\">\r\n\t\t\r\n\t\t\t\t\t\t\t\t\t\t<div class=\"elementor-container elementor-column-gap-default\" >\r\n\r\n\t\t\t\t\r\n\t\t\t\t\t\t\t\t\t\t\t\t\t\t<div\t\t class=\"elementor-column elementor-col-50 elementor-top-column elementor-element elementor-element-370ae9cf\" data-id=\"370ae9cf\" data-element_type=\"column\">\r\n\t\t\t\r\n\t\t\t\r\n\t\t\t\r\n\t\t\t<div class=\"elementor-widget-wrap elementor-element-populated\">\r\n\t\t\t\t\t\t\t\t<div class=\"elementor-element elementor-element-276d8f1b elementor-widget elementor-widget-image\" data-id=\"276d8f1b\" data-element_type=\"widget\" data-widget_type=\"image.default\">\n\t\t\t\t<div class=\"elementor-widget-container\">\n\t\t\t\t\t\t\t\t\t\t\t\t\t\t\t<img decoding=\"async\" src=\"https:\/\/www.brandsfirst.pt\/wp-content\/uploads\/elementor\/thumbs\/Certificacao-qvnacbsqg9ksy6ofycwfhcy6a03911yi6i9sp8bdxc.jpg\" title=\"Certification\" alt=\"Certification\" loading=\"lazy\" \/>\t\t\t\t\t\t\t\t\t\t\t\t\t\t\t<\/div>\n\t\t\t\t<\/div>\n\t\t\r\n\t\t\r\n\t\t\t\t\t\t\t<\/div>\r\n\t\t\t\r\n\t\t<\/div>\r\n\t\t\t\t<div\t\t class=\"elementor-column elementor-col-50 elementor-top-column elementor-element elementor-element-5fb78335\" data-id=\"5fb78335\" data-element_type=\"column\">\r\n\t\t\t\r\n\t\t\t\r\n\t\t\t\r\n\t\t\t<div class=\"elementor-widget-wrap elementor-element-populated\">\r\n\t\t\t\t\t\t\t\t<div class=\"elementor-element elementor-element-7706f6d mx-lg-280 elementor-widget__width-inherit elementor-widget elementor-widget-heading\" data-id=\"7706f6d\" data-element_type=\"widget\" data-widget_type=\"heading.default\">\n\t\t\t\t<div class=\"elementor-widget-container\">\n\t\t\t\t\t<h2 class=\"elementor-heading-title elementor-size-default\">S\u00e9curit\u00e9 et certification<\/h2>\t\t\t\t<\/div>\n\t\t\t\t<\/div>\n\t\t\t\t<div class=\"elementor-element elementor-element-9e6445d elementor-widget elementor-widget-text-editor\" data-id=\"9e6445d\" data-element_type=\"widget\" data-widget_type=\"text-editor.default\">\n\t\t\t\t<div class=\"elementor-widget-container\">\n\t\t\t\t\t\t\t\t\t<p style=\"font-weight: 400;\">La s\u00e9curit\u00e9 est une priorit\u00e9 absolue. Nous mettons en \u0153uvre un protocole de test rigoureux \u00e0 chaque \u00e9tape du d\u00e9veloppement et de la production. Chaque lot est soumis \u00e0 des analyses d\u00e9taill\u00e9es avant d'\u00eatre approuv\u00e9 pour la distribution, conform\u00e9ment \u00e0 toutes les r\u00e9glementations nationales et internationales applicables en mati\u00e8re de s\u00e9curit\u00e9.<\/p><p style=\"font-weight: 400;\">La certification IFS Food (International Featured Standard) garantit que les processus de fabrication r\u00e9pondent aux normes internationales les plus strictes en mati\u00e8re de qualit\u00e9 et de s\u00e9curit\u00e9 alimentaire, et l'emballage de transport est certifi\u00e9 FSC (Forest Stewardship Council), ce qui garantit que les mat\u00e9riaux utilis\u00e9s proviennent de sources responsables et durables.<\/p><p style=\"font-weight: 400;\">Le syst\u00e8me de contr\u00f4le de la qualit\u00e9 est complet et m\u00e9ticuleux, mettant en \u0153uvre des contr\u00f4les \u00e0 chaque \u00e9tape du processus de production, depuis la r\u00e9ception des mati\u00e8res premi\u00e8res jusqu'au produit final. L'\u00e9quipe de recherche et d\u00e9veloppement travaille en permanence pour perfectionner les formules, en int\u00e9grant les derni\u00e8res avanc\u00e9es scientifiques dans le domaine des produits de nettoyage, dans un souci d'innovation qui garantit que nos produits restent \u00e0 la pointe de l'efficacit\u00e9 et de la durabilit\u00e9.<\/p>\t\t\t\t\t\t\t\t<\/div>\n\t\t\t\t<\/div>\n\t\t\r\n\t\t\r\n\t\t\t\t\t\t\t<\/div>\r\n\t\t\t\r\n\t\t<\/div>\r\n\t\t\t\t\t\t\t\t\t\t\t\t\t\t\t\t\t<\/div>\r\n\t\t\t\t\t\t<\/section>\r\n\t\t\t\t\r\n\t\t<section\t\t class=\"elementor-section elementor-top-section elementor-element elementor-element-b026537 elementor-section-content-middle elementor-section-boxed elementor-section-height-default elementor-section-height-default elementor-invisible\" data-id=\"b026537\" data-element_type=\"section\" data-settings=\"{&quot;animation&quot;:&quot;fadeIn&quot;}\">\r\n\t\t\r\n\t\t\t\t\t\t\t\t\t\t<div class=\"elementor-container elementor-column-gap-default\" >\r\n\r\n\t\t\t\t\r\n\t\t\t\t\t\t\t\t\t\t\t\t\t\t<div\t\t class=\"elementor-column elementor-col-100 elementor-top-column elementor-element elementor-element-4acab93\" data-id=\"4acab93\" data-element_type=\"column\">\r\n\t\t\t\r\n\t\t\t\r\n\t\t\t\r\n\t\t\t<div class=\"elementor-widget-wrap elementor-element-populated\">\r\n\t\t\t\t\t\t\t\t<div class=\"elementor-element elementor-element-5deb780 mx-lg-280 elementor-widget elementor-widget-heading\" data-id=\"5deb780\" data-element_type=\"widget\" data-widget_type=\"heading.default\">\n\t\t\t\t<div class=\"elementor-widget-container\">\n\t\t\t\t\t<h3 class=\"elementor-heading-title elementor-size-default\">Engagement en faveur de l'excellence<\/h3>\t\t\t\t<\/div>\n\t\t\t\t<\/div>\n\t\t\t\t<div class=\"elementor-element elementor-element-b1daaaa elementor-widget elementor-widget-text-editor\" data-id=\"b1daaaa\" data-element_type=\"widget\" data-widget_type=\"text-editor.default\">\n\t\t\t\t<div class=\"elementor-widget-container\">\n\t\t\t\t\t\t\t\t\t<p style=\"font-weight: 400;\">Chez BrandsFirst, la recherche de l'excellence est un processus continu. Nous \u00e9valuons et am\u00e9liorons constamment les processus, les produits et les pratiques, dans le but de d\u00e9passer les attentes des consommateurs en termes de qualit\u00e9, de s\u00e9curit\u00e9 et d'efficacit\u00e9.<\/p><p style=\"font-weight: 400;\">Nous pensons que la v\u00e9ritable qualit\u00e9 va au-del\u00e0 du produit final - elle englobe l'ensemble du processus de production, de la s\u00e9lection des ingr\u00e9dients \u00e0 l'impact environnemental des op\u00e9rations de fabrication et de distribution. C'est cet engagement holistique en faveur de la qualit\u00e9 qui nous permet d'offrir des produits de qualit\u00e9 tout en respectant l'environnement et la soci\u00e9t\u00e9.<\/p>\t\t\t\t\t\t\t\t<\/div>\n\t\t\t\t<\/div>\n\t\t\r\n\t\t\r\n\t\t\t\t\t\t\t<\/div>\r\n\t\t\t\r\n\t\t<\/div>\r\n\t\t\t\t\t\t\t\t\t\t\t\t\t\t\t\t\t<\/div>\r\n\t\t\t\t\t\t<\/section>\r\n\t\t\t\t<\/div>","protected":false},"excerpt":{"rendered":"<p>Seguran\u00e7a e Certifica\u00e7\u00e3o Compromisso com ingredientes seguros e processos rigorosos. Descubra as certifica\u00e7\u00f5es e padr\u00f5es de qualidade que garantem a excel\u00eancia dos nossos produtos. Na BrandsFirst, a qualidade e a seguran\u00e7a s\u00e3o pilares fundamentais em todos os aspetos do desenvolvimento e fabrica\u00e7\u00e3o dos nossos produtos. Desde a sele\u00e7\u00e3o criteriosa de ingredientes at\u00e9 aos rigorosos processos [&hellip;]<\/p>","protected":false},"author":4,"featured_media":0,"parent":0,"menu_order":0,"comment_status":"closed","ping_status":"closed","template":"","meta":{"footnotes":""},"class_list":["post-8663","page","type-page","status-publish","hentry"],"_links":{"self":[{"href":"https:\/\/www.brandsfirst.pt\/fr\/wp-json\/wp\/v2\/pages\/8663","targetHints":{"allow":["GET"]}}],"collection":[{"href":"https:\/\/www.brandsfirst.pt\/fr\/wp-json\/wp\/v2\/pages"}],"about":[{"href":"https:\/\/www.brandsfirst.pt\/fr\/wp-json\/wp\/v2\/types\/page"}],"author":[{"embeddable":true,"href":"https:\/\/www.brandsfirst.pt\/fr\/wp-json\/wp\/v2\/users\/4"}],"replies":[{"embeddable":true,"href":"https:\/\/www.brandsfirst.pt\/fr\/wp-json\/wp\/v2\/comments?post=8663"}],"version-history":[{"count":28,"href":"https:\/\/www.brandsfirst.pt\/fr\/wp-json\/wp\/v2\/pages\/8663\/revisions"}],"predecessor-version":[{"id":9076,"href":"https:\/\/www.brandsfirst.pt\/fr\/wp-json\/wp\/v2\/pages\/8663\/revisions\/9076"}],"wp:attachment":[{"href":"https:\/\/www.brandsfirst.pt\/fr\/wp-json\/wp\/v2\/media?parent=8663"}],"curies":[{"name":"wp","href":"https:\/\/api.w.org\/{rel}","templated":true}]}}