{"id":8661,"date":"2024-08-16T10:10:58","date_gmt":"2024-08-16T10:10:58","guid":{"rendered":"https:\/\/www.brandsfirst.pt\/?page_id=8661"},"modified":"2024-10-30T12:53:39","modified_gmt":"2024-10-30T12:53:39","slug":"sustentabilidade-e-responsabilidade-social","status":"publish","type":"page","link":"https:\/\/www.brandsfirst.pt\/fr\/durabilite-et-responsabilite-sociale\/","title":{"rendered":"Durabilit\u00e9 et responsabilit\u00e9 sociale"},"content":{"rendered":"<div data-elementor-type=\"wp-page\" data-elementor-id=\"8661\" class=\"elementor elementor-8661\" data-elementor-post-type=\"page\">\n\t\t\t\t\t\t\r\n\t\t<section\t\t class=\"d-lazy-back elementor-section elementor-top-section elementor-element elementor-element-68e3e5ef elementor-section-full_width elementor-section-stretched elementor-section-height-default elementor-section-height-default\" data-lazy=\"https:\/\/www.brandsfirst.pt\/wp-content\/uploads\/2024\/08\/Sustentabilidade-e-Responsabilidade-Social.png\" data-id=\"68e3e5ef\" data-element_type=\"section\" data-settings=\"{&quot;background_background&quot;:&quot;classic&quot;,&quot;stretch_section&quot;:&quot;section-stretched&quot;}\">\r\n\t\t\r\n\t\t\t\t\t\t\t<div class=\"elementor-background-overlay\"><\/div>\r\n\t\t\t\t\t\t\t\t\t\t\t<div class=\"elementor-container elementor-column-gap-default\" >\r\n\r\n\t\t\t\t\r\n\t\t\t\t\t\t\t\t\t\t\t\t\t\t<div\t\t class=\"elementor-column elementor-col-100 elementor-top-column elementor-element elementor-element-7a87523b elementor-invisible\" data-id=\"7a87523b\" data-element_type=\"column\" data-settings=\"{&quot;animation&quot;:&quot;fadeIn&quot;}\">\r\n\t\t\t\r\n\t\t\t\r\n\t\t\t\r\n\t\t\t<div class=\"elementor-widget-wrap elementor-element-populated\">\r\n\t\t\t\t\t\t\t\t<div class=\"elementor-element elementor-element-1d844a6b elementor-widget elementor-widget-heading\" data-id=\"1d844a6b\" data-element_type=\"widget\" data-widget_type=\"heading.default\">\n\t\t\t\t<div class=\"elementor-widget-container\">\n\t\t\t\t\t<h1 class=\"elementor-heading-title elementor-size-default\">Durabilit\u00e9 et responsabilit\u00e9 <\/h1>\t\t\t\t<\/div>\n\t\t\t\t<\/div>\n\t\t\t\t<div class=\"elementor-element elementor-element-518c0dae elementor-widget elementor-widget-heading\" data-id=\"518c0dae\" data-element_type=\"widget\" data-widget_type=\"heading.default\">\n\t\t\t\t<div class=\"elementor-widget-container\">\n\t\t\t\t\t<p class=\"elementor-heading-title elementor-size-default\">Engagement en faveur de la durabilit\u00e9 et de la responsabilit\u00e9 sociale. <br \/> Des produits de nettoyage \u00e9cologiques, des pratiques \u00e9thiques et un impact positif sur la communaut\u00e9.<\/p>\t\t\t\t<\/div>\n\t\t\t\t<\/div>\n\t\t\r\n\t\t\r\n\t\t\t\t\t\t\t<\/div>\r\n\t\t\t\r\n\t\t<\/div>\r\n\t\t\t\t\t\t\t\t\t\t\t\t\t\t\t\t\t<\/div>\r\n\t\t\t\t\t\t<\/section>\r\n\t\t\t\t\r\n\t\t<section\t\t class=\"elementor-section elementor-top-section elementor-element elementor-element-595d57b1 elementor-section-content-middle elementor-section-boxed elementor-section-height-default elementor-section-height-default elementor-invisible\" data-id=\"595d57b1\" data-element_type=\"section\" data-settings=\"{&quot;animation&quot;:&quot;fadeIn&quot;}\">\r\n\t\t\r\n\t\t\t\t\t\t\t\t\t\t<div class=\"elementor-container elementor-column-gap-default\" >\r\n\r\n\t\t\t\t\r\n\t\t\t\t\t\t\t\t\t\t\t\t\t\t<div\t\t class=\"elementor-column elementor-col-100 elementor-top-column elementor-element elementor-element-7eb385bb\" data-id=\"7eb385bb\" data-element_type=\"column\">\r\n\t\t\t\r\n\t\t\t\r\n\t\t\t\r\n\t\t\t<div class=\"elementor-widget-wrap elementor-element-populated\">\r\n\t\t\t\t\t\t\t\t<div class=\"elementor-element elementor-element-5193186 elementor-widget elementor-widget-text-editor\" data-id=\"5193186\" data-element_type=\"widget\" data-widget_type=\"text-editor.default\">\n\t\t\t\t<div class=\"elementor-widget-container\">\n\t\t\t\t\t\t\t\t\t<p style=\"font-weight: 400;\"><strong>BrandsFirst s'engage fermement en faveur du d\u00e9veloppement durable et de la responsabilit\u00e9 sociale dans toutes ses activit\u00e9s. Cet engagement se refl\u00e8te dans le d\u00e9veloppement des produits, les processus de fabrication et l'interaction avec la communaut\u00e9 et l'environnement.<\/strong><\/p><p style=\"font-weight: 400;\">Nous sommes conscients de l'impact de nos activit\u00e9s et nous nous effor\u00e7ons en permanence de minimiser notre empreinte \u00e9cologique, tout en maximisant la valeur que nous offrons aux consommateurs et \u00e0 la soci\u00e9t\u00e9 en g\u00e9n\u00e9ral.<\/p><p style=\"font-weight: 400;\">L'approche de la durabilit\u00e9 et de la responsabilit\u00e9 sociale est int\u00e9grale et couvre tous les aspects, de la s\u00e9lection des mati\u00e8res premi\u00e8res \u00e0 l'utilisation finale des produits par les consommateurs.<\/p>\t\t\t\t\t\t\t\t<\/div>\n\t\t\t\t<\/div>\n\t\t\t\t<div class=\"elementor-element elementor-element-43e1a549 mx-lg-280 elementor-widget__width-inherit elementor-widget elementor-widget-heading\" data-id=\"43e1a549\" data-element_type=\"widget\" data-widget_type=\"heading.default\">\n\t\t\t\t<div class=\"elementor-widget-container\">\n\t\t\t\t\t<h2 class=\"elementor-heading-title elementor-size-default\">Durabilit\u00e9 environnementale<\/h2>\t\t\t\t<\/div>\n\t\t\t\t<\/div>\n\t\t\t\t<div class=\"elementor-element elementor-element-b24ed43 elementor-widget elementor-widget-text-editor\" data-id=\"b24ed43\" data-element_type=\"widget\" data-widget_type=\"text-editor.default\">\n\t\t\t\t<div class=\"elementor-widget-container\">\n\t\t\t\t\t\t\t\t\t<p style=\"font-weight: 400;\">Chez BrandsFirst, la durabilit\u00e9 environnementale est un pilier fondamental. Nous d\u00e9veloppons des formules concentr\u00e9es qui r\u00e9duisent consid\u00e9rablement la consommation d'eau, \u00e0 la fois dans le processus de fabrication et dans l'utilisation finale par le consommateur. Cette approche minimise l'impact sur l'environnement tout en offrant une plus grande efficacit\u00e9 aux consommateurs.<\/p>\t\t\t\t\t\t\t\t<\/div>\n\t\t\t\t<\/div>\n\t\t\t\t<div class=\"elementor-element elementor-element-6d364d4 mx-lg-280 elementor-widget elementor-widget-heading\" data-id=\"6d364d4\" data-element_type=\"widget\" data-widget_type=\"heading.default\">\n\t\t\t\t<div class=\"elementor-widget-container\">\n\t\t\t\t\t<h3 class=\"elementor-heading-title elementor-size-default\">Certification FSC<\/h3>\t\t\t\t<\/div>\n\t\t\t\t<\/div>\n\t\t\t\t<div class=\"elementor-element elementor-element-79436ec elementor-widget elementor-widget-text-editor\" data-id=\"79436ec\" data-element_type=\"widget\" data-widget_type=\"text-editor.default\">\n\t\t\t\t<div class=\"elementor-widget-container\">\n\t\t\t\t\t\t\t\t\t<p style=\"font-weight: 400;\">Toutes les bo\u00eetes d'emballage sont certifi\u00e9es FSC (Forest Stewardship Council), ce qui garantit que les mati\u00e8res premi\u00e8res proviennent de for\u00eats g\u00e9r\u00e9es de mani\u00e8re responsable. Toutefois, l'engagement en faveur de la durabilit\u00e9 va au-del\u00e0 de l'origine des mat\u00e9riaux.<\/p><p style=\"font-weight: 400;\">La conception innovante de l'emballage est un exemple clair de notre approche holistique de la durabilit\u00e9. Nous avons mis au point un format ergonomique qui facilite la manipulation par les consommateurs et optimise consid\u00e9rablement l'efficacit\u00e9 logistique. Cette innovation nous permet d'accueillir un plus grand nombre d'unit\u00e9s par bo\u00eete et, par cons\u00e9quent, par op\u00e9ration de transport.<\/p>\t\t\t\t\t\t\t\t<\/div>\n\t\t\t\t<\/div>\n\t\t\t\t<div class=\"elementor-element elementor-element-814357d mx-lg-280 elementor-widget elementor-widget-heading\" data-id=\"814357d\" data-element_type=\"widget\" data-widget_type=\"heading.default\">\n\t\t\t\t<div class=\"elementor-widget-container\">\n\t\t\t\t\t<h3 class=\"elementor-heading-title elementor-size-default\">Une logistique efficace<\/h3>\t\t\t\t<\/div>\n\t\t\t\t<\/div>\n\t\t\t\t<div class=\"elementor-element elementor-element-4e35944 elementor-widget elementor-widget-text-editor\" data-id=\"4e35944\" data-element_type=\"widget\" data-widget_type=\"text-editor.default\">\n\t\t\t\t<div class=\"elementor-widget-container\">\n\t\t\t\t\t\t\t\t\t<p style=\"font-weight: 400;\">Par exemple, alors qu'une palette standard de produits similaires transporte g\u00e9n\u00e9ralement 720 unit\u00e9s, l'emballage optimis\u00e9 permet de transporter 960 unit\u00e9s sur la m\u00eame palette. Cette efficacit\u00e9 logistique se traduit par une r\u00e9duction substantielle des \u00e9missions de CO2 li\u00e9es \u00e0 la distribution de nos produits.<\/p><p style=\"font-weight: 400;\">En augmentant la capacit\u00e9 de transport par palette de plus de 30%, nous avons r\u00e9duit proportionnellement le nombre de trajets n\u00e9cessaires pour distribuer le m\u00eame volume de produits, ce qui signifie moins de camions sur les routes, moins de consommation de carburant et, par cons\u00e9quent, une r\u00e9duction significative des \u00e9missions de gaz \u00e0 effet de serre.<\/p><p style=\"font-weight: 400;\">Cette approche int\u00e9gr\u00e9e - de la formulation concentr\u00e9e \u00e0 l'optimisation logistique - d\u00e9montre notre engagement \u00e0 prendre en compte l'impact environnemental \u00e0 chaque \u00e9tape du cycle de vie du produit. Chez BrandsFirst, nous pensons que chaque d\u00e9tail compte dans notre mission d'offrir des produits de nettoyage efficaces et respectueux de l'environnement.<\/p>\t\t\t\t\t\t\t\t<\/div>\n\t\t\t\t<\/div>\n\t\t\r\n\t\t\r\n\t\t\t\t\t\t\t<\/div>\r\n\t\t\t\r\n\t\t<\/div>\r\n\t\t\t\t\t\t\t\t\t\t\t\t\t\t\t\t\t<\/div>\r\n\t\t\t\t\t\t<\/section>\r\n\t\t\t\t\r\n\t\t<section\t\t class=\"elementor-section elementor-top-section elementor-element elementor-element-4cd7c1cd elementor-section-content-middle animated-slow elementor-section-boxed elementor-section-height-default elementor-section-height-default elementor-invisible\" data-id=\"4cd7c1cd\" data-element_type=\"section\" data-settings=\"{&quot;animation&quot;:&quot;fadeInUp&quot;}\">\r\n\t\t\r\n\t\t\t\t\t\t\t\t\t\t<div class=\"elementor-container elementor-column-gap-default\" >\r\n\r\n\t\t\t\t\r\n\t\t\t\t\t\t\t\t\t\t\t\t\t\t<div\t\t class=\"elementor-column elementor-col-50 elementor-top-column elementor-element elementor-element-370ae9cf\" data-id=\"370ae9cf\" data-element_type=\"column\">\r\n\t\t\t\r\n\t\t\t\r\n\t\t\t\r\n\t\t\t<div class=\"elementor-widget-wrap elementor-element-populated\">\r\n\t\t\t\t\t\t\t\t<div class=\"elementor-element elementor-element-276d8f1b elementor-widget elementor-widget-image\" data-id=\"276d8f1b\" data-element_type=\"widget\" data-widget_type=\"image.default\">\n\t\t\t\t<div class=\"elementor-widget-container\">\n\t\t\t\t\t\t\t\t\t\t\t\t\t\t\t<img decoding=\"async\" src=\"https:\/\/www.brandsfirst.pt\/wp-content\/uploads\/elementor\/thumbs\/Responsabilidade-social-qvnacbsqg9ij3tbam26lcxm4qmafxi1rskagle7hr4.jpg\" title=\"Responsabilit\u00e9 sociale\" alt=\"Responsabilit\u00e9 sociale\" loading=\"lazy\" \/>\t\t\t\t\t\t\t\t\t\t\t\t\t\t\t<\/div>\n\t\t\t\t<\/div>\n\t\t\r\n\t\t\r\n\t\t\t\t\t\t\t<\/div>\r\n\t\t\t\r\n\t\t<\/div>\r\n\t\t\t\t<div\t\t class=\"elementor-column elementor-col-50 elementor-top-column elementor-element elementor-element-5fb78335\" data-id=\"5fb78335\" data-element_type=\"column\">\r\n\t\t\t\r\n\t\t\t\r\n\t\t\t\r\n\t\t\t<div class=\"elementor-widget-wrap elementor-element-populated\">\r\n\t\t\t\t\t\t\t\t<div class=\"elementor-element elementor-element-7706f6d mx-lg-280 elementor-widget elementor-widget-heading\" data-id=\"7706f6d\" data-element_type=\"widget\" data-widget_type=\"heading.default\">\n\t\t\t\t<div class=\"elementor-widget-container\">\n\t\t\t\t\t<h2 class=\"elementor-heading-title elementor-size-default\">Responsabilit\u00e9 sociale<\/h2>\t\t\t\t<\/div>\n\t\t\t\t<\/div>\n\t\t\t\t<div class=\"elementor-element elementor-element-9e6445d elementor-widget elementor-widget-text-editor\" data-id=\"9e6445d\" data-element_type=\"widget\" data-widget_type=\"text-editor.default\">\n\t\t\t\t<div class=\"elementor-widget-container\">\n\t\t\t\t\t\t\t\t\t<p style=\"font-weight: 400;\">La responsabilit\u00e9 sociale s'\u00e9tend au-del\u00e0 de nos installations. Nous respectons strictement toutes les r\u00e9glementations l\u00e9gales et \u00e9thiques du march\u00e9, en veillant \u00e0 ce que nos pratiques commerciales soient transparentes et responsables. Nous fournissons \u00e9galement des informations claires et d\u00e9taill\u00e9es sur l'utilisation correcte et durable de nos produits, en encourageant des pratiques de consommation responsables.<\/p><p style=\"font-weight: 400;\">Nous pensons que l'\u00e9ducation des consommateurs est un \u00e9l\u00e9ment fondamental de notre responsabilit\u00e9 sociale.<\/p>\t\t\t\t\t\t\t\t<\/div>\n\t\t\t\t<\/div>\n\t\t\r\n\t\t\r\n\t\t\t\t\t\t\t<\/div>\r\n\t\t\t\r\n\t\t<\/div>\r\n\t\t\t\t\t\t\t\t\t\t\t\t\t\t\t\t\t<\/div>\r\n\t\t\t\t\t\t<\/section>\r\n\t\t\t\t\r\n\t\t<section\t\t class=\"elementor-section elementor-top-section elementor-element elementor-element-5d0f133 elementor-section-content-middle elementor-section-boxed elementor-section-height-default elementor-section-height-default elementor-invisible\" data-id=\"5d0f133\" data-element_type=\"section\" data-settings=\"{&quot;animation&quot;:&quot;fadeIn&quot;}\">\r\n\t\t\r\n\t\t\t\t\t\t\t\t\t\t<div class=\"elementor-container elementor-column-gap-default\" >\r\n\r\n\t\t\t\t\r\n\t\t\t\t\t\t\t\t\t\t\t\t\t\t<div\t\t class=\"elementor-column elementor-col-100 elementor-top-column elementor-element elementor-element-c8e059b\" data-id=\"c8e059b\" data-element_type=\"column\">\r\n\t\t\t\r\n\t\t\t\r\n\t\t\t\r\n\t\t\t<div class=\"elementor-widget-wrap elementor-element-populated\">\r\n\t\t\t\t\t\t\t\t<div class=\"elementor-element elementor-element-d3334d7 mx-lg-280 elementor-widget__width-inherit elementor-widget elementor-widget-heading\" data-id=\"d3334d7\" data-element_type=\"widget\" data-widget_type=\"heading.default\">\n\t\t\t\t<div class=\"elementor-widget-container\">\n\t\t\t\t\t<h2 class=\"elementor-heading-title elementor-size-default\">Responsabilit\u00e9 en mati\u00e8re de production<\/h2>\t\t\t\t<\/div>\n\t\t\t\t<\/div>\n\t\t\t\t<div class=\"elementor-element elementor-element-897882f elementor-widget elementor-widget-text-editor\" data-id=\"897882f\" data-element_type=\"widget\" data-widget_type=\"text-editor.default\">\n\t\t\t\t<div class=\"elementor-widget-container\">\n\t\t\t\t\t\t\t\t\t<p style=\"font-weight: 400;\">Gr\u00e2ce \u00e0 un processus de fabrication certifi\u00e9 par l'IFS Food (International Featured Standard), nous garantissons les normes de qualit\u00e9 et de s\u00e9curit\u00e9 les plus \u00e9lev\u00e9es. Toutes les mati\u00e8res premi\u00e8res proviennent de fournisseurs certifi\u00e9s, ce qui garantit la qualit\u00e9 et le respect de l'\u00e9thique tout au long de notre cha\u00eene d'approvisionnement.<\/p><p style=\"font-weight: 400;\">Un aspect distinctif et de plus en plus appr\u00e9ci\u00e9 de notre production est le fait que tous nos produits sont certifi\u00e9s v\u00e9g\u00e9taliens. \u00c0 une \u00e9poque o\u00f9 les consommateurs sont de plus en plus sensibles aux questions \u00e9thiques et environnementales, BrandsFirst se distingue en proposant une gamme compl\u00e8te de produits exempts d'ingr\u00e9dients d'origine animale. Cette caract\u00e9ristique est une r\u00e9ponse \u00e0 la demande croissante de produits plus conscients et un reflet de l'engagement de longue date en faveur de pratiques \u00e9thiques et durables.<\/p><p style=\"font-weight: 400;\">En optant pour les formules v\u00e9g\u00e9taliennes 100%, nous nous assurons que les produits r\u00e9pondent aux attentes des consommateurs les plus exigeants en termes d'\u00e9thique, sans compromis sur l'efficacit\u00e9. Cette approche nous permet de servir un plus large \u00e9ventail de consommateurs, y compris ceux qui suivent un mode de vie v\u00e9g\u00e9talien, ainsi que les institutions et les entreprises qui privil\u00e9gient les fournisseurs ayant des pratiques \u00e9thiques.<\/p><p style=\"font-weight: 400;\">La certification v\u00e9gane de nos produits est plus qu'un \u00e9l\u00e9ment de diff\u00e9renciation sur le march\u00e9, mais une manifestation concr\u00e8te de notre engagement \u00e0 ouvrir la voie \u00e0 une industrie du nettoyage plus \u00e9thique et plus durable. Chez BrandsFirst, nous pensons qu'il est possible de proposer des produits d'entretien performants tout en respectant les principes \u00e9thiques et les pr\u00e9occupations environnementales de nos consommateurs.<\/p>\t\t\t\t\t\t\t\t<\/div>\n\t\t\t\t<\/div>\n\t\t\r\n\t\t\r\n\t\t\t\t\t\t\t<\/div>\r\n\t\t\t\r\n\t\t<\/div>\r\n\t\t\t\t\t\t\t\t\t\t\t\t\t\t\t\t\t<\/div>\r\n\t\t\t\t\t\t<\/section>\r\n\t\t\t\t\r\n\t\t<section\t\t class=\"elementor-section elementor-top-section elementor-element elementor-element-ab46fa1 elementor-section-content-middle animated-slow elementor-section-boxed elementor-section-height-default elementor-section-height-default elementor-invisible\" data-id=\"ab46fa1\" data-element_type=\"section\" data-settings=\"{&quot;animation&quot;:&quot;fadeInUp&quot;}\">\r\n\t\t\r\n\t\t\t\t\t\t\t\t\t\t<div class=\"elementor-container elementor-column-gap-default\" >\r\n\r\n\t\t\t\t\r\n\t\t\t\t\t\t\t\t\t\t\t\t\t\t<div\t\t class=\"elementor-column elementor-col-50 elementor-top-column elementor-element elementor-element-df75607\" data-id=\"df75607\" data-element_type=\"column\">\r\n\t\t\t\r\n\t\t\t\r\n\t\t\t\r\n\t\t\t<div class=\"elementor-widget-wrap elementor-element-populated\">\r\n\t\t\t\t\t\t\t\t<div class=\"elementor-element elementor-element-29c6b4c elementor-widget elementor-widget-image\" data-id=\"29c6b4c\" data-element_type=\"widget\" data-widget_type=\"image.default\">\n\t\t\t\t<div class=\"elementor-widget-container\">\n\t\t\t\t\t\t\t\t\t\t\t\t\t\t\t<img fetchpriority=\"high\" decoding=\"async\" width=\"1000\" height=\"857\" src=\"https:\/\/www.brandsfirst.pt\/wp-content\/uploads\/2024\/08\/Compromisso-com-o-futuro.jpg\" class=\"attachment-full size-full wp-image-8678\" alt=\"Engagement pour l&#039;avenir\" srcset=\"https:\/\/www.brandsfirst.pt\/wp-content\/uploads\/2024\/08\/Compromisso-com-o-futuro.jpg 1000w, https:\/\/www.brandsfirst.pt\/wp-content\/uploads\/2024\/08\/Compromisso-com-o-futuro-600x514.jpg 600w, https:\/\/www.brandsfirst.pt\/wp-content\/uploads\/2024\/08\/Compromisso-com-o-futuro-300x257.jpg 300w, https:\/\/www.brandsfirst.pt\/wp-content\/uploads\/2024\/08\/Compromisso-com-o-futuro-768x658.jpg 768w, https:\/\/www.brandsfirst.pt\/wp-content\/uploads\/2024\/08\/Compromisso-com-o-futuro-14x12.jpg 14w, https:\/\/www.brandsfirst.pt\/wp-content\/uploads\/2024\/08\/Compromisso-com-o-futuro-150x129.jpg 150w\" sizes=\"(max-width: 1000px) 100vw, 1000px\" \/>\t\t\t\t\t\t\t\t\t\t\t\t\t\t\t<\/div>\n\t\t\t\t<\/div>\n\t\t\r\n\t\t\r\n\t\t\t\t\t\t\t<\/div>\r\n\t\t\t\r\n\t\t<\/div>\r\n\t\t\t\t<div\t\t class=\"elementor-column elementor-col-50 elementor-top-column elementor-element elementor-element-8817234\" data-id=\"8817234\" data-element_type=\"column\">\r\n\t\t\t\r\n\t\t\t\r\n\t\t\t\r\n\t\t\t<div class=\"elementor-widget-wrap elementor-element-populated\">\r\n\t\t\t\t\t\t\t\t<div class=\"elementor-element elementor-element-bb057d6 mx-lg-280 elementor-widget elementor-widget-heading\" data-id=\"bb057d6\" data-element_type=\"widget\" data-widget_type=\"heading.default\">\n\t\t\t\t<div class=\"elementor-widget-container\">\n\t\t\t\t\t<h2 class=\"elementor-heading-title elementor-size-default\">Engagement pour l'avenir<\/h2>\t\t\t\t<\/div>\n\t\t\t\t<\/div>\n\t\t\t\t<div class=\"elementor-element elementor-element-94c98a1 elementor-widget elementor-widget-text-editor\" data-id=\"94c98a1\" data-element_type=\"widget\" data-widget_type=\"text-editor.default\">\n\t\t\t\t<div class=\"elementor-widget-container\">\n\t\t\t\t\t\t\t\t\t<p style=\"font-weight: 400;\">Chez BrandsFirst, l'engagement en faveur de l'innovation et de la durabilit\u00e9 est continu et orient\u00e9 vers l'avenir. Nous nous fixons des objectifs ambitieux qui couvrent tous les aspects de nos activit\u00e9s, de la formulation des produits \u00e0 leur distribution.<\/p><p style=\"font-weight: 400;\">En mati\u00e8re de d\u00e9veloppement de produits, nous nous concentrons sur les formules \u00e9cologiques et 100% vegan. Nous avons l'intention de maintenir et de renforcer notre position en tant que r\u00e9f\u00e9rence en mati\u00e8re de produits de nettoyage \u00e9thiques et durables, en r\u00e9pondant aux demandes croissantes de consommateurs plus conscients.<\/p><p style=\"font-weight: 400;\">Nous reconnaissons que le d\u00e9veloppement durable est un processus d'am\u00e9lioration continue. C'est pourquoi nous nous engageons \u00e0 \u00e9valuer et \u00e0 am\u00e9liorer constamment nos pratiques.<\/p><p style=\"font-weight: 400;\">Chez BrandsFirst, notre objectif est de d\u00e9montrer qu'il est possible d'op\u00e9rer de mani\u00e8re responsable, \u00e9thique et durable au XXIe si\u00e8cle, et de concilier efficacit\u00e9 et responsabilit\u00e9 environnementale.<\/p>\t\t\t\t\t\t\t\t<\/div>\n\t\t\t\t<\/div>\n\t\t\r\n\t\t\r\n\t\t\t\t\t\t\t<\/div>\r\n\t\t\t\r\n\t\t<\/div>\r\n\t\t\t\t\t\t\t\t\t\t\t\t\t\t\t\t\t<\/div>\r\n\t\t\t\t\t\t<\/section>\r\n\t\t\t\t<\/div>","protected":false},"excerpt":{"rendered":"<p>Sustentabilidade e Responsabilidade Compromisso com a sustentabilidade e responsabilidade social. Produtos de limpeza eco-friendly, pr\u00e1ticas \u00e9ticas e impacto positivo na comunidade. A BrandsFirst assume um compromisso firme com a sustentabilidade e responsabilidade social em todas as suas opera\u00e7\u00f5es. Este compromisso reflete-se no desenvolvimento de produtos, nos processos de fabrico e na intera\u00e7\u00e3o com a comunidade [&hellip;]<\/p>","protected":false},"author":4,"featured_media":0,"parent":0,"menu_order":0,"comment_status":"closed","ping_status":"closed","template":"","meta":{"footnotes":""},"class_list":["post-8661","page","type-page","status-publish","hentry"],"_links":{"self":[{"href":"https:\/\/www.brandsfirst.pt\/fr\/wp-json\/wp\/v2\/pages\/8661","targetHints":{"allow":["GET"]}}],"collection":[{"href":"https:\/\/www.brandsfirst.pt\/fr\/wp-json\/wp\/v2\/pages"}],"about":[{"href":"https:\/\/www.brandsfirst.pt\/fr\/wp-json\/wp\/v2\/types\/page"}],"author":[{"embeddable":true,"href":"https:\/\/www.brandsfirst.pt\/fr\/wp-json\/wp\/v2\/users\/4"}],"replies":[{"embeddable":true,"href":"https:\/\/www.brandsfirst.pt\/fr\/wp-json\/wp\/v2\/comments?post=8661"}],"version-history":[{"count":13,"href":"https:\/\/www.brandsfirst.pt\/fr\/wp-json\/wp\/v2\/pages\/8661\/revisions"}],"predecessor-version":[{"id":9073,"href":"https:\/\/www.brandsfirst.pt\/fr\/wp-json\/wp\/v2\/pages\/8661\/revisions\/9073"}],"wp:attachment":[{"href":"https:\/\/www.brandsfirst.pt\/fr\/wp-json\/wp\/v2\/media?parent=8661"}],"curies":[{"name":"wp","href":"https:\/\/api.w.org\/{rel}","templated":true}]}}