{"id":1746,"date":"2020-09-14T17:35:53","date_gmt":"2020-09-14T17:35:53","guid":{"rendered":"https:\/\/d-themes.com\/wordpress\/riode\/dummy\/demo-7\/?page_id=1746"},"modified":"2024-10-30T12:53:16","modified_gmt":"2024-10-30T12:53:16","slug":"institucional","status":"publish","type":"page","link":"https:\/\/www.brandsfirst.pt\/fr\/institutionnel\/","title":{"rendered":"Institutionnel"},"content":{"rendered":"<div data-elementor-type=\"wp-page\" data-elementor-id=\"1746\" class=\"elementor elementor-1746\" data-elementor-post-type=\"page\">\n\t\t\t\t\t\t\r\n\t\t<section\t\t class=\"d-lazy-back elementor-section elementor-top-section elementor-element elementor-element-68e3e5ef elementor-section-full_width elementor-section-stretched elementor-section-height-default elementor-section-height-default\" data-lazy=\"https:\/\/www.brandsfirst.pt\/wp-content\/uploads\/2024\/09\/institucional-brandsfirst.jpg\" data-id=\"68e3e5ef\" data-element_type=\"section\" data-settings=\"{&quot;background_background&quot;:&quot;classic&quot;,&quot;stretch_section&quot;:&quot;section-stretched&quot;}\">\r\n\t\t\r\n\t\t\t\t\t\t\t<div class=\"elementor-background-overlay\"><\/div>\r\n\t\t\t\t\t\t\t\t\t\t\t<div class=\"elementor-container elementor-column-gap-default\" >\r\n\r\n\t\t\t\t\r\n\t\t\t\t\t\t\t\t\t\t\t\t\t\t<div\t\t class=\"elementor-column elementor-col-100 elementor-top-column elementor-element elementor-element-7a87523b elementor-invisible\" data-id=\"7a87523b\" data-element_type=\"column\" data-settings=\"{&quot;animation&quot;:&quot;fadeIn&quot;}\">\r\n\t\t\t\r\n\t\t\t\r\n\t\t\t\r\n\t\t\t<div class=\"elementor-widget-wrap elementor-element-populated\">\r\n\t\t\t\t\t\t\t\t<div class=\"elementor-element elementor-element-1d844a6b elementor-widget elementor-widget-heading\" data-id=\"1d844a6b\" data-element_type=\"widget\" data-widget_type=\"heading.default\">\n\t\t\t\t<div class=\"elementor-widget-container\">\n\t\t\t\t\t<h1 class=\"elementor-heading-title elementor-size-default\">Institutionnel<\/h1>\t\t\t\t<\/div>\n\t\t\t\t<\/div>\n\t\t\t\t<div class=\"elementor-element elementor-element-518c0dae elementor-widget elementor-widget-heading\" data-id=\"518c0dae\" data-element_type=\"widget\" data-widget_type=\"heading.default\">\n\t\t\t\t<div class=\"elementor-widget-container\">\n\t\t\t\t\t<p class=\"elementor-heading-title elementor-size-default\">D\u00e9couvrez l'histoire de BrandsFirst : 20 ans d'innovation dans les produits de nettoyage<br \/> Une qualit\u00e9 sup\u00e9rieure, des prix abordables et un engagement en faveur du d\u00e9veloppement durable.<\/p>\t\t\t\t<\/div>\n\t\t\t\t<\/div>\n\t\t\r\n\t\t\r\n\t\t\t\t\t\t\t<\/div>\r\n\t\t\t\r\n\t\t<\/div>\r\n\t\t\t\t\t\t\t\t\t\t\t\t\t\t\t\t\t<\/div>\r\n\t\t\t\t\t\t<\/section>\r\n\t\t\t\t\r\n\t\t<section\t\t class=\"elementor-section elementor-top-section elementor-element elementor-element-595d57b1 elementor-section-content-middle elementor-section-boxed elementor-section-height-default elementor-section-height-default elementor-invisible\" data-id=\"595d57b1\" data-element_type=\"section\" data-settings=\"{&quot;animation&quot;:&quot;fadeIn&quot;}\">\r\n\t\t\r\n\t\t\t\t\t\t\t\t\t\t<div class=\"elementor-container elementor-column-gap-default\" >\r\n\r\n\t\t\t\t\r\n\t\t\t\t\t\t\t\t\t\t\t\t\t\t<div\t\t class=\"elementor-column elementor-col-100 elementor-top-column elementor-element elementor-element-7eb385bb\" data-id=\"7eb385bb\" data-element_type=\"column\">\r\n\t\t\t\r\n\t\t\t\r\n\t\t\t\r\n\t\t\t<div class=\"elementor-widget-wrap elementor-element-populated\">\r\n\t\t\t\t\t\t\t\t<div class=\"elementor-element elementor-element-303517d2 mx-lg-280 elementor-widget elementor-widget-heading\" data-id=\"303517d2\" data-element_type=\"widget\" data-widget_type=\"heading.default\">\n\t\t\t\t<div class=\"elementor-widget-container\">\n\t\t\t\t\t<h2 class=\"elementor-heading-title elementor-size-default\">BrandsFirst : Historique <\/h2>\t\t\t\t<\/div>\n\t\t\t\t<\/div>\n\t\t\t\t<div class=\"elementor-element elementor-element-5193186 elementor-widget elementor-widget-text-editor\" data-id=\"5193186\" data-element_type=\"widget\" data-widget_type=\"text-editor.default\">\n\t\t\t\t<div class=\"elementor-widget-container\">\n\t\t\t\t\t\t\t\t\t<p style=\"font-weight: 400;\"><strong>BrandsFirst a commenc\u00e9 ses activit\u00e9s en 2004 dans le but d'offrir des solutions de nettoyage efficaces et abordables au march\u00e9 portugais.<\/strong> Aujourd'hui, sa pr\u00e9sence s'\u00e9tend au-del\u00e0 des fronti\u00e8res \u00e0 plusieurs pays des continents africain et europ\u00e9en, avec une attention particuli\u00e8re pour les communaut\u00e9s portugaises \u00e0 l'\u00e9tranger.<\/p><p style=\"font-weight: 400;\">L'expansion internationale nous permet de comprendre les besoins sp\u00e9cifiques des diff\u00e9rents march\u00e9s et cultures, ce qui constitue une connaissance fondamentale pour l'am\u00e9lioration continue des formules et le d\u00e9veloppement de produits qui r\u00e9pondent aux exigences mondiales en mati\u00e8re de nettoyage, tant dans le secteur domestique que dans le secteur professionnel.<\/p><p style=\"font-weight: 400;\"><strong>La strat\u00e9gie de d\u00e9veloppement de produits de qualit\u00e9 \u00e0 des prix comp\u00e9titifs se traduit par une gamme concise de produits polyvalents, capables de r\u00e9pondre efficacement \u00e0 de multiples besoins de nettoyage, afin de simplifier le choix des consommateurs et de promouvoir des pratiques plus durables dans la production et l'utilisation des produits de nettoyage.<\/strong><\/p>\t\t\t\t\t\t\t\t<\/div>\n\t\t\t\t<\/div>\n\t\t\t\t<div class=\"elementor-element elementor-element-43e1a549 mx-lg-280 elementor-widget elementor-widget-heading\" data-id=\"43e1a549\" data-element_type=\"widget\" data-widget_type=\"heading.default\">\n\t\t\t\t<div class=\"elementor-widget-container\">\n\t\t\t\t\t<h3 class=\"elementor-heading-title elementor-size-default\">La mission<\/h3>\t\t\t\t<\/div>\n\t\t\t\t<\/div>\n\t\t\t\t<div class=\"elementor-element elementor-element-b24ed43 elementor-widget elementor-widget-text-editor\" data-id=\"b24ed43\" data-element_type=\"widget\" data-widget_type=\"text-editor.default\">\n\t\t\t\t<div class=\"elementor-widget-container\">\n\t\t\t\t\t\t\t\t\t<p style=\"font-weight: 400;\">La mission de BrandsFirst est de simplifier la vie des consommateurs gr\u00e2ce \u00e0 des solutions de nettoyage efficaces, abordables et polyvalentes. Nous nous engageons \u00e0 d\u00e9velopper une gamme concise de produits qui r\u00e9pondent aux divers besoins de nettoyage des secteurs domestique et professionnel, tout en promouvant des pratiques durables.<\/p>\t\t\t\t\t\t\t\t<\/div>\n\t\t\t\t<\/div>\n\t\t\r\n\t\t\r\n\t\t\t\t\t\t\t<\/div>\r\n\t\t\t\r\n\t\t<\/div>\r\n\t\t\t\t\t\t\t\t\t\t\t\t\t\t\t\t\t<\/div>\r\n\t\t\t\t\t\t<\/section>\r\n\t\t\t\t\r\n\t\t<section\t\t class=\"elementor-section elementor-top-section elementor-element elementor-element-4cd7c1cd elementor-section-content-middle animated-slow elementor-section-boxed elementor-section-height-default elementor-section-height-default elementor-invisible\" data-id=\"4cd7c1cd\" data-element_type=\"section\" data-settings=\"{&quot;animation&quot;:&quot;fadeInUp&quot;}\">\r\n\t\t\r\n\t\t\t\t\t\t\t\t\t\t<div class=\"elementor-container elementor-column-gap-default\" >\r\n\r\n\t\t\t\t\r\n\t\t\t\t\t\t\t\t\t\t\t\t\t\t<div\t\t class=\"elementor-column elementor-col-50 elementor-top-column elementor-element elementor-element-370ae9cf\" data-id=\"370ae9cf\" data-element_type=\"column\">\r\n\t\t\t\r\n\t\t\t\r\n\t\t\t\r\n\t\t\t<div class=\"elementor-widget-wrap elementor-element-populated\">\r\n\t\t\t\t\t\t\t\t<div class=\"elementor-element elementor-element-276d8f1b elementor-widget elementor-widget-image\" data-id=\"276d8f1b\" data-element_type=\"widget\" data-widget_type=\"image.default\">\n\t\t\t\t<div class=\"elementor-widget-container\">\n\t\t\t\t\t\t\t\t\t\t\t\t\t\t\t<img decoding=\"async\" src=\"https:\/\/d-themes.com\/wordpress\/riode\/elements\/wp-content\/uploads\/sites\/3\/2021\/01\/step-1-1.jpg\" title=\"\" alt=\"BrandsFirst, Produits de nettoyage, Brands1st\" loading=\"lazy\">\t\t\t\t\t\t\t\t\t\t\t\t\t\t\t<\/div>\n\t\t\t\t<\/div>\n\t\t\r\n\t\t\r\n\t\t\t\t\t\t\t<\/div>\r\n\t\t\t\r\n\t\t<\/div>\r\n\t\t\t\t<div\t\t class=\"elementor-column elementor-col-50 elementor-top-column elementor-element elementor-element-5fb78335\" data-id=\"5fb78335\" data-element_type=\"column\">\r\n\t\t\t\r\n\t\t\t\r\n\t\t\t\r\n\t\t\t<div class=\"elementor-widget-wrap elementor-element-populated\">\r\n\t\t\t\t\t\t\t\t<div class=\"elementor-element elementor-element-7706f6d mx-lg-280 elementor-widget elementor-widget-heading\" data-id=\"7706f6d\" data-element_type=\"widget\" data-widget_type=\"heading.default\">\n\t\t\t\t<div class=\"elementor-widget-container\">\n\t\t\t\t\t<h3 class=\"elementor-heading-title elementor-size-default\">Vision<\/h3>\t\t\t\t<\/div>\n\t\t\t\t<\/div>\n\t\t\t\t<div class=\"elementor-element elementor-element-9e6445d elementor-widget elementor-widget-text-editor\" data-id=\"9e6445d\" data-element_type=\"widget\" data-widget_type=\"text-editor.default\">\n\t\t\t\t<div class=\"elementor-widget-container\">\n\t\t\t\t\t\t\t\t\t<p style=\"font-weight: 400;\">BrandsFirst aspire \u00e0 \u00eatre reconnu comme un leader de r\u00e9f\u00e9rence en mati\u00e8re de solutions de nettoyage innovantes et durables, tant sur le march\u00e9 national qu'international. Nous voulons \u00eatre le choix pr\u00e9f\u00e9r\u00e9 des consommateurs et des professionnels qui recherchent la qualit\u00e9, l'efficacit\u00e9 et la responsabilit\u00e9 environnementale \u00e0 des prix comp\u00e9titifs.<\/p>\t\t\t\t\t\t\t\t<\/div>\n\t\t\t\t<\/div>\n\t\t\t\t<div class=\"elementor-element elementor-element-325b7c9 mx-lg-280 elementor-widget elementor-widget-heading\" data-id=\"325b7c9\" data-element_type=\"widget\" data-widget_type=\"heading.default\">\n\t\t\t\t<div class=\"elementor-widget-container\">\n\t\t\t\t\t<h3 class=\"elementor-heading-title elementor-size-default\">Valeurs<\/h3>\t\t\t\t<\/div>\n\t\t\t\t<\/div>\n\t\t\t\t<div class=\"elementor-element elementor-element-1703de7 elementor-widget elementor-widget-text-editor\" data-id=\"1703de7\" data-element_type=\"widget\" data-widget_type=\"text-editor.default\">\n\t\t\t\t<div class=\"elementor-widget-container\">\n\t\t\t\t\t\t\t\t\t<ul><li><strong>Qualit\u00e9 :<\/strong> Un engagement in\u00e9branlable en faveur de l'excellence de nos produits.<\/li><li><strong>Accessibilit\u00e9 :<\/strong> Offrir des solutions efficaces \u00e0 des prix comp\u00e9titifs.<\/li><li><strong>Polyvalence :<\/strong> D\u00e9veloppement de produits multifonctionnels qui simplifient la vie des consommateurs.<\/li><li><strong>Durabilit\u00e9 :<\/strong> Promouvoir des pratiques responsables dans la production et l'utilisation de nos produits.<\/li><li><strong>L'innovation :<\/strong> Recherche permanente de formules et de solutions am\u00e9lior\u00e9es qui r\u00e9pondent aux besoins changeants des consommateurs.<\/li><li><strong>Responsabilit\u00e9 :<\/strong> Agir de mani\u00e8re \u00e9thique et transparente dans tous les aspects de notre activit\u00e9.<\/li><li><strong>Capacit\u00e9 d'adaptation :<\/strong> Capacit\u00e9 \u00e0 comprendre les besoins sp\u00e9cifiques des diff\u00e9rents march\u00e9s et cultures et \u00e0 y r\u00e9pondre.<\/li><\/ul>\t\t\t\t\t\t\t\t<\/div>\n\t\t\t\t<\/div>\n\t\t\r\n\t\t\r\n\t\t\t\t\t\t\t<\/div>\r\n\t\t\t\r\n\t\t<\/div>\r\n\t\t\t\t\t\t\t\t\t\t\t\t\t\t\t\t\t<\/div>\r\n\t\t\t\t\t\t<\/section>\r\n\t\t\t\t\r\n\t\t<section\t\t class=\"elementor-section elementor-top-section elementor-element elementor-element-b026537 elementor-section-content-middle elementor-section-boxed elementor-section-height-default elementor-section-height-default elementor-invisible\" data-id=\"b026537\" data-element_type=\"section\" data-settings=\"{&quot;animation&quot;:&quot;fadeIn&quot;}\">\r\n\t\t\r\n\t\t\t\t\t\t\t\t\t\t<div class=\"elementor-container elementor-column-gap-default\" >\r\n\r\n\t\t\t\t\r\n\t\t\t\t\t\t\t\t\t\t\t\t\t\t<div\t\t class=\"elementor-column elementor-col-100 elementor-top-column elementor-element elementor-element-4acab93\" data-id=\"4acab93\" data-element_type=\"column\">\r\n\t\t\t\r\n\t\t\t\r\n\t\t\t\r\n\t\t\t<div class=\"elementor-widget-wrap elementor-element-populated\">\r\n\t\t\t\t\t\t\t\t<div class=\"elementor-element elementor-element-5deb780 mx-lg-280 elementor-widget elementor-widget-heading\" data-id=\"5deb780\" data-element_type=\"widget\" data-widget_type=\"heading.default\">\n\t\t\t\t<div class=\"elementor-widget-container\">\n\t\t\t\t\t<h3 class=\"elementor-heading-title elementor-size-default\">Vision d'avenir<\/h3>\t\t\t\t<\/div>\n\t\t\t\t<\/div>\n\t\t\t\t<div class=\"elementor-element elementor-element-b1daaaa elementor-widget elementor-widget-text-editor\" data-id=\"b1daaaa\" data-element_type=\"widget\" data-widget_type=\"text-editor.default\">\n\t\t\t\t<div class=\"elementor-widget-container\">\n\t\t\t\t\t\t\t\t\t<p style=\"font-weight: 400;\">\u00c0 partir de 2020, nous renforcerons notre pr\u00e9sence sur le march\u00e9 national, en mettant \u00e0 profit l'exp\u00e9rience que nous avons acquise \u00e0 l'\u00e9chelle internationale pour offrir des produits de haute qualit\u00e9 \u00e0 des prix comp\u00e9titifs au Portugal. Nous restons d\u00e9termin\u00e9s \u00e0 simplifier la vie des consommateurs gr\u00e2ce \u00e0 des solutions de nettoyage efficaces et polyvalentes qui r\u00e9pondent \u00e0 tous les besoins de nettoyage et d'assainissement dans les environnements domestiques et professionnels.<\/p><p style=\"font-weight: 400;\">BrandsFirst s'engage \u00e0 rester \u00e0 la pointe de l'innovation dans le domaine des produits de nettoyage, contribuant ainsi \u00e0 un avenir plus propre et plus durable.<\/p>\t\t\t\t\t\t\t\t<\/div>\n\t\t\t\t<\/div>\n\t\t\r\n\t\t\r\n\t\t\t\t\t\t\t<\/div>\r\n\t\t\t\r\n\t\t<\/div>\r\n\t\t\t\t\t\t\t\t\t\t\t\t\t\t\t\t\t<\/div>\r\n\t\t\t\t\t\t<\/section>\r\n\t\t\t\t<\/div>","protected":false},"excerpt":{"rendered":"<p>Institucional Descubra a hist\u00f3ria da BrandsFirst: 20 anos de inova\u00e7\u00e3o em produtos de limpeza Qualidade superior, pre\u00e7os acess\u00edveis e compromisso com a sustentabilidade. BrandsFirst: Hist\u00f3ria A BrandsFirst inicia atividade em 2004 com o objetivo de oferecer solu\u00e7\u00f5es de limpeza eficazes e acess\u00edveis ao mercado portugu\u00eas. Atualmente, a presen\u00e7a estende-se al\u00e9m-fronteiras, abrangendo diversos pa\u00edses do continente [&hellip;]<\/p>","protected":false},"author":4,"featured_media":0,"parent":0,"menu_order":0,"comment_status":"closed","ping_status":"closed","template":"","meta":{"footnotes":""},"class_list":["post-1746","page","type-page","status-publish","hentry"],"_links":{"self":[{"href":"https:\/\/www.brandsfirst.pt\/fr\/wp-json\/wp\/v2\/pages\/1746","targetHints":{"allow":["GET"]}}],"collection":[{"href":"https:\/\/www.brandsfirst.pt\/fr\/wp-json\/wp\/v2\/pages"}],"about":[{"href":"https:\/\/www.brandsfirst.pt\/fr\/wp-json\/wp\/v2\/types\/page"}],"author":[{"embeddable":true,"href":"https:\/\/www.brandsfirst.pt\/fr\/wp-json\/wp\/v2\/users\/4"}],"replies":[{"embeddable":true,"href":"https:\/\/www.brandsfirst.pt\/fr\/wp-json\/wp\/v2\/comments?post=1746"}],"version-history":[{"count":25,"href":"https:\/\/www.brandsfirst.pt\/fr\/wp-json\/wp\/v2\/pages\/1746\/revisions"}],"predecessor-version":[{"id":9070,"href":"https:\/\/www.brandsfirst.pt\/fr\/wp-json\/wp\/v2\/pages\/1746\/revisions\/9070"}],"wp:attachment":[{"href":"https:\/\/www.brandsfirst.pt\/fr\/wp-json\/wp\/v2\/media?parent=1746"}],"curies":[{"name":"wp","href":"https:\/\/api.w.org\/{rel}","templated":true}]}}