{"id":8779,"date":"2024-08-16T16:06:24","date_gmt":"2024-08-16T16:06:24","guid":{"rendered":"https:\/\/www.brandsfirst.pt\/?post_type=product&#038;p=8779"},"modified":"2025-04-22T11:28:06","modified_gmt":"2025-04-22T11:28:06","slug":"starlim-limpa-moveis-antiestatico-5l","status":"publish","type":"product","link":"https:\/\/www.brandsfirst.pt\/es\/productos\/starlim-limpiador-antiestatico-de-muebles-5l\/","title":{"rendered":"STARLIM Limpiamuebles Antiest\u00e1tico 5L"},"content":{"rendered":"<div class=\"row mt-6\">\n<div class=\"col-12\">\n<h5 class=\"mb-4\" style=\"font-size: 16px; letter-spacing: -.025em;\">Caracter\u00edsticas<\/h5>\n<p class=\"mb-2\">Limpeza de todo o tipo de m\u00f3veis e superf\u00edcies modernas. Com efeito antiest\u00e1tico. N\u00e3o mancha as superf\u00edcies, deixando-as limpas, com um brilho natural e com um suave aroma frutado.<\/p>\n<ul class=\"list-type-none list-type-check mt-0 mb-8\">\n<li>Repelente do p\u00f3 com efeito antiest\u00e1tico<\/li>\n<li>Indicado para madeiras naturais ou superf\u00edcies como madeiras lavadas, laminadas, couros, napas e pl\u00e1sticos<\/li>\n<li>F\u00f3rmula sem gorduras ou silicone na composi\u00e7\u00e3o<\/li>\n<li>Base aquosa sem solventes<\/li>\n<\/ul>\n<h5 class=\"mb-3\" style=\"font-size: 16px; letter-spacing: -.025em;\">Especifica\u00e7\u00f5es<\/h5>\n<table class=\"table\">\n<tbody style=\"line-height: 1.8;\">\n<tr>\n<th class=\"font-primary font-weight-semi-bold text-dark pl-0\" scope=\"row\">Designa\u00e7\u00e3o<\/th>\n<td class=\"pl-4\">STARLIM Limpa M\u00f3veis Antiest\u00e1tico<\/td>\n<\/tr>\n<tr>\n<th class=\"font-primary font-weight-semi-bold text-dark pl-0\" scope=\"row\">Embalaje<\/th>\n<td class=\"pl-4\">5L<\/td>\n<\/tr>\n<tr>\n<th class=\"font-primary font-weight-semi-bold text-dark pl-0\" scope=\"row\">Quantidade<\/th>\n<td class=\"pl-4\">3 unidades<\/td>\n<\/tr>\n<tr>\n<th class=\"font-primary font-weight-semi-bold text-dark pl-0\" scope=\"row\">Aplica\u00e7\u00f5es<\/th>\n<td class=\"pl-4\">Este produto pode ser aplicado e todo o tipo de madeiras lacadas, laminadas ou naturais, napas, couros, pl\u00e1sticos, etc.<\/td>\n<\/tr>\n<tr>\n<th class=\"font-primary font-weight-semi-bold text-dark pl-0\" scope=\"row\">Modo de Emprego<\/th>\n<td class=\"pl-4\">Aplicar o produto diretamente pulverizando sobre a superf\u00edcie a limpar.<br \/>\nEspalhar como com pano suave at\u00e9 a superf\u00edcies ficar limpa.<br \/>\nEm materiais porosos o produto dever\u00e1 ser aplicado primeiro no pano.<\/td>\n<\/tr>\n<tr>\n<th class=\"border-no font-primary font-weight-semi-bold text-dark pl-0\" scope=\"row\">Fabricante<\/th>\n<td class=\"border-no pl-4\">Starlim<\/td>\n<\/tr>\n<\/tbody>\n<\/table>\n<p>&nbsp;<\/p>\n<\/div>\n<\/div>","protected":false},"excerpt":{"rendered":"<h4 style=\"font-size: 18px; letter-spacing: -.025em; margin: 0; line-height: 1.2;\">STARLIM Limpa M\u00f3veis Antiest\u00e1tico 5L.<\/h4>\n<h5 style=\"font-size: 16px; letter-spacing: -.025em; margin: 0; line-height: 1.2;\">Caja de 3<br \/>\n<span style=\"font-size: 12px; line-height: 1.2;\">PVPR 15,50\u20ac* (Ex Works)<\/span><\/h5>\n<h5 style=\"font-size: 16px; letter-spacing: -.025em; margin: 0; line-height: 1.2;\"><span style=\"font-size: 12px; line-height: 1.2;\">*IVA incluido<\/span><\/h5>\n<p>Limpeza de todo o tipo de m\u00f3veis e superf\u00edcies modernas. Com efeito antiest\u00e1tico. N\u00e3o mancha as superf\u00edcies, deixando-as limpas, com um brilho natural e com um suave aroma frutado. Este produto pode ser aplicado em todo o tipo de superf\u00edcies lav\u00e1veis, nomeadamente madeiras lacadas, laminadas ou naturais, napas, couros, pl\u00e1sticos.<\/p>","protected":false},"featured_media":8986,"comment_status":"open","ping_status":"closed","template":"","meta":[],"product_cat":[15,36,29],"product_tag":[63],"class_list":{"0":"post-8779","1":"product","2":"type-product","3":"status-publish","4":"has-post-thumbnail","6":"product_cat-profissional","7":"product_cat-limpa-moveis","8":"product_cat-limpeza-da-casa","9":"product_tag-linha-profissional","10":"product_shipping_class-linha-profissional","12":"first","13":"instock","14":"shipping-taxable","15":"purchasable","16":"product-type-simple","17":"add-to-wishlist-after_add_to_cart"},"_links":{"self":[{"href":"https:\/\/www.brandsfirst.pt\/es\/wp-json\/wp\/v2\/product\/8779","targetHints":{"allow":["GET"]}}],"collection":[{"href":"https:\/\/www.brandsfirst.pt\/es\/wp-json\/wp\/v2\/product"}],"about":[{"href":"https:\/\/www.brandsfirst.pt\/es\/wp-json\/wp\/v2\/types\/product"}],"replies":[{"embeddable":true,"href":"https:\/\/www.brandsfirst.pt\/es\/wp-json\/wp\/v2\/comments?post=8779"}],"wp:featuredmedia":[{"embeddable":true,"href":"https:\/\/www.brandsfirst.pt\/es\/wp-json\/wp\/v2\/media\/8986"}],"wp:attachment":[{"href":"https:\/\/www.brandsfirst.pt\/es\/wp-json\/wp\/v2\/media?parent=8779"}],"wp:term":[{"taxonomy":"product_cat","embeddable":true,"href":"https:\/\/www.brandsfirst.pt\/es\/wp-json\/wp\/v2\/product_cat?post=8779"},{"taxonomy":"product_tag","embeddable":true,"href":"https:\/\/www.brandsfirst.pt\/es\/wp-json\/wp\/v2\/product_tag?post=8779"}],"curies":[{"name":"wp","href":"https:\/\/api.w.org\/{rel}","templated":true}]}}