{"id":8620,"date":"2024-07-19T16:24:50","date_gmt":"2024-07-19T16:24:50","guid":{"rendered":"https:\/\/www.brandsfirst.pt\/?post_type=product&#038;p=8620"},"modified":"2024-09-18T09:35:51","modified_gmt":"2024-09-18T09:35:51","slug":"b1-bike-cleaner","status":"publish","type":"product","link":"https:\/\/www.brandsfirst.pt\/es\/productos\/limpiador-de-bicicletas-b1\/","title":{"rendered":"B1 Limpiador de bicicletas"},"content":{"rendered":"<div class=\"row mt-6\">\n<div class=\"col-12\">\n<h5 class=\"mb-4\" style=\"font-size: 16px; letter-spacing: -.025em;\">Caracter\u00edsticas<\/h5>\n<p class=\"mb-2\">Produto indicado para a limpeza de todo o tipo de sujidades em bicicletas, motociclos, quadr\u00edciclos, ve\u00edculos todo o terreno, carro\u00e7arias, chassis.<\/p>\n<ul class=\"list-type-none list-type-check mt-0 mb-8\">\n<li>Excelente desempenho na limpeza de bicicletas de uso profissional ou de lazer<\/li>\n<li>Produto n\u00e3o abrasivo em ligas de carbono<\/li>\n<li>A\u00e7\u00e3o r\u00e1pida<\/li>\n<li>Vers\u00e1til e f\u00e1cil de usar<\/li>\n<\/ul>\n<h5 class=\"mb-3\" style=\"font-size: 16px; letter-spacing: -.025em;\">Especifica\u00e7\u00f5es<\/h5>\n<table class=\"table\">\n<tbody style=\"line-height: 1.8;\">\n<tr>\n<th class=\"font-primary font-weight-semi-bold text-dark pl-0\" scope=\"row\">Designa\u00e7\u00e3o<\/th>\n<td class=\"pl-4\">B1 Limpiador de bicicletas<\/td>\n<\/tr>\n<tr>\n<th class=\"font-primary font-weight-semi-bold text-dark pl-0\" scope=\"row\">Embalaje<\/th>\n<td class=\"pl-4\">500ml<\/td>\n<\/tr>\n<tr>\n<th class=\"font-primary font-weight-semi-bold text-dark pl-0\" scope=\"row\">Quantidade<\/th>\n<td class=\"pl-4\">12 unidades<\/td>\n<\/tr>\n<tr>\n<th class=\"font-primary font-weight-semi-bold text-dark pl-0\" scope=\"row\">Aplica\u00e7\u00f5es<\/th>\n<td class=\"pl-4\">Remove eficazmente \u00f3leos, massas, lamas, entre outros. N\u00e3o abrasivo para metais, ligas leves ou de carbono, borrachas ou outros componentes, contudo em caso de d\u00favida dever\u00e1 ser previamente testada a resist\u00eancia do material.<\/td>\n<\/tr>\n<tr>\n<th class=\"font-primary font-weight-semi-bold text-dark pl-0\" scope=\"row\">Modo de Emprego<\/th>\n<td class=\"pl-4\">Limpar previamente todas as superf\u00edcies com \u00e1gua, removendo a sujidade maior e lamas. De seguida, aplicar o produto diretamente nas zonas a limpar. Aguardar 3 minutos, nunca deixando o produto secar nas superf\u00edcies. Enxaguar bem, removendo toda a sujidade e restos de produto.<\/td>\n<\/tr>\n<tr>\n<th class=\"border-no font-primary font-weight-semi-bold text-dark pl-0\" scope=\"row\">Fabricante<\/th>\n<td class=\"border-no pl-4\">BrandsFirst<\/td>\n<\/tr>\n<\/tbody>\n<\/table>\n<p>&nbsp;<\/p>\n<\/div>\n<\/div>","protected":false},"excerpt":{"rendered":"<h4 class=\"mb-4\" style=\"font-size: 18px; letter-spacing: -.025em;\">B1 Bike Cleaner.<\/h4>\n<h5 class=\"mb-4\" style=\"font-size: 16px; letter-spacing: -.025em;\">Caixa de 12 unidades<\/h5>\n<p>Produto indicado para a limpeza de todo o tipo de sujidades em bicicletas, motociclos, quadriciclos, ve\u00edculos todo o terreno, carro\u00e7arias, chassis.<\/p>","protected":false},"featured_media":8621,"comment_status":"open","ping_status":"closed","template":"","meta":[],"product_cat":[46],"product_tag":[79,80,78],"class_list":{"0":"post-8620","1":"product","2":"type-product","3":"status-publish","4":"has-post-thumbnail","6":"product_cat-bicicletas","7":"product_tag-bicicletas","8":"product_tag-motos","9":"product_tag-quadriciclos","11":"first","12":"instock","13":"shipping-taxable","14":"purchasable","15":"product-type-simple","16":"add-to-wishlist-after_add_to_cart"},"_links":{"self":[{"href":"https:\/\/www.brandsfirst.pt\/es\/wp-json\/wp\/v2\/product\/8620","targetHints":{"allow":["GET"]}}],"collection":[{"href":"https:\/\/www.brandsfirst.pt\/es\/wp-json\/wp\/v2\/product"}],"about":[{"href":"https:\/\/www.brandsfirst.pt\/es\/wp-json\/wp\/v2\/types\/product"}],"replies":[{"embeddable":true,"href":"https:\/\/www.brandsfirst.pt\/es\/wp-json\/wp\/v2\/comments?post=8620"}],"wp:featuredmedia":[{"embeddable":true,"href":"https:\/\/www.brandsfirst.pt\/es\/wp-json\/wp\/v2\/media\/8621"}],"wp:attachment":[{"href":"https:\/\/www.brandsfirst.pt\/es\/wp-json\/wp\/v2\/media?parent=8620"}],"wp:term":[{"taxonomy":"product_cat","embeddable":true,"href":"https:\/\/www.brandsfirst.pt\/es\/wp-json\/wp\/v2\/product_cat?post=8620"},{"taxonomy":"product_tag","embeddable":true,"href":"https:\/\/www.brandsfirst.pt\/es\/wp-json\/wp\/v2\/product_tag?post=8620"}],"curies":[{"name":"wp","href":"https:\/\/api.w.org\/{rel}","templated":true}]}}