{"id":8393,"date":"2024-05-24T09:57:53","date_gmt":"2024-05-24T09:57:53","guid":{"rendered":"https:\/\/www.brandsfirst.pt\/?post_type=product&#038;p=8393"},"modified":"2024-09-18T09:35:51","modified_gmt":"2024-09-18T09:35:51","slug":"starlim-tira-gorduras-ultra-recarga-500ml","status":"publish","type":"product","link":"https:\/\/www.brandsfirst.pt\/es\/productos\/starlim-quitagrasas-ultra-refill-500ml\/","title":{"rendered":"STARLIM Ultra Recambio Desengrasante 500ml"},"content":{"rendered":"<div class=\"row mt-6\">\n<div class=\"col-12\">\n<h5 class=\"mb-4\" style=\"font-size: 16px; letter-spacing: -.025em;\">Caracter\u00edsticas<\/h5>\n<p class=\"mb-2\">Desengordurante, remove todos os tipos de gordura sem esfor\u00e7o. Especialmente eficaz na limpeza de bicos de g\u00e1s, grelhas, azulejos, exaustores, panelas, frigideiras, fog\u00f5es, fornos, bancadas, grades, entre outros. Real\u00e7a o brilho do a\u00e7o inoxid\u00e1vel.<\/p>\n<ul class=\"list-type-none list-type-check mt-0 mb-8\">\n<li>Excelente desempenho a frio e a quente<\/li>\n<li>Muito eficaz na remo\u00e7\u00e3o de todo o tipo de gorduras dif\u00edceis<\/li>\n<li>Indicado para descarbonizar grelhas, fog\u00f5es, etc<\/li>\n<li>Vers\u00e1til e f\u00e1cil de usar<\/li>\n<\/ul>\n<h5 class=\"mb-3\" style=\"font-size: 16px; letter-spacing: -.025em;\">Especifica\u00e7\u00f5es<\/h5>\n<table class=\"table\">\n<tbody style=\"line-height: 1.8;\">\n<tr>\n<th class=\"font-primary font-weight-semi-bold text-dark pl-0\" scope=\"row\">Designa\u00e7\u00e3o<\/th>\n<td class=\"pl-4\">STARLIM Tira-gorduras Ultra &#8211; Recarga<\/td>\n<\/tr>\n<tr>\n<th class=\"font-primary font-weight-semi-bold text-dark pl-0\" scope=\"row\">Embalaje<\/th>\n<td class=\"pl-4\">500ml<\/td>\n<\/tr>\n<tr>\n<th class=\"font-primary font-weight-semi-bold text-dark pl-0\" scope=\"row\">Quantidade<\/th>\n<td class=\"pl-4\">12 unidades<\/td>\n<\/tr>\n<tr>\n<th class=\"font-primary font-weight-semi-bold text-dark pl-0\" scope=\"row\">Aplica\u00e7\u00f5es<\/th>\n<td class=\"pl-4\">Limpeza de superf\u00edcies com muita sujidade e gordura.<\/td>\n<\/tr>\n<tr>\n<th class=\"font-primary font-weight-semi-bold text-dark pl-0\" scope=\"row\">Modo de Emprego<\/th>\n<td class=\"pl-4\">Pulverize a superf\u00edcie a limpar, deixe atuar cerca de 2 minutos e enxague rapidamente com \u00e1gua.<br \/>\n<strong>IMPORTANTE:<\/strong> N\u00e3o utilizar em materiais como alum\u00ednio ou pl\u00e1sticos. N\u00e3o pulverize as superf\u00edcies pintadas e\/ou envernizadas ou outras superf\u00edcies sens\u00edveis. Em caso de d\u00favida, teste primeiro numa pequena superf\u00edcie menos vis\u00edvel.<\/td>\n<\/tr>\n<tr>\n<th class=\"border-no font-primary font-weight-semi-bold text-dark pl-0\" scope=\"row\">Fabricante<\/th>\n<td class=\"border-no pl-4\">Starlim<\/td>\n<\/tr>\n<\/tbody>\n<\/table>\n<p>&nbsp;<\/p>\n<\/div>\n<\/div>","protected":false},"excerpt":{"rendered":"<h4 style=\"font-size: 18px; letter-spacing: -.025em; margin: 0; line-height: 1.2;\">STARLIM Tira-gorduras Ultra 500ml &#8211; Recarga.<\/h4>\n<h5 style=\"font-size: 16px; letter-spacing: -.025em; margin: 0; line-height: 1.2;\">Caixa de 12 unidades<br \/>\n<span style=\"font-size: 12px; line-height: 1.2;\">PVPR 2,49\u20ac* (Ex Works)<\/span><\/h5>\n<h5 style=\"font-size: 16px; letter-spacing: -.025em; margin: 0; line-height: 1.2;\"><span style=\"font-size: 12px; line-height: 1.2;\">*IVA incluido<\/span><\/h5>\n<p>Desengordurante, remove todos os tipos de gordura sem esfor\u00e7o. Especialmente eficaz na limpeza de bicos de g\u00e1s, grelhas, azulejos, exaustores, panelas, frigideiras, fog\u00f5es, fornos, bancadas, grades, entre outros. Real\u00e7a o brilho do a\u00e7o inoxid\u00e1vel.<\/p>","protected":false},"featured_media":8395,"comment_status":"open","ping_status":"closed","template":"","meta":[],"product_cat":[72,43],"product_tag":[56,66,71],"class_list":{"0":"post-8393","1":"product","2":"type-product","3":"status-publish","4":"has-post-thumbnail","6":"product_cat-residencial","7":"product_cat-tira-gorduras","8":"product_tag-cozinha","9":"product_tag-linha-residencial","10":"product_tag-tira-gorduras","11":"product_shipping_class-grande-consumo","13":"first","14":"instock","15":"shipping-taxable","16":"purchasable","17":"product-type-simple","18":"add-to-wishlist-after_add_to_cart"},"_links":{"self":[{"href":"https:\/\/www.brandsfirst.pt\/es\/wp-json\/wp\/v2\/product\/8393","targetHints":{"allow":["GET"]}}],"collection":[{"href":"https:\/\/www.brandsfirst.pt\/es\/wp-json\/wp\/v2\/product"}],"about":[{"href":"https:\/\/www.brandsfirst.pt\/es\/wp-json\/wp\/v2\/types\/product"}],"replies":[{"embeddable":true,"href":"https:\/\/www.brandsfirst.pt\/es\/wp-json\/wp\/v2\/comments?post=8393"}],"wp:featuredmedia":[{"embeddable":true,"href":"https:\/\/www.brandsfirst.pt\/es\/wp-json\/wp\/v2\/media\/8395"}],"wp:attachment":[{"href":"https:\/\/www.brandsfirst.pt\/es\/wp-json\/wp\/v2\/media?parent=8393"}],"wp:term":[{"taxonomy":"product_cat","embeddable":true,"href":"https:\/\/www.brandsfirst.pt\/es\/wp-json\/wp\/v2\/product_cat?post=8393"},{"taxonomy":"product_tag","embeddable":true,"href":"https:\/\/www.brandsfirst.pt\/es\/wp-json\/wp\/v2\/product_tag?post=8393"}],"curies":[{"name":"wp","href":"https:\/\/api.w.org\/{rel}","templated":true}]}}