{"id":8356,"date":"2024-05-23T14:21:37","date_gmt":"2024-05-23T14:21:37","guid":{"rendered":"https:\/\/www.brandsfirst.pt\/?post_type=product&#038;p=8356"},"modified":"2024-09-18T09:35:51","modified_gmt":"2024-09-18T09:35:51","slug":"starlim-tira-gorduras-premium-5l","status":"publish","type":"product","link":"https:\/\/www.brandsfirst.pt\/es\/productos\/starlim-desengrasante-premium-5l\/","title":{"rendered":"STARLIM Desengrasante Premium 5L"},"content":{"rendered":"<div class=\"row mt-6\">\n<div class=\"col-12\">\n<h5 class=\"mb-4\" style=\"font-size: 16px; letter-spacing: -.025em;\">Caracter\u00edsticas<\/h5>\n<p class=\"mb-2\">Desengordurante perfumado com espuma ativa, sem fosfatos.<br \/>\nRemove todos os tipos de gordura sem esfor\u00e7o.<\/p>\n<ul class=\"list-type-none list-type-check mt-0 mb-8\">\n<li>F\u00f3rmula com espuma ativa para uma a\u00e7\u00e3o mais eficaz<\/li>\n<li>Elimina as gorduras mais resistentes e carbonizadas<\/li>\n<li>Acabamento brilhante ap\u00f3s o uso<\/li>\n<li>Limpeza perfumada<\/li>\n<\/ul>\n<h5 class=\"mb-3\" style=\"font-size: 16px; letter-spacing: -.025em;\">Especifica\u00e7\u00f5es<\/h5>\n<table class=\"table\">\n<tbody style=\"line-height: 1.8;\">\n<tr>\n<th class=\"font-primary font-weight-semi-bold text-dark pl-0\" scope=\"row\">Designa\u00e7\u00e3o<\/th>\n<td class=\"pl-4\">STARLIM Tira-gorduras Premium<\/td>\n<\/tr>\n<tr>\n<th class=\"font-primary font-weight-semi-bold text-dark pl-0\" scope=\"row\">Embalaje<\/th>\n<td class=\"pl-4\">5L<\/td>\n<\/tr>\n<tr>\n<th class=\"font-primary font-weight-semi-bold text-dark pl-0\" scope=\"row\">Quantidade<\/th>\n<td class=\"pl-4\">3 unidades<\/td>\n<\/tr>\n<tr>\n<th class=\"font-primary font-weight-semi-bold text-dark pl-0\" scope=\"row\">Aplica\u00e7\u00f5es<\/th>\n<td class=\"pl-4\">Limpeza de superf\u00edcies com muita sujidade e gordura, em particular na limpeza de bicos de g\u00e1s, grelhas, azulejos, exaustores, panelas, frigideiras, fog\u00f5es, fornos, bancadas, grades, entre outros.<\/td>\n<\/tr>\n<tr>\n<th class=\"font-primary font-weight-semi-bold text-dark pl-0\" scope=\"row\">Modo de Emprego<\/th>\n<td class=\"pl-4\">Pulverize a superf\u00edcie a limpar, deixe atuar cerca de 2 minutos e enxague rapidamente com \u00e1gua.<br \/>\n<strong>IMPORTANTE:<\/strong> N\u00e3o utilizar em materiais como alum\u00ednio ou pl\u00e1sticos. N\u00e3o pulverize as superf\u00edcies pintadas e\/ou envernizadas ou outras superf\u00edcies sens\u00edveis. Em caso de d\u00favida, teste primeiro numa pequena superf\u00edcie menos vis\u00edvel.<\/td>\n<\/tr>\n<tr>\n<th class=\"border-no font-primary font-weight-semi-bold text-dark pl-0\" scope=\"row\">Fabricante<\/th>\n<td class=\"border-no pl-4\">Starlim<\/td>\n<\/tr>\n<\/tbody>\n<\/table>\n<p>&nbsp;<\/p>\n<\/div>\n<\/div>","protected":false},"excerpt":{"rendered":"<h4 style=\"font-size: 18px; letter-spacing: -.025em; margin: 0; line-height: 1.2;\">STARLIM Tira-gorduras Premium 5L.<\/h4>\n<h5 style=\"font-size: 16px; letter-spacing: -.025em; margin: 0; line-height: 1.2;\">Caja de 3<br \/>\n<span style=\"font-size: 12px; line-height: 1.2;\">PVPR 19,25\u20ac* (Ex Works)<\/span><\/h5>\n<h5 style=\"font-size: 16px; letter-spacing: -.025em; margin: 0; line-height: 1.2;\"><span style=\"font-size: 12px; line-height: 1.2;\">*IVA incluido<\/span><\/h5>\n<p>Desengordurante perfumado com espuma ativa, sem fosfatos.<br \/>\nRemove todos os tipos de gordura sem esfor\u00e7o. Especialmente eficaz na limpeza de bicos de g\u00e1s, grelhas, azulejos, exaustores, panelas, frigideiras, fog\u00f5es, fornos, bancadas, grades, entre outros. Real\u00e7a o brilho do a\u00e7o inoxid\u00e1vel.<\/p>","protected":false},"featured_media":8359,"comment_status":"open","ping_status":"closed","template":"","meta":[],"product_cat":[43,15],"product_tag":[56,63,71],"class_list":{"0":"post-8356","1":"product","2":"type-product","3":"status-publish","4":"has-post-thumbnail","6":"product_cat-tira-gorduras","7":"product_cat-profissional","8":"product_tag-cozinha","9":"product_tag-linha-profissional","10":"product_tag-tira-gorduras","11":"product_shipping_class-linha-profissional","13":"first","14":"instock","15":"shipping-taxable","16":"purchasable","17":"product-type-simple","18":"add-to-wishlist-after_add_to_cart"},"_links":{"self":[{"href":"https:\/\/www.brandsfirst.pt\/es\/wp-json\/wp\/v2\/product\/8356","targetHints":{"allow":["GET"]}}],"collection":[{"href":"https:\/\/www.brandsfirst.pt\/es\/wp-json\/wp\/v2\/product"}],"about":[{"href":"https:\/\/www.brandsfirst.pt\/es\/wp-json\/wp\/v2\/types\/product"}],"replies":[{"embeddable":true,"href":"https:\/\/www.brandsfirst.pt\/es\/wp-json\/wp\/v2\/comments?post=8356"}],"wp:featuredmedia":[{"embeddable":true,"href":"https:\/\/www.brandsfirst.pt\/es\/wp-json\/wp\/v2\/media\/8359"}],"wp:attachment":[{"href":"https:\/\/www.brandsfirst.pt\/es\/wp-json\/wp\/v2\/media?parent=8356"}],"wp:term":[{"taxonomy":"product_cat","embeddable":true,"href":"https:\/\/www.brandsfirst.pt\/es\/wp-json\/wp\/v2\/product_cat?post=8356"},{"taxonomy":"product_tag","embeddable":true,"href":"https:\/\/www.brandsfirst.pt\/es\/wp-json\/wp\/v2\/product_tag?post=8356"}],"curies":[{"name":"wp","href":"https:\/\/api.w.org\/{rel}","templated":true}]}}