{"id":8346,"date":"2024-05-23T10:41:41","date_gmt":"2024-05-23T10:41:41","guid":{"rendered":"https:\/\/www.brandsfirst.pt\/?post_type=product&#038;p=8346"},"modified":"2024-09-18T09:35:51","modified_gmt":"2024-09-18T09:35:51","slug":"starlim-multisuperficies-com-lixivia-500ml","status":"publish","type":"product","link":"https:\/\/www.brandsfirst.pt\/es\/productos\/starlim-multisuperficies-con-blanqueador-500ml\/","title":{"rendered":"STARLIM Multisuperficies con lej\u00eda 500ml"},"content":{"rendered":"<div class=\"row mt-6\">\n<div class=\"col-12\">\n<h5 class=\"mb-4\" style=\"font-size: 16px; letter-spacing: -.025em;\">Caracter\u00edsticas<\/h5>\n<p class=\"mb-2\">Spray com lix\u00edvia indicado para todo o tipo de limpeza.<br \/>\nLimpa eficazmente manchas dif\u00edceis e deixa as superf\u00edcies com um perfume fresco e duradouro. A\u00e7\u00e3o branqueadora.<\/p>\n<ul class=\"list-type-none list-type-check mt-0 mb-8\">\n<li>Remove manchas e fungos, sendo indicado para locais h\u00famidos<\/li>\n<li>Higieniza todas as superf\u00edcies<\/li>\n<li>Higiene e limpeza garantidas<\/li>\n<\/ul>\n<h5 class=\"mb-3\" style=\"font-size: 16px; letter-spacing: -.025em;\">Especifica\u00e7\u00f5es<\/h5>\n<table class=\"table\">\n<tbody style=\"line-height: 1.8;\">\n<tr>\n<th class=\"font-primary font-weight-semi-bold text-dark pl-0\" scope=\"row\">Designa\u00e7\u00e3o<\/th>\n<td class=\"pl-4\">STARLIM Multisuperf\u00edcies com lix\u00edvia<\/td>\n<\/tr>\n<tr>\n<th class=\"font-primary font-weight-semi-bold text-dark pl-0\" scope=\"row\">Embalaje<\/th>\n<td class=\"pl-4\">500ml<\/td>\n<\/tr>\n<tr>\n<th class=\"font-primary font-weight-semi-bold text-dark pl-0\" scope=\"row\">Quantidade<\/th>\n<td class=\"pl-4\">12 unidades<\/td>\n<\/tr>\n<tr>\n<th class=\"font-primary font-weight-semi-bold text-dark pl-0\" scope=\"row\">Aplica\u00e7\u00f5es<\/th>\n<td class=\"pl-4\">Todo o tipo de superf\u00edcies lav\u00e1veis resistentes a cloro. Para superf\u00edcies mais sens\u00edveis ou em caso de d\u00favida testar primeiro numa zona menos vis\u00edvel.<\/td>\n<\/tr>\n<tr>\n<th class=\"font-primary font-weight-semi-bold text-dark pl-0\" scope=\"row\">Modo de Emprego<\/th>\n<td class=\"pl-4\">Aplique o produto diretamente sobre as superf\u00edcies a limpar deixando atuar durante alguns segundos. Enxaguar bem e secar as superf\u00edcies com um pano seco. Para superf\u00edcies mais sens\u00edveis, ou em caso de d\u00favida testar primeiro numa zona menos vis\u00edvel.<\/td>\n<\/tr>\n<tr>\n<th class=\"border-no font-primary font-weight-semi-bold text-dark pl-0\" scope=\"row\">Fabricante<\/th>\n<td class=\"border-no pl-4\">Starlim<\/td>\n<\/tr>\n<\/tbody>\n<\/table>\n<p>&nbsp;<\/p>\n<\/div>\n<\/div>","protected":false},"excerpt":{"rendered":"<h4 style=\"font-size: 18px; letter-spacing: -.025em; margin: 0; line-height: 1.2;\">STARLIM Multisuperf\u00edcies com lix\u00edvia 500ml.<\/h4>\n<h5 style=\"font-size: 16px; letter-spacing: -.025em; margin: 0; line-height: 1.2;\">Caixa de 12 unidades<br \/>\n<span style=\"font-size: 12px; line-height: 1.2;\">PVPR 2,79\u20ac* (Ex Works)<\/span><\/h5>\n<h5 style=\"font-size: 16px; letter-spacing: -.025em; margin: 0; line-height: 1.2;\"><span style=\"font-size: 12px; line-height: 1.2;\">*IVA incluido<\/span><\/h5>\n<p>Spray com lix\u00edvia indicado para todo o tipo de limpeza.<br \/>\nLimpa eficazmente manchas dif\u00edceis e deixa as superf\u00edcies com um perfume fresco e duradouro. A\u00e7\u00e3o branqueadora.<\/p>","protected":false},"featured_media":8348,"comment_status":"open","ping_status":"closed","template":"","meta":[],"product_cat":[72,37],"product_tag":[69,56,66,70],"class_list":{"0":"post-8346","1":"product","2":"type-product","3":"status-publish","4":"has-post-thumbnail","6":"product_cat-residencial","7":"product_cat-cozinha-e-casa-de-banho","8":"product_tag-casa-de-banho","9":"product_tag-cozinha","10":"product_tag-linha-residencial","11":"product_tag-multisuperficies","12":"product_shipping_class-grande-consumo","14":"first","15":"instock","16":"shipping-taxable","17":"purchasable","18":"product-type-simple","19":"add-to-wishlist-after_add_to_cart"},"_links":{"self":[{"href":"https:\/\/www.brandsfirst.pt\/es\/wp-json\/wp\/v2\/product\/8346","targetHints":{"allow":["GET"]}}],"collection":[{"href":"https:\/\/www.brandsfirst.pt\/es\/wp-json\/wp\/v2\/product"}],"about":[{"href":"https:\/\/www.brandsfirst.pt\/es\/wp-json\/wp\/v2\/types\/product"}],"replies":[{"embeddable":true,"href":"https:\/\/www.brandsfirst.pt\/es\/wp-json\/wp\/v2\/comments?post=8346"}],"wp:featuredmedia":[{"embeddable":true,"href":"https:\/\/www.brandsfirst.pt\/es\/wp-json\/wp\/v2\/media\/8348"}],"wp:attachment":[{"href":"https:\/\/www.brandsfirst.pt\/es\/wp-json\/wp\/v2\/media?parent=8346"}],"wp:term":[{"taxonomy":"product_cat","embeddable":true,"href":"https:\/\/www.brandsfirst.pt\/es\/wp-json\/wp\/v2\/product_cat?post=8346"},{"taxonomy":"product_tag","embeddable":true,"href":"https:\/\/www.brandsfirst.pt\/es\/wp-json\/wp\/v2\/product_tag?post=8346"}],"curies":[{"name":"wp","href":"https:\/\/api.w.org\/{rel}","templated":true}]}}