{"id":8322,"date":"2024-05-22T21:30:51","date_gmt":"2024-05-22T21:30:51","guid":{"rendered":"https:\/\/www.brandsfirst.pt\/?post_type=product&#038;p=8322"},"modified":"2024-09-18T09:35:51","modified_gmt":"2024-09-18T09:35:51","slug":"starlim-multisuperficies-casa-de-banho-5l","status":"publish","type":"product","link":"https:\/\/www.brandsfirst.pt\/es\/productos\/starlim-multisuperficies-bano-5l\/","title":{"rendered":"STARLIM Multisuperficie Ba\u00f1o 5L"},"content":{"rendered":"<div class=\"row mt-6\">\n<div class=\"col-12\">\n<h5 class=\"mb-4\" style=\"font-size: 16px; letter-spacing: -.025em;\">Caracter\u00edsticas<\/h5>\n<p class=\"mb-2\">Produto pronto a usar, indicado para limpeza de todas as superf\u00edcies lav\u00e1veis na casa de banho.<\/p>\n<ul class=\"list-type-none list-type-check mt-0 mb-8\">\n<li>Eficaz na remo\u00e7\u00e3o de manchas de calc\u00e1rio<\/li>\n<li>Evita o uso de v\u00e1rios produtos<\/li>\n<li>Basta aplicar e enxaguar<\/li>\n<li>Limpeza perfumada<\/li>\n<\/ul>\n<h5 class=\"mb-3\" style=\"font-size: 16px; letter-spacing: -.025em;\">Especifica\u00e7\u00f5es<\/h5>\n<table class=\"table\">\n<tbody style=\"line-height: 1.8;\">\n<tr>\n<th class=\"font-primary font-weight-semi-bold text-dark pl-0\" scope=\"row\">Designa\u00e7\u00e3o<\/th>\n<td class=\"pl-4\">STARLIM Multisuperf\u00edcies Casa de Banho<\/td>\n<\/tr>\n<tr>\n<th class=\"font-primary font-weight-semi-bold text-dark pl-0\" scope=\"row\">Embalaje<\/th>\n<td class=\"pl-4\">5L<\/td>\n<\/tr>\n<tr>\n<th class=\"font-primary font-weight-semi-bold text-dark pl-0\" scope=\"row\">Quantidade<\/th>\n<td class=\"pl-4\">3 unidades<\/td>\n<\/tr>\n<tr>\n<th class=\"font-primary font-weight-semi-bold text-dark pl-0\" scope=\"row\">Aplica\u00e7\u00f5es<\/th>\n<td class=\"pl-4\">Todo o tipo de superf\u00edcies lav\u00e1veis na casa de banho.<\/td>\n<\/tr>\n<tr>\n<th class=\"font-primary font-weight-semi-bold text-dark pl-0\" scope=\"row\">Modo de Emprego<\/th>\n<td class=\"pl-4\">Pulverizar o produto diretamente sobre as superf\u00edcies a limpar deixando atuar durante alguns segundos. Para manchas mais resistentes esfregar com uma esponja. Enxaguar bem e secar com um pano limpo.<\/td>\n<\/tr>\n<tr>\n<th class=\"border-no font-primary font-weight-semi-bold text-dark pl-0\" scope=\"row\">Fabricante<\/th>\n<td class=\"border-no pl-4\">Starlim<\/td>\n<\/tr>\n<\/tbody>\n<\/table>\n<p>&nbsp;<\/p>\n<\/div>\n<\/div>","protected":false},"excerpt":{"rendered":"<h4 style=\"font-size: 18px; letter-spacing: -.025em; margin: 0; line-height: 1.2;\">STARLIM Multisuperf\u00edcies Casa de Banho 5L.<\/h4>\n<h5 style=\"font-size: 16px; letter-spacing: -.025em; margin: 0; line-height: 1.2;\">Caja de 3<br \/>\n<span style=\"font-size: 12px; line-height: 1.2;\">PVPR 11,28\u20ac* (Ex Works)<\/span><\/h5>\n<h5 style=\"font-size: 16px; letter-spacing: -.025em; margin: 0; line-height: 1.2;\"><span style=\"font-size: 12px; line-height: 1.2;\">*IVA incluido<\/span><\/h5>\n<p>Produto pronto a usar, indicado para limpeza de todas as superf\u00edcies lav\u00e1veis na casa de banho. Elimina sem esfor\u00e7o, incrusta\u00e7\u00f5es de calc\u00e1rio, t\u00e1rtaro, res\u00edduos de sab\u00e3o e outras sujidades embutidas, mant\u00e9m o brilho original das superf\u00edcies.<\/p>","protected":false},"featured_media":8324,"comment_status":"open","ping_status":"closed","template":"","meta":[],"product_cat":[37,15],"product_tag":[69,63],"class_list":{"0":"post-8322","1":"product","2":"type-product","3":"status-publish","4":"has-post-thumbnail","6":"product_cat-cozinha-e-casa-de-banho","7":"product_cat-profissional","8":"product_tag-casa-de-banho","9":"product_tag-linha-profissional","10":"product_shipping_class-linha-profissional","12":"first","13":"instock","14":"shipping-taxable","15":"purchasable","16":"product-type-simple","17":"add-to-wishlist-after_add_to_cart"},"_links":{"self":[{"href":"https:\/\/www.brandsfirst.pt\/es\/wp-json\/wp\/v2\/product\/8322","targetHints":{"allow":["GET"]}}],"collection":[{"href":"https:\/\/www.brandsfirst.pt\/es\/wp-json\/wp\/v2\/product"}],"about":[{"href":"https:\/\/www.brandsfirst.pt\/es\/wp-json\/wp\/v2\/types\/product"}],"replies":[{"embeddable":true,"href":"https:\/\/www.brandsfirst.pt\/es\/wp-json\/wp\/v2\/comments?post=8322"}],"wp:featuredmedia":[{"embeddable":true,"href":"https:\/\/www.brandsfirst.pt\/es\/wp-json\/wp\/v2\/media\/8324"}],"wp:attachment":[{"href":"https:\/\/www.brandsfirst.pt\/es\/wp-json\/wp\/v2\/media?parent=8322"}],"wp:term":[{"taxonomy":"product_cat","embeddable":true,"href":"https:\/\/www.brandsfirst.pt\/es\/wp-json\/wp\/v2\/product_cat?post=8322"},{"taxonomy":"product_tag","embeddable":true,"href":"https:\/\/www.brandsfirst.pt\/es\/wp-json\/wp\/v2\/product_tag?post=8322"}],"curies":[{"name":"wp","href":"https:\/\/api.w.org\/{rel}","templated":true}]}}