{"id":8307,"date":"2024-05-22T16:54:30","date_gmt":"2024-05-22T16:54:30","guid":{"rendered":"https:\/\/www.brandsfirst.pt\/?post_type=product&#038;p=8307"},"modified":"2024-09-18T09:35:52","modified_gmt":"2024-09-18T09:35:52","slug":"starlim-lava-tudo-ph-neutro-5l","status":"publish","type":"product","link":"https:\/\/www.brandsfirst.pt\/es\/productos\/starlim-lava-todo-ph-neutro-5l\/","title":{"rendered":"STARLIM Limpiador multiusos pH neutro 5L"},"content":{"rendered":"<div class=\"row mt-6\">\n<div class=\"col-12\">\n<h5 class=\"mb-4\" style=\"font-size: 16px; letter-spacing: -.025em;\">Caracter\u00edsticas<\/h5>\n<p class=\"mb-2\">Detergente neutro con aroma a lavanda especialmente desarrollado para la limpieza en profundidad de todo tipo de suelos y superficies lavables.<\/p>\n<ul class=\"list-type-none list-type-check mt-0 mb-8\">\n<li>Indicado para pisos de madeira, parques, sint\u00e9ticos, cer\u00e2micos ou pedras naturais<\/li>\n<li>F\u00f3rmula com pH neutro garante a limpeza e cuidado das superf\u00edcies mais delicadas como as de madeira ou m\u00e1rmore<\/li>\n<li>Aroma fresco da lavanda<\/li>\n<\/ul>\n<h5 class=\"mb-3\" style=\"font-size: 16px; letter-spacing: -.025em;\">Especifica\u00e7\u00f5es<\/h5>\n<table class=\"table\">\n<tbody style=\"line-height: 1.8;\">\n<tr>\n<th class=\"font-primary font-weight-semi-bold text-dark pl-0\" scope=\"row\">Designa\u00e7\u00e3o<\/th>\n<td class=\"pl-4\">STARLIM Lava-Tudo pH Neutro<\/td>\n<\/tr>\n<tr>\n<th class=\"font-primary font-weight-semi-bold text-dark pl-0\" scope=\"row\">Embalaje<\/th>\n<td class=\"pl-4\">5L<\/td>\n<\/tr>\n<tr>\n<th class=\"font-primary font-weight-semi-bold text-dark pl-0\" scope=\"row\">Quantidade<\/th>\n<td class=\"pl-4\">3 unidades<\/td>\n<\/tr>\n<tr>\n<th class=\"font-primary font-weight-semi-bold text-dark pl-0\" scope=\"row\">Aplica\u00e7\u00f5es<\/th>\n<td class=\"pl-4\">Excelente desempenho em pisos de madeira, parquet, sint\u00e9ticos, cer\u00e2micos, etc. Delicado com os materiais, permite obter um brilho natural nas superf\u00edcies.<br \/>\nCria um ambiente perfumado ap\u00f3s aplica\u00e7\u00e3o.<\/td>\n<\/tr>\n<tr>\n<th class=\"font-primary font-weight-semi-bold text-dark pl-0\" scope=\"row\">Modo de Emprego<\/th>\n<td class=\"pl-4\">Antes de usar o produto, aconselha-se eliminar a sujidade solta.<br \/>\nUsando uma dosagem de 2%, aplicar o produto com mopa ou esfregona.<\/td>\n<\/tr>\n<tr>\n<th class=\"border-no font-primary font-weight-semi-bold text-dark pl-0\" scope=\"row\">Fabricante<\/th>\n<td class=\"border-no pl-4\">Starlim<\/td>\n<\/tr>\n<\/tbody>\n<\/table>\n<p>&nbsp;<\/p>\n<\/div>\n<\/div>","protected":false},"excerpt":{"rendered":"<h4 style=\"font-size: 18px; letter-spacing: -.025em; margin: 0; line-height: 1.2;\">STARLIM Limpiador multiusos pH neutro 5L.<\/h4>\n<h5 style=\"font-size: 16px; letter-spacing: -.025em; margin: 0; line-height: 1.2;\">Caja de 3<br \/>\n<span style=\"font-size: 12px; line-height: 1.2;\">PVP 9,45 euros* (Ex Works)<\/span><\/h5>\n<h5 style=\"font-size: 16px; letter-spacing: -.025em; margin: 0; line-height: 1.2;\"><span style=\"font-size: 12px; line-height: 1.2;\">*IVA incluido<\/span><\/h5>\n<p>Detergente neutro con aroma a lavanda especialmente desarrollado para la limpieza en profundidad de todo tipo de suelos y superficies lavables.<\/p>","protected":false},"featured_media":8308,"comment_status":"open","ping_status":"closed","template":"","meta":[],"product_cat":[29,15],"product_tag":[67,63],"class_list":{"0":"post-8307","1":"product","2":"type-product","3":"status-publish","4":"has-post-thumbnail","6":"product_cat-limpeza-da-casa","7":"product_cat-profissional","8":"product_tag-limpeza-da-casa","9":"product_tag-linha-profissional","10":"product_shipping_class-linha-profissional","12":"first","13":"instock","14":"shipping-taxable","15":"purchasable","16":"product-type-simple","17":"add-to-wishlist-after_add_to_cart"},"_links":{"self":[{"href":"https:\/\/www.brandsfirst.pt\/es\/wp-json\/wp\/v2\/product\/8307","targetHints":{"allow":["GET"]}}],"collection":[{"href":"https:\/\/www.brandsfirst.pt\/es\/wp-json\/wp\/v2\/product"}],"about":[{"href":"https:\/\/www.brandsfirst.pt\/es\/wp-json\/wp\/v2\/types\/product"}],"replies":[{"embeddable":true,"href":"https:\/\/www.brandsfirst.pt\/es\/wp-json\/wp\/v2\/comments?post=8307"}],"wp:featuredmedia":[{"embeddable":true,"href":"https:\/\/www.brandsfirst.pt\/es\/wp-json\/wp\/v2\/media\/8308"}],"wp:attachment":[{"href":"https:\/\/www.brandsfirst.pt\/es\/wp-json\/wp\/v2\/media?parent=8307"}],"wp:term":[{"taxonomy":"product_cat","embeddable":true,"href":"https:\/\/www.brandsfirst.pt\/es\/wp-json\/wp\/v2\/product_cat?post=8307"},{"taxonomy":"product_tag","embeddable":true,"href":"https:\/\/www.brandsfirst.pt\/es\/wp-json\/wp\/v2\/product_tag?post=8307"}],"curies":[{"name":"wp","href":"https:\/\/api.w.org\/{rel}","templated":true}]}}