{"id":8299,"date":"2024-05-22T15:46:55","date_gmt":"2024-05-22T15:46:55","guid":{"rendered":"https:\/\/www.brandsfirst.pt\/?post_type=product&#038;p=8299"},"modified":"2025-04-22T11:32:29","modified_gmt":"2025-04-22T11:32:29","slug":"starlim-desentupidor-de-canos","status":"publish","type":"product","link":"https:\/\/www.brandsfirst.pt\/es\/productos\/embolo-starlim\/","title":{"rendered":"STARLIM Desatascador 1000ml"},"content":{"rendered":"<div class=\"row mt-6\">\n<div class=\"col-12\">\n<h5 class=\"mb-4\" style=\"font-size: 16px; letter-spacing: -.025em;\">Caracter\u00edsticas<\/h5>\n<p class=\"mb-2\">Produto indicado para a remo\u00e7\u00e3o de todo o tipo de res\u00edduos org\u00e2nicos, tais como gordura ou restos de comida, sem danificar as canaliza\u00e7\u00f5es.<\/p>\n<ul class=\"list-type-none list-type-check mt-0 mb-8\">\n<li>Desentope canos<\/li>\n<li>Higieniza todas as tubagens<\/li>\n<li>Elimina odores<\/li>\n<li>A\u00e7\u00e3o higienizante<\/li>\n<\/ul>\n<h5 class=\"mb-3\" style=\"font-size: 16px; letter-spacing: -.025em;\">Especifica\u00e7\u00f5es<\/h5>\n<table class=\"table\">\n<tbody style=\"line-height: 1.8;\">\n<tr>\n<th class=\"font-primary font-weight-semi-bold text-dark pl-0\" scope=\"row\">Designa\u00e7\u00e3o<\/th>\n<td class=\"pl-4\">STARLIM Desentupidor de Canos<\/td>\n<\/tr>\n<tr>\n<th class=\"font-primary font-weight-semi-bold text-dark pl-0\" scope=\"row\">Embalaje<\/th>\n<td class=\"pl-4\">1000ml<\/td>\n<\/tr>\n<tr>\n<th class=\"font-primary font-weight-semi-bold text-dark pl-0\" scope=\"row\">Quantidade<\/th>\n<td class=\"pl-4\">12 unidades<\/td>\n<\/tr>\n<tr>\n<th class=\"font-primary font-weight-semi-bold text-dark pl-0\" scope=\"row\">Aplica\u00e7\u00f5es<\/th>\n<td class=\"pl-4\">Desentope, higieniza e elimina os odores desagrad\u00e1veis nos tubos e canos com resultados perfeitos. Pode ser aplicado com mais frequ\u00eancia, quando h\u00e1 odores persistentes nas tubagens.<\/td>\n<\/tr>\n<tr>\n<th class=\"font-primary font-weight-semi-bold text-dark pl-0\" scope=\"row\">Modo de Emprego<\/th>\n<td class=\"pl-4\">Destapar a embalagem cautelosamente, sempre com luvas de prote\u00e7\u00e3o, aplicar 200 a 300ml de produto no local. Aguardar 15 a 30 minutos e limpar. Aplicar novamente para sujidades persistentes. Lavar muito bem com \u00e1gua, de prefer\u00eancia quente, at\u00e9 remover todos os res\u00edduos.<\/td>\n<\/tr>\n<tr>\n<th class=\"border-no font-primary font-weight-semi-bold text-dark pl-0\" scope=\"row\">Fabricante<\/th>\n<td class=\"border-no pl-4\">Starlim<\/td>\n<\/tr>\n<\/tbody>\n<\/table>\n<p>&nbsp;<\/p>\n<\/div>\n<\/div>","protected":false},"excerpt":{"rendered":"<h4 style=\"font-size: 18px; letter-spacing: -.025em; margin: 0; line-height: 1.2;\">STARLIM Tira-gorduras Ultra 500ml &#8211; Recarga.<\/h4>\n<h5 style=\"font-size: 16px; letter-spacing: -.025em; margin: 0; line-height: 1.2;\">Caixa de 12 unidades<br \/>\n<span style=\"font-size: 12px; line-height: 1.2;\">PVPR 4,19\u20ac* (Ex Works)<\/span><\/h5>\n<h5 style=\"font-size: 16px; letter-spacing: -.025em; margin: 0; line-height: 1.2;\"><span style=\"font-size: 12px; line-height: 1.2;\">*IVA incluido<\/span><\/h5>\n<p>Produto indicado para a remo\u00e7\u00e3o de todo o tipo de res\u00edduos org\u00e2nicos, tais como gordura ou restos de comida, sem danificar as canaliza\u00e7\u00f5es. Este produto n\u00e3o \u00e9 aconselhado para tubagens de alum\u00ednio.<\/p>","protected":false},"featured_media":8302,"comment_status":"open","ping_status":"closed","template":"","meta":[],"product_cat":[72,15,37],"product_tag":[56,65,55,63,66],"class_list":{"0":"post-8299","1":"product","2":"type-product","3":"status-publish","4":"has-post-thumbnail","6":"product_cat-residencial","7":"product_cat-profissional","8":"product_cat-cozinha-e-casa-de-banho","9":"product_tag-cozinha","10":"product_tag-desemtupidor-de-canos","11":"product_tag-lava-louca","12":"product_tag-linha-profissional","13":"product_tag-linha-residencial","14":"product_shipping_class-grande-consumo","16":"first","17":"instock","18":"shipping-taxable","19":"purchasable","20":"product-type-simple","21":"add-to-wishlist-after_add_to_cart"},"_links":{"self":[{"href":"https:\/\/www.brandsfirst.pt\/es\/wp-json\/wp\/v2\/product\/8299","targetHints":{"allow":["GET"]}}],"collection":[{"href":"https:\/\/www.brandsfirst.pt\/es\/wp-json\/wp\/v2\/product"}],"about":[{"href":"https:\/\/www.brandsfirst.pt\/es\/wp-json\/wp\/v2\/types\/product"}],"replies":[{"embeddable":true,"href":"https:\/\/www.brandsfirst.pt\/es\/wp-json\/wp\/v2\/comments?post=8299"}],"wp:featuredmedia":[{"embeddable":true,"href":"https:\/\/www.brandsfirst.pt\/es\/wp-json\/wp\/v2\/media\/8302"}],"wp:attachment":[{"href":"https:\/\/www.brandsfirst.pt\/es\/wp-json\/wp\/v2\/media?parent=8299"}],"wp:term":[{"taxonomy":"product_cat","embeddable":true,"href":"https:\/\/www.brandsfirst.pt\/es\/wp-json\/wp\/v2\/product_cat?post=8299"},{"taxonomy":"product_tag","embeddable":true,"href":"https:\/\/www.brandsfirst.pt\/es\/wp-json\/wp\/v2\/product_tag?post=8299"}],"curies":[{"name":"wp","href":"https:\/\/api.w.org\/{rel}","templated":true}]}}