{"id":8291,"date":"2024-05-22T15:11:44","date_gmt":"2024-05-22T15:11:44","guid":{"rendered":"https:\/\/www.brandsfirst.pt\/?post_type=product&#038;p=8291"},"modified":"2025-04-22T11:33:22","modified_gmt":"2025-04-22T11:33:22","slug":"starlim-lava-louca-limao-verde-5l","status":"publish","type":"product","link":"https:\/\/www.brandsfirst.pt\/es\/productos\/starlim-lavavajillas-verde-lima-5l\/","title":{"rendered":"STARLIM Lavavajillas Verde Lim\u00f3n 5L"},"content":{"rendered":"<div class=\"row mt-6\">\n<div class=\"col-12\">\n<h5 class=\"mb-4\" style=\"font-size: 16px; letter-spacing: -.025em;\">Caracter\u00edsticas<\/h5>\n<p class=\"mb-2\">Detergente Lava-lou\u00e7a Ultra Concentrado, formula\u00e7\u00e3o especialmente desenvolvida para lavar eficazmente toda a loi\u00e7a.<\/p>\n<ul class=\"list-type-none list-type-check mt-0 mb-8\">\n<li>Ultra concentrado e imbat\u00edvel com a sujidade<\/li>\n<li>Embalagem ergon\u00f3mica que pelo design da embalagem permite redu\u00e7\u00e3o de pl\u00e1stico<\/li>\n<li>F\u00f3rmula concentrada e muito eficaz na remo\u00e7\u00e3o de gorduras da lou\u00e7a<\/li>\n<li>Cuidado especial com a pele, muito suave com as m\u00e3os em utiliza\u00e7\u00e3o di\u00e1ria<\/li>\n<li>Aroma fresco e agrad\u00e1vel<\/li>\n<\/ul>\n<h5 class=\"mb-3\" style=\"font-size: 16px; letter-spacing: -.025em;\">Especifica\u00e7\u00f5es<\/h5>\n<table class=\"table\">\n<tbody style=\"line-height: 1.8;\">\n<tr>\n<th class=\"font-primary font-weight-semi-bold text-dark pl-0\" scope=\"row\">Designa\u00e7\u00e3o<\/th>\n<td class=\"pl-4\">STARLIM Lava Lou\u00e7a Lim\u00e3o Verde<\/td>\n<\/tr>\n<tr>\n<th class=\"font-primary font-weight-semi-bold text-dark pl-0\" scope=\"row\">Embalaje<\/th>\n<td class=\"pl-4\">5L<\/td>\n<\/tr>\n<tr>\n<th class=\"font-primary font-weight-semi-bold text-dark pl-0\" scope=\"row\">Quantidade<\/th>\n<td class=\"pl-4\">3 unidades<\/td>\n<\/tr>\n<tr>\n<th class=\"font-primary font-weight-semi-bold text-dark pl-0\" scope=\"row\">Aplica\u00e7\u00f5es<\/th>\n<td class=\"pl-4\">Lavagem manual de todo o tipo de utens\u00edlios de cozinha lav\u00e1veis.<\/td>\n<\/tr>\n<tr>\n<th class=\"font-primary font-weight-semi-bold text-dark pl-0\" scope=\"row\">Modo de Emprego<\/th>\n<td class=\"pl-4\">Diluir na \u00e1gua de lavagem ou usar diretamente numa esponja molhada. Enxaguar de seguida.<\/td>\n<\/tr>\n<tr>\n<th class=\"border-no font-primary font-weight-semi-bold text-dark pl-0\" scope=\"row\">Fabricante<\/th>\n<td class=\"border-no pl-4\">Starlim<\/td>\n<\/tr>\n<\/tbody>\n<\/table>\n<p>&nbsp;<\/p>\n<\/div>\n<\/div>","protected":false},"excerpt":{"rendered":"<h4 style=\"font-size: 18px; letter-spacing: -.025em; margin: 0; line-height: 1.2;\">STARLIM Lavavajillas Verde Lim\u00f3n 5L.<\/h4>\n<h5 style=\"font-size: 16px; letter-spacing: -.025em; margin: 0; line-height: 1.2;\">Caja de 3<br \/>\n<span style=\"font-size: 12px; line-height: 1.2;\">PVP 13,50\u20ac* (Ex Works)<\/span><\/h5>\n<h5 style=\"font-size: 16px; letter-spacing: -.025em; margin: 0; line-height: 1.2;\"><span style=\"font-size: 12px; line-height: 1.2;\">*IVA incluido<\/span><\/h5>\n<p>Detergente Lavavajillas Ultra Concentrado, especialmente desarrollado para lavar eficazmente toda la vajilla. Su f\u00f3rmula concentrada permite un alto rendimiento. Tiene una fragancia fresca y c\u00edtrica.<\/p>","protected":false},"featured_media":8292,"comment_status":"open","ping_status":"closed","template":"","meta":[],"product_cat":[15,37],"product_tag":[56,55,63],"class_list":{"0":"post-8291","1":"product","2":"type-product","3":"status-publish","4":"has-post-thumbnail","6":"product_cat-profissional","7":"product_cat-cozinha-e-casa-de-banho","8":"product_tag-cozinha","9":"product_tag-lava-louca","10":"product_tag-linha-profissional","11":"product_shipping_class-linha-profissional","13":"first","14":"instock","15":"shipping-taxable","16":"purchasable","17":"product-type-simple","18":"add-to-wishlist-after_add_to_cart"},"_links":{"self":[{"href":"https:\/\/www.brandsfirst.pt\/es\/wp-json\/wp\/v2\/product\/8291","targetHints":{"allow":["GET"]}}],"collection":[{"href":"https:\/\/www.brandsfirst.pt\/es\/wp-json\/wp\/v2\/product"}],"about":[{"href":"https:\/\/www.brandsfirst.pt\/es\/wp-json\/wp\/v2\/types\/product"}],"replies":[{"embeddable":true,"href":"https:\/\/www.brandsfirst.pt\/es\/wp-json\/wp\/v2\/comments?post=8291"}],"wp:featuredmedia":[{"embeddable":true,"href":"https:\/\/www.brandsfirst.pt\/es\/wp-json\/wp\/v2\/media\/8292"}],"wp:attachment":[{"href":"https:\/\/www.brandsfirst.pt\/es\/wp-json\/wp\/v2\/media?parent=8291"}],"wp:term":[{"taxonomy":"product_cat","embeddable":true,"href":"https:\/\/www.brandsfirst.pt\/es\/wp-json\/wp\/v2\/product_cat?post=8291"},{"taxonomy":"product_tag","embeddable":true,"href":"https:\/\/www.brandsfirst.pt\/es\/wp-json\/wp\/v2\/product_tag?post=8291"}],"curies":[{"name":"wp","href":"https:\/\/api.w.org\/{rel}","templated":true}]}}