{"id":9209,"date":"2024-09-07T18:09:11","date_gmt":"2024-09-07T18:09:11","guid":{"rendered":"https:\/\/www.brandsfirst.pt\/?page_id=9209"},"modified":"2024-11-03T09:53:54","modified_gmt":"2024-11-03T09:53:54","slug":"b1-bike-cleaner","status":"publish","type":"page","link":"https:\/\/www.brandsfirst.pt\/es\/limpiador-de-bicicletas-b1\/","title":{"rendered":"B1 Bike Cleaner | Limpieza profesional para su bicicleta"},"content":{"rendered":"<div data-elementor-type=\"wp-page\" data-elementor-id=\"9209\" class=\"elementor elementor-9209\" data-elementor-post-type=\"page\">\n\t\t\t\t\t\t\r\n\t\t<section\t\t class=\"d-lazy-back elementor-section elementor-top-section elementor-element elementor-element-68e3e5ef elementor-section-full_width elementor-section-stretched elementor-section-height-default elementor-section-height-default\" data-lazy=\"https:\/\/www.brandsfirst.pt\/wp-content\/uploads\/2024\/06\/banner-bike.png\" data-id=\"68e3e5ef\" data-element_type=\"section\" data-settings=\"{&quot;background_background&quot;:&quot;classic&quot;,&quot;stretch_section&quot;:&quot;section-stretched&quot;}\">\r\n\t\t\r\n\t\t\t\t\t\t\t<div class=\"elementor-background-overlay\"><\/div>\r\n\t\t\t\t\t\t\t\t\t\t\t<div class=\"elementor-container elementor-column-gap-default\" >\r\n\r\n\t\t\t\t\r\n\t\t\t\t\t\t\t\t\t\t\t\t\t\t<div\t\t class=\"elementor-column elementor-col-100 elementor-top-column elementor-element elementor-element-7a87523b elementor-invisible\" data-id=\"7a87523b\" data-element_type=\"column\" data-settings=\"{&quot;animation&quot;:&quot;fadeIn&quot;}\">\r\n\t\t\t\r\n\t\t\t\r\n\t\t\t\r\n\t\t\t<div class=\"elementor-widget-wrap elementor-element-populated\">\r\n\t\t\t\t\t\t\t\t<div class=\"elementor-element elementor-element-1d844a6b elementor-widget elementor-widget-heading\" data-id=\"1d844a6b\" data-element_type=\"widget\" data-widget_type=\"heading.default\">\n\t\t\t\t<div class=\"elementor-widget-container\">\n\t\t\t\t\t<h1 class=\"elementor-heading-title elementor-size-default\">B1 Limpiador de bicicletas<\/h1>\t\t\t\t<\/div>\n\t\t\t\t<\/div>\n\t\t\t\t<div class=\"elementor-element elementor-element-518c0dae elementor-widget elementor-widget-heading\" data-id=\"518c0dae\" data-element_type=\"widget\" data-widget_type=\"heading.default\">\n\t\t\t\t<div class=\"elementor-widget-container\">\n\t\t\t\t\t<p class=\"elementor-heading-title elementor-size-default\">Limpieza profesional para su bicicleta. Eficaz, segura y ecol\u00f3gica. <br>Elimina la suciedad m\u00e1s incrustada en cuesti\u00f3n de minutos. Ideal para bicicletas, motos y quads.<\/p>\t\t\t\t<\/div>\n\t\t\t\t<\/div>\n\t\t\r\n\t\t\r\n\t\t\t\t\t\t\t<\/div>\r\n\t\t\t\r\n\t\t<\/div>\r\n\t\t\t\t\t\t\t\t\t\t\t\t\t\t\t\t\t<\/div>\r\n\t\t\t\t\t\t<\/section>\r\n\t\t\t\t\r\n\t\t<section\t\t class=\"elementor-section elementor-top-section elementor-element elementor-element-595d57b1 elementor-section-content-middle elementor-section-boxed elementor-section-height-default elementor-section-height-default elementor-invisible\" data-id=\"595d57b1\" data-element_type=\"section\" data-settings=\"{&quot;animation&quot;:&quot;fadeIn&quot;}\">\r\n\t\t\r\n\t\t\t\t\t\t\t\t\t\t<div class=\"elementor-container elementor-column-gap-default\" >\r\n\r\n\t\t\t\t\r\n\t\t\t\t\t\t\t\t\t\t\t\t\t\t<div\t\t class=\"elementor-column elementor-col-100 elementor-top-column elementor-element elementor-element-7eb385bb\" data-id=\"7eb385bb\" data-element_type=\"column\">\r\n\t\t\t\r\n\t\t\t\r\n\t\t\t\r\n\t\t\t<div class=\"elementor-widget-wrap elementor-element-populated\">\r\n\t\t\t\t\t\t\t\t<div class=\"elementor-element elementor-element-f38f6f0 elementor-widget elementor-widget-heading\" data-id=\"f38f6f0\" data-element_type=\"widget\" data-widget_type=\"heading.default\">\n\t\t\t\t<div class=\"elementor-widget-container\">\n\t\t\t\t\t<h2 class=\"elementor-heading-title elementor-size-default\">B1 Bike Cleaner Pro: Limpieza profesional de bicicletas <\/h2>\t\t\t\t<\/div>\n\t\t\t\t<\/div>\n\t\t\t\t<div class=\"elementor-element elementor-element-5193186 elementor-widget elementor-widget-text-editor\" data-id=\"5193186\" data-element_type=\"widget\" data-widget_type=\"text-editor.default\">\n\t\t\t\t<div class=\"elementor-widget-container\">\n\t\t\t\t\t\t\t\t\t<p style=\"font-weight: 400;\"><strong>B1 Bike Cleaner Pro de BrandsFirst es la soluci\u00f3n definitiva para la limpieza de bicicletas, motocicletas y cuadriciclos de alto rendimiento. Desarrollado tanto para aficionados como para profesionales, este producto combina una eficacia superior con la protecci\u00f3n de los componentes m\u00e1s sensibles.<\/strong><\/p><p style=\"font-weight: 400;\">B1 Bike Cleaner Pro destaca por su avanzada f\u00f3rmula qu\u00edmica, dise\u00f1ada para hacer frente a todo tipo de situaciones, desde senderos polvorientos hasta circuitos de competici\u00f3n. Con un pH equilibrado entre 9 y 10, proporciona una limpieza profunda sin comprometer la integridad de materiales sensibles como la fibra de carbono, las aleaciones ligeras y las gomas especializadas. Su versatilidad se extiende a diversos veh\u00edculos como bicicletas, motos, quads y veh\u00edculos todoterreno, lo que lo hace indispensable para los entusiastas que valoran el rendimiento y la longevidad. Esta combinaci\u00f3n \u00fanica de eficacia, protecci\u00f3n y adaptabilidad hace de B1 Bike Cleaner Pro una elecci\u00f3n superior para cualquiera que busque mantener su equipo en las mejores condiciones, sea cual sea el reto.<\/p>\t\t\t\t\t\t\t\t<\/div>\n\t\t\t\t<\/div>\n\t\t\r\n\t\t\r\n\t\t\t\t\t\t\t<\/div>\r\n\t\t\t\r\n\t\t<\/div>\r\n\t\t\t\t\t\t\t\t\t\t\t\t\t\t\t\t\t<\/div>\r\n\t\t\t\t\t\t<\/section>\r\n\t\t\t\t\r\n\t\t<section\t\t class=\"elementor-section elementor-top-section elementor-element elementor-element-7e0cc76 elementor-section-content-middle animated-slow elementor-section-boxed elementor-section-height-default elementor-section-height-default elementor-invisible\" data-id=\"7e0cc76\" data-element_type=\"section\" data-settings=\"{&quot;animation&quot;:&quot;fadeInUp&quot;}\">\r\n\t\t\r\n\t\t\t\t\t\t\t\t\t\t<div class=\"elementor-container elementor-column-gap-default\" >\r\n\r\n\t\t\t\t\r\n\t\t\t\t\t\t\t\t\t\t\t\t\t\t<div\t\t class=\"elementor-column elementor-col-50 elementor-top-column elementor-element elementor-element-614aa47\" data-id=\"614aa47\" data-element_type=\"column\">\r\n\t\t\t\r\n\t\t\t\r\n\t\t\t\r\n\t\t\t<div class=\"elementor-widget-wrap elementor-element-populated\">\r\n\t\t\t\t\t\t\t\t<div class=\"elementor-element elementor-element-17d92b7 elementor-widget elementor-widget-image\" data-id=\"17d92b7\" data-element_type=\"widget\" data-widget_type=\"image.default\">\n\t\t\t\t<div class=\"elementor-widget-container\">\n\t\t\t\t\t\t\t\t\t\t\t\t\t\t\t<img fetchpriority=\"high\" decoding=\"async\" width=\"1081\" height=\"1559\" src=\"https:\/\/www.brandsfirst.pt\/wp-content\/uploads\/2024\/05\/Limpeza-bicicleta-B1-bike-cleaner-e1725722564896.png\" class=\"attachment-full size-full wp-image-8185\" alt=\"limpieza de bicicletas, limpiador de bicicletas B1, Brandsfirst, bike pro, limpieza de bicicletas\" srcset=\"https:\/\/www.brandsfirst.pt\/wp-content\/uploads\/2024\/05\/Limpeza-bicicleta-B1-bike-cleaner-e1725722564896.png 1081w, https:\/\/www.brandsfirst.pt\/wp-content\/uploads\/2024\/05\/Limpeza-bicicleta-B1-bike-cleaner-e1725722564896-600x865.png 600w, https:\/\/www.brandsfirst.pt\/wp-content\/uploads\/2024\/05\/Limpeza-bicicleta-B1-bike-cleaner-e1725722564896-208x300.png 208w, https:\/\/www.brandsfirst.pt\/wp-content\/uploads\/2024\/05\/Limpeza-bicicleta-B1-bike-cleaner-e1725722564896-710x1024.png 710w, https:\/\/www.brandsfirst.pt\/wp-content\/uploads\/2024\/05\/Limpeza-bicicleta-B1-bike-cleaner-e1725722564896-768x1108.png 768w, https:\/\/www.brandsfirst.pt\/wp-content\/uploads\/2024\/05\/Limpeza-bicicleta-B1-bike-cleaner-e1725722564896-1065x1536.png 1065w, https:\/\/www.brandsfirst.pt\/wp-content\/uploads\/2024\/05\/Limpeza-bicicleta-B1-bike-cleaner-e1725722564896-150x216.png 150w, https:\/\/www.brandsfirst.pt\/wp-content\/uploads\/2024\/05\/Limpeza-bicicleta-B1-bike-cleaner-e1725722564896-8x12.png 8w\" sizes=\"(max-width: 1081px) 100vw, 1081px\" \/>\t\t\t\t\t\t\t\t\t\t\t\t\t\t\t<\/div>\n\t\t\t\t<\/div>\n\t\t\r\n\t\t\r\n\t\t\t\t\t\t\t<\/div>\r\n\t\t\t\r\n\t\t<\/div>\r\n\t\t\t\t<div\t\t class=\"elementor-column elementor-col-50 elementor-top-column elementor-element elementor-element-01b437b\" data-id=\"01b437b\" data-element_type=\"column\">\r\n\t\t\t\r\n\t\t\t\r\n\t\t\t\r\n\t\t\t<div class=\"elementor-widget-wrap elementor-element-populated\">\r\n\t\t\t\t\t\t\t\t<div class=\"elementor-element elementor-element-aaff625 elementor-widget elementor-widget-heading\" data-id=\"aaff625\" data-element_type=\"widget\" data-widget_type=\"heading.default\">\n\t\t\t\t<div class=\"elementor-widget-container\">\n\t\t\t\t\t<h3 class=\"elementor-heading-title elementor-size-default\">Tecnolog\u00eda de limpieza avanzada <\/h3>\t\t\t\t<\/div>\n\t\t\t\t<\/div>\n\t\t\t\t<div class=\"elementor-element elementor-element-538f37a elementor-widget elementor-widget-text-editor\" data-id=\"538f37a\" data-element_type=\"widget\" data-widget_type=\"text-editor.default\">\n\t\t\t\t<div class=\"elementor-widget-container\">\n\t\t\t\t\t\t\t\t\t<p style=\"font-weight: 400;\">B1 Bike Cleaner Pro destaca por su composici\u00f3n t\u00e9cnica meticulosamente formulada. Con una densidad optimizada, el producto se adhiere eficazmente a las superficies, maximizando el tiempo de contacto y el poder de limpieza. La combinaci\u00f3n precisa de tensioactivos ani\u00f3nicos y no i\u00f3nicos garantiza una potente acci\u00f3n limpiadora al emulsionar y eliminar eficazmente aceites, grasas y otros contaminantes sin dejar residuos no deseados.<\/p><p style=\"font-weight: 400;\">La inclusi\u00f3n de fosfonatos y policarboxilatos aumenta la eficacia del producto sobre diferentes tipos de suciedad y condiciones del agua, evitando la formaci\u00f3n de dep\u00f3sitos minerales. El D-limoneno, un terpeno natural derivado de los c\u00edtricos, no s\u00f3lo proporciona una agradable fragancia, sino que tambi\u00e9n mejora las propiedades de limpieza, especialmente contra la grasa y el aceite. Con un pH cuidadosamente ajustado entre 9 y 10, el producto ofrece un equilibrio perfecto entre poder de limpieza y seguridad para los materiales, siendo eficaz contra la suciedad persistente pero lo suficientemente suave para preservar los acabados delicados y los componentes sensibles.<\/p><p><strong><span style=\"color: #262f4f;\">Principales componentes de <span style=\"caret-color: #262f4f;\">f\u00f3rmula<\/span> para una acci\u00f3n eficaz:<\/span><\/strong><\/p><ul><li><strong>Tensioactivos ani\u00f3nicos y no i\u00f3nicos:<\/strong> Eliminaci\u00f3n eficaz de aceites y grasas<\/li><li><strong>Fosfonatos y policarboxilatos:<\/strong> Prevenci\u00f3n de dep\u00f3sitos minerales<\/li><li><strong>d-Limoneno:<\/strong> Potenciador natural de la limpieza, derivado de los c\u00edtricos<\/li><li><strong>F\u00f3rmula no abrasiva:<\/strong> Seguro para todos los acabados<\/li><\/ul>\t\t\t\t\t\t\t\t<\/div>\n\t\t\t\t<\/div>\n\t\t\r\n\t\t\r\n\t\t\t\t\t\t\t<\/div>\r\n\t\t\t\r\n\t\t<\/div>\r\n\t\t\t\t\t\t\t\t\t\t\t\t\t\t\t\t\t<\/div>\r\n\t\t\t\t\t\t<\/section>\r\n\t\t<div class=\"elementor-element elementor-element-2049d1d animated-slow e-flex e-con-boxed elementor-invisible e-con e-parent\" data-id=\"2049d1d\" data-element_type=\"container\" data-settings=\"{&quot;animation&quot;:&quot;fadeInUp&quot;}\">\n\t\t\t\t\t<div class=\"e-con-inner\">\n\t\t<div class=\"elementor-element elementor-element-fe2882f e-con-full e-flex e-con e-child\" data-id=\"fe2882f\" data-element_type=\"container\">\n\t\t\t\t<div class=\"elementor-element elementor-element-c4a962e elementor-widget elementor-widget-heading\" data-id=\"c4a962e\" data-element_type=\"widget\" data-widget_type=\"heading.default\">\n\t\t\t\t<div class=\"elementor-widget-container\">\n\t\t\t\t\t<h3 class=\"elementor-heading-title elementor-size-default\">M\u00e9todo de aplicaci\u00f3n<\/h3>\t\t\t\t<\/div>\n\t\t\t\t<\/div>\n\t\t\t\t<div class=\"elementor-element elementor-element-3b6b5e9 elementor-widget elementor-widget-text-editor\" data-id=\"3b6b5e9\" data-element_type=\"widget\" data-widget_type=\"text-editor.default\">\n\t\t\t\t<div class=\"elementor-widget-container\">\n\t\t\t\t\t\t\t\t\t<p style=\"font-weight: 400;\">B1 Bike Cleaner Pro ha sido desarrollado para ofrecer resultados profesionales con una aplicaci\u00f3n sencilla y eficaz. Seguir el m\u00e9todo de aplicaci\u00f3n garantiza la m\u00e1xima eficacia del producto y la protecci\u00f3n de los componentes m\u00e1s sensibles de su equipo, ya sea una moto de carreras, una moto de trail, un quad de ocio o de alto rendimiento.<\/p><p class=\"cvGsUA direction-ltr align-start para-style-body\"><strong><span class=\"OYPEnA font-feature-liga-off font-feature-clig-off font-feature-calt-off text-decoration-none text-strikethrough-none\">Para una limpieza segura y eficaz, siga estos pasos:<\/span><\/strong><\/p><ul><li style=\"list-style-type: none;\"><ul><li><span class=\"OYPEnA font-feature-liga-off font-feature-clig-off font-feature-calt-off text-decoration-none text-strikethrough-none\">Limpie previamente todas las superficies con agua y elimine la suciedad y los lodos m\u00e1s importantes;<\/span><\/li><li><span class=\"OYPEnA font-feature-liga-off font-feature-clig-off font-feature-calt-off text-decoration-none text-strikethrough-none\">Aplicar el producto directamente sobre las zonas a limpiar;<\/span><\/li><li><strong><span class=\"OYPEnA font-feature-liga-off font-feature-clig-off font-feature-calt-off text-decoration-none text-strikethrough-none\">Esperar 3 minutos a que el producto haga efecto, sin que se seque directamente sobre las superficies;<\/span><\/strong><\/li><li><span class=\"OYPEnA font-feature-liga-off font-feature-clig-off font-feature-calt-off text-decoration-none text-strikethrough-none\">Aclarar abundantemente y eliminar toda la suciedad y restos de producto;<\/span><\/li><li><strong><span class=\"OYPEnA font-feature-liga-off font-feature-clig-off font-feature-calt-off text-decoration-none text-strikethrough-none\">\u00a1Disfruta de tu moto con B1!<\/span><\/strong><\/li><\/ul><\/li><\/ul>\t\t\t\t\t\t\t\t<\/div>\n\t\t\t\t<\/div>\n\t\t\t\t<div class=\"elementor-element elementor-element-e5dbd55 elementor-invisible elementor-widget elementor-widget-riode_widget_button\" data-id=\"e5dbd55\" data-element_type=\"widget\" data-settings=\"{&quot;_animation&quot;:&quot;fadeInUpShorter&quot;,&quot;_animation_delay&quot;:200,&quot;motion_fx_motion_fx_mouse&quot;:&quot;yes&quot;,&quot;motion_fx_mouseTrack_effect&quot;:&quot;yes&quot;,&quot;motion_fx_mouseTrack_speed&quot;:{&quot;unit&quot;:&quot;px&quot;,&quot;size&quot;:1,&quot;sizes&quot;:[]}}\" data-widget_type=\"riode_widget_button.default\">\n\t\t\t\t<div class=\"elementor-widget-container\">\n\t\t\t\t\t<a class=\"btn btn-outline btn-md btn-rounded btn-dark\" href=\"https:\/\/www.brandsfirst.pt\/es\/productos\/limpiador-de-bicicletas-b1\/\" >Compre aqu\u00ed su b1 Bike Cleaner<\/a>\t\t\t\t<\/div>\n\t\t\t\t<\/div>\n\t\t\t\t<\/div>\n\t\t<div class=\"elementor-element elementor-element-07f0fd9 e-con-full e-flex e-con e-child\" data-id=\"07f0fd9\" data-element_type=\"container\">\n\t\t\t\t<div class=\"elementor-element elementor-element-296f3fc elementor-widget elementor-widget-image\" data-id=\"296f3fc\" data-element_type=\"widget\" data-widget_type=\"image.default\">\n\t\t\t\t<div class=\"elementor-widget-container\">\n\t\t\t\t\t\t\t\t\t\t\t\t\t\t\t<img decoding=\"async\" width=\"1024\" height=\"1024\" src=\"https:\/\/www.brandsfirst.pt\/wp-content\/uploads\/2024\/09\/B1-bike-Cleaner-moto-1024x1024.png\" class=\"attachment-large size-large wp-image-9232\" alt=\"BrandsFirst, Productos de limpieza, Brands1st\" srcset=\"https:\/\/www.brandsfirst.pt\/wp-content\/uploads\/2024\/09\/B1-bike-Cleaner-moto-1024x1024.png 1024w, https:\/\/www.brandsfirst.pt\/wp-content\/uploads\/2024\/09\/B1-bike-Cleaner-moto-300x300.png 300w, https:\/\/www.brandsfirst.pt\/wp-content\/uploads\/2024\/09\/B1-bike-Cleaner-moto-150x150.png 150w, https:\/\/www.brandsfirst.pt\/wp-content\/uploads\/2024\/09\/B1-bike-Cleaner-moto-600x600.png 600w, https:\/\/www.brandsfirst.pt\/wp-content\/uploads\/2024\/09\/B1-bike-Cleaner-moto-768x768.png 768w, https:\/\/www.brandsfirst.pt\/wp-content\/uploads\/2024\/09\/B1-bike-Cleaner-moto-12x12.png 12w, https:\/\/www.brandsfirst.pt\/wp-content\/uploads\/2024\/09\/B1-bike-Cleaner-moto.png 1080w\" sizes=\"(max-width: 1024px) 100vw, 1024px\">\t\t\t\t\t\t\t\t\t\t\t\t\t\t\t<\/div>\n\t\t\t\t<\/div>\n\t\t\t\t<\/div>\n\t\t\t\t\t<\/div>\n\t\t\t\t<\/div>\n\t\t<div class=\"elementor-element elementor-element-4dfde6a e-flex e-con-boxed elementor-invisible e-con e-parent\" data-id=\"4dfde6a\" data-element_type=\"container\" data-settings=\"{&quot;animation&quot;:&quot;fadeIn&quot;}\">\n\t\t\t\t\t<div class=\"e-con-inner\">\n\t\t<div class=\"elementor-element elementor-element-b897ba8 e-con-full e-flex e-con e-child\" data-id=\"b897ba8\" data-element_type=\"container\">\n\t\t\t\t<div class=\"elementor-element elementor-element-61fc40e elementor-widget elementor-widget-image\" data-id=\"61fc40e\" data-element_type=\"widget\" data-widget_type=\"image.default\">\n\t\t\t\t<div class=\"elementor-widget-container\">\n\t\t\t\t\t\t\t\t\t\t\t\t\t\t\t<img decoding=\"async\" width=\"1024\" height=\"1024\" src=\"https:\/\/www.brandsfirst.pt\/wp-content\/uploads\/2024\/09\/B1-bike-Cleaner-bicicleta-1024x1024.png\" class=\"attachment-large size-large wp-image-9230\" alt=\"BrandsFirst, Productos de limpieza, Brands1st\" srcset=\"https:\/\/www.brandsfirst.pt\/wp-content\/uploads\/2024\/09\/B1-bike-Cleaner-bicicleta-1024x1024.png 1024w, https:\/\/www.brandsfirst.pt\/wp-content\/uploads\/2024\/09\/B1-bike-Cleaner-bicicleta-300x300.png 300w, https:\/\/www.brandsfirst.pt\/wp-content\/uploads\/2024\/09\/B1-bike-Cleaner-bicicleta-150x150.png 150w, https:\/\/www.brandsfirst.pt\/wp-content\/uploads\/2024\/09\/B1-bike-Cleaner-bicicleta-600x600.png 600w, https:\/\/www.brandsfirst.pt\/wp-content\/uploads\/2024\/09\/B1-bike-Cleaner-bicicleta-768x768.png 768w, https:\/\/www.brandsfirst.pt\/wp-content\/uploads\/2024\/09\/B1-bike-Cleaner-bicicleta-12x12.png 12w, https:\/\/www.brandsfirst.pt\/wp-content\/uploads\/2024\/09\/B1-bike-Cleaner-bicicleta.png 1080w\" sizes=\"(max-width: 1024px) 100vw, 1024px\">\t\t\t\t\t\t\t\t\t\t\t\t\t\t\t<\/div>\n\t\t\t\t<\/div>\n\t\t\t\t<\/div>\n\t\t<div class=\"elementor-element elementor-element-99ddc8b e-con-full e-flex e-con e-child\" data-id=\"99ddc8b\" data-element_type=\"container\">\n\t\t\t\t<div class=\"elementor-element elementor-element-328cab6 elementor-widget elementor-widget-heading\" data-id=\"328cab6\" data-element_type=\"widget\" data-widget_type=\"heading.default\">\n\t\t\t\t<div class=\"elementor-widget-container\">\n\t\t\t\t\t<h3 class=\"elementor-heading-title elementor-size-default\">Eficacia probada <\/h3>\t\t\t\t<\/div>\n\t\t\t\t<\/div>\n\t\t\t\t<div class=\"elementor-element elementor-element-ac75ca4 elementor-widget elementor-widget-text-editor\" data-id=\"ac75ca4\" data-element_type=\"widget\" data-widget_type=\"text-editor.default\">\n\t\t\t\t<div class=\"elementor-widget-container\">\n\t\t\t\t\t\t\t\t\t<p style=\"font-weight: 400;\">El B1 Bike Cleaner Pro ha sido sometido a una rigurosa serie de pruebas en condiciones reales de uso, donde ha demostrado su eficacia en una gran variedad de condiciones.\u00a0<\/p><p style=\"font-weight: 400;\"><strong>Probado en diversos escenarios, desde pistas de descenso embarradas hasta polvorientas carreteras de larga distancia, el B1 Bike Cleaner Pro demostr\u00f3 su versatilidad y eficacia.<\/strong><\/p><p style=\"font-weight: 400;\">Adem\u00e1s de la limpieza inmediata, estudios a largo plazo han revelado sus beneficios preventivos al reducir significativamente la acumulaci\u00f3n de suciedad y prolongar la vida \u00fatil de los componentes en comparaci\u00f3n con los m\u00e9todos de limpieza tradicionales.<\/p>\t\t\t\t\t\t\t\t<\/div>\n\t\t\t\t<\/div>\n\t\t\t\t<div class=\"elementor-element elementor-element-a83c236 elementor-widget elementor-widget-heading\" data-id=\"a83c236\" data-element_type=\"widget\" data-widget_type=\"heading.default\">\n\t\t\t\t<div class=\"elementor-widget-container\">\n\t\t\t\t\t<h3 class=\"elementor-heading-title elementor-size-default\">Ventajas de utilizar B1 bike Cleaner:\n<\/h3>\t\t\t\t<\/div>\n\t\t\t\t<\/div>\n\t\t\t\t<div class=\"elementor-element elementor-element-5608a32 elementor-widget elementor-widget-text-editor\" data-id=\"5608a32\" data-element_type=\"widget\" data-widget_type=\"text-editor.default\">\n\t\t\t\t<div class=\"elementor-widget-container\">\n\t\t\t\t\t\t\t\t\t<ul><li><strong>Eficacia superior:<\/strong> Elimina la suciedad 95% en s\u00f3lo 3 minutos;<\/li><li style=\"text-align: left;\"><strong>Versatilidad<\/strong> probada en diferentes terrenos y condiciones;<\/li><li style=\"text-align: left;\"><strong>Limpieza sin residuos<\/strong>manteniendo el rendimiento aerodin\u00e1mico;<\/li><li style=\"text-align: left;\">Acci\u00f3n preventiva contra la acumulaci\u00f3n de suciedad y corrosi\u00f3n;<\/li><li style=\"text-align: left;\">Prolonga la vida \u00fatil de los componentes.<\/li><\/ul>\t\t\t\t\t\t\t\t<\/div>\n\t\t\t\t<\/div>\n\t\t\t\t<\/div>\n\t\t\t\t\t<\/div>\n\t\t\t\t<\/div>\n\t\t\t\t<\/div>","protected":false},"excerpt":{"rendered":"<p>B1 Bike Cleaner Limpeza profissional para a tua bicicleta. Eficaz, seguro e eco-friendly. Remove sujidade dif\u00edcil em minutos. Ideal para bicicletas, motos e quadriciclos. B1 Bike Cleaner Pro: Limpeza Profissional para Bicicletas O B1 Bike Cleaner Pro da BrandsFirst \u00e9 a solu\u00e7\u00e3o definitiva para a limpeza de bicicletas, motociclos e quadriciclos de alto desempenho. Desenvolvido [&hellip;]<\/p>","protected":false},"author":4,"featured_media":7981,"parent":0,"menu_order":0,"comment_status":"closed","ping_status":"closed","template":"","meta":{"footnotes":""},"class_list":["post-9209","page","type-page","status-publish","has-post-thumbnail","hentry"],"_links":{"self":[{"href":"https:\/\/www.brandsfirst.pt\/es\/wp-json\/wp\/v2\/pages\/9209","targetHints":{"allow":["GET"]}}],"collection":[{"href":"https:\/\/www.brandsfirst.pt\/es\/wp-json\/wp\/v2\/pages"}],"about":[{"href":"https:\/\/www.brandsfirst.pt\/es\/wp-json\/wp\/v2\/types\/page"}],"author":[{"embeddable":true,"href":"https:\/\/www.brandsfirst.pt\/es\/wp-json\/wp\/v2\/users\/4"}],"replies":[{"embeddable":true,"href":"https:\/\/www.brandsfirst.pt\/es\/wp-json\/wp\/v2\/comments?post=9209"}],"version-history":[{"count":49,"href":"https:\/\/www.brandsfirst.pt\/es\/wp-json\/wp\/v2\/pages\/9209\/revisions"}],"predecessor-version":[{"id":9490,"href":"https:\/\/www.brandsfirst.pt\/es\/wp-json\/wp\/v2\/pages\/9209\/revisions\/9490"}],"wp:featuredmedia":[{"embeddable":true,"href":"https:\/\/www.brandsfirst.pt\/es\/wp-json\/wp\/v2\/media\/7981"}],"wp:attachment":[{"href":"https:\/\/www.brandsfirst.pt\/es\/wp-json\/wp\/v2\/media?parent=9209"}],"curies":[{"name":"wp","href":"https:\/\/api.w.org\/{rel}","templated":true}]}}