{"id":9035,"date":"2024-09-04T13:45:52","date_gmt":"2024-09-04T13:45:52","guid":{"rendered":"https:\/\/www.brandsfirst.pt\/?page_id=9035"},"modified":"2024-10-30T12:53:21","modified_gmt":"2024-10-30T12:53:21","slug":"politica-de-privacidade","status":"publish","type":"page","link":"https:\/\/www.brandsfirst.pt\/es\/politica-de-privacidad\/","title":{"rendered":"Pol\u00edtica de privacidad"},"content":{"rendered":"<div data-elementor-type=\"wp-page\" data-elementor-id=\"9035\" class=\"elementor elementor-9035\" data-elementor-post-type=\"page\">\n\t\t\t\t\t\t\r\n\t\t<section\t\t class=\"elementor-section elementor-top-section elementor-element elementor-element-2de68ae elementor-section-content-middle elementor-section-boxed elementor-section-height-default elementor-section-height-default elementor-invisible\" data-id=\"2de68ae\" data-element_type=\"section\" data-settings=\"{&quot;animation&quot;:&quot;fadeIn&quot;}\">\r\n\t\t\r\n\t\t\t\t\t\t\t\t\t\t<div class=\"elementor-container elementor-column-gap-default\" >\r\n\r\n\t\t\t\t\r\n\t\t\t\t\t\t\t\t\t\t\t\t\t\t<div\t\t class=\"elementor-column elementor-col-100 elementor-top-column elementor-element elementor-element-94f89fa\" data-id=\"94f89fa\" data-element_type=\"column\">\r\n\t\t\t\r\n\t\t\t\r\n\t\t\t\r\n\t\t\t<div class=\"elementor-widget-wrap elementor-element-populated\">\r\n\t\t\t\t\t\t\t\t<div class=\"elementor-element elementor-element-8075540 mx-lg-280 elementor-widget elementor-widget-heading\" data-id=\"8075540\" data-element_type=\"widget\" data-widget_type=\"heading.default\">\n\t\t\t\t<div class=\"elementor-widget-container\">\n\t\t\t\t\t<h2 class=\"elementor-heading-title elementor-size-default\">Pol\u00edtica de privacidad<\/h2>\t\t\t\t<\/div>\n\t\t\t\t<\/div>\n\t\t\t\t<div class=\"elementor-element elementor-element-cdc97e4 elementor-widget elementor-widget-text-editor\" data-id=\"cdc97e4\" data-element_type=\"widget\" data-widget_type=\"text-editor.default\">\n\t\t\t\t<div class=\"elementor-widget-container\">\n\t\t\t\t\t\t\t\t\t<div class=\"elementor-element elementor-element-245e85c elementor-widget elementor-widget-litho-heading\" data-id=\"245e85c\" data-element_type=\"widget\" data-widget_type=\"litho-heading.default\"><div class=\"elementor-widget-container\"><h5 class=\"litho-heading elementor-size-default\"><span class=\"litho-primary-title\">Informaci\u00f3n general<\/span><\/h5><\/div><\/div><div class=\"elementor-element elementor-element-62c35ea elementor-widget elementor-widget-text-editor\" data-id=\"62c35ea\" data-element_type=\"widget\" data-widget_type=\"text-editor.default\"><div class=\"elementor-widget-container\"><p>Su privacidad es importante para nosotros. Es pol\u00edtica de <b>BrandsFirst <\/b>respetar su privacidad en relaci\u00f3n con cualquier informaci\u00f3n que podamos recopilar en nuestro sitio web. S\u00f3lo solicitamos informaci\u00f3n personal cuando realmente la necesitamos para prestarle un servicio. Lo hacemos por medios justos y legales, con su conocimiento y consentimiento. Tambi\u00e9n le informamos de por qu\u00e9 recogemos estos datos y c\u00f3mo se utilizar\u00e1n.<\/p><p>S\u00f3lo conservamos la informaci\u00f3n recopilada durante el tiempo necesario para prestar el servicio solicitado. Los datos recogidos se proteger\u00e1n de conformidad con la normativa sobre protecci\u00f3n de datos, a fin de evitar su p\u00e9rdida y robo, as\u00ed como su acceso, divulgaci\u00f3n, copia, uso o modificaci\u00f3n no autorizados.<\/p><p>No compartimos informaci\u00f3n personal identificable p\u00fablicamente ni con terceros, excepto cuando lo exige la ley. Puede rechazar nuestra solicitud de informaci\u00f3n personal si considera que no podemos prestarle algunos de los servicios que necesita.<\/p><p>Al navegar por nuestro sitio web, acepta nuestras pol\u00edticas de privacidad e informaci\u00f3n personal. Si tiene alguna pregunta sobre c\u00f3mo tratamos los datos de los usuarios y la informaci\u00f3n personal, p\u00f3ngase en contacto con nosotros en: geral@brandsfirst.pt<\/p><\/div><\/div><div class=\"elementor-element elementor-element-0d1c674 elementor-widget elementor-widget-litho-heading\" data-id=\"0d1c674\" data-element_type=\"widget\" data-widget_type=\"litho-heading.default\"><div class=\"elementor-widget-container\"><h5 class=\"litho-heading elementor-size-default\"><span class=\"litho-primary-title\">Introducci\u00f3n<\/span><\/h5><\/div><\/div><div class=\"elementor-element elementor-element-e59e896 elementor-widget elementor-widget-text-editor\" data-id=\"e59e896\" data-element_type=\"widget\" data-widget_type=\"text-editor.default\"><div class=\"elementor-widget-container\"><p>El responsable del tratamiento de datos de este sitio web es Brands1st, Unip. Lda, propietaria de la marca BrandsFirst. Al proporcionar datos personales en el sitio web de BrandsFirst, usted consiente expl\u00edcitamente la transferencia de datos personales a BrandsFirst, Unip. Lda.<\/p><\/div><\/div><div class=\"elementor-element elementor-element-c11f6d6 elementor-widget elementor-widget-litho-heading\" data-id=\"c11f6d6\" data-element_type=\"widget\" data-widget_type=\"litho-heading.default\"><div class=\"elementor-widget-container\"><h5 class=\"litho-heading elementor-size-default\"><span class=\"litho-primary-title\">Tratamiento de datos<\/span><\/h5><\/div><\/div><div class=\"elementor-element elementor-element-aa029e8 elementor-widget elementor-widget-text-editor\" data-id=\"aa029e8\" data-element_type=\"widget\" data-widget_type=\"text-editor.default\"><div class=\"elementor-widget-container\"><p>El Reglamento General de Protecci\u00f3n de Datos (Reglamento (UE) 2016\/679 del Parlamento Europeo y del Consejo de 27 de abril de 2016 (\"RGPD\") y la Ley n\u00ba 58\/2019, de 8 de agosto, garantizan la protecci\u00f3n de las personas f\u00edsicas en lo que respecta al tratamiento de datos personales y la libre circulaci\u00f3n de estos datos en la Uni\u00f3n Europea.<\/p><p>Por \"datos personales\" se entender\u00e1 cualquier \"informaci\u00f3n sobre una persona f\u00edsica identificada o identificable (\"el interesado\")\". Una persona f\u00edsica identificable es aquella que puede ser identificada, directa o indirectamente, en particular mediante un identificador como un nombre, un n\u00famero de identificaci\u00f3n, datos de localizaci\u00f3n, un identificador en l\u00ednea o uno o m\u00e1s factores espec\u00edficos de la identidad f\u00edsica, fisiol\u00f3gica, gen\u00e9tica, mental, econ\u00f3mica, cultural o social de dicha persona f\u00edsica.\"<\/p><p>Los datos personales facilitados por el usuario a trav\u00e9s de este <em>sitio web<\/em> se tratar\u00e1 de conformidad con la legislaci\u00f3n sobre protecci\u00f3n de datos personales, en virtud de la cual el <strong>BrandsFirst<\/strong> es responsable del tratamiento.<\/p><p>No se solicitar\u00e1n datos personales sobre origen racial o \u00e9tnico, opiniones pol\u00edticas, creencias religiosas o filos\u00f3ficas, opiniones pol\u00edticas, afiliaci\u00f3n sindical, datos relativos a la salud y a la vida sexual, datos gen\u00e9ticos, datos biom\u00e9tricos o datos relativos a la vida sexual o a la orientaci\u00f3n sexual.<\/p><p>Los datos tambi\u00e9n podr\u00e1n comunicarse a terceros, como entidades a las que deban comunicarse por ley, como autoridades policiales, reguladoras, tribunales, organismos gubernamentales u otras autoridades p\u00fablicas o entidades que presten servicios p\u00fablicos. <em>Nube <\/em>y mantenimiento de los sistemas de informaci\u00f3n.<\/p><\/div><\/div><div class=\"elementor-element elementor-element-f9772d8 elementor-widget elementor-widget-litho-heading\" data-id=\"f9772d8\" data-element_type=\"widget\" data-widget_type=\"litho-heading.default\"><div class=\"elementor-widget-container\"><h5 class=\"litho-heading elementor-size-default\"><span class=\"litho-primary-title\">Uso de datos personales<\/span><\/h5><\/div><\/div><div class=\"elementor-element elementor-element-c5f16e5 elementor-widget elementor-widget-text-editor\" data-id=\"c5f16e5\" data-element_type=\"widget\" data-widget_type=\"text-editor.default\"><div class=\"elementor-widget-container\"><p>Los datos personales tratados a trav\u00e9s de este <em>sitio web<\/em> s\u00f3lo se utilizar\u00e1 para los siguientes fines:<\/p><ol><li>Solicitudes de contacto o informaci\u00f3n;<\/li><li>Tramitaci\u00f3n de solicitudes de presupuesto para los servicios de BrandsFirst;<\/li><li>Comprobaci\u00f3n, mantenimiento y desarrollo de sistemas y an\u00e1lisis estad\u00edsticos;<\/li><li>Gesti\u00f3n de comentarios y entradas de blog;<\/li><li>Comunicaci\u00f3n promocional y marketing directo, si el usuario ha dado su consentimiento expreso.<\/li><\/ol><p>La base jur\u00eddica para el tratamiento de datos personales con estos fines es la ejecuci\u00f3n de un contrato con el interesado (o gestiones precontractuales), el consentimiento expl\u00edcito o el cumplimiento de una obligaci\u00f3n legal.<\/p><p>La falta de respuesta a los datos marcados como obligatorios significa que es imposible responder a la solicitud del interesado.<\/p><\/div><\/div><div class=\"elementor-element elementor-element-236c648 elementor-widget elementor-widget-litho-heading\" data-id=\"236c648\" data-element_type=\"widget\" data-widget_type=\"litho-heading.default\"><div class=\"elementor-widget-container\"><h5 class=\"litho-heading elementor-size-default\"><span class=\"litho-primary-title\">Ejercicio de derechos<\/span><\/h5><\/div><\/div><div class=\"elementor-element elementor-element-7a4c6ea elementor-widget elementor-widget-text-editor\" data-id=\"7a4c6ea\" data-element_type=\"widget\" data-widget_type=\"text-editor.default\"><div class=\"elementor-widget-container\"><p>En virtud del GDPR y de la Ley n\u00ba 58\/2019, de 8 de agosto, el Usuario podr\u00e1 ejercer, en cualquier momento y de forma gratuita, sus derechos de acceso, rectificaci\u00f3n, supresi\u00f3n, limitaci\u00f3n, portabilidad, oposici\u00f3n, revocaci\u00f3n del consentimiento y a no ser objeto de decisiones individuales automatizadas mediante solicitud escrita dirigida a <strong>BrandsFirst<\/strong> por correo electr\u00f3nico a: geral@brandsfirst.pt<\/p><p>El interesado tambi\u00e9n tiene derecho a presentar una reclamaci\u00f3n ante la Comisi\u00f3n Nacional de Protecci\u00f3n de Datos (CNPD). <a href=\"http:\/\/www.cnpd.pt\/\" target=\"_blank\" rel=\"noopener\">www.cnpd.pt<\/a> en relaci\u00f3n con cuestiones relativas al ejercicio de sus derechos y a la protecci\u00f3n de sus datos personales.<\/p><\/div><\/div><div class=\"elementor-element elementor-element-94e42c4 elementor-widget elementor-widget-litho-heading\" data-id=\"94e42c4\" data-element_type=\"widget\" data-widget_type=\"litho-heading.default\"><div class=\"elementor-widget-container\"><h5 class=\"litho-heading elementor-size-default\"><span class=\"litho-primary-title\">Cambios en la pol\u00edtica de privacidad<\/span><\/h5><\/div><\/div><div class=\"elementor-element elementor-element-f47fab0 elementor-widget elementor-widget-text-editor\" data-id=\"f47fab0\" data-element_type=\"widget\" data-widget_type=\"text-editor.default\"><div class=\"elementor-widget-container\"><p>A <b>BrandsFirst<\/b>\u00a0se reserva el derecho de revisar su Pol\u00edtica de Privacidad en cualquier momento que lo considere oportuno, en cuyo caso notificar\u00e1 al Usuario los cambios introducidos. La versi\u00f3n actualizada estar\u00e1 siempre disponible para su consulta en <a href=\"https:\/\/www.brandsfirst.pt\/es\/politica-de-privacidad\/\" target=\"_blank\" rel=\"noopener\">www.brandsfirst.pt\/politica-de-privacidade<\/a><\/p><p>Esta pol\u00edtica entrar\u00e1 en vigor en septiembre de 2024.<\/p><\/div><\/div>\t\t\t\t\t\t\t\t<\/div>\n\t\t\t\t<\/div>\n\t\t\r\n\t\t\r\n\t\t\t\t\t\t\t<\/div>\r\n\t\t\t\r\n\t\t<\/div>\r\n\t\t\t\t\t\t\t\t\t\t\t\t\t\t\t\t\t<\/div>\r\n\t\t\t\t\t\t<\/section>\r\n\t\t\t\t<\/div>","protected":false},"excerpt":{"rendered":"<p>Pol\u00edtica de Privacidade Informa\u00e7\u00f5es Gerais A sua privacidade \u00e9 importante para n\u00f3s.\u00a0\u00c9 pol\u00edtica da BrandsFirst respeitar a sua privacidade em rela\u00e7\u00e3o a qualquer informa\u00e7\u00e3o que possamos coletar no nosso website.\u00a0Solicitamos informa\u00e7\u00f5es pessoais apenas quando realmente precisamos delas para lhe fornecer um servi\u00e7o. Fazemo-lo por meios justos e legais, com o seu conhecimento e consentimento. Tamb\u00e9m [&hellip;]<\/p>","protected":false},"author":4,"featured_media":0,"parent":0,"menu_order":0,"comment_status":"closed","ping_status":"closed","template":"","meta":{"footnotes":""},"class_list":["post-9035","page","type-page","status-publish","hentry"],"_links":{"self":[{"href":"https:\/\/www.brandsfirst.pt\/es\/wp-json\/wp\/v2\/pages\/9035","targetHints":{"allow":["GET"]}}],"collection":[{"href":"https:\/\/www.brandsfirst.pt\/es\/wp-json\/wp\/v2\/pages"}],"about":[{"href":"https:\/\/www.brandsfirst.pt\/es\/wp-json\/wp\/v2\/types\/page"}],"author":[{"embeddable":true,"href":"https:\/\/www.brandsfirst.pt\/es\/wp-json\/wp\/v2\/users\/4"}],"replies":[{"embeddable":true,"href":"https:\/\/www.brandsfirst.pt\/es\/wp-json\/wp\/v2\/comments?post=9035"}],"version-history":[{"count":13,"href":"https:\/\/www.brandsfirst.pt\/es\/wp-json\/wp\/v2\/pages\/9035\/revisions"}],"predecessor-version":[{"id":9095,"href":"https:\/\/www.brandsfirst.pt\/es\/wp-json\/wp\/v2\/pages\/9035\/revisions\/9095"}],"wp:attachment":[{"href":"https:\/\/www.brandsfirst.pt\/es\/wp-json\/wp\/v2\/media?parent=9035"}],"curies":[{"name":"wp","href":"https:\/\/api.w.org\/{rel}","templated":true}]}}