{"id":9022,"date":"2024-09-04T13:19:27","date_gmt":"2024-09-04T13:19:27","guid":{"rendered":"https:\/\/www.brandsfirst.pt\/?page_id=9022"},"modified":"2024-10-30T12:53:38","modified_gmt":"2024-10-30T12:53:38","slug":"sitemap","status":"publish","type":"page","link":"https:\/\/www.brandsfirst.pt\/es\/mapa-del-sitio\/","title":{"rendered":"Mapa del sitio"},"content":{"rendered":"<div data-elementor-type=\"wp-page\" data-elementor-id=\"9022\" class=\"elementor elementor-9022\" data-elementor-post-type=\"page\">\n\t\t\t\t\t\t\r\n\t\t<section\t\t class=\"d-lazy-back elementor-section elementor-top-section elementor-element elementor-element-68e3e5ef elementor-section-full_width elementor-section-stretched elementor-section-height-default elementor-section-height-default\" data-lazy=\"https:\/\/www.brandsfirst.pt\/wp-content\/uploads\/2024\/09\/400778.jpg\" data-id=\"68e3e5ef\" data-element_type=\"section\" data-settings=\"{&quot;background_background&quot;:&quot;classic&quot;,&quot;stretch_section&quot;:&quot;section-stretched&quot;}\">\r\n\t\t\r\n\t\t\t\t\t\t\t<div class=\"elementor-background-overlay\"><\/div>\r\n\t\t\t\t\t\t\t\t\t\t\t<div class=\"elementor-container elementor-column-gap-default\" >\r\n\r\n\t\t\t\t\r\n\t\t\t\t\t\t\t\t\t\t\t\t\t\t<div\t\t class=\"elementor-column elementor-col-100 elementor-top-column elementor-element elementor-element-7a87523b elementor-invisible\" data-id=\"7a87523b\" data-element_type=\"column\" data-settings=\"{&quot;animation&quot;:&quot;fadeIn&quot;}\">\r\n\t\t\t\r\n\t\t\t\r\n\t\t\t\r\n\t\t\t<div class=\"elementor-widget-wrap elementor-element-populated\">\r\n\t\t\t\t\t\t\t\t<div class=\"elementor-element elementor-element-1d844a6b elementor-widget elementor-widget-heading\" data-id=\"1d844a6b\" data-element_type=\"widget\" data-widget_type=\"heading.default\">\n\t\t\t\t<div class=\"elementor-widget-container\">\n\t\t\t\t\t<h1 class=\"elementor-heading-title elementor-size-default\">Mapa del sitio<\/h1>\t\t\t\t<\/div>\n\t\t\t\t<\/div>\n\t\t\t\t<div class=\"elementor-element elementor-element-518c0dae elementor-widget elementor-widget-heading\" data-id=\"518c0dae\" data-element_type=\"widget\" data-widget_type=\"heading.default\">\n\t\t\t\t<div class=\"elementor-widget-container\">\n\t\t\t\t\t<p class=\"elementor-heading-title elementor-size-default\">BrandsFirst - P\u00f3ngase en contacto con nosotros para obtener informaci\u00f3n sobre productos de limpieza, asistencia t\u00e9cnica o asociaciones. <\/p>\t\t\t\t<\/div>\n\t\t\t\t<\/div>\n\t\t\r\n\t\t\r\n\t\t\t\t\t\t\t<\/div>\r\n\t\t\t\r\n\t\t<\/div>\r\n\t\t\t\t\t\t\t\t\t\t\t\t\t\t\t\t\t<\/div>\r\n\t\t\t\t\t\t<\/section>\r\n\t\t\t\t\r\n\t\t<section\t\t class=\"elementor-section elementor-top-section elementor-element elementor-element-595d57b1 elementor-section-content-middle elementor-section-boxed elementor-section-height-default elementor-section-height-default elementor-invisible\" data-id=\"595d57b1\" data-element_type=\"section\" data-settings=\"{&quot;animation&quot;:&quot;fadeIn&quot;}\">\r\n\t\t\r\n\t\t\t\t\t\t\t\t\t\t<div class=\"elementor-container elementor-column-gap-default\" >\r\n\r\n\t\t\t\t\r\n\t\t\t\t\t\t\t\t\t\t\t\t\t\t<div\t\t class=\"elementor-column elementor-col-100 elementor-top-column elementor-element elementor-element-7eb385bb\" data-id=\"7eb385bb\" data-element_type=\"column\">\r\n\t\t\t\r\n\t\t\t\r\n\t\t\t\r\n\t\t\t<div class=\"elementor-widget-wrap elementor-element-populated\">\r\n\t\t\t\t\t\t\t\t<div class=\"elementor-element elementor-element-30d43da elementor-widget elementor-widget-sitemap\" data-id=\"30d43da\" data-element_type=\"widget\" data-widget_type=\"sitemap.default\">\n\t\t\t\t<div class=\"elementor-widget-container\">\n\t\t\t\t\t<div class=\"elementor-sitemap-wrap\"><div class=\"elementor-sitemap-section\"><h2 class=\"elementor-sitemap-title elementor-sitemap-page-title\">P\u00e1ginas<\/h2><ul class=\"elementor-sitemap-list elementor-sitemap-page-list\"><li class=\"elementor-sitemap-item elementor-sitemap-item-page page_item page-item-9209\"><a href=\"https:\/\/www.brandsfirst.pt\/es\/limpiador-de-bicicletas-b1\/\">B1 Bike Cleaner | Limpieza profesional para su bicicleta<\/a><\/li><li class=\"elementor-sitemap-item elementor-sitemap-item-page page_item page-item-4\"><a href=\"https:\/\/www.brandsfirst.pt\/es\">BrandsFirst<\/a><\/li><li class=\"elementor-sitemap-item elementor-sitemap-item-page page_item page-item-10\"><a href=\"https:\/\/www.brandsfirst.pt\/es\/carro\/\">Carrito<\/a><\/li><li class=\"elementor-sitemap-item elementor-sitemap-item-page page_item page-item-11\"><a href=\"https:\/\/www.brandsfirst.pt\/es\/checkout\/\">Pedido<\/a><\/li><li class=\"elementor-sitemap-item elementor-sitemap-item-page page_item page-item-8277\"><a href=\"https:\/\/www.brandsfirst.pt\/es\/compare\/\">Compara<\/a><\/li><li class=\"elementor-sitemap-item elementor-sitemap-item-page page_item page-item-8718\"><a href=\"https:\/\/www.brandsfirst.pt\/es\/pongase-en-contacto-con\/\">P\u00f3ngase en contacto con<\/a><\/li><li class=\"elementor-sitemap-item elementor-sitemap-item-page page_item page-item-5550\"><a href=\"https:\/\/www.brandsfirst.pt\/es\/preguntas-frecuentes\/\">Preguntas frecuentes<\/a><\/li><li class=\"elementor-sitemap-item elementor-sitemap-item-page page_item page-item-1551\"><a href=\"https:\/\/www.brandsfirst.pt\/es\/favoritos\/\">Favoritos<\/a><\/li><li class=\"elementor-sitemap-item elementor-sitemap-item-page page_item page-item-1746\"><a href=\"https:\/\/www.brandsfirst.pt\/es\/institucional\/\">Institucional<\/a><\/li><li class=\"elementor-sitemap-item elementor-sitemap-item-page page_item page-item-8749\"><a href=\"https:\/\/www.brandsfirst.pt\/es\/linea-profesional\/\">L\u00ednea profesional<\/a><\/li><li class=\"elementor-sitemap-item elementor-sitemap-item-page page_item page-item-8737\"><a href=\"https:\/\/www.brandsfirst.pt\/es\/linea-residencial\/\">L\u00ednea residencial<\/a><\/li><li class=\"elementor-sitemap-item elementor-sitemap-item-page page_item page-item-16\"><a href=\"https:\/\/www.brandsfirst.pt\/es\/lista-de-deseos\/\">Lista de deseos<\/a><\/li><li class=\"elementor-sitemap-item elementor-sitemap-item-page page_item page-item-12\"><a href=\"https:\/\/www.brandsfirst.pt\/es\/mi-cuenta\/\">Mi cuenta<\/a><\/li><li class=\"elementor-sitemap-item elementor-sitemap-item-page page_item page-item-8807\"><a href=\"https:\/\/www.brandsfirst.pt\/es\/noticias\/\">Noticias<\/a><\/li><li class=\"elementor-sitemap-item elementor-sitemap-item-page page_item page-item-9040\"><a href=\"https:\/\/www.brandsfirst.pt\/es\/politica-de-cookies\/\">Pol\u00edtica de cookies<\/a><\/li><li class=\"elementor-sitemap-item elementor-sitemap-item-page page_item page-item-9035\"><a href=\"https:\/\/www.brandsfirst.pt\/es\/politica-de-privacidad\/\">Pol\u00edtica de privacidad<\/a><\/li><li class=\"elementor-sitemap-item elementor-sitemap-item-page page_item page-item-37\"><a href=\"https:\/\/www.brandsfirst.pt\/es\/productos\/\">Productos BrandsFirst<\/a><\/li><li class=\"elementor-sitemap-item elementor-sitemap-item-page page_item page-item-8663\"><a href=\"https:\/\/www.brandsfirst.pt\/es\/seguridad-y-certificacion\/\">Seguridad y certificaci\u00f3n<\/a><\/li><li class=\"elementor-sitemap-item elementor-sitemap-item-page page_item page-item-38\"><a href=\"https:\/\/www.brandsfirst.pt\/es\/carro-2\/\">Cesta de la compra<\/a><\/li><li class=\"elementor-sitemap-item elementor-sitemap-item-page page_item page-item-9022\"><a href=\"https:\/\/www.brandsfirst.pt\/es\/mapa-del-sitio\/\">Mapa del sitio<\/a><\/li><li class=\"elementor-sitemap-item elementor-sitemap-item-page page_item page-item-8729\"><a href=\"https:\/\/www.brandsfirst.pt\/es\/soporte\/\">Ayuda<\/a><\/li><li class=\"elementor-sitemap-item elementor-sitemap-item-page page_item page-item-8661\"><a href=\"https:\/\/www.brandsfirst.pt\/es\/sostenibilidad-y-responsabilidad-social\/\">Sostenibilidad y responsabilidad social<\/a><\/li><li class=\"elementor-sitemap-item elementor-sitemap-item-page page_item page-item-9103\"><a href=\"https:\/\/www.brandsfirst.pt\/es\/condiciones-generales-de-venta\/\">Condiciones generales de venta<\/a><\/li><\/ul><\/div><div class=\"elementor-sitemap-section\"><h2 class=\"elementor-sitemap-title elementor-sitemap-product-title\">Productos<\/h2><ul class=\"elementor-sitemap-list elementor-sitemap-product-list\"><li class=\"elementor-sitemap-item elementor-sitemap-item-product page_item page-item-8620\"><a href=\"https:\/\/www.brandsfirst.pt\/es\/productos\/limpiador-de-bicicletas-b1\/\">B1 Limpiador de bicicletas<\/a><\/li><li class=\"elementor-sitemap-item elementor-sitemap-item-product page_item page-item-8623\"><a href=\"https:\/\/www.brandsfirst.pt\/es\/productos\/b1-limpiador-de-bicicletas-5l\/\">B1 Limpiador de bicicletas 5L<\/a><\/li><li class=\"elementor-sitemap-item elementor-sitemap-item-product page_item page-item-8299\"><a href=\"https:\/\/www.brandsfirst.pt\/es\/productos\/embolo-starlim\/\">STARLIM Desatascador 1000ml<\/a><\/li><li class=\"elementor-sitemap-item elementor-sitemap-item-product page_item page-item-2169\"><a href=\"https:\/\/www.brandsfirst.pt\/es\/productos\/starlim-lavavajillas-verde-lima-500ml\/\">STARLIM Lavavajillas Lim\u00f3n Verde 500ml<\/a><\/li><li class=\"elementor-sitemap-item elementor-sitemap-item-product page_item page-item-8291\"><a href=\"https:\/\/www.brandsfirst.pt\/es\/productos\/starlim-lavavajillas-verde-lima-5l\/\">STARLIM Lavavajillas Verde Lim\u00f3n 5L<\/a><\/li><li class=\"elementor-sitemap-item elementor-sitemap-item-product page_item page-item-8303\"><a href=\"https:\/\/www.brandsfirst.pt\/es\/productos\/starlim-lava-todo-ph-neutro-1000ml\/\">STARLIM Limpiador multiusos pH neutro 1000ml<\/a><\/li><li class=\"elementor-sitemap-item elementor-sitemap-item-product page_item page-item-8307\"><a href=\"https:\/\/www.brandsfirst.pt\/es\/productos\/starlim-lava-todo-ph-neutro-5l\/\">STARLIM Limpiador multiusos pH neutro 5L<\/a><\/li><li class=\"elementor-sitemap-item elementor-sitemap-item-product page_item page-item-8310\"><a href=\"https:\/\/www.brandsfirst.pt\/es\/productos\/starlim-limpiador-antiestatico-de-muebles-500ml\/\">STARLIM Limpiamuebles Antiest\u00e1tico 500ml<\/a><\/li><li class=\"elementor-sitemap-item elementor-sitemap-item-product page_item page-item-8779\"><a href=\"https:\/\/www.brandsfirst.pt\/es\/productos\/starlim-limpiador-antiestatico-de-muebles-5l\/\">STARLIM Limpiamuebles Antiest\u00e1tico 5L<\/a><\/li><li class=\"elementor-sitemap-item elementor-sitemap-item-product page_item page-item-8313\"><a href=\"https:\/\/www.brandsfirst.pt\/es\/productos\/starlim-limpiacristales-express-530ml\/\">STARLIM Limpiacristales Express 530ml<\/a><\/li><li class=\"elementor-sitemap-item elementor-sitemap-item-product page_item page-item-8781\"><a href=\"https:\/\/www.brandsfirst.pt\/es\/productos\/starlim-limpiacristales-express-5l\/\">STARLIM Limpiacristales Express 5L<\/a><\/li><li class=\"elementor-sitemap-item elementor-sitemap-item-product page_item page-item-8316\"><a href=\"https:\/\/www.brandsfirst.pt\/es\/productos\/starlim-multisuperficies-bano-500ml\/\">STARLIM Multisuperficies Ba\u00f1o 500ml<\/a><\/li><li class=\"elementor-sitemap-item elementor-sitemap-item-product page_item page-item-8322\"><a href=\"https:\/\/www.brandsfirst.pt\/es\/productos\/starlim-multisuperficies-bano-5l\/\">STARLIM Multisuperficie Ba\u00f1o 5L<\/a><\/li><li class=\"elementor-sitemap-item elementor-sitemap-item-product page_item page-item-8346\"><a href=\"https:\/\/www.brandsfirst.pt\/es\/productos\/starlim-multisuperficies-con-blanqueador-500ml\/\">STARLIM Multisuperficies con lej\u00eda 500ml<\/a><\/li><li class=\"elementor-sitemap-item elementor-sitemap-item-product page_item page-item-8349\"><a href=\"https:\/\/www.brandsfirst.pt\/es\/productos\/starlim-multisuperficies-con-blanqueador-5l\/\">STARLIM Multisuperficies con lej\u00eda 5L<\/a><\/li><li class=\"elementor-sitemap-item elementor-sitemap-item-product page_item page-item-8327\"><a href=\"https:\/\/www.brandsfirst.pt\/es\/productos\/starlim-multisuperficies-cocina-530ml\/\">STARLIM Multisuperficie Cocina 530ml<\/a><\/li><li class=\"elementor-sitemap-item elementor-sitemap-item-product page_item page-item-8778\"><a href=\"https:\/\/www.brandsfirst.pt\/es\/productos\/starlim-multisuperficies-cocina-5l\/\">STARLIM Multisuperficie Cocina 5L<\/a><\/li><li class=\"elementor-sitemap-item elementor-sitemap-item-product page_item page-item-8352\"><a href=\"https:\/\/www.brandsfirst.pt\/es\/productos\/starlim-desengrasante-premium-500ml\/\">STARLIM Desengrasante Premium 500ml<\/a><\/li><li class=\"elementor-sitemap-item elementor-sitemap-item-product page_item page-item-8356\"><a href=\"https:\/\/www.brandsfirst.pt\/es\/productos\/starlim-desengrasante-premium-5l\/\">STARLIM Desengrasante Premium 5L<\/a><\/li><li class=\"elementor-sitemap-item elementor-sitemap-item-product page_item page-item-8373\"><a href=\"https:\/\/www.brandsfirst.pt\/es\/productos\/starlim-desengrasante-ultra-500ml\/\">STARLIM Ultra Desengrasante 500ml<\/a><\/li><li class=\"elementor-sitemap-item elementor-sitemap-item-product page_item page-item-8387\"><a href=\"https:\/\/www.brandsfirst.pt\/es\/productos\/starlim-desengrasante-ultra-5l\/\">STARLIM Ultra Desengrasante 5L<\/a><\/li><li class=\"elementor-sitemap-item elementor-sitemap-item-product page_item page-item-8393\"><a href=\"https:\/\/www.brandsfirst.pt\/es\/productos\/starlim-quitagrasas-ultra-refill-500ml\/\">STARLIM Ultra Recambio Desengrasante 500ml<\/a><\/li><\/ul><\/div><\/div>\t\t\t\t<\/div>\n\t\t\t\t<\/div>\n\t\t\r\n\t\t\r\n\t\t\t\t\t\t\t<\/div>\r\n\t\t\t\r\n\t\t<\/div>\r\n\t\t\t\t\t\t\t\t\t\t\t\t\t\t\t\t\t<\/div>\r\n\t\t\t\t\t\t<\/section>\r\n\t\t\t\t\r\n\t\t<section\t\t class=\"elementor-section elementor-top-section elementor-element elementor-element-2de68ae elementor-section-content-middle elementor-section-boxed elementor-section-height-default elementor-section-height-default elementor-invisible\" data-id=\"2de68ae\" data-element_type=\"section\" data-settings=\"{&quot;animation&quot;:&quot;fadeIn&quot;}\">\r\n\t\t\r\n\t\t\t\t\t\t\t\t\t\t<div class=\"elementor-container elementor-column-gap-default\" >\r\n\r\n\t\t\t\t\r\n\t\t\t\t\t\t\t\t\t\t\t\t\t\t<div\t\t class=\"elementor-column elementor-col-100 elementor-top-column elementor-element elementor-element-94f89fa\" data-id=\"94f89fa\" data-element_type=\"column\">\r\n\t\t\t\r\n\t\t\t\r\n\t\t\t\r\n\t\t\t<div class=\"elementor-widget-wrap elementor-element-populated\">\r\n\t\t\t\t\t\t\t\t<div class=\"elementor-element elementor-element-8075540 mx-lg-280 elementor-widget elementor-widget-heading\" data-id=\"8075540\" data-element_type=\"widget\" data-widget_type=\"heading.default\">\n\t\t\t\t<div class=\"elementor-widget-container\">\n\t\t\t\t\t<h2 class=\"elementor-heading-title elementor-size-default\">P\u00f3ngase en contacto con nosotros<\/h2>\t\t\t\t<\/div>\n\t\t\t\t<\/div>\n\t\t\t\t<div class=\"elementor-element elementor-element-cdc97e4 elementor-widget elementor-widget-text-editor\" data-id=\"cdc97e4\" data-element_type=\"widget\" data-widget_type=\"text-editor.default\">\n\t\t\t\t<div class=\"elementor-widget-container\">\n\t\t\t\t\t\t\t\t\t<p>BrandsFirst est\u00e1 a su disposici\u00f3n para ayudarle con <span class=\"ss--color-red\">De 09:00 a 17:00 de lunes a viernes.<\/span> En caso de urgencia m\u00e9dica, p\u00f3ngase en contacto con su m\u00e9dico o con los servicios de urgencias de su hospital local.<\/p>\t\t\t\t\t\t\t\t<\/div>\n\t\t\t\t<\/div>\n\t\t\r\n\t\t\r\n\t\t\t\t\t\t\t<\/div>\r\n\t\t\t\r\n\t\t<\/div>\r\n\t\t\t\t\t\t\t\t\t\t\t\t\t\t\t\t\t<\/div>\r\n\t\t\t\t\t\t<\/section>\r\n\t\t\t\t<\/div>","protected":false},"excerpt":{"rendered":"<p>Sitemap BrandsFirst &#8211; Contacte-nos para informa\u00e7\u00f5es sobre produtos de limpeza, apoio t\u00e9cnico ou parcerias. Fale Connosco A BrandsFirst est\u00e1 dispon\u00edvel para o ajudar das 09:00 \u00e0s 17:00 de segunda a sexta-feira. Em caso de emerg\u00eancia m\u00e9dica, entre em contato com o seu m\u00e9dico ou os servi\u00e7os de urg\u00eancia do hospital local.<\/p>","protected":false},"author":4,"featured_media":0,"parent":0,"menu_order":0,"comment_status":"closed","ping_status":"closed","template":"","meta":{"footnotes":""},"class_list":["post-9022","page","type-page","status-publish","hentry"],"_links":{"self":[{"href":"https:\/\/www.brandsfirst.pt\/es\/wp-json\/wp\/v2\/pages\/9022","targetHints":{"allow":["GET"]}}],"collection":[{"href":"https:\/\/www.brandsfirst.pt\/es\/wp-json\/wp\/v2\/pages"}],"about":[{"href":"https:\/\/www.brandsfirst.pt\/es\/wp-json\/wp\/v2\/types\/page"}],"author":[{"embeddable":true,"href":"https:\/\/www.brandsfirst.pt\/es\/wp-json\/wp\/v2\/users\/4"}],"replies":[{"embeddable":true,"href":"https:\/\/www.brandsfirst.pt\/es\/wp-json\/wp\/v2\/comments?post=9022"}],"version-history":[{"count":8,"href":"https:\/\/www.brandsfirst.pt\/es\/wp-json\/wp\/v2\/pages\/9022\/revisions"}],"predecessor-version":[{"id":9031,"href":"https:\/\/www.brandsfirst.pt\/es\/wp-json\/wp\/v2\/pages\/9022\/revisions\/9031"}],"wp:attachment":[{"href":"https:\/\/www.brandsfirst.pt\/es\/wp-json\/wp\/v2\/media?parent=9022"}],"curies":[{"name":"wp","href":"https:\/\/api.w.org\/{rel}","templated":true}]}}