{"id":8807,"date":"2024-08-16T16:41:03","date_gmt":"2024-08-16T16:41:03","guid":{"rendered":"https:\/\/www.brandsfirst.pt\/?page_id=8807"},"modified":"2024-11-03T09:49:12","modified_gmt":"2024-11-03T09:49:12","slug":"noticias","status":"publish","type":"page","link":"https:\/\/www.brandsfirst.pt\/es\/noticias\/","title":{"rendered":"Noticias"},"content":{"rendered":"<div data-elementor-type=\"wp-page\" data-elementor-id=\"8807\" class=\"elementor elementor-8807\" data-elementor-post-type=\"page\">\n\t\t\t\t\t\t\r\n\t\t<section\t\t class=\"d-lazy-back elementor-section elementor-top-section elementor-element elementor-element-68e3e5ef elementor-section-full_width elementor-section-stretched elementor-section-height-default elementor-section-height-default\" data-lazy=\"https:\/\/www.brandsfirst.pt\/wp-content\/uploads\/2024\/08\/noticias.jpg\" data-id=\"68e3e5ef\" data-element_type=\"section\" data-settings=\"{&quot;background_background&quot;:&quot;classic&quot;,&quot;stretch_section&quot;:&quot;section-stretched&quot;}\">\r\n\t\t\r\n\t\t\t\t\t\t\t<div class=\"elementor-background-overlay\"><\/div>\r\n\t\t\t\t\t\t\t\t\t\t\t<div class=\"elementor-container elementor-column-gap-default\" >\r\n\r\n\t\t\t\t\r\n\t\t\t\t\t\t\t\t\t\t\t\t\t\t<div\t\t class=\"elementor-column elementor-col-100 elementor-top-column elementor-element elementor-element-7a87523b elementor-invisible\" data-id=\"7a87523b\" data-element_type=\"column\" data-settings=\"{&quot;animation&quot;:&quot;fadeIn&quot;}\">\r\n\t\t\t\r\n\t\t\t\r\n\t\t\t\r\n\t\t\t<div class=\"elementor-widget-wrap elementor-element-populated\">\r\n\t\t\t\t\t\t\t\t<div class=\"elementor-element elementor-element-1d844a6b elementor-widget elementor-widget-heading\" data-id=\"1d844a6b\" data-element_type=\"widget\" data-widget_type=\"heading.default\">\n\t\t\t\t<div class=\"elementor-widget-container\">\n\t\t\t\t\t<h1 class=\"elementor-heading-title elementor-size-default\">Noticias<\/h1>\t\t\t\t<\/div>\n\t\t\t\t<\/div>\n\t\t\t\t<div class=\"elementor-element elementor-element-518c0dae elementor-widget elementor-widget-heading\" data-id=\"518c0dae\" data-element_type=\"widget\" data-widget_type=\"heading.default\">\n\t\t\t\t<div class=\"elementor-widget-container\">\n\t\t\t\t\t<p class=\"elementor-heading-title elementor-size-default\">Mant\u00e9ngase al d\u00eda de las \u00faltimas noticias de BrandsFirst. <br>Lanzamientos de productos, consejos de limpieza, sostenibilidad e innovaciones en el sector de los productos de higiene.<\/p>\t\t\t\t<\/div>\n\t\t\t\t<\/div>\n\t\t\r\n\t\t\r\n\t\t\t\t\t\t\t<\/div>\r\n\t\t\t\r\n\t\t<\/div>\r\n\t\t\t\t\t\t\t\t\t\t\t\t\t\t\t\t\t<\/div>\r\n\t\t\t\t\t\t<\/section>\r\n\t\t\t\t\r\n\t\t<section\t\t class=\"elementor-section elementor-top-section elementor-element elementor-element-595d57b1 elementor-section-content-middle elementor-section-boxed elementor-section-height-default elementor-section-height-default elementor-invisible\" data-id=\"595d57b1\" data-element_type=\"section\" data-settings=\"{&quot;animation&quot;:&quot;fadeIn&quot;}\">\r\n\t\t\r\n\t\t\t\t\t\t\t\t\t\t<div class=\"elementor-container elementor-column-gap-default\" >\r\n\r\n\t\t\t\t\r\n\t\t\t\t\t\t\t\t\t\t\t\t\t\t<div\t\t class=\"elementor-column elementor-col-100 elementor-top-column elementor-element elementor-element-7eb385bb\" data-id=\"7eb385bb\" data-element_type=\"column\">\r\n\t\t\t\r\n\t\t\t\r\n\t\t\t\r\n\t\t\t<div class=\"elementor-widget-wrap elementor-element-populated\">\r\n\t\t\t\t\t\t\t\t<div class=\"elementor-element elementor-element-a7c6e6c mx-lg-280 elementor-widget__width-inherit elementor-widget elementor-widget-heading\" data-id=\"a7c6e6c\" data-element_type=\"widget\" data-widget_type=\"heading.default\">\n\t\t\t\t<div class=\"elementor-widget-container\">\n\t\t\t\t\t<h2 class=\"elementor-heading-title elementor-size-default\">Informaci\u00f3n sobre BrandsFirst<\/h2>\t\t\t\t<\/div>\n\t\t\t\t<\/div>\n\t\t\t\t<div class=\"elementor-element elementor-element-5193186 elementor-widget elementor-widget-text-editor\" data-id=\"5193186\" data-element_type=\"widget\" data-widget_type=\"text-editor.default\">\n\t\t\t\t<div class=\"elementor-widget-container\">\n\t\t\t\t\t\t\t\t\t<p class=\"whitespace-pre-wrap break-words\">Mant\u00e9ngase al d\u00eda de las \u00faltimas novedades de nuestra empresa y del sector de productos de limpieza e higiene.<\/p><p class=\"whitespace-pre-wrap break-words\">Obtenga informaci\u00f3n sobre contenidos relevantes del sector, lanzamientos de nuevos productos, actualizaciones de nuestras gamas existentes, recomendaciones t\u00e9cnicas para el uso optimizado de nuestros productos e informaci\u00f3n sobre nuestras pr\u00e1cticas sostenibles y compromisos medioambientales.<\/p>\t\t\t\t\t\t\t\t<\/div>\n\t\t\t\t<\/div>\n\t\t\r\n\t\t\r\n\t\t\t\t\t\t\t<\/div>\r\n\t\t\t\r\n\t\t<\/div>\r\n\t\t\t\t\t\t\t\t\t\t\t\t\t\t\t\t\t<\/div>\r\n\t\t\t\t\t\t<\/section>\r\n\t\t\t\t\r\n\t\t<section\t\t class=\"elementor-section elementor-top-section elementor-element elementor-element-ab46fa1 elementor-section-content-middle animated-slow elementor-section-boxed elementor-section-height-default elementor-section-height-default elementor-invisible\" data-id=\"ab46fa1\" data-element_type=\"section\" data-settings=\"{&quot;animation&quot;:&quot;fadeInUp&quot;}\">\r\n\t\t\r\n\t\t\t\t\t\t\t\t\t\t<div class=\"elementor-container elementor-column-gap-default\" >\r\n\r\n\t\t\t\t\r\n\t\t\t\t\t\t\t\t\t\t\t\t\t\t<div\t\t class=\"elementor-column elementor-col-100 elementor-top-column elementor-element elementor-element-8817234\" data-id=\"8817234\" data-element_type=\"column\">\r\n\t\t\t\r\n\t\t\t\r\n\t\t\t\r\n\t\t\t<div class=\"elementor-widget-wrap elementor-element-populated\">\r\n\t\t\t\t\t\t\t\t<div class=\"elementor-element elementor-element-b05fbae elementor-widget elementor-widget-riode_widget_posts\" data-id=\"b05fbae\" data-element_type=\"widget\" data-widget_type=\"riode_widget_posts.default\">\n\t\t\t\t<div class=\"elementor-widget-container\">\n\t\t\t\t\t<div class=\"posts  row cols-lg-3 cols-md-3 cols-sm-2 cols-2\" data-load=\"{&quot;props&quot;:{&quot;widget&quot;:true,&quot;post_grid&quot;:&quot;grid&quot;,&quot;follow_theme_option&quot;:&quot;yes&quot;,&quot;thumbnail_size&quot;:&quot;medium&quot;,&quot;thumbnail_custom_dimension&quot;:null},&quot;args&quot;:{&quot;post_type&quot;:&quot;post&quot;,&quot;posts_per_page&quot;:6,&quot;orderby&quot;:&quot;ID&quot;},&quot;max&quot;:1}\"><div class=\"post-wrap\">\r\n\t\t<article class=\"post-9553 post type-post status-publish format-standard has-post-thumbnail hentry category-limpeza category-starlim tag-b1 tag-brandsfirst tag-limpeza-carro overlay-zoom overlay-dark\">\r\n\t\t\t\t\t<figure class=\"post-media\">\r\n\t\t\t\t\t\t\t\t<a href=\"https:\/\/www.brandsfirst.pt\/es\/soluciones-completas-para-la-higienizacion-profesional\/\">\r\n\t\t\t\t\t\t\t\t<img fetchpriority=\"high\" decoding=\"async\" width=\"240\" height=\"300\" src=\"https:\/\/www.brandsfirst.pt\/wp-content\/uploads\/2024\/12\/Higienizacao-profissional-240x300.jpg\" class=\"attachment-medium size-medium wp-post-image\" alt=\"Higienizaci\u00f3n profesional, starlim, brandsfirst\" srcset=\"https:\/\/www.brandsfirst.pt\/wp-content\/uploads\/2024\/12\/Higienizacao-profissional-240x300.jpg 240w, https:\/\/www.brandsfirst.pt\/wp-content\/uploads\/2024\/12\/Higienizacao-profissional-819x1024.jpg 819w, https:\/\/www.brandsfirst.pt\/wp-content\/uploads\/2024\/12\/Higienizacao-profissional-768x960.jpg 768w, https:\/\/www.brandsfirst.pt\/wp-content\/uploads\/2024\/12\/Higienizacao-profissional-1229x1536.jpg 1229w, https:\/\/www.brandsfirst.pt\/wp-content\/uploads\/2024\/12\/Higienizacao-profissional-10x12.jpg 10w, https:\/\/www.brandsfirst.pt\/wp-content\/uploads\/2024\/12\/Higienizacao-profissional-150x188.jpg 150w, https:\/\/www.brandsfirst.pt\/wp-content\/uploads\/2024\/12\/Higienizacao-profissional-600x750.jpg 600w, https:\/\/www.brandsfirst.pt\/wp-content\/uploads\/2024\/12\/Higienizacao-profissional.jpg 1638w\" sizes=\"(max-width: 240px) 100vw, 240px\" \/>\t\t\t\t\t\t\t\t<\/a> \r\n\t\t\t\t\t\t\t\t\t\t\t<\/figure>\r\n\t\t\t\t\t<div class=\"post-details\">\r\n\t\t\t<div class=\"post-meta\"><span class=\"post-date\"><a href=\"https:\/\/www.brandsfirst.pt\/es\/2024\/12\/07\/\">7 de diciembre, 2024<\/a><\/span><a href=\"https:\/\/www.brandsfirst.pt\/es\/soluciones-completas-para-la-higienizacion-profesional\/#respond\" class=\"comments-link scroll-to local\" ><mark>0<\/mark> Comment<\/a><\/div><h3 class=\"post-title\"><a href=\"https:\/\/www.brandsfirst.pt\/es\/soluciones-completas-para-la-higienizacion-profesional\/\">Soluciones completas para la higienizaci\u00f3n profesional<\/a><\/h3><div class=\"post-content\">\r\n\t<p><p>Higienizaci\u00f3n profesional de las cocinas industriales con las soluciones Starlim de BrandsFirst.<\/p><\/p><\/div>\r\n<a href=\"https:\/\/www.brandsfirst.pt\/es\/soluciones-completas-para-la-higienizacion-profesional\/\" class=\"btn btn-link btn-underline btn-primary\">Leer m\u00e1s<i class=\"d-icon-arrow-right\"><\/i><\/a>\t\t<\/div>\r\n\t<\/article>\r\n\t<\/div>\r\n<div class=\"post-wrap\">\r\n\t\t<article class=\"post-9541 post type-post status-publish format-standard has-post-thumbnail hentry category-limpeza category-starlim tag-b1 tag-brandsfirst tag-protocolo-higienizacao overlay-zoom overlay-dark\">\r\n\t\t\t\t\t<figure class=\"post-media\">\r\n\t\t\t\t\t\t\t\t<a href=\"https:\/\/www.brandsfirst.pt\/es\/protocolos-de-higiene-profesional\/\">\r\n\t\t\t\t\t\t\t\t<img decoding=\"async\" width=\"300\" height=\"200\" src=\"https:\/\/www.brandsfirst.pt\/wp-content\/uploads\/2024\/11\/Protocolos-de-Higienizacao-Profissional-300x200.jpg\" class=\"attachment-medium size-medium wp-post-image\" alt=\"BrandsFirst, Productos de limpieza, Brands1st\" srcset=\"https:\/\/www.brandsfirst.pt\/wp-content\/uploads\/2024\/11\/Protocolos-de-Higienizacao-Profissional-300x200.jpg 300w, https:\/\/www.brandsfirst.pt\/wp-content\/uploads\/2024\/11\/Protocolos-de-Higienizacao-Profissional-768x512.jpg 768w, https:\/\/www.brandsfirst.pt\/wp-content\/uploads\/2024\/11\/Protocolos-de-Higienizacao-Profissional-18x12.jpg 18w, https:\/\/www.brandsfirst.pt\/wp-content\/uploads\/2024\/11\/Protocolos-de-Higienizacao-Profissional-150x100.jpg 150w, https:\/\/www.brandsfirst.pt\/wp-content\/uploads\/2024\/11\/Protocolos-de-Higienizacao-Profissional-600x400.jpg 600w, https:\/\/www.brandsfirst.pt\/wp-content\/uploads\/2024\/11\/Protocolos-de-Higienizacao-Profissional.jpg 1000w\" sizes=\"(max-width: 300px) 100vw, 300px\">\t\t\t\t\t\t\t\t<\/a> \r\n\t\t\t\t\t\t\t\t\t\t\t<\/figure>\r\n\t\t\t\t\t<div class=\"post-details\">\r\n\t\t\t<div class=\"post-meta\"><span class=\"post-date\"><a href=\"https:\/\/www.brandsfirst.pt\/es\/2024\/11\/06\/\">6 de noviembre, 2024<\/a><\/span><a href=\"https:\/\/www.brandsfirst.pt\/es\/protocolos-de-higiene-profesional\/#respond\" class=\"comments-link scroll-to local\" ><mark>0<\/mark> Comment<\/a><\/div><h3 class=\"post-title\"><a href=\"https:\/\/www.brandsfirst.pt\/es\/protocolos-de-higiene-profesional\/\">Protocolos de higienizaci\u00f3n profesional<\/a><\/h3><div class=\"post-content\">\r\n\t<p><p>Descubra c\u00f3mo un protocolo de higienizaci\u00f3n profesional contribuye a que su empresa cumpla los requisitos legales.<\/p><\/p><\/div>\r\n<a href=\"https:\/\/www.brandsfirst.pt\/es\/protocolos-de-higiene-profesional\/\" class=\"btn btn-link btn-underline btn-primary\">Leer m\u00e1s<i class=\"d-icon-arrow-right\"><\/i><\/a>\t\t<\/div>\r\n\t<\/article>\r\n\t<\/div>\r\n<div class=\"post-wrap\">\r\n\t\t<article class=\"post-9534 post type-post status-publish format-standard has-post-thumbnail hentry category-limpeza category-starlim tag-b1 tag-brandsfirst tag-limpeza-carro overlay-zoom overlay-dark\">\r\n\t\t\t\t\t<figure class=\"post-media\">\r\n\t\t\t\t\t\t\t\t<a href=\"https:\/\/www.brandsfirst.pt\/es\/como-limpiar-los-insectos-del-coche\/\">\r\n\t\t\t\t\t\t\t\t<img decoding=\"async\" width=\"300\" height=\"300\" src=\"https:\/\/www.brandsfirst.pt\/wp-content\/uploads\/2025\/01\/B1-Cleaner-300x300.png\" class=\"attachment-medium size-medium wp-post-image\" alt=\"B1 Cleaner, c\u00f3mo limpiar los mosquitos\" srcset=\"https:\/\/www.brandsfirst.pt\/wp-content\/uploads\/2025\/01\/B1-Cleaner-300x300.png 300w, https:\/\/www.brandsfirst.pt\/wp-content\/uploads\/2025\/01\/B1-Cleaner-1024x1024.png 1024w, https:\/\/www.brandsfirst.pt\/wp-content\/uploads\/2025\/01\/B1-Cleaner-150x150.png 150w, https:\/\/www.brandsfirst.pt\/wp-content\/uploads\/2025\/01\/B1-Cleaner-768x768.png 768w, https:\/\/www.brandsfirst.pt\/wp-content\/uploads\/2025\/01\/B1-Cleaner-12x12.png 12w, https:\/\/www.brandsfirst.pt\/wp-content\/uploads\/2025\/01\/B1-Cleaner-600x600.png 600w, https:\/\/www.brandsfirst.pt\/wp-content\/uploads\/2025\/01\/B1-Cleaner.png 1080w\" sizes=\"(max-width: 300px) 100vw, 300px\" \/>\t\t\t\t\t\t\t\t<\/a> \r\n\t\t\t\t\t\t\t\t\t\t\t<\/figure>\r\n\t\t\t\t\t<div class=\"post-details\">\r\n\t\t\t<div class=\"post-meta\"><span class=\"post-date\"><a href=\"https:\/\/www.brandsfirst.pt\/es\/2024\/10\/04\/\">4 de octubre, 2024<\/a><\/span><a href=\"https:\/\/www.brandsfirst.pt\/es\/como-limpiar-los-insectos-del-coche\/#respond\" class=\"comments-link scroll-to local\" ><mark>0<\/mark> Comment<\/a><\/div><h3 class=\"post-title\"><a href=\"https:\/\/www.brandsfirst.pt\/es\/como-limpiar-los-insectos-del-coche\/\">C\u00f3mo limpiar los insectos del coche<\/a><\/h3><div class=\"post-content\">\r\n\t<p><p>Diga adi\u00f3s a los insectos: C\u00f3mo limpiar eficazmente su coche despu\u00e9s de largos viajes con B1 Bike Cleaner de BrandsFirst.<\/p><\/p><\/div>\r\n<a href=\"https:\/\/www.brandsfirst.pt\/es\/como-limpiar-los-insectos-del-coche\/\" class=\"btn btn-link btn-underline btn-primary\">Leer m\u00e1s<i class=\"d-icon-arrow-right\"><\/i><\/a>\t\t<\/div>\r\n\t<\/article>\r\n\t<\/div>\r\n<div class=\"post-wrap\">\r\n\t\t<article class=\"post-362 post type-post status-publish format-standard has-post-thumbnail hentry category-limpeza category-starlim overlay-zoom overlay-dark\">\r\n\t\t\t\t\t<figure class=\"post-media\">\r\n\t\t\t\t\t\t\t\t<a href=\"https:\/\/www.brandsfirst.pt\/es\/productos-de-limpieza-domestica\/\">\r\n\t\t\t\t\t\t\t\t<img loading=\"lazy\" decoding=\"async\" width=\"300\" height=\"300\" src=\"https:\/\/www.brandsfirst.pt\/wp-content\/uploads\/2024\/09\/Selecao-de-Limpeza-Starlim-300x300.jpg\" class=\"attachment-medium size-medium wp-post-image\" alt=\"Familia Starlim, BrandsFirst, Productos de limpieza, Productos de limpieza del hogar\" srcset=\"https:\/\/www.brandsfirst.pt\/wp-content\/uploads\/2024\/09\/Selecao-de-Limpeza-Starlim-300x300.jpg 300w, https:\/\/www.brandsfirst.pt\/wp-content\/uploads\/2024\/09\/Selecao-de-Limpeza-Starlim-150x150.jpg 150w, https:\/\/www.brandsfirst.pt\/wp-content\/uploads\/2024\/09\/Selecao-de-Limpeza-Starlim-600x600.jpg 600w, https:\/\/www.brandsfirst.pt\/wp-content\/uploads\/2024\/09\/Selecao-de-Limpeza-Starlim-1024x1024.jpg 1024w, https:\/\/www.brandsfirst.pt\/wp-content\/uploads\/2024\/09\/Selecao-de-Limpeza-Starlim-768x768.jpg 768w, https:\/\/www.brandsfirst.pt\/wp-content\/uploads\/2024\/09\/Selecao-de-Limpeza-Starlim-12x12.jpg 12w, https:\/\/www.brandsfirst.pt\/wp-content\/uploads\/2024\/09\/Selecao-de-Limpeza-Starlim.jpg 1080w\" sizes=\"(max-width: 300px) 100vw, 300px\" \/>\t\t\t\t\t\t\t\t<\/a> \r\n\t\t\t\t\t\t\t\t\t\t\t<\/figure>\r\n\t\t\t\t\t<div class=\"post-details\">\r\n\t\t\t<div class=\"post-meta\"><span class=\"post-date\"><a href=\"https:\/\/www.brandsfirst.pt\/es\/2024\/09\/03\/\">3 de septiembre de 2024<\/a><\/span><a href=\"https:\/\/www.brandsfirst.pt\/es\/productos-de-limpieza-domestica\/#respond\" class=\"comments-link scroll-to local\" ><mark>0<\/mark> Comment<\/a><\/div><h3 class=\"post-title\"><a href=\"https:\/\/www.brandsfirst.pt\/es\/productos-de-limpieza-domestica\/\">BrandsFirst: excelencia en productos de limpieza para el hogar y la industria<\/a><\/h3><div class=\"post-content\">\r\n\t<p><p>BrandsFirst: Productos de limpieza para el hogar y la industria. M\u00e1xima calidad, precios competitivos. Productos ecol\u00f3gicos y veganos. Limpieza eficaz en Portugal y m\u00e1s all\u00e1.<\/p><\/p><\/div>\r\n<a href=\"https:\/\/www.brandsfirst.pt\/es\/productos-de-limpieza-domestica\/\" class=\"btn btn-link btn-underline btn-primary\">Leer m\u00e1s<i class=\"d-icon-arrow-right\"><\/i><\/a>\t\t<\/div>\r\n\t<\/article>\r\n\t<\/div>\r\n<\/div>\t\t\t\t<\/div>\n\t\t\t\t<\/div>\n\t\t\r\n\t\t\r\n\t\t\t\t\t\t\t<\/div>\r\n\t\t\t\r\n\t\t<\/div>\r\n\t\t\t\t\t\t\t\t\t\t\t\t\t\t\t\t\t<\/div>\r\n\t\t\t\t\t\t<\/section>\r\n\t\t\t\t<\/div>","protected":false},"excerpt":{"rendered":"<p>Not\u00edcias Mantenha-se atualizado com as \u00faltimas novidades da BrandsFirst. Lan\u00e7amentos de produtos, dicas de limpeza, sustentabilidade e inova\u00e7\u00f5es no setor de produtos de higiene. Informa\u00e7\u00f5es BrandsFirst Mantenha-se informado sobre os mais recentes desenvolvimentos da nossa empresa e do setor de produtos de limpeza e higiene. Obtenha informa\u00e7\u00f5es sobre conte\u00fados relevantes do setor, lan\u00e7amentos de novos [&hellip;]<\/p>","protected":false},"author":4,"featured_media":0,"parent":0,"menu_order":0,"comment_status":"closed","ping_status":"closed","template":"","meta":{"footnotes":""},"class_list":["post-8807","page","type-page","status-publish","hentry"],"_links":{"self":[{"href":"https:\/\/www.brandsfirst.pt\/es\/wp-json\/wp\/v2\/pages\/8807","targetHints":{"allow":["GET"]}}],"collection":[{"href":"https:\/\/www.brandsfirst.pt\/es\/wp-json\/wp\/v2\/pages"}],"about":[{"href":"https:\/\/www.brandsfirst.pt\/es\/wp-json\/wp\/v2\/types\/page"}],"author":[{"embeddable":true,"href":"https:\/\/www.brandsfirst.pt\/es\/wp-json\/wp\/v2\/users\/4"}],"replies":[{"embeddable":true,"href":"https:\/\/www.brandsfirst.pt\/es\/wp-json\/wp\/v2\/comments?post=8807"}],"version-history":[{"count":16,"href":"https:\/\/www.brandsfirst.pt\/es\/wp-json\/wp\/v2\/pages\/8807\/revisions"}],"predecessor-version":[{"id":9486,"href":"https:\/\/www.brandsfirst.pt\/es\/wp-json\/wp\/v2\/pages\/8807\/revisions\/9486"}],"wp:attachment":[{"href":"https:\/\/www.brandsfirst.pt\/es\/wp-json\/wp\/v2\/media?parent=8807"}],"curies":[{"name":"wp","href":"https:\/\/api.w.org\/{rel}","templated":true}]}}