{"id":8718,"date":"2024-08-16T14:01:46","date_gmt":"2024-08-16T14:01:46","guid":{"rendered":"https:\/\/www.brandsfirst.pt\/?page_id=8718"},"modified":"2025-02-12T14:28:01","modified_gmt":"2025-02-12T14:28:01","slug":"contato","status":"publish","type":"page","link":"https:\/\/www.brandsfirst.pt\/es\/pongase-en-contacto-con\/","title":{"rendered":"P\u00f3ngase en contacto con"},"content":{"rendered":"<div data-elementor-type=\"wp-page\" data-elementor-id=\"8718\" class=\"elementor elementor-8718\" data-elementor-post-type=\"page\">\n\t\t\t\t\t\t\r\n\t\t<section\t\t class=\"d-lazy-back elementor-section elementor-top-section elementor-element elementor-element-68e3e5ef elementor-section-full_width elementor-section-stretched elementor-section-height-default elementor-section-height-default\" data-lazy=\"https:\/\/www.brandsfirst.pt\/wp-content\/uploads\/2024\/09\/400778.jpg\" data-id=\"68e3e5ef\" data-element_type=\"section\" data-settings=\"{&quot;background_background&quot;:&quot;classic&quot;,&quot;stretch_section&quot;:&quot;section-stretched&quot;}\">\r\n\t\t\r\n\t\t\t\t\t\t\t<div class=\"elementor-background-overlay\"><\/div>\r\n\t\t\t\t\t\t\t\t\t\t\t<div class=\"elementor-container elementor-column-gap-default\" >\r\n\r\n\t\t\t\t\r\n\t\t\t\t\t\t\t\t\t\t\t\t\t\t<div\t\t class=\"elementor-column elementor-col-100 elementor-top-column elementor-element elementor-element-7a87523b elementor-invisible\" data-id=\"7a87523b\" data-element_type=\"column\" data-settings=\"{&quot;animation&quot;:&quot;fadeIn&quot;}\">\r\n\t\t\t\r\n\t\t\t\r\n\t\t\t\r\n\t\t\t<div class=\"elementor-widget-wrap elementor-element-populated\">\r\n\t\t\t\t\t\t\t\t<div class=\"elementor-element elementor-element-1d844a6b elementor-widget elementor-widget-heading\" data-id=\"1d844a6b\" data-element_type=\"widget\" data-widget_type=\"heading.default\">\n\t\t\t\t<div class=\"elementor-widget-container\">\n\t\t\t\t\t<h1 class=\"elementor-heading-title elementor-size-default\">P\u00f3ngase en contacto con<\/h1>\t\t\t\t<\/div>\n\t\t\t\t<\/div>\n\t\t\t\t<div class=\"elementor-element elementor-element-518c0dae elementor-widget elementor-widget-heading\" data-id=\"518c0dae\" data-element_type=\"widget\" data-widget_type=\"heading.default\">\n\t\t\t\t<div class=\"elementor-widget-container\">\n\t\t\t\t\t<p class=\"elementor-heading-title elementor-size-default\">BrandsFirst - P\u00f3ngase en contacto con nosotros para obtener informaci\u00f3n sobre productos de limpieza, asistencia t\u00e9cnica o asociaciones. <\/p>\t\t\t\t<\/div>\n\t\t\t\t<\/div>\n\t\t\r\n\t\t\r\n\t\t\t\t\t\t\t<\/div>\r\n\t\t\t\r\n\t\t<\/div>\r\n\t\t\t\t\t\t\t\t\t\t\t\t\t\t\t\t\t<\/div>\r\n\t\t\t\t\t\t<\/section>\r\n\t\t\t\t\r\n\t\t<section\t\t class=\"elementor-section elementor-top-section elementor-element elementor-element-595d57b1 elementor-section-content-middle elementor-section-boxed elementor-section-height-default elementor-section-height-default elementor-invisible\" data-id=\"595d57b1\" data-element_type=\"section\" data-settings=\"{&quot;animation&quot;:&quot;fadeIn&quot;}\">\r\n\t\t\r\n\t\t\t\t\t\t\t\t\t\t<div class=\"elementor-container elementor-column-gap-default\" >\r\n\r\n\t\t\t\t\r\n\t\t\t\t\t\t\t\t\t\t\t\t\t\t<div\t\t class=\"elementor-column elementor-col-100 elementor-top-column elementor-element elementor-element-7eb385bb\" data-id=\"7eb385bb\" data-element_type=\"column\">\r\n\t\t\t\r\n\t\t\t\r\n\t\t\t\r\n\t\t\t<div class=\"elementor-widget-wrap elementor-element-populated\">\r\n\t\t\t\t\t\t\t\t<div class=\"elementor-element elementor-element-a7c6e6c mx-lg-280 elementor-widget__width-inherit elementor-widget elementor-widget-heading\" data-id=\"a7c6e6c\" data-element_type=\"widget\" data-widget_type=\"heading.default\">\n\t\t\t\t<div class=\"elementor-widget-container\">\n\t\t\t\t\t<h2 class=\"elementor-heading-title elementor-size-default\">BrandsFirst Comunicaci\u00f3n<\/h2>\t\t\t\t<\/div>\n\t\t\t\t<\/div>\n\t\t\t\t<div class=\"elementor-element elementor-element-5193186 elementor-widget elementor-widget-text-editor\" data-id=\"5193186\" data-element_type=\"widget\" data-widget_type=\"text-editor.default\">\n\t\t\t\t<div class=\"elementor-widget-container\">\n\t\t\t\t\t\t\t\t\t<p class=\"whitespace-pre-wrap break-words\">En BrandsFirst valoramos la comunicaci\u00f3n abierta y directa con nuestros clientes, socios y la comunidad. Nos comprometemos a ofrecer un excelente servicio de atenci\u00f3n al cliente y a responder con prontitud a todas sus preguntas, sugerencias o comentarios.<\/p><p class=\"whitespace-pre-wrap break-words\">Nuestro equipo especializado est\u00e1 listo para ayudarle, tanto si necesita informaci\u00f3n sobre nuestros productos, soporte t\u00e9cnico o cualquier otro asunto relacionado con BrandsFirst.<\/p>\t\t\t\t\t\t\t\t<\/div>\n\t\t\t\t<\/div>\n\t\t\r\n\t\t\r\n\t\t\t\t\t\t\t<\/div>\r\n\t\t\t\r\n\t\t<\/div>\r\n\t\t\t\t\t\t\t\t\t\t\t\t\t\t\t\t\t<\/div>\r\n\t\t\t\t\t\t<\/section>\r\n\t\t\t\t\r\n\t\t<section\t\t class=\"elementor-section elementor-top-section elementor-element elementor-element-4cd7c1cd elementor-section-content-top animated-slow elementor-section-boxed elementor-section-height-default elementor-section-height-default elementor-invisible\" data-id=\"4cd7c1cd\" data-element_type=\"section\" data-settings=\"{&quot;animation&quot;:&quot;fadeInUp&quot;}\">\r\n\t\t\r\n\t\t\t\t\t\t\t\t\t\t<div class=\"elementor-container elementor-column-gap-default\" >\r\n\r\n\t\t\t\t\r\n\t\t\t\t\t\t\t\t\t\t\t\t\t\t<div\t\t class=\"elementor-column elementor-col-50 elementor-top-column elementor-element elementor-element-5fb78335\" data-id=\"5fb78335\" data-element_type=\"column\">\r\n\t\t\t\r\n\t\t\t\r\n\t\t\t\r\n\t\t\t<div class=\"elementor-widget-wrap elementor-element-populated\">\r\n\t\t\t\t\t\t\t\t<div class=\"elementor-element elementor-element-7706f6d mx-lg-280 elementor-widget elementor-widget-heading\" data-id=\"7706f6d\" data-element_type=\"widget\" data-widget_type=\"heading.default\">\n\t\t\t\t<div class=\"elementor-widget-container\">\n\t\t\t\t\t<h3 class=\"elementor-heading-title elementor-size-default\">Sede central<\/h3>\t\t\t\t<\/div>\n\t\t\t\t<\/div>\n\t\t\t\t<div class=\"elementor-element elementor-element-9e6445d elementor-widget elementor-widget-text-editor\" data-id=\"9e6445d\" data-element_type=\"widget\" data-widget_type=\"text-editor.default\">\n\t\t\t\t<div class=\"elementor-widget-container\">\n\t\t\t\t\t\t\t\t\t<p>Visite las instalaciones de BrandsFirst en Mira.<\/p>\t\t\t\t\t\t\t\t<\/div>\n\t\t\t\t<\/div>\n\t\t\t\t<div class=\"elementor-element elementor-element-5e5e951 mx-lg-280 elementor-widget elementor-widget-heading\" data-id=\"5e5e951\" data-element_type=\"widget\" data-widget_type=\"heading.default\">\n\t\t\t\t<div class=\"elementor-widget-container\">\n\t\t\t\t\t<h3 class=\"elementor-heading-title elementor-size-default\">Tel\u00e9fono<\/h3>\t\t\t\t<\/div>\n\t\t\t\t<\/div>\n\t\t\t\t<div class=\"elementor-element elementor-element-ed10691 elementor-widget elementor-widget-text-editor\" data-id=\"ed10691\" data-element_type=\"widget\" data-widget_type=\"text-editor.default\">\n\t\t\t\t<div class=\"elementor-widget-container\">\n\t\t\t\t\t\t\t\t\t<p>La mejor opci\u00f3n cuando necesita una respuesta o necesita ayuda inmediata.<\/p><p>P\u00f3ngase en contacto con nosotros por tel\u00e9fono: +351 231 471 022<\/p><p>(llamada a la red fija nacional).<\/p>\t\t\t\t\t\t\t\t<\/div>\n\t\t\t\t<\/div>\n\t\t\t\t<div class=\"elementor-element elementor-element-3294ded mx-lg-280 elementor-widget elementor-widget-heading\" data-id=\"3294ded\" data-element_type=\"widget\" data-widget_type=\"heading.default\">\n\t\t\t\t<div class=\"elementor-widget-container\">\n\t\t\t\t\t<h3 class=\"elementor-heading-title elementor-size-default\">Ayuda<\/h3>\t\t\t\t<\/div>\n\t\t\t\t<\/div>\n\t\t\t\t<div class=\"elementor-element elementor-element-f51bf85 elementor-widget elementor-widget-text-editor\" data-id=\"f51bf85\" data-element_type=\"widget\" data-widget_type=\"text-editor.default\">\n\t\t\t\t<div class=\"elementor-widget-container\">\n\t\t\t\t\t\t\t\t\t<p>P\u00f3ngase en contacto con nuestro equipo en geral@brandsfirst.pt<\/p>\t\t\t\t\t\t\t\t<\/div>\n\t\t\t\t<\/div>\n\t\t\r\n\t\t\r\n\t\t\t\t\t\t\t<\/div>\r\n\t\t\t\r\n\t\t<\/div>\r\n\t\t\t\t<div\t\t class=\"elementor-column elementor-col-50 elementor-top-column elementor-element elementor-element-a398745\" data-id=\"a398745\" data-element_type=\"column\">\r\n\t\t\t\r\n\t\t\t\r\n\t\t\t\r\n\t\t\t<div class=\"elementor-widget-wrap elementor-element-populated\">\r\n\t\t\t\t\t\t\t\t<div class=\"elementor-element elementor-element-1ee9808 mx-lg-280 elementor-widget elementor-widget-heading\" data-id=\"1ee9808\" data-element_type=\"widget\" data-widget_type=\"heading.default\">\n\t\t\t\t<div class=\"elementor-widget-container\">\n\t\t\t\t\t<h2 class=\"elementor-heading-title elementor-size-default\">Atenci\u00f3n al cliente<\/h2>\t\t\t\t<\/div>\n\t\t\t\t<\/div>\n\t\t\t\t<div class=\"elementor-element elementor-element-f1d4e36 elementor-widget elementor-widget-text-editor\" data-id=\"f1d4e36\" data-element_type=\"widget\" data-widget_type=\"text-editor.default\">\n\t\t\t\t<div class=\"elementor-widget-container\">\n\t\t\t\t\t\t\t\t\t<p style=\"font-weight: 400;\">Rellene el formulario y env\u00edenos un mensaje.<\/p>\t\t\t\t\t\t\t\t<\/div>\n\t\t\t\t<\/div>\n\t\t\t\t<div class=\"elementor-element elementor-element-99fb567 elementor-button-align-stretch elementor-widget elementor-widget-form\" data-id=\"99fb567\" data-element_type=\"widget\" data-settings=\"{&quot;button_width&quot;:&quot;33&quot;,&quot;step_next_label&quot;:&quot;Pr\\u00f3ximo&quot;,&quot;step_previous_label&quot;:&quot;Anterior&quot;,&quot;step_type&quot;:&quot;number_text&quot;,&quot;step_icon_shape&quot;:&quot;circle&quot;}\" data-widget_type=\"form.default\">\n\t\t\t\t<div class=\"elementor-widget-container\">\n\t\t\t\t\t\t\t<form class=\"elementor-form\" method=\"post\" name=\"New Form\" action=\"\">\n\t\t\t<input type=\"hidden\" name=\"post_id\" value=\"8718\"\/>\n\t\t\t<input type=\"hidden\" name=\"form_id\" value=\"99fb567\"\/>\n\t\t\t<input type=\"hidden\" name=\"referer_title\" value=\"\" \/>\n\n\t\t\t\n\t\t\t<div class=\"elementor-form-fields-wrapper elementor-labels-above\">\n\t\t\t\t\t\t\t\t<div class=\"elementor-field-type-text elementor-field-group elementor-column elementor-field-group-name elementor-col-100\">\n\t\t\t\t\t\t\t\t\t\t\t\t<label for=\"form-field-name\" class=\"elementor-field-label\">\n\t\t\t\t\t\t\t\tNombre\t\t\t\t\t\t\t<\/label>\n\t\t\t\t\t\t\t\t\t\t\t\t\t\t<input size=\"1\" type=\"text\" name=\"form_fields[name]\" id=\"form-field-name\" class=\"elementor-field elementor-size-sm  elementor-field-textual\">\n\t\t\t\t\t\t\t\t\t\t\t<\/div>\n\t\t\t\t\t\t\t\t<div class=\"elementor-field-type-tel elementor-field-group elementor-column elementor-field-group-field_8599774 elementor-col-50\">\n\t\t\t\t\t\t\t\t\t\t\t\t<label for=\"form-field-field_8599774\" class=\"elementor-field-label\">\n\t\t\t\t\t\t\t\tTel\u00e9fono\t\t\t\t\t\t\t<\/label>\n\t\t\t\t\t\t\t\t<input size=\"1\" type=\"tel\" name=\"form_fields[field_8599774]\" id=\"form-field-field_8599774\" class=\"elementor-field elementor-size-sm  elementor-field-textual\" pattern=\"[0-9()#&amp;+*-=.]+\" title=\"S\u00f3lo se aceptan n\u00fameros de tel\u00e9fono y caracteres (#,-,*,etc).\">\n\n\t\t\t\t\t\t<\/div>\n\t\t\t\t\t\t\t\t<div class=\"elementor-field-type-text elementor-field-group elementor-column elementor-field-group-field_70b63b9 elementor-col-50\">\n\t\t\t\t\t\t\t\t\t\t\t\t<label for=\"form-field-field_70b63b9\" class=\"elementor-field-label\">\n\t\t\t\t\t\t\t\tCiudad\t\t\t\t\t\t\t<\/label>\n\t\t\t\t\t\t\t\t\t\t\t\t\t\t<input size=\"1\" type=\"text\" name=\"form_fields[field_70b63b9]\" id=\"form-field-field_70b63b9\" class=\"elementor-field elementor-size-sm  elementor-field-textual\">\n\t\t\t\t\t\t\t\t\t\t\t<\/div>\n\t\t\t\t\t\t\t\t<div class=\"elementor-field-type-email elementor-field-group elementor-column elementor-field-group-email elementor-col-100 elementor-field-required\">\n\t\t\t\t\t\t\t\t\t\t\t\t<label for=\"form-field-email\" class=\"elementor-field-label\">\n\t\t\t\t\t\t\t\tCorreo electr\u00f3nico\t\t\t\t\t\t\t<\/label>\n\t\t\t\t\t\t\t\t\t\t\t\t\t\t<input size=\"1\" type=\"email\" name=\"form_fields[email]\" id=\"form-field-email\" class=\"elementor-field elementor-size-sm  elementor-field-textual\" required=\"required\" aria-required=\"true\">\n\t\t\t\t\t\t\t\t\t\t\t<\/div>\n\t\t\t\t\t\t\t\t<div class=\"elementor-field-type-textarea elementor-field-group elementor-column elementor-field-group-message elementor-col-100\">\n\t\t\t\t\t\t\t\t\t\t\t\t<label for=\"form-field-message\" class=\"elementor-field-label\">\n\t\t\t\t\t\t\t\tMensaje\t\t\t\t\t\t\t<\/label>\n\t\t\t\t\t\t<textarea class=\"elementor-field-textual elementor-field  elementor-size-sm\" name=\"form_fields[message]\" id=\"form-field-message\" rows=\"4\"><\/textarea>\t\t\t\t<\/div>\n\t\t\t\t\t\t\t\t<div class=\"elementor-field-group elementor-column elementor-field-type-submit elementor-col-33 e-form__buttons\">\n\t\t\t\t\t<button class=\"elementor-button elementor-size-sm\" type=\"submit\">\n\t\t\t\t\t\t<span class=\"elementor-button-content-wrapper\">\n\t\t\t\t\t\t\t\t\t\t\t\t\t\t\t\t\t\t\t\t\t\t<span class=\"elementor-button-text\">Enviar<\/span>\n\t\t\t\t\t\t\t\t\t\t\t\t\t<\/span>\n\t\t\t\t\t<\/button>\n\t\t\t\t<\/div>\n\t\t\t<\/div>\n\t\t<input type=\"hidden\" name=\"trp-form-language\" value=\"es\"\/><\/form>\n\t\t\t\t\t\t<\/div>\n\t\t\t\t<\/div>\n\t\t\r\n\t\t\r\n\t\t\t\t\t\t\t<\/div>\r\n\t\t\t\r\n\t\t<\/div>\r\n\t\t\t\t\t\t\t\t\t\t\t\t\t\t\t\t\t<\/div>\r\n\t\t\t\t\t\t<\/section>\r\n\t\t\t\t\r\n\t\t<section\t\t class=\"elementor-section elementor-top-section elementor-element elementor-element-ab46fa1 elementor-section-content-middle animated-slow elementor-section-boxed elementor-section-height-default elementor-section-height-default elementor-invisible\" data-id=\"ab46fa1\" data-element_type=\"section\" data-settings=\"{&quot;animation&quot;:&quot;fadeInUp&quot;}\">\r\n\t\t\r\n\t\t\t\t\t\t\t\t\t\t<div class=\"elementor-container elementor-column-gap-default\" >\r\n\r\n\t\t\t\t\r\n\t\t\t\t\t\t\t\t\t\t\t\t\t\t<div\t\t class=\"elementor-column elementor-col-100 elementor-top-column elementor-element elementor-element-8817234\" data-id=\"8817234\" data-element_type=\"column\">\r\n\t\t\t\r\n\t\t\t\r\n\t\t\t\r\n\t\t\t<div class=\"elementor-widget-wrap elementor-element-populated\">\r\n\t\t\t\t\t\t\t\t<div class=\"elementor-element elementor-element-bb057d6 mx-lg-280 elementor-widget__width-inherit elementor-widget elementor-widget-heading\" data-id=\"bb057d6\" data-element_type=\"widget\" data-widget_type=\"heading.default\">\n\t\t\t\t<div class=\"elementor-widget-container\">\n\t\t\t\t\t<h2 class=\"elementor-heading-title elementor-size-default\">Ubicaci\u00f3n<\/h2>\t\t\t\t<\/div>\n\t\t\t\t<\/div>\n\t\t\t\t<div class=\"elementor-element elementor-element-076cfbd elementor-widget elementor-widget-google_maps\" data-id=\"076cfbd\" data-element_type=\"widget\" data-widget_type=\"google_maps.default\">\n\t\t\t\t<div class=\"elementor-widget-container\">\n\t\t\t\t\t\t\t<div class=\"elementor-custom-embed\">\n\t\t\t<iframe loading=\"lazy\"\n\t\t\t\t\tsrc=\"https:\/\/maps.google.com\/maps?q=R.%20da%20Floresta%2050%2C%20Carapelhos%2C%20Portugal&#038;t=m&#038;z=11&#038;output=embed&#038;iwloc=near\"\n\t\t\t\t\ttitle=\"R. da Floresta 50, Carapelhos, Portugal\"\n\t\t\t\t\taria-label=\"R. da Floresta 50, Carapelhos, Portugal\"\n\t\t\t><\/iframe>\n\t\t<\/div>\n\t\t\t\t\t\t<\/div>\n\t\t\t\t<\/div>\n\t\t\r\n\t\t\r\n\t\t\t\t\t\t\t<\/div>\r\n\t\t\t\r\n\t\t<\/div>\r\n\t\t\t\t\t\t\t\t\t\t\t\t\t\t\t\t\t<\/div>\r\n\t\t\t\t\t\t<\/section>\r\n\t\t\t\t\r\n\t\t<section\t\t class=\"elementor-section elementor-top-section elementor-element elementor-element-2de68ae elementor-section-content-middle elementor-section-boxed elementor-section-height-default elementor-section-height-default elementor-invisible\" data-id=\"2de68ae\" data-element_type=\"section\" data-settings=\"{&quot;animation&quot;:&quot;fadeIn&quot;}\">\r\n\t\t\r\n\t\t\t\t\t\t\t\t\t\t<div class=\"elementor-container elementor-column-gap-default\" >\r\n\r\n\t\t\t\t\r\n\t\t\t\t\t\t\t\t\t\t\t\t\t\t<div\t\t class=\"elementor-column elementor-col-100 elementor-top-column elementor-element elementor-element-94f89fa\" data-id=\"94f89fa\" data-element_type=\"column\">\r\n\t\t\t\r\n\t\t\t\r\n\t\t\t\r\n\t\t\t<div class=\"elementor-widget-wrap elementor-element-populated\">\r\n\t\t\t\t\t\t\t\t<div class=\"elementor-element elementor-element-8075540 mx-lg-280 elementor-widget elementor-widget-heading\" data-id=\"8075540\" data-element_type=\"widget\" data-widget_type=\"heading.default\">\n\t\t\t\t<div class=\"elementor-widget-container\">\n\t\t\t\t\t<h2 class=\"elementor-heading-title elementor-size-default\">P\u00f3ngase en contacto con nosotros<\/h2>\t\t\t\t<\/div>\n\t\t\t\t<\/div>\n\t\t\t\t<div class=\"elementor-element elementor-element-cdc97e4 elementor-widget elementor-widget-text-editor\" data-id=\"cdc97e4\" data-element_type=\"widget\" data-widget_type=\"text-editor.default\">\n\t\t\t\t<div class=\"elementor-widget-container\">\n\t\t\t\t\t\t\t\t\t<p>BrandsFirst est\u00e1 a su disposici\u00f3n para ayudarle con <span class=\"ss--color-red\">De 09:00 a 17:00 de lunes a viernes.<\/span> En caso de urgencia m\u00e9dica, p\u00f3ngase en contacto con su m\u00e9dico o con los servicios de urgencias de su hospital local.<\/p>\t\t\t\t\t\t\t\t<\/div>\n\t\t\t\t<\/div>\n\t\t\r\n\t\t\r\n\t\t\t\t\t\t\t<\/div>\r\n\t\t\t\r\n\t\t<\/div>\r\n\t\t\t\t\t\t\t\t\t\t\t\t\t\t\t\t\t<\/div>\r\n\t\t\t\t\t\t<\/section>\r\n\t\t\t\t<\/div>","protected":false},"excerpt":{"rendered":"<p>P\u00f3ngase en contacto con BrandsFirst - P\u00f3ngase en contacto con nosotros para obtener informaci\u00f3n sobre productos de limpieza, asistencia t\u00e9cnica o asociaciones. BrandsFirst Comunicaci\u00f3n En BrandsFirst, valoramos la comunicaci\u00f3n abierta y directa con nuestros clientes, socios y comunidad. Nos comprometemos a ofrecer un excelente servicio al cliente y a responder r\u00e1pidamente a todas sus preguntas, sugerencias o comentarios. Nuestro equipo dedicado [...]<\/p>","protected":false},"author":4,"featured_media":0,"parent":0,"menu_order":0,"comment_status":"closed","ping_status":"closed","template":"","meta":{"footnotes":""},"class_list":["post-8718","page","type-page","status-publish","hentry"],"_links":{"self":[{"href":"https:\/\/www.brandsfirst.pt\/es\/wp-json\/wp\/v2\/pages\/8718","targetHints":{"allow":["GET"]}}],"collection":[{"href":"https:\/\/www.brandsfirst.pt\/es\/wp-json\/wp\/v2\/pages"}],"about":[{"href":"https:\/\/www.brandsfirst.pt\/es\/wp-json\/wp\/v2\/types\/page"}],"author":[{"embeddable":true,"href":"https:\/\/www.brandsfirst.pt\/es\/wp-json\/wp\/v2\/users\/4"}],"replies":[{"embeddable":true,"href":"https:\/\/www.brandsfirst.pt\/es\/wp-json\/wp\/v2\/comments?post=8718"}],"version-history":[{"count":23,"href":"https:\/\/www.brandsfirst.pt\/es\/wp-json\/wp\/v2\/pages\/8718\/revisions"}],"predecessor-version":[{"id":9594,"href":"https:\/\/www.brandsfirst.pt\/es\/wp-json\/wp\/v2\/pages\/8718\/revisions\/9594"}],"wp:attachment":[{"href":"https:\/\/www.brandsfirst.pt\/es\/wp-json\/wp\/v2\/media?parent=8718"}],"curies":[{"name":"wp","href":"https:\/\/api.w.org\/{rel}","templated":true}]}}