{"id":8663,"date":"2024-08-16T10:12:09","date_gmt":"2024-08-16T10:12:09","guid":{"rendered":"https:\/\/www.brandsfirst.pt\/?page_id=8663"},"modified":"2024-10-30T12:53:37","modified_gmt":"2024-10-30T12:53:37","slug":"seguranca-e-certificacao","status":"publish","type":"page","link":"https:\/\/www.brandsfirst.pt\/es\/seguridad-y-certificacion\/","title":{"rendered":"Seguridad y certificaci\u00f3n"},"content":{"rendered":"<div data-elementor-type=\"wp-page\" data-elementor-id=\"8663\" class=\"elementor elementor-8663\" data-elementor-post-type=\"page\">\n\t\t\t\t\t\t\r\n\t\t<section\t\t class=\"d-lazy-back elementor-section elementor-top-section elementor-element elementor-element-68e3e5ef elementor-section-full_width elementor-section-stretched elementor-section-height-default elementor-section-height-default\" data-lazy=\"https:\/\/www.brandsfirst.pt\/wp-content\/uploads\/2024\/08\/Seguranca-e-Certificacao.png\" data-id=\"68e3e5ef\" data-element_type=\"section\" data-settings=\"{&quot;background_background&quot;:&quot;classic&quot;,&quot;stretch_section&quot;:&quot;section-stretched&quot;}\">\r\n\t\t\r\n\t\t\t\t\t\t\t<div class=\"elementor-background-overlay\"><\/div>\r\n\t\t\t\t\t\t\t\t\t\t\t<div class=\"elementor-container elementor-column-gap-default\" >\r\n\r\n\t\t\t\t\r\n\t\t\t\t\t\t\t\t\t\t\t\t\t\t<div\t\t class=\"elementor-column elementor-col-100 elementor-top-column elementor-element elementor-element-7a87523b elementor-invisible\" data-id=\"7a87523b\" data-element_type=\"column\" data-settings=\"{&quot;animation&quot;:&quot;fadeIn&quot;}\">\r\n\t\t\t\r\n\t\t\t\r\n\t\t\t\r\n\t\t\t<div class=\"elementor-widget-wrap elementor-element-populated\">\r\n\t\t\t\t\t\t\t\t<div class=\"elementor-element elementor-element-1d844a6b elementor-widget elementor-widget-heading\" data-id=\"1d844a6b\" data-element_type=\"widget\" data-widget_type=\"heading.default\">\n\t\t\t\t<div class=\"elementor-widget-container\">\n\t\t\t\t\t<h1 class=\"elementor-heading-title elementor-size-default\">Seguridad y certificaci\u00f3n<\/h1>\t\t\t\t<\/div>\n\t\t\t\t<\/div>\n\t\t\t\t<div class=\"elementor-element elementor-element-518c0dae elementor-widget elementor-widget-heading\" data-id=\"518c0dae\" data-element_type=\"widget\" data-widget_type=\"heading.default\">\n\t\t\t\t<div class=\"elementor-widget-container\">\n\t\t\t\t\t<p class=\"elementor-heading-title elementor-size-default\">Compromiso con ingredientes seguros y procesos rigurosos. <br \/> Descubra las certificaciones y normas de calidad que garantizan la excelencia de nuestros productos.<\/p>\t\t\t\t<\/div>\n\t\t\t\t<\/div>\n\t\t\r\n\t\t\r\n\t\t\t\t\t\t\t<\/div>\r\n\t\t\t\r\n\t\t<\/div>\r\n\t\t\t\t\t\t\t\t\t\t\t\t\t\t\t\t\t<\/div>\r\n\t\t\t\t\t\t<\/section>\r\n\t\t\t\t\r\n\t\t<section\t\t class=\"elementor-section elementor-top-section elementor-element elementor-element-595d57b1 elementor-section-content-middle elementor-section-boxed elementor-section-height-default elementor-section-height-default elementor-invisible\" data-id=\"595d57b1\" data-element_type=\"section\" data-settings=\"{&quot;animation&quot;:&quot;fadeIn&quot;}\">\r\n\t\t\r\n\t\t\t\t\t\t\t\t\t\t<div class=\"elementor-container elementor-column-gap-default\" >\r\n\r\n\t\t\t\t\r\n\t\t\t\t\t\t\t\t\t\t\t\t\t\t<div\t\t class=\"elementor-column elementor-col-100 elementor-top-column elementor-element elementor-element-7eb385bb\" data-id=\"7eb385bb\" data-element_type=\"column\">\r\n\t\t\t\r\n\t\t\t\r\n\t\t\t\r\n\t\t\t<div class=\"elementor-widget-wrap elementor-element-populated\">\r\n\t\t\t\t\t\t\t\t<div class=\"elementor-element elementor-element-5193186 elementor-widget elementor-widget-text-editor\" data-id=\"5193186\" data-element_type=\"widget\" data-widget_type=\"text-editor.default\">\n\t\t\t\t<div class=\"elementor-widget-container\">\n\t\t\t\t\t\t\t\t\t<p style=\"font-weight: 400;\">En BrandsFirst, la calidad y la seguridad son pilares fundamentales en todos los aspectos del desarrollo y la fabricaci\u00f3n de nuestros productos. Desde la cuidadosa selecci\u00f3n de los ingredientes hasta los rigurosos procesos de producci\u00f3n, nos aseguramos de que cada producto cumpla las normas m\u00e1s estrictas de calidad y seguridad. Nuestro compromiso con la excelencia se refleja en cada etapa de este proceso, desde la concepci\u00f3n hasta la entrega al consumidor final.<\/p>\t\t\t\t\t\t\t\t<\/div>\n\t\t\t\t<\/div>\n\t\t\t\t<div class=\"elementor-element elementor-element-43e1a549 mx-lg-280 elementor-widget elementor-widget-heading\" data-id=\"43e1a549\" data-element_type=\"widget\" data-widget_type=\"heading.default\">\n\t\t\t\t<div class=\"elementor-widget-container\">\n\t\t\t\t\t<h3 class=\"elementor-heading-title elementor-size-default\">Ingredientes<\/h3>\t\t\t\t<\/div>\n\t\t\t\t<\/div>\n\t\t\t\t<div class=\"elementor-element elementor-element-b24ed43 elementor-widget elementor-widget-text-editor\" data-id=\"b24ed43\" data-element_type=\"widget\" data-widget_type=\"text-editor.default\">\n\t\t\t\t<div class=\"elementor-widget-container\">\n\t\t\t\t\t\t\t\t\t<p style=\"font-weight: 400;\">La base de la calidad comienza con la cuidadosa elecci\u00f3n de los ingredientes. Favorecemos las materias primas de origen natural siempre que es posible, sin comprometer la eficacia. Todos los proveedores son rigurosamente evaluados y deben cumplir los criterios \u00e9ticos y de calidad m\u00e1s exigentes.<\/p><p style=\"font-weight: 400;\"><span style=\"font-weight: 400;\">Un aspecto distintivo de nuestra gama es la formulaci\u00f3n vegana 100%, en un enfoque que responde a las crecientes preocupaciones \u00e9ticas de los consumidores, pero que tambi\u00e9n contribuye a la seguridad y calidad de nuestros productos. Al eliminar los ingredientes de origen animal, reducimos los al\u00e9rgenos potenciales y garantizamos una mayor estabilidad en nuestras f\u00f3rmulas.<\/span><\/p>\t\t\t\t\t\t\t\t<\/div>\n\t\t\t\t<\/div>\n\t\t\r\n\t\t\r\n\t\t\t\t\t\t\t<\/div>\r\n\t\t\t\r\n\t\t<\/div>\r\n\t\t\t\t\t\t\t\t\t\t\t\t\t\t\t\t\t<\/div>\r\n\t\t\t\t\t\t<\/section>\r\n\t\t\t\t\r\n\t\t<section\t\t class=\"elementor-section elementor-top-section elementor-element elementor-element-4cd7c1cd elementor-section-content-middle animated-slow elementor-section-boxed elementor-section-height-default elementor-section-height-default elementor-invisible\" data-id=\"4cd7c1cd\" data-element_type=\"section\" data-settings=\"{&quot;animation&quot;:&quot;fadeInUp&quot;}\">\r\n\t\t\r\n\t\t\t\t\t\t\t\t\t\t<div class=\"elementor-container elementor-column-gap-default\" >\r\n\r\n\t\t\t\t\r\n\t\t\t\t\t\t\t\t\t\t\t\t\t\t<div\t\t class=\"elementor-column elementor-col-50 elementor-top-column elementor-element elementor-element-370ae9cf\" data-id=\"370ae9cf\" data-element_type=\"column\">\r\n\t\t\t\r\n\t\t\t\r\n\t\t\t\r\n\t\t\t<div class=\"elementor-widget-wrap elementor-element-populated\">\r\n\t\t\t\t\t\t\t\t<div class=\"elementor-element elementor-element-276d8f1b elementor-widget elementor-widget-image\" data-id=\"276d8f1b\" data-element_type=\"widget\" data-widget_type=\"image.default\">\n\t\t\t\t<div class=\"elementor-widget-container\">\n\t\t\t\t\t\t\t\t\t\t\t\t\t\t\t<img decoding=\"async\" src=\"https:\/\/www.brandsfirst.pt\/wp-content\/uploads\/elementor\/thumbs\/Certificacao-qvnacbsqg9ksy6ofycwfhcy6a03911yi6i9sp8bdxc.jpg\" title=\"Certificaci\u00f3n\" alt=\"Certificaci\u00f3n\" loading=\"lazy\" \/>\t\t\t\t\t\t\t\t\t\t\t\t\t\t\t<\/div>\n\t\t\t\t<\/div>\n\t\t\r\n\t\t\r\n\t\t\t\t\t\t\t<\/div>\r\n\t\t\t\r\n\t\t<\/div>\r\n\t\t\t\t<div\t\t class=\"elementor-column elementor-col-50 elementor-top-column elementor-element elementor-element-5fb78335\" data-id=\"5fb78335\" data-element_type=\"column\">\r\n\t\t\t\r\n\t\t\t\r\n\t\t\t\r\n\t\t\t<div class=\"elementor-widget-wrap elementor-element-populated\">\r\n\t\t\t\t\t\t\t\t<div class=\"elementor-element elementor-element-7706f6d mx-lg-280 elementor-widget__width-inherit elementor-widget elementor-widget-heading\" data-id=\"7706f6d\" data-element_type=\"widget\" data-widget_type=\"heading.default\">\n\t\t\t\t<div class=\"elementor-widget-container\">\n\t\t\t\t\t<h2 class=\"elementor-heading-title elementor-size-default\">Seguridad y certificaci\u00f3n<\/h2>\t\t\t\t<\/div>\n\t\t\t\t<\/div>\n\t\t\t\t<div class=\"elementor-element elementor-element-9e6445d elementor-widget elementor-widget-text-editor\" data-id=\"9e6445d\" data-element_type=\"widget\" data-widget_type=\"text-editor.default\">\n\t\t\t\t<div class=\"elementor-widget-container\">\n\t\t\t\t\t\t\t\t\t<p style=\"font-weight: 400;\">La seguridad es una prioridad absoluta. Aplicamos un riguroso protocolo de pruebas en todas las fases de desarrollo y producci\u00f3n. Cada lote se somete a an\u00e1lisis detallados antes de ser aprobado para su distribuci\u00f3n, cumpliendo todas las normativas de seguridad nacionales e internacionales aplicables.<\/p><p style=\"font-weight: 400;\">La certificaci\u00f3n IFS Food (International Featured Standard) garantiza que los procesos de fabricaci\u00f3n cumplen las m\u00e1s estrictas normas internacionales de calidad y seguridad alimentaria, y el embalaje de transporte tiene la certificaci\u00f3n FSC (Forest Stewardship Council), que asegura que los materiales utilizados proceden de fuentes responsables y sostenibles.<\/p><p style=\"font-weight: 400;\">El sistema de control de calidad es exhaustivo y meticuloso, aplicando controles en todas las fases del proceso de producci\u00f3n, desde la recepci\u00f3n de las materias primas hasta el producto final. El equipo de Investigaci\u00f3n y Desarrollo trabaja continuamente para perfeccionar las f\u00f3rmulas, incorporando los \u00faltimos avances cient\u00edficos en el campo de los productos de limpieza, en una apuesta por la innovaci\u00f3n que garantiza que nuestros productos se mantengan a la vanguardia de la eficacia y la sostenibilidad.<\/p>\t\t\t\t\t\t\t\t<\/div>\n\t\t\t\t<\/div>\n\t\t\r\n\t\t\r\n\t\t\t\t\t\t\t<\/div>\r\n\t\t\t\r\n\t\t<\/div>\r\n\t\t\t\t\t\t\t\t\t\t\t\t\t\t\t\t\t<\/div>\r\n\t\t\t\t\t\t<\/section>\r\n\t\t\t\t\r\n\t\t<section\t\t class=\"elementor-section elementor-top-section elementor-element elementor-element-b026537 elementor-section-content-middle elementor-section-boxed elementor-section-height-default elementor-section-height-default elementor-invisible\" data-id=\"b026537\" data-element_type=\"section\" data-settings=\"{&quot;animation&quot;:&quot;fadeIn&quot;}\">\r\n\t\t\r\n\t\t\t\t\t\t\t\t\t\t<div class=\"elementor-container elementor-column-gap-default\" >\r\n\r\n\t\t\t\t\r\n\t\t\t\t\t\t\t\t\t\t\t\t\t\t<div\t\t class=\"elementor-column elementor-col-100 elementor-top-column elementor-element elementor-element-4acab93\" data-id=\"4acab93\" data-element_type=\"column\">\r\n\t\t\t\r\n\t\t\t\r\n\t\t\t\r\n\t\t\t<div class=\"elementor-widget-wrap elementor-element-populated\">\r\n\t\t\t\t\t\t\t\t<div class=\"elementor-element elementor-element-5deb780 mx-lg-280 elementor-widget elementor-widget-heading\" data-id=\"5deb780\" data-element_type=\"widget\" data-widget_type=\"heading.default\">\n\t\t\t\t<div class=\"elementor-widget-container\">\n\t\t\t\t\t<h3 class=\"elementor-heading-title elementor-size-default\">Compromiso con la excelencia<\/h3>\t\t\t\t<\/div>\n\t\t\t\t<\/div>\n\t\t\t\t<div class=\"elementor-element elementor-element-b1daaaa elementor-widget elementor-widget-text-editor\" data-id=\"b1daaaa\" data-element_type=\"widget\" data-widget_type=\"text-editor.default\">\n\t\t\t\t<div class=\"elementor-widget-container\">\n\t\t\t\t\t\t\t\t\t<p style=\"font-weight: 400;\">En BrandsFirst, la b\u00fasqueda de la excelencia es un proceso continuo. Evaluamos y mejoramos constantemente procesos, productos y pr\u00e1cticas, con el objetivo de superar las expectativas de los consumidores en t\u00e9rminos de calidad, seguridad y eficacia.<\/p><p style=\"font-weight: 400;\">Creemos que la verdadera calidad va m\u00e1s all\u00e1 del producto final: abarca todo el proceso de producci\u00f3n, desde la selecci\u00f3n de ingredientes hasta el impacto medioambiental de las operaciones de fabricaci\u00f3n y distribuci\u00f3n. Es este compromiso hol\u00edstico con la calidad lo que nos permite ofrecer productos de calidad respetando al mismo tiempo el medio ambiente y la sociedad.<\/p>\t\t\t\t\t\t\t\t<\/div>\n\t\t\t\t<\/div>\n\t\t\r\n\t\t\r\n\t\t\t\t\t\t\t<\/div>\r\n\t\t\t\r\n\t\t<\/div>\r\n\t\t\t\t\t\t\t\t\t\t\t\t\t\t\t\t\t<\/div>\r\n\t\t\t\t\t\t<\/section>\r\n\t\t\t\t<\/div>","protected":false},"excerpt":{"rendered":"<p>Seguran\u00e7a e Certifica\u00e7\u00e3o Compromisso com ingredientes seguros e processos rigorosos. Descubra as certifica\u00e7\u00f5es e padr\u00f5es de qualidade que garantem a excel\u00eancia dos nossos produtos. Na BrandsFirst, a qualidade e a seguran\u00e7a s\u00e3o pilares fundamentais em todos os aspetos do desenvolvimento e fabrica\u00e7\u00e3o dos nossos produtos. Desde a sele\u00e7\u00e3o criteriosa de ingredientes at\u00e9 aos rigorosos processos [&hellip;]<\/p>","protected":false},"author":4,"featured_media":0,"parent":0,"menu_order":0,"comment_status":"closed","ping_status":"closed","template":"","meta":{"footnotes":""},"class_list":["post-8663","page","type-page","status-publish","hentry"],"_links":{"self":[{"href":"https:\/\/www.brandsfirst.pt\/es\/wp-json\/wp\/v2\/pages\/8663","targetHints":{"allow":["GET"]}}],"collection":[{"href":"https:\/\/www.brandsfirst.pt\/es\/wp-json\/wp\/v2\/pages"}],"about":[{"href":"https:\/\/www.brandsfirst.pt\/es\/wp-json\/wp\/v2\/types\/page"}],"author":[{"embeddable":true,"href":"https:\/\/www.brandsfirst.pt\/es\/wp-json\/wp\/v2\/users\/4"}],"replies":[{"embeddable":true,"href":"https:\/\/www.brandsfirst.pt\/es\/wp-json\/wp\/v2\/comments?post=8663"}],"version-history":[{"count":28,"href":"https:\/\/www.brandsfirst.pt\/es\/wp-json\/wp\/v2\/pages\/8663\/revisions"}],"predecessor-version":[{"id":9076,"href":"https:\/\/www.brandsfirst.pt\/es\/wp-json\/wp\/v2\/pages\/8663\/revisions\/9076"}],"wp:attachment":[{"href":"https:\/\/www.brandsfirst.pt\/es\/wp-json\/wp\/v2\/media?parent=8663"}],"curies":[{"name":"wp","href":"https:\/\/api.w.org\/{rel}","templated":true}]}}