{"id":8661,"date":"2024-08-16T10:10:58","date_gmt":"2024-08-16T10:10:58","guid":{"rendered":"https:\/\/www.brandsfirst.pt\/?page_id=8661"},"modified":"2024-10-30T12:53:39","modified_gmt":"2024-10-30T12:53:39","slug":"sustentabilidade-e-responsabilidade-social","status":"publish","type":"page","link":"https:\/\/www.brandsfirst.pt\/es\/sostenibilidad-y-responsabilidad-social\/","title":{"rendered":"Sostenibilidad y responsabilidad social"},"content":{"rendered":"<div data-elementor-type=\"wp-page\" data-elementor-id=\"8661\" class=\"elementor elementor-8661\" data-elementor-post-type=\"page\">\n\t\t\t\t\t\t\r\n\t\t<section\t\t class=\"d-lazy-back elementor-section elementor-top-section elementor-element elementor-element-68e3e5ef elementor-section-full_width elementor-section-stretched elementor-section-height-default elementor-section-height-default\" data-lazy=\"https:\/\/www.brandsfirst.pt\/wp-content\/uploads\/2024\/08\/Sustentabilidade-e-Responsabilidade-Social.png\" data-id=\"68e3e5ef\" data-element_type=\"section\" data-settings=\"{&quot;background_background&quot;:&quot;classic&quot;,&quot;stretch_section&quot;:&quot;section-stretched&quot;}\">\r\n\t\t\r\n\t\t\t\t\t\t\t<div class=\"elementor-background-overlay\"><\/div>\r\n\t\t\t\t\t\t\t\t\t\t\t<div class=\"elementor-container elementor-column-gap-default\" >\r\n\r\n\t\t\t\t\r\n\t\t\t\t\t\t\t\t\t\t\t\t\t\t<div\t\t class=\"elementor-column elementor-col-100 elementor-top-column elementor-element elementor-element-7a87523b elementor-invisible\" data-id=\"7a87523b\" data-element_type=\"column\" data-settings=\"{&quot;animation&quot;:&quot;fadeIn&quot;}\">\r\n\t\t\t\r\n\t\t\t\r\n\t\t\t\r\n\t\t\t<div class=\"elementor-widget-wrap elementor-element-populated\">\r\n\t\t\t\t\t\t\t\t<div class=\"elementor-element elementor-element-1d844a6b elementor-widget elementor-widget-heading\" data-id=\"1d844a6b\" data-element_type=\"widget\" data-widget_type=\"heading.default\">\n\t\t\t\t<div class=\"elementor-widget-container\">\n\t\t\t\t\t<h1 class=\"elementor-heading-title elementor-size-default\">Sostenibilidad y responsabilidad <\/h1>\t\t\t\t<\/div>\n\t\t\t\t<\/div>\n\t\t\t\t<div class=\"elementor-element elementor-element-518c0dae elementor-widget elementor-widget-heading\" data-id=\"518c0dae\" data-element_type=\"widget\" data-widget_type=\"heading.default\">\n\t\t\t\t<div class=\"elementor-widget-container\">\n\t\t\t\t\t<p class=\"elementor-heading-title elementor-size-default\">Compromiso con la sostenibilidad y la responsabilidad social. <br \/> Productos de limpieza ecol\u00f3gicos, pr\u00e1cticas \u00e9ticas y un impacto positivo en la comunidad.<\/p>\t\t\t\t<\/div>\n\t\t\t\t<\/div>\n\t\t\r\n\t\t\r\n\t\t\t\t\t\t\t<\/div>\r\n\t\t\t\r\n\t\t<\/div>\r\n\t\t\t\t\t\t\t\t\t\t\t\t\t\t\t\t\t<\/div>\r\n\t\t\t\t\t\t<\/section>\r\n\t\t\t\t\r\n\t\t<section\t\t class=\"elementor-section elementor-top-section elementor-element elementor-element-595d57b1 elementor-section-content-middle elementor-section-boxed elementor-section-height-default elementor-section-height-default elementor-invisible\" data-id=\"595d57b1\" data-element_type=\"section\" data-settings=\"{&quot;animation&quot;:&quot;fadeIn&quot;}\">\r\n\t\t\r\n\t\t\t\t\t\t\t\t\t\t<div class=\"elementor-container elementor-column-gap-default\" >\r\n\r\n\t\t\t\t\r\n\t\t\t\t\t\t\t\t\t\t\t\t\t\t<div\t\t class=\"elementor-column elementor-col-100 elementor-top-column elementor-element elementor-element-7eb385bb\" data-id=\"7eb385bb\" data-element_type=\"column\">\r\n\t\t\t\r\n\t\t\t\r\n\t\t\t\r\n\t\t\t<div class=\"elementor-widget-wrap elementor-element-populated\">\r\n\t\t\t\t\t\t\t\t<div class=\"elementor-element elementor-element-5193186 elementor-widget elementor-widget-text-editor\" data-id=\"5193186\" data-element_type=\"widget\" data-widget_type=\"text-editor.default\">\n\t\t\t\t<div class=\"elementor-widget-container\">\n\t\t\t\t\t\t\t\t\t<p style=\"font-weight: 400;\"><strong>BrandsFirst est\u00e1 firmemente comprometida con la sostenibilidad y la responsabilidad social en todas sus operaciones. Este compromiso se refleja en el desarrollo de productos, los procesos de fabricaci\u00f3n y la interacci\u00f3n con la comunidad y el medio ambiente.<\/strong><\/p><p style=\"font-weight: 400;\">Reconocemos el impacto de nuestras actividades y trabajamos continuamente para minimizar nuestra huella ecol\u00f3gica, maximizando al mismo tiempo el valor que ofrecemos a los consumidores y a la sociedad en general.<\/p><p style=\"font-weight: 400;\">El enfoque de la sostenibilidad y la responsabilidad social es integral y abarca desde la selecci\u00f3n de materias primas hasta el uso final de los productos por parte de los consumidores.<\/p>\t\t\t\t\t\t\t\t<\/div>\n\t\t\t\t<\/div>\n\t\t\t\t<div class=\"elementor-element elementor-element-43e1a549 mx-lg-280 elementor-widget__width-inherit elementor-widget elementor-widget-heading\" data-id=\"43e1a549\" data-element_type=\"widget\" data-widget_type=\"heading.default\">\n\t\t\t\t<div class=\"elementor-widget-container\">\n\t\t\t\t\t<h2 class=\"elementor-heading-title elementor-size-default\">Sostenibilidad medioambiental<\/h2>\t\t\t\t<\/div>\n\t\t\t\t<\/div>\n\t\t\t\t<div class=\"elementor-element elementor-element-b24ed43 elementor-widget elementor-widget-text-editor\" data-id=\"b24ed43\" data-element_type=\"widget\" data-widget_type=\"text-editor.default\">\n\t\t\t\t<div class=\"elementor-widget-container\">\n\t\t\t\t\t\t\t\t\t<p style=\"font-weight: 400;\">En BrandsFirst, la sostenibilidad medioambiental es un pilar fundamental. Desarrollamos f\u00f3rmulas concentradas que reducen significativamente el consumo de agua, tanto en el proceso de fabricaci\u00f3n como en el uso final por parte del consumidor. Este enfoque minimiza el impacto medioambiental al tiempo que proporciona una mayor eficiencia a los consumidores.<\/p>\t\t\t\t\t\t\t\t<\/div>\n\t\t\t\t<\/div>\n\t\t\t\t<div class=\"elementor-element elementor-element-6d364d4 mx-lg-280 elementor-widget elementor-widget-heading\" data-id=\"6d364d4\" data-element_type=\"widget\" data-widget_type=\"heading.default\">\n\t\t\t\t<div class=\"elementor-widget-container\">\n\t\t\t\t\t<h3 class=\"elementor-heading-title elementor-size-default\">Certificaci\u00f3n FSC<\/h3>\t\t\t\t<\/div>\n\t\t\t\t<\/div>\n\t\t\t\t<div class=\"elementor-element elementor-element-79436ec elementor-widget elementor-widget-text-editor\" data-id=\"79436ec\" data-element_type=\"widget\" data-widget_type=\"text-editor.default\">\n\t\t\t\t<div class=\"elementor-widget-container\">\n\t\t\t\t\t\t\t\t\t<p style=\"font-weight: 400;\">Todas las cajas de embalaje tienen la certificaci\u00f3n FSC (Forest Stewardship Council), que garantiza que las materias primas proceden de bosques gestionados de forma responsable. Pero el compromiso con la sostenibilidad va m\u00e1s all\u00e1 del origen de los materiales.<\/p><p style=\"font-weight: 400;\">El innovador dise\u00f1o del envase es un claro ejemplo de nuestro enfoque hol\u00edstico de la sostenibilidad. Hemos desarrollado un formato ergon\u00f3mico que facilita su manipulaci\u00f3n por parte de los consumidores y que, adem\u00e1s, optimiza notablemente la eficiencia log\u00edstica. Esta innovaci\u00f3n nos permite acomodar un mayor n\u00famero de unidades por caja y, en consecuencia, por operaci\u00f3n de transporte.<\/p>\t\t\t\t\t\t\t\t<\/div>\n\t\t\t\t<\/div>\n\t\t\t\t<div class=\"elementor-element elementor-element-814357d mx-lg-280 elementor-widget elementor-widget-heading\" data-id=\"814357d\" data-element_type=\"widget\" data-widget_type=\"heading.default\">\n\t\t\t\t<div class=\"elementor-widget-container\">\n\t\t\t\t\t<h3 class=\"elementor-heading-title elementor-size-default\">Log\u00edstica eficaz<\/h3>\t\t\t\t<\/div>\n\t\t\t\t<\/div>\n\t\t\t\t<div class=\"elementor-element elementor-element-4e35944 elementor-widget elementor-widget-text-editor\" data-id=\"4e35944\" data-element_type=\"widget\" data-widget_type=\"text-editor.default\">\n\t\t\t\t<div class=\"elementor-widget-container\">\n\t\t\t\t\t\t\t\t\t<p style=\"font-weight: 400;\">Por ejemplo, mientras que un pal\u00e9 est\u00e1ndar de productos similares suele transportar 720 unidades, el embalaje optimizado permite transportar 960 unidades en el mismo pal\u00e9. Esta eficiencia log\u00edstica se traduce en una reducci\u00f3n sustancial de las emisiones de CO2 asociadas a la distribuci\u00f3n de nuestros productos.<\/p><p style=\"font-weight: 400;\">Al aumentar la capacidad de transporte por pal\u00e9 en m\u00e1s de 30%, hemos reducido proporcionalmente el n\u00famero de viajes necesarios para distribuir el mismo volumen de producto, lo que se traduce en menos camiones en las carreteras, un menor consumo de combustible y, en consecuencia, una reducci\u00f3n significativa de las emisiones de gases de efecto invernadero.<\/p><p style=\"font-weight: 400;\">Este enfoque integrado -desde la formulaci\u00f3n concentrada hasta la optimizaci\u00f3n log\u00edstica- demuestra nuestro compromiso de tener en cuenta el impacto medioambiental en cada etapa del ciclo de vida del producto. En BrandsFirst, creemos que cada detalle cuenta en nuestra misi\u00f3n de ofrecer productos de limpieza eficaces y responsables con el medio ambiente.<\/p>\t\t\t\t\t\t\t\t<\/div>\n\t\t\t\t<\/div>\n\t\t\r\n\t\t\r\n\t\t\t\t\t\t\t<\/div>\r\n\t\t\t\r\n\t\t<\/div>\r\n\t\t\t\t\t\t\t\t\t\t\t\t\t\t\t\t\t<\/div>\r\n\t\t\t\t\t\t<\/section>\r\n\t\t\t\t\r\n\t\t<section\t\t class=\"elementor-section elementor-top-section elementor-element elementor-element-4cd7c1cd elementor-section-content-middle animated-slow elementor-section-boxed elementor-section-height-default elementor-section-height-default elementor-invisible\" data-id=\"4cd7c1cd\" data-element_type=\"section\" data-settings=\"{&quot;animation&quot;:&quot;fadeInUp&quot;}\">\r\n\t\t\r\n\t\t\t\t\t\t\t\t\t\t<div class=\"elementor-container elementor-column-gap-default\" >\r\n\r\n\t\t\t\t\r\n\t\t\t\t\t\t\t\t\t\t\t\t\t\t<div\t\t class=\"elementor-column elementor-col-50 elementor-top-column elementor-element elementor-element-370ae9cf\" data-id=\"370ae9cf\" data-element_type=\"column\">\r\n\t\t\t\r\n\t\t\t\r\n\t\t\t\r\n\t\t\t<div class=\"elementor-widget-wrap elementor-element-populated\">\r\n\t\t\t\t\t\t\t\t<div class=\"elementor-element elementor-element-276d8f1b elementor-widget elementor-widget-image\" data-id=\"276d8f1b\" data-element_type=\"widget\" data-widget_type=\"image.default\">\n\t\t\t\t<div class=\"elementor-widget-container\">\n\t\t\t\t\t\t\t\t\t\t\t\t\t\t\t<img decoding=\"async\" src=\"https:\/\/www.brandsfirst.pt\/wp-content\/uploads\/elementor\/thumbs\/Responsabilidade-social-qvnacbsqg9ij3tbam26lcxm4qmafxi1rskagle7hr4.jpg\" title=\"Responsabilidad social\" alt=\"Responsabilidad social\" loading=\"lazy\" \/>\t\t\t\t\t\t\t\t\t\t\t\t\t\t\t<\/div>\n\t\t\t\t<\/div>\n\t\t\r\n\t\t\r\n\t\t\t\t\t\t\t<\/div>\r\n\t\t\t\r\n\t\t<\/div>\r\n\t\t\t\t<div\t\t class=\"elementor-column elementor-col-50 elementor-top-column elementor-element elementor-element-5fb78335\" data-id=\"5fb78335\" data-element_type=\"column\">\r\n\t\t\t\r\n\t\t\t\r\n\t\t\t\r\n\t\t\t<div class=\"elementor-widget-wrap elementor-element-populated\">\r\n\t\t\t\t\t\t\t\t<div class=\"elementor-element elementor-element-7706f6d mx-lg-280 elementor-widget elementor-widget-heading\" data-id=\"7706f6d\" data-element_type=\"widget\" data-widget_type=\"heading.default\">\n\t\t\t\t<div class=\"elementor-widget-container\">\n\t\t\t\t\t<h2 class=\"elementor-heading-title elementor-size-default\">Responsabilidad social<\/h2>\t\t\t\t<\/div>\n\t\t\t\t<\/div>\n\t\t\t\t<div class=\"elementor-element elementor-element-9e6445d elementor-widget elementor-widget-text-editor\" data-id=\"9e6445d\" data-element_type=\"widget\" data-widget_type=\"text-editor.default\">\n\t\t\t\t<div class=\"elementor-widget-container\">\n\t\t\t\t\t\t\t\t\t<p style=\"font-weight: 400;\">La responsabilidad social va m\u00e1s all\u00e1 de nuestras instalaciones. Cumplimos estrictamente toda la normativa legal y \u00e9tica del mercado, garantizando que nuestras pr\u00e1cticas empresariales sean transparentes y responsables, adem\u00e1s de proporcionar informaci\u00f3n clara y detallada sobre el uso correcto y sostenible de nuestros productos, fomentando pr\u00e1cticas de consumo responsable.<\/p><p style=\"font-weight: 400;\">Creemos que educar a los consumidores es una parte fundamental de nuestra responsabilidad social.<\/p>\t\t\t\t\t\t\t\t<\/div>\n\t\t\t\t<\/div>\n\t\t\r\n\t\t\r\n\t\t\t\t\t\t\t<\/div>\r\n\t\t\t\r\n\t\t<\/div>\r\n\t\t\t\t\t\t\t\t\t\t\t\t\t\t\t\t\t<\/div>\r\n\t\t\t\t\t\t<\/section>\r\n\t\t\t\t\r\n\t\t<section\t\t class=\"elementor-section elementor-top-section elementor-element elementor-element-5d0f133 elementor-section-content-middle elementor-section-boxed elementor-section-height-default elementor-section-height-default elementor-invisible\" data-id=\"5d0f133\" data-element_type=\"section\" data-settings=\"{&quot;animation&quot;:&quot;fadeIn&quot;}\">\r\n\t\t\r\n\t\t\t\t\t\t\t\t\t\t<div class=\"elementor-container elementor-column-gap-default\" >\r\n\r\n\t\t\t\t\r\n\t\t\t\t\t\t\t\t\t\t\t\t\t\t<div\t\t class=\"elementor-column elementor-col-100 elementor-top-column elementor-element elementor-element-c8e059b\" data-id=\"c8e059b\" data-element_type=\"column\">\r\n\t\t\t\r\n\t\t\t\r\n\t\t\t\r\n\t\t\t<div class=\"elementor-widget-wrap elementor-element-populated\">\r\n\t\t\t\t\t\t\t\t<div class=\"elementor-element elementor-element-d3334d7 mx-lg-280 elementor-widget__width-inherit elementor-widget elementor-widget-heading\" data-id=\"d3334d7\" data-element_type=\"widget\" data-widget_type=\"heading.default\">\n\t\t\t\t<div class=\"elementor-widget-container\">\n\t\t\t\t\t<h2 class=\"elementor-heading-title elementor-size-default\">Responsabilidad en la producci\u00f3n<\/h2>\t\t\t\t<\/div>\n\t\t\t\t<\/div>\n\t\t\t\t<div class=\"elementor-element elementor-element-897882f elementor-widget elementor-widget-text-editor\" data-id=\"897882f\" data-element_type=\"widget\" data-widget_type=\"text-editor.default\">\n\t\t\t\t<div class=\"elementor-widget-container\">\n\t\t\t\t\t\t\t\t\t<p style=\"font-weight: 400;\">Con un proceso de fabricaci\u00f3n certificado por IFS Food (International Featured Standard), aseguramos los m\u00e1s altos est\u00e1ndares de calidad y seguridad, donde todas las materias primas proceden de proveedores certificados, garantizando la calidad y el cumplimiento \u00e9tico en toda nuestra cadena de suministro.<\/p><p style=\"font-weight: 400;\">Un aspecto distintivo y cada vez m\u00e1s valorado de nuestra producci\u00f3n es el hecho de que todos nuestros productos est\u00e1n certificados como veganos. En un momento en que la conciencia \u00e9tica y medioambiental de los consumidores va en aumento, BrandsFirst se distingue por ofrecer una gama completa de productos sin ingredientes de origen animal. Esta caracter\u00edstica es una respuesta a la creciente demanda de productos m\u00e1s conscientes y un reflejo del compromiso que mantenemos desde hace tiempo con las pr\u00e1cticas \u00e9ticas y sostenibles.<\/p><p style=\"font-weight: 400;\">Al optar por f\u00f3rmulas veganas 100%, nos aseguramos de que los productos cumplan las expectativas de los consumidores m\u00e1s exigentes en t\u00e9rminos de \u00e9tica, sin comprometer la eficacia. Este enfoque nos permite servir a un espectro m\u00e1s amplio de consumidores, incluidos los que siguen un estilo de vida vegano, as\u00ed como a instituciones y empresas que dan prioridad a los proveedores con pr\u00e1cticas \u00e9ticas.<\/p><p style=\"font-weight: 400;\">La certificaci\u00f3n vegana de nuestros productos es m\u00e1s que un elemento diferenciador en el mercado, sino una manifestaci\u00f3n concreta de nuestro compromiso de liderar el camino hacia una industria de la limpieza m\u00e1s \u00e9tica y sostenible. En BrandsFirst, creemos que es posible ofrecer productos de limpieza de alto rendimiento respetando los principios \u00e9ticos y las preocupaciones medioambientales de nuestros consumidores.<\/p>\t\t\t\t\t\t\t\t<\/div>\n\t\t\t\t<\/div>\n\t\t\r\n\t\t\r\n\t\t\t\t\t\t\t<\/div>\r\n\t\t\t\r\n\t\t<\/div>\r\n\t\t\t\t\t\t\t\t\t\t\t\t\t\t\t\t\t<\/div>\r\n\t\t\t\t\t\t<\/section>\r\n\t\t\t\t\r\n\t\t<section\t\t class=\"elementor-section elementor-top-section elementor-element elementor-element-ab46fa1 elementor-section-content-middle animated-slow elementor-section-boxed elementor-section-height-default elementor-section-height-default elementor-invisible\" data-id=\"ab46fa1\" data-element_type=\"section\" data-settings=\"{&quot;animation&quot;:&quot;fadeInUp&quot;}\">\r\n\t\t\r\n\t\t\t\t\t\t\t\t\t\t<div class=\"elementor-container elementor-column-gap-default\" >\r\n\r\n\t\t\t\t\r\n\t\t\t\t\t\t\t\t\t\t\t\t\t\t<div\t\t class=\"elementor-column elementor-col-50 elementor-top-column elementor-element elementor-element-df75607\" data-id=\"df75607\" data-element_type=\"column\">\r\n\t\t\t\r\n\t\t\t\r\n\t\t\t\r\n\t\t\t<div class=\"elementor-widget-wrap elementor-element-populated\">\r\n\t\t\t\t\t\t\t\t<div class=\"elementor-element elementor-element-29c6b4c elementor-widget elementor-widget-image\" data-id=\"29c6b4c\" data-element_type=\"widget\" data-widget_type=\"image.default\">\n\t\t\t\t<div class=\"elementor-widget-container\">\n\t\t\t\t\t\t\t\t\t\t\t\t\t\t\t<img fetchpriority=\"high\" decoding=\"async\" width=\"1000\" height=\"857\" src=\"https:\/\/www.brandsfirst.pt\/wp-content\/uploads\/2024\/08\/Compromisso-com-o-futuro.jpg\" class=\"attachment-full size-full wp-image-8678\" alt=\"Compromiso con el futuro\" srcset=\"https:\/\/www.brandsfirst.pt\/wp-content\/uploads\/2024\/08\/Compromisso-com-o-futuro.jpg 1000w, https:\/\/www.brandsfirst.pt\/wp-content\/uploads\/2024\/08\/Compromisso-com-o-futuro-600x514.jpg 600w, https:\/\/www.brandsfirst.pt\/wp-content\/uploads\/2024\/08\/Compromisso-com-o-futuro-300x257.jpg 300w, https:\/\/www.brandsfirst.pt\/wp-content\/uploads\/2024\/08\/Compromisso-com-o-futuro-768x658.jpg 768w, https:\/\/www.brandsfirst.pt\/wp-content\/uploads\/2024\/08\/Compromisso-com-o-futuro-14x12.jpg 14w, https:\/\/www.brandsfirst.pt\/wp-content\/uploads\/2024\/08\/Compromisso-com-o-futuro-150x129.jpg 150w\" sizes=\"(max-width: 1000px) 100vw, 1000px\" \/>\t\t\t\t\t\t\t\t\t\t\t\t\t\t\t<\/div>\n\t\t\t\t<\/div>\n\t\t\r\n\t\t\r\n\t\t\t\t\t\t\t<\/div>\r\n\t\t\t\r\n\t\t<\/div>\r\n\t\t\t\t<div\t\t class=\"elementor-column elementor-col-50 elementor-top-column elementor-element elementor-element-8817234\" data-id=\"8817234\" data-element_type=\"column\">\r\n\t\t\t\r\n\t\t\t\r\n\t\t\t\r\n\t\t\t<div class=\"elementor-widget-wrap elementor-element-populated\">\r\n\t\t\t\t\t\t\t\t<div class=\"elementor-element elementor-element-bb057d6 mx-lg-280 elementor-widget elementor-widget-heading\" data-id=\"bb057d6\" data-element_type=\"widget\" data-widget_type=\"heading.default\">\n\t\t\t\t<div class=\"elementor-widget-container\">\n\t\t\t\t\t<h2 class=\"elementor-heading-title elementor-size-default\">Compromiso con el futuro<\/h2>\t\t\t\t<\/div>\n\t\t\t\t<\/div>\n\t\t\t\t<div class=\"elementor-element elementor-element-94c98a1 elementor-widget elementor-widget-text-editor\" data-id=\"94c98a1\" data-element_type=\"widget\" data-widget_type=\"text-editor.default\">\n\t\t\t\t<div class=\"elementor-widget-container\">\n\t\t\t\t\t\t\t\t\t<p style=\"font-weight: 400;\">En BrandsFirst, el compromiso con la innovaci\u00f3n y la sostenibilidad es continuo y orientado al futuro. Nos fijamos objetivos ambiciosos que abarcan todos los aspectos de la operaci\u00f3n, desde la formulaci\u00f3n del producto hasta su distribuci\u00f3n.<\/p><p style=\"font-weight: 400;\">En el desarrollo de productos, nos estamos centrando en f\u00f3rmulas ecol\u00f3gicas y 100% veganas. Pretendemos mantener y reforzar nuestra posici\u00f3n de referencia en productos de limpieza \u00e9ticos y sostenibles, respondiendo a las crecientes demandas de los consumidores m\u00e1s concienciados.<\/p><p style=\"font-weight: 400;\">Reconocemos que la sostenibilidad es un proceso continuo de mejora. Por eso nos comprometemos a evaluar y mejorar constantemente nuestras pr\u00e1cticas.<\/p><p style=\"font-weight: 400;\">En BrandsFirst, nuestro objetivo es demostrar que es posible operar de forma responsable, \u00e9tica y sostenible en el siglo XXI, y conciliar la eficiencia con la responsabilidad medioambiental.<\/p>\t\t\t\t\t\t\t\t<\/div>\n\t\t\t\t<\/div>\n\t\t\r\n\t\t\r\n\t\t\t\t\t\t\t<\/div>\r\n\t\t\t\r\n\t\t<\/div>\r\n\t\t\t\t\t\t\t\t\t\t\t\t\t\t\t\t\t<\/div>\r\n\t\t\t\t\t\t<\/section>\r\n\t\t\t\t<\/div>","protected":false},"excerpt":{"rendered":"<p>Sustentabilidade e Responsabilidade Compromisso com a sustentabilidade e responsabilidade social. Produtos de limpeza eco-friendly, pr\u00e1ticas \u00e9ticas e impacto positivo na comunidade. A BrandsFirst assume um compromisso firme com a sustentabilidade e responsabilidade social em todas as suas opera\u00e7\u00f5es. Este compromisso reflete-se no desenvolvimento de produtos, nos processos de fabrico e na intera\u00e7\u00e3o com a comunidade [&hellip;]<\/p>","protected":false},"author":4,"featured_media":0,"parent":0,"menu_order":0,"comment_status":"closed","ping_status":"closed","template":"","meta":{"footnotes":""},"class_list":["post-8661","page","type-page","status-publish","hentry"],"_links":{"self":[{"href":"https:\/\/www.brandsfirst.pt\/es\/wp-json\/wp\/v2\/pages\/8661","targetHints":{"allow":["GET"]}}],"collection":[{"href":"https:\/\/www.brandsfirst.pt\/es\/wp-json\/wp\/v2\/pages"}],"about":[{"href":"https:\/\/www.brandsfirst.pt\/es\/wp-json\/wp\/v2\/types\/page"}],"author":[{"embeddable":true,"href":"https:\/\/www.brandsfirst.pt\/es\/wp-json\/wp\/v2\/users\/4"}],"replies":[{"embeddable":true,"href":"https:\/\/www.brandsfirst.pt\/es\/wp-json\/wp\/v2\/comments?post=8661"}],"version-history":[{"count":13,"href":"https:\/\/www.brandsfirst.pt\/es\/wp-json\/wp\/v2\/pages\/8661\/revisions"}],"predecessor-version":[{"id":9073,"href":"https:\/\/www.brandsfirst.pt\/es\/wp-json\/wp\/v2\/pages\/8661\/revisions\/9073"}],"wp:attachment":[{"href":"https:\/\/www.brandsfirst.pt\/es\/wp-json\/wp\/v2\/media?parent=8661"}],"curies":[{"name":"wp","href":"https:\/\/api.w.org\/{rel}","templated":true}]}}